{"id":9666,"date":"2025-11-26T16:28:21","date_gmt":"2025-11-26T13:28:21","guid":{"rendered":"https:\/\/rapunzelcoils.se\/?post_type=product&#038;p=9666"},"modified":"2025-12-17T17:53:10","modified_gmt":"2025-12-17T14:53:10","slug":"curl-wash-style-kithigh-porosity","status":"publish","type":"product","link":"https:\/\/rapunzelcoils.se\/sw\/produkt\/curl-wash-style-kithigh-porosity\/","title":{"rendered":"Locktv\u00e4tt och stylingkit (h\u00f6g porositet)"},"content":{"rendered":"<p style=\"text-align: left;\">M\u00f6t Wash &amp; Style-paketet \u2014 din allt-i-ett-rutin f\u00f6r reparation och \u00e5terfuktning, utformad f\u00f6r att h\u00e5lla lockarna st\u00e4rkta, \u00e5terfuktade, fylliga och vackert definierade. Detta fyrstegssystem reng\u00f6r skonsamt, \u00e5terst\u00e4ller strukturen, minskar brott, aktiverar lockarna och ger mjuk, proteinrik definition.<\/p>\n<p>Oavsett om dina lockar \u00e4r v\u00e5giga, lockiga, krulliga eller afrotexturerade, ger det h\u00e4r paketet dig allt du beh\u00f6ver f\u00f6r en smidig, l\u00e4tt och l\u00e5ngvarig tv\u00e4ttdag.<\/p>\n<p>Vad finns inuti:<\/p>\n<p>1. Regn Moisture Shampoo<\/p>\n<p>Ett milt, ayurvediskt \u00e5terfuktande schampo som reng\u00f6r b\u00e5de h\u00e5rbotten och h\u00e5rstr\u00e5na utan att ta bort naturliga oljor. \u00c5terst\u00e4ller \u00e5terfuktning, lugnar h\u00e5rbotten och f\u00f6rbereder dina lockar f\u00f6r fuktabsorption.<\/p>\n<p>Regn kommer att:<\/p>\n<ul>\n<li>Reng\u00f6r utan uttorkning<\/li>\n<li>Mjukg\u00f6r och fr\u00e4scha upp lockarna<\/li>\n<li>St\u00f6dja h\u00e5rbottens h\u00e4lsa<\/li>\n<li>F\u00f6rb\u00e4ttra fuktupptaget<\/li>\n<li>Balansera oljeniv\u00e5erna<\/li>\n<li>Skapa den perfekta basen f\u00f6r Ros\u00e9e<\/li>\n<\/ul>\n<p>2. Ros\u00e9e Fuktmask<\/p>\n<p>En rik ayurvedisk 2-i-1-fuktmask som v\u00e5rdar, \u00e5terfuktar och \u00e5terst\u00e4ller mjukhet. G\u00f6r lockarna silkeslena, lena och l\u00e4tta att reda ut.<\/p>\n<p>Ros\u00e9e kommer att:<\/p>\n<ul>\n<li>Djup\u00e5tfuktande lockar<\/li>\n<li>\u00c5terst\u00e4ll mjukhet och hanterbarhet<\/li>\n<li>F\u00f6rb\u00e4ttra glidf\u00f6rm\u00e5gan f\u00f6r enkel utredning<\/li>\n<li>Ge l\u00e5ngvarig fukt<\/li>\n<li>St\u00f6djer lockarnas elasticitet<\/li>\n<li>Fungerar som balsam eller djupg\u00e5ende behandling<\/li>\n<\/ul>\n<p>3. Lush Curl Styling Milk<\/p>\n<p>En mjuk, l\u00e4tt leave-in-balsam som \u00e5terfuktar, v\u00e5rdar och aktiverar lockarna. G\u00f6r dem mjukare och minskar avbrott samtidigt som den ger fukt som varar i flera dagar.<\/p>\n<p>Lush kommer att:<\/p>\n<ul>\n<li>Aktivera lockar<\/li>\n<li>Konditionera och mjukg\u00f6r<\/li>\n<li>Ger l\u00e5ngvarig fukt<\/li>\n<li>Minska trassel och brott<\/li>\n<li>St\u00f6dl\u00e4ngdsh\u00e5llning<\/li>\n<\/ul>\n<p>4. Harmony Curl Defining Gel (Proteinfri)<\/p>\n<p>En botanisk lockgel f\u00f6r flexibel, f\u00f6ljsam och proteinfri definition. Ger glans och formar lockarna utan att de stelnar \u2013 perfekt f\u00f6r proteink\u00e4nsliga lockar eller alla rutiner som redan inneh\u00e5ller protein.<\/p>\n<p>Harmoni kommer att:<\/p>\n<ul>\n<li>Definiera lockar med en mjuk och flexibel stadga<\/li>\n<li>L\u00e4gg till glans och sl\u00e4t frissighet<\/li>\n<li>H\u00e5ll lockarna sp\u00e4nstiga och naturliga<\/li>\n<li>St\u00f6djer l\u00e5ngvariga tv\u00e4ttdagar<\/li>\n<li>Fungerar utm\u00e4rkt med Lush f\u00f6r lager-p\u00e5-lager<\/li>\n<\/ul>","protected":false},"excerpt":{"rendered":"<p>Det b\u00e4sta kitet f\u00f6r lockar med h\u00f6g porositet som beh\u00f6ver styrka, djupare \u00e5terfuktning och l\u00e5ngvarig definition.<\/p>\n<p>Denna bunt reng\u00f6r skonsamt, \u00e5teruppbygger h\u00e5rets inre struktur med protein, \u00e5terst\u00e4ller mjukhet och glid, och avslutar med lockaktiverande fukt och en proteinrik definierande gel f\u00f6r glans och stadga.<\/p>\n<p>Tillverkad i Sverige \u00b7 Vegansk \u00b7 Silikonfri \u00b7 CGM-godk\u00e4nd<\/p>\n<p>Perfekt f\u00f6r v\u00e5gigt, lockigt, krullande och afrotexturerat h\u00e5r.<\/p>","protected":false},"featured_media":9881,"comment_status":"open","ping_status":"closed","template":"","meta":{"inline_featured_image":false},"product_brand":[],"product_cat":[99,132,116,110,138,123,117,139],"product_tag":[],"class_list":{"0":"post-9666","1":"product","2":"type-product","3":"status-publish","4":"has-post-thumbnail","6":"product_cat-breaking-thinning-hair-weak-hair","7":"product_cat-color-treated-curls","8":"product_cat-curl-refresh","9":"product_cat-defined-curls","10":"product_cat-loose-curls","11":"product_cat-moisturizing-shampoo","12":"product_cat-wash-hour","13":"product_cat-wavy-hair","15":"first","16":"instock","17":"sale","18":"shipping-taxable","19":"purchasable","20":"product-type-variable"},"acf":[],"yoast_head":"<!-- This site is optimized with the Yoast SEO plugin v21.9.1 - https:\/\/yoast.com\/wordpress\/plugins\/seo\/ -->\n<title>Curl Wash &amp; style kit (high porosity) - Rapunzel Coils<\/title>\n<meta name=\"description\" content=\"Complete protein-focused curl bundle with curl shampoo, curl protein mask, curl leave-in, and curl gel.Vegan, silicone-free,Curly girl\" \/>\n<meta name=\"robots\" content=\"index, follow, max-snippet:-1, max-image-preview:large, max-video-preview:-1\" \/>\n<link rel=\"canonical\" href=\"https:\/\/rapunzelcoils.se\/sw\/produkt\/curl-wash-style-kithigh-porosity\/\" \/>\n<meta property=\"og:locale\" content=\"sv_SE\" \/>\n<meta property=\"og:type\" content=\"article\" \/>\n<meta property=\"og:title\" content=\"Curl Wash &amp; style kit (high porosity) - Rapunzel Coils\" \/>\n<meta property=\"og:description\" content=\"Complete protein-focused curl bundle with curl shampoo, curl protein mask, curl leave-in, and curl gel.Vegan, silicone-free,Curly girl\" \/>\n<meta property=\"og:url\" content=\"https:\/\/rapunzelcoils.se\/sw\/produkt\/curl-wash-style-kithigh-porosity\/\" \/>\n<meta property=\"og:site_name\" content=\"Rapunzel Coils\" \/>\n<meta property=\"article:modified_time\" content=\"2025-12-17T14:53:10+00:00\" \/>\n<meta property=\"og:image\" content=\"https:\/\/rapunzelcoils.se\/wp-content\/uploads\/2025\/11\/IMG_8021-1024x1024.png\" \/>\n\t<meta property=\"og:image:width\" content=\"1024\" \/>\n\t<meta property=\"og:image:height\" content=\"1024\" \/>\n\t<meta property=\"og:image:type\" content=\"image\/png\" \/>\n<meta name=\"twitter:card\" content=\"summary_large_image\" \/>\n<meta name=\"twitter:label1\" content=\"Ber\u00e4knad l\u00e4stid\" \/>\n\t<meta name=\"twitter:data1\" content=\"2 minuter\" \/>\n<script type=\"application\/ld+json\" class=\"yoast-schema-graph\">{\"@context\":\"https:\/\/schema.org\",\"@graph\":[{\"@type\":\"WebPage\",\"@id\":\"https:\/\/rapunzelcoils.se\/product\/curl-wash-style-kithigh-porosity\/\",\"url\":\"https:\/\/rapunzelcoils.se\/product\/curl-wash-style-kithigh-porosity\/\",\"name\":\"Curl Wash & style kit (high porosity) - Rapunzel Coils\",\"isPartOf\":{\"@id\":\"https:\/\/rapunzelcoils.se\/#website\"},\"datePublished\":\"2025-11-26T13:28:21+00:00\",\"dateModified\":\"2025-12-17T14:53:10+00:00\",\"description\":\"Complete protein-focused curl bundle with curl shampoo, curl protein mask, curl leave-in, and curl gel.Vegan, silicone-free,Curly girl\",\"breadcrumb\":{\"@id\":\"https:\/\/rapunzelcoils.se\/product\/curl-wash-style-kithigh-porosity\/#breadcrumb\"},\"inLanguage\":\"sv-SE\",\"potentialAction\":[{\"@type\":\"ReadAction\",\"target\":[\"https:\/\/rapunzelcoils.se\/product\/curl-wash-style-kithigh-porosity\/\"]}]},{\"@type\":\"BreadcrumbList\",\"@id\":\"https:\/\/rapunzelcoils.se\/product\/curl-wash-style-kithigh-porosity\/#breadcrumb\",\"itemListElement\":[{\"@type\":\"ListItem\",\"position\":1,\"name\":\"Home\",\"item\":\"https:\/\/rapunzelcoils.se\/\"},{\"@type\":\"ListItem\",\"position\":2,\"name\":\"Shop\",\"item\":\"https:\/\/rapunzelcoils.se\/en\/?page_id=8\"},{\"@type\":\"ListItem\",\"position\":3,\"name\":\"Curl Wash &#038; style kit (high porosity)\"}]},{\"@type\":\"WebSite\",\"@id\":\"https:\/\/rapunzelcoils.se\/#website\",\"url\":\"https:\/\/rapunzelcoils.se\/\",\"name\":\"Rapunzel Coils\",\"description\":\"Products to give moisture, remove frizz and define curls\",\"publisher\":{\"@id\":\"https:\/\/rapunzelcoils.se\/#organization\"},\"potentialAction\":[{\"@type\":\"SearchAction\",\"target\":{\"@type\":\"EntryPoint\",\"urlTemplate\":\"https:\/\/rapunzelcoils.se\/?s={search_term_string}\"},\"query-input\":\"required name=search_term_string\"}],\"inLanguage\":\"sv-SE\"},{\"@type\":\"Organization\",\"@id\":\"https:\/\/rapunzelcoils.se\/#organization\",\"name\":\"Rapunzel Coils\",\"url\":\"https:\/\/rapunzelcoils.se\/\",\"logo\":{\"@type\":\"ImageObject\",\"inLanguage\":\"sv-SE\",\"@id\":\"https:\/\/rapunzelcoils.se\/#\/schema\/logo\/image\/\",\"url\":\"https:\/\/rapunzelcoils.se\/wp-content\/uploads\/2022\/01\/Black-Transparent-Logo-scaled.png\",\"contentUrl\":\"https:\/\/rapunzelcoils.se\/wp-content\/uploads\/2022\/01\/Black-Transparent-Logo-scaled.png\",\"width\":2560,\"height\":869,\"caption\":\"Rapunzel Coils\"},\"image\":{\"@id\":\"https:\/\/rapunzelcoils.se\/#\/schema\/logo\/image\/\"}}]}<\/script>\n<!-- \/ Yoast SEO plugin. -->","yoast_head_json":{"title":"Curl Wash & style kit (high porosity) - Rapunzel Coils","description":"Complete protein-focused curl bundle with curl shampoo, curl protein mask, curl leave-in, and curl gel.Vegan, silicone-free,Curly girl","robots":{"index":"index","follow":"follow","max-snippet":"max-snippet:-1","max-image-preview":"max-image-preview:large","max-video-preview":"max-video-preview:-1"},"canonical":"https:\/\/rapunzelcoils.se\/sw\/produkt\/curl-wash-style-kithigh-porosity\/","og_locale":"sv_SE","og_type":"article","og_title":"Curl Wash & style kit (high porosity) - Rapunzel Coils","og_description":"Complete protein-focused curl bundle with curl shampoo, curl protein mask, curl leave-in, and curl gel.Vegan, silicone-free,Curly girl","og_url":"https:\/\/rapunzelcoils.se\/sw\/produkt\/curl-wash-style-kithigh-porosity\/","og_site_name":"Rapunzel Coils","article_modified_time":"2025-12-17T14:53:10+00:00","og_image":[{"width":1024,"height":1024,"url":"https:\/\/rapunzelcoils.se\/wp-content\/uploads\/2025\/11\/IMG_8021-1024x1024.png","type":"image\/png"}],"twitter_card":"summary_large_image","twitter_misc":{"Ber\u00e4knad l\u00e4stid":"2 minuter"},"schema":{"@context":"https:\/\/schema.org","@graph":[{"@type":"WebPage","@id":"https:\/\/rapunzelcoils.se\/product\/curl-wash-style-kithigh-porosity\/","url":"https:\/\/rapunzelcoils.se\/product\/curl-wash-style-kithigh-porosity\/","name":"Curl Wash & style kit (high porosity) - Rapunzel Coils","isPartOf":{"@id":"https:\/\/rapunzelcoils.se\/#website"},"datePublished":"2025-11-26T13:28:21+00:00","dateModified":"2025-12-17T14:53:10+00:00","description":"Complete protein-focused curl bundle with curl shampoo, curl protein mask, curl leave-in, and curl gel.Vegan, silicone-free,Curly girl","breadcrumb":{"@id":"https:\/\/rapunzelcoils.se\/product\/curl-wash-style-kithigh-porosity\/#breadcrumb"},"inLanguage":"sv-SE","potentialAction":[{"@type":"ReadAction","target":["https:\/\/rapunzelcoils.se\/product\/curl-wash-style-kithigh-porosity\/"]}]},{"@type":"BreadcrumbList","@id":"https:\/\/rapunzelcoils.se\/product\/curl-wash-style-kithigh-porosity\/#breadcrumb","itemListElement":[{"@type":"ListItem","position":1,"name":"Home","item":"https:\/\/rapunzelcoils.se\/"},{"@type":"ListItem","position":2,"name":"Shop","item":"https:\/\/rapunzelcoils.se\/en\/?page_id=8"},{"@type":"ListItem","position":3,"name":"Curl Wash &#038; style kit (high porosity)"}]},{"@type":"WebSite","@id":"https:\/\/rapunzelcoils.se\/#website","url":"https:\/\/rapunzelcoils.se\/","name":"Rapunzel-spolar","description":"Produkter f\u00f6r att ge fukt, ta bort friss och definiera lockar","publisher":{"@id":"https:\/\/rapunzelcoils.se\/#organization"},"potentialAction":[{"@type":"SearchAction","target":{"@type":"EntryPoint","urlTemplate":"https:\/\/rapunzelcoils.se\/?s={search_term_string}"},"query-input":"required name=search_term_string"}],"inLanguage":"sv-SE"},{"@type":"Organization","@id":"https:\/\/rapunzelcoils.se\/#organization","name":"Rapunzel-spolar","url":"https:\/\/rapunzelcoils.se\/","logo":{"@type":"ImageObject","inLanguage":"sv-SE","@id":"https:\/\/rapunzelcoils.se\/#\/schema\/logo\/image\/","url":"https:\/\/rapunzelcoils.se\/wp-content\/uploads\/2022\/01\/Black-Transparent-Logo-scaled.png","contentUrl":"https:\/\/rapunzelcoils.se\/wp-content\/uploads\/2022\/01\/Black-Transparent-Logo-scaled.png","width":2560,"height":869,"caption":"Rapunzel Coils"},"image":{"@id":"https:\/\/rapunzelcoils.se\/#\/schema\/logo\/image\/"}}]}},"_links":{"self":[{"href":"https:\/\/rapunzelcoils.se\/sw\/wp-json\/wp\/v2\/product\/9666","targetHints":{"allow":["GET"]}}],"collection":[{"href":"https:\/\/rapunzelcoils.se\/sw\/wp-json\/wp\/v2\/product"}],"about":[{"href":"https:\/\/rapunzelcoils.se\/sw\/wp-json\/wp\/v2\/types\/product"}],"replies":[{"embeddable":true,"href":"https:\/\/rapunzelcoils.se\/sw\/wp-json\/wp\/v2\/comments?post=9666"}],"version-history":[{"count":7,"href":"https:\/\/rapunzelcoils.se\/sw\/wp-json\/wp\/v2\/product\/9666\/revisions"}],"predecessor-version":[{"id":9883,"href":"https:\/\/rapunzelcoils.se\/sw\/wp-json\/wp\/v2\/product\/9666\/revisions\/9883"}],"wp:featuredmedia":[{"embeddable":true,"href":"https:\/\/rapunzelcoils.se\/sw\/wp-json\/wp\/v2\/media\/9881"}],"wp:attachment":[{"href":"https:\/\/rapunzelcoils.se\/sw\/wp-json\/wp\/v2\/media?parent=9666"}],"wp:term":[{"taxonomy":"product_brand","embeddable":true,"href":"https:\/\/rapunzelcoils.se\/sw\/wp-json\/wp\/v2\/product_brand?post=9666"},{"taxonomy":"product_cat","embeddable":true,"href":"https:\/\/rapunzelcoils.se\/sw\/wp-json\/wp\/v2\/product_cat?post=9666"},{"taxonomy":"product_tag","embeddable":true,"href":"https:\/\/rapunzelcoils.se\/sw\/wp-json\/wp\/v2\/product_tag?post=9666"}],"curies":[{"name":"wp","href":"https:\/\/api.w.org\/{rel}","templated":true}]}}