{"id":7105,"date":"2023-08-24T17:52:37","date_gmt":"2023-08-24T14:52:37","guid":{"rendered":"https:\/\/www.rapunzelcoils.se\/?post_type=product&#038;p=7105"},"modified":"2025-12-17T18:16:43","modified_gmt":"2025-12-17T15:16:43","slug":"protective-styling-bundle","status":"publish","type":"product","link":"https:\/\/rapunzelcoils.se\/sw\/produkt\/protective-styling-bundle\/","title":{"rendered":"Skyddande stylingpaket"},"content":{"rendered":"","protected":false},"excerpt":{"rendered":"<p><a href=\"https:\/\/rapunzelcoils.se\/sw\/produkt\/bloom-hair-growth-stimulating-elixir\/\">Bloom; H\u00e5rbottenelixir<\/a><\/p>\n<p>Bloom \u00e4r speciellt framtagen f\u00f6r att \u00e5teruppliva vilande h\u00e5rs\u00e4ckar genom att stimulera h\u00e4lsosam h\u00e5rv\u00e4xt. Bloom \u00e4r tillverkad med potenta ayurvediska \u00f6rtextrakt och eteriska oljeblandningar som avsev\u00e4rt f\u00f6rb\u00e4ttrar din h\u00e5rbottens h\u00e4lsa. Bloom ska anv\u00e4ndas direkt i h\u00e5rbotten f\u00f6r \u00f6kade f\u00f6rdelar. Den kan anv\u00e4ndas p\u00e5 alla h\u00e5rtyper. Oljan \u00e4r 100% ayurvedisk, ekologisk och vegansk.<\/p>\n<p>Bloom \u00e4r lockigt h\u00e5rv\u00e4nligt och inneh\u00e5ller inga artificiella doft\u00e4mnen, parabener, sulfater eller f\u00e4rg\u00e4mnen.<\/p>\n<p><a href=\"https:\/\/rapunzelcoils.se\/sw\/produkt\/hibiscus-beverage-ayurvedic-hair-mist\/\">Hibiskusdryck; Ayurvedisk h\u00e5rspray<\/a><\/p>\n<p>Denna hibiskusdryck \u00e4r speciellt framtagen f\u00f6r att ge n\u00e4ring \u00e5t din h\u00e5rbotten, bidra till en friskare h\u00e5rbotten + \u00e5terfukta och \u00e5terfukta ditt h\u00e5r utan att det byggs upp. Denna mist kan anv\u00e4ndas p\u00e5 alla h\u00e5rtyper (1a-4c) och \u00e4r en perfekt uppfr\u00e4schning f\u00f6r ditt h\u00e5r mellan tv\u00e4ttar och f\u00f6r skyddande styling och dreadlocks.<\/p>\n<p>Hibiskusdrycken fungerar genom att st\u00e4rka och mjukg\u00f6ra dina h\u00e5rstr\u00e5n, vilket g\u00f6r den till ett m\u00e5ste f\u00f6r dina dagliga behov av lockv\u00e5rd och l\u00e4ngdbevarande. Den \u00e4r 100% ayurvedisk, ekologisk och vegansk, vilket g\u00f6r den s\u00e4ker att anv\u00e4nda p\u00e5 b\u00e5de vuxna och barn. Fungerar p\u00e5 alla por\u00f6sa h\u00e5rtyper.<\/p>\n<p><a href=\"https:\/\/rapunzelcoils.se\/sw\/produkt\/lush-curl-styling-milk\/\">Lush; Stylingmj\u00f6lk f\u00f6r lockar<\/a><\/p>\n<p>Lush \u00e4r tillverkad med milda ayurvediska v\u00e4xtextrakt, blomhydrosoler, \u00f6rter, n\u00e4rande oljor och veganska sm\u00f6r som aktiverar dina lockar genom att ge lyxig fukt. Lush ger mjukhet till dina lockar, sl\u00e4pper ut knutar och tovor som g\u00f6r kamning och styling enklare. Lush \u00e4r mycket fyllig men \u00e4nd\u00e5 l\u00e4tt och kan d\u00e4rf\u00f6r anv\u00e4ndas av alla locktyper.<\/p>\n<ul>\n<li>Dofter \u2013 n\u00e4stan neutrala med en mild doft av rosor<\/li>\n<li>Lush \u00e4r 100% veganskt, ekologiskt; \u00e4r lockigt tjejv\u00e4nligt och inneh\u00e5ller inga artificiella dofter, parabener, sulfater eller f\u00e4rg\u00e4mnen.<\/li>\n<\/ul>","protected":false},"featured_media":9885,"comment_status":"open","ping_status":"closed","template":"","meta":{"inline_featured_image":false},"product_brand":[],"product_cat":[99,100,109,102,108,107,134,133],"product_tag":[],"class_list":{"0":"post-7105","1":"product","2":"type-product","3":"status-publish","4":"has-post-thumbnail","6":"product_cat-breaking-thinning-hair-weak-hair","7":"product_cat-hair-growth","8":"product_cat-healthy-curls","9":"product_cat-itchy-scalp","10":"product_cat-length-retention","11":"product_cat-moisture","12":"product_cat-tight-curls","13":"product_cat-weak-hair","15":"first","16":"outofstock","17":"sale","18":"shipping-taxable","19":"purchasable","20":"product-type-variable"},"acf":[],"yoast_head":"<!-- This site is optimized with the Yoast SEO plugin v21.9.1 - https:\/\/yoast.com\/wordpress\/plugins\/seo\/ -->\n<title>Protective styling bundle - Rapunzel Coils<\/title>\n<meta name=\"robots\" content=\"index, follow, max-snippet:-1, max-image-preview:large, max-video-preview:-1\" \/>\n<link rel=\"canonical\" href=\"https:\/\/rapunzelcoils.se\/sw\/produkt\/protective-styling-bundle\/\" \/>\n<meta property=\"og:locale\" content=\"sv_SE\" \/>\n<meta property=\"og:type\" content=\"article\" \/>\n<meta property=\"og:title\" content=\"Protective styling bundle - Rapunzel Coils\" \/>\n<meta property=\"og:description\" content=\"Bloom ; Scalp Elixir  Bloom is specially formulated to revive dormant follicles by stimulating healthy hair growth. Bloom is made with potent ayurvedic herbal extracts &amp; essential oil blends\u00a0 that work to greatly improve your scalp health. Bloom is to be used directly in the scalp for heightened benefits. It can be used on all hair types. The oil is 100% ayurvedic, organic and vegan.  Bloom is curly girl friendly &amp; does not contain any artificial fragrances, parabens, sulfates and colourants .  Hibiscus Beverage ; Ayurvedic Hair Mist  This Hibiscus Beverage is specially formulated to noursih your scalp, contribute to a healthier scalp + hydrate and moisturise your hair without\u00a0 build up. This mist can be used on all hair types (1a -4c), is a perfect pick-me up for your hair when you are in between washes &amp; in protective styling &amp; dreadlocks.  The hibiscus beverage works by strengthening and softening your hair strands making it a must have for your daily curl maintainance &amp; length retention needs.\u00a0 It is 100% ayurvedic, organic and vegan making it safe to use on both adults and kids.\u00a0 Works on all porosity hair types.  Lush; Curl Styling Milk  Lush is made with mild ayurvedic plant extracts, flower hydrosols,herbs,nourishing oils and vegan butters that activate your curls by providing luxurious moisture. Lush adds softness to your curls, releases knots and tangles that make combing and styling easier. Lush is very rich yet lightweight and can therefore be used by all curl types.   Smells \u2013 almost neutral with a mild whiff of roses  Lush is 100% vegan, organic; is curly girl friendly &amp; does not contain any artificial fragrances, parabens, sulfates and colourants\" \/>\n<meta property=\"og:url\" content=\"https:\/\/rapunzelcoils.se\/sw\/produkt\/protective-styling-bundle\/\" \/>\n<meta property=\"og:site_name\" content=\"Rapunzel Coils\" \/>\n<meta property=\"article:modified_time\" content=\"2025-12-17T15:16:43+00:00\" \/>\n<meta property=\"og:image\" content=\"https:\/\/rapunzelcoils.se\/wp-content\/uploads\/2023\/08\/IMG_8023.png\" \/>\n\t<meta property=\"og:image:width\" content=\"1512\" \/>\n\t<meta property=\"og:image:height\" content=\"1512\" \/>\n\t<meta property=\"og:image:type\" content=\"image\/png\" \/>\n<meta name=\"twitter:card\" content=\"summary_large_image\" \/>\n<meta name=\"twitter:label1\" content=\"Ber\u00e4knad l\u00e4stid\" \/>\n\t<meta name=\"twitter:data1\" content=\"1 minut\" \/>\n<script type=\"application\/ld+json\" class=\"yoast-schema-graph\">{\"@context\":\"https:\/\/schema.org\",\"@graph\":[{\"@type\":\"WebPage\",\"@id\":\"https:\/\/rapunzelcoils.se\/product\/protective-styling-bundle\/\",\"url\":\"https:\/\/rapunzelcoils.se\/product\/protective-styling-bundle\/\",\"name\":\"Protective styling bundle - Rapunzel Coils\",\"isPartOf\":{\"@id\":\"https:\/\/rapunzelcoils.se\/#website\"},\"datePublished\":\"2023-08-24T14:52:37+00:00\",\"dateModified\":\"2025-12-17T15:16:43+00:00\",\"breadcrumb\":{\"@id\":\"https:\/\/rapunzelcoils.se\/product\/protective-styling-bundle\/#breadcrumb\"},\"inLanguage\":\"sv-SE\",\"potentialAction\":[{\"@type\":\"ReadAction\",\"target\":[\"https:\/\/rapunzelcoils.se\/product\/protective-styling-bundle\/\"]}]},{\"@type\":\"BreadcrumbList\",\"@id\":\"https:\/\/rapunzelcoils.se\/product\/protective-styling-bundle\/#breadcrumb\",\"itemListElement\":[{\"@type\":\"ListItem\",\"position\":1,\"name\":\"Home\",\"item\":\"https:\/\/rapunzelcoils.se\/\"},{\"@type\":\"ListItem\",\"position\":2,\"name\":\"Shop\",\"item\":\"https:\/\/rapunzelcoils.se\/en\/?page_id=8\"},{\"@type\":\"ListItem\",\"position\":3,\"name\":\"Protective styling bundle\"}]},{\"@type\":\"WebSite\",\"@id\":\"https:\/\/rapunzelcoils.se\/#website\",\"url\":\"https:\/\/rapunzelcoils.se\/\",\"name\":\"Rapunzel Coils\",\"description\":\"Products to give moisture, remove frizz and define curls\",\"publisher\":{\"@id\":\"https:\/\/rapunzelcoils.se\/#organization\"},\"potentialAction\":[{\"@type\":\"SearchAction\",\"target\":{\"@type\":\"EntryPoint\",\"urlTemplate\":\"https:\/\/rapunzelcoils.se\/?s={search_term_string}\"},\"query-input\":\"required name=search_term_string\"}],\"inLanguage\":\"sv-SE\"},{\"@type\":\"Organization\",\"@id\":\"https:\/\/rapunzelcoils.se\/#organization\",\"name\":\"Rapunzel Coils\",\"url\":\"https:\/\/rapunzelcoils.se\/\",\"logo\":{\"@type\":\"ImageObject\",\"inLanguage\":\"sv-SE\",\"@id\":\"https:\/\/rapunzelcoils.se\/#\/schema\/logo\/image\/\",\"url\":\"https:\/\/rapunzelcoils.se\/wp-content\/uploads\/2022\/01\/Black-Transparent-Logo-scaled.png\",\"contentUrl\":\"https:\/\/rapunzelcoils.se\/wp-content\/uploads\/2022\/01\/Black-Transparent-Logo-scaled.png\",\"width\":2560,\"height\":869,\"caption\":\"Rapunzel Coils\"},\"image\":{\"@id\":\"https:\/\/rapunzelcoils.se\/#\/schema\/logo\/image\/\"}}]}<\/script>\n<!-- \/ Yoast SEO plugin. -->","yoast_head_json":{"title":"Protective styling bundle - Rapunzel Coils","robots":{"index":"index","follow":"follow","max-snippet":"max-snippet:-1","max-image-preview":"max-image-preview:large","max-video-preview":"max-video-preview:-1"},"canonical":"https:\/\/rapunzelcoils.se\/sw\/produkt\/protective-styling-bundle\/","og_locale":"sv_SE","og_type":"article","og_title":"Protective styling bundle - Rapunzel Coils","og_description":"Bloom ; Scalp Elixir  Bloom is specially formulated to revive dormant follicles by stimulating healthy hair growth. Bloom is made with potent ayurvedic herbal extracts &amp; essential oil blends\u00a0 that work to greatly improve your scalp health. Bloom is to be used directly in the scalp for heightened benefits. It can be used on all hair types. The oil is 100% ayurvedic, organic and vegan.  Bloom is curly girl friendly &amp; does not contain any artificial fragrances, parabens, sulfates and colourants .  Hibiscus Beverage ; Ayurvedic Hair Mist  This Hibiscus Beverage is specially formulated to noursih your scalp, contribute to a healthier scalp + hydrate and moisturise your hair without\u00a0 build up. This mist can be used on all hair types (1a -4c), is a perfect pick-me up for your hair when you are in between washes &amp; in protective styling &amp; dreadlocks.  The hibiscus beverage works by strengthening and softening your hair strands making it a must have for your daily curl maintainance &amp; length retention needs.\u00a0 It is 100% ayurvedic, organic and vegan making it safe to use on both adults and kids.\u00a0 Works on all porosity hair types.  Lush; Curl Styling Milk  Lush is made with mild ayurvedic plant extracts, flower hydrosols,herbs,nourishing oils and vegan butters that activate your curls by providing luxurious moisture. Lush adds softness to your curls, releases knots and tangles that make combing and styling easier. Lush is very rich yet lightweight and can therefore be used by all curl types.   Smells \u2013 almost neutral with a mild whiff of roses  Lush is 100% vegan, organic; is curly girl friendly &amp; does not contain any artificial fragrances, parabens, sulfates and colourants","og_url":"https:\/\/rapunzelcoils.se\/sw\/produkt\/protective-styling-bundle\/","og_site_name":"Rapunzel Coils","article_modified_time":"2025-12-17T15:16:43+00:00","og_image":[{"width":1512,"height":1512,"url":"https:\/\/rapunzelcoils.se\/wp-content\/uploads\/2023\/08\/IMG_8023.png","type":"image\/png"}],"twitter_card":"summary_large_image","twitter_misc":{"Ber\u00e4knad l\u00e4stid":"1 minut"},"schema":{"@context":"https:\/\/schema.org","@graph":[{"@type":"WebPage","@id":"https:\/\/rapunzelcoils.se\/product\/protective-styling-bundle\/","url":"https:\/\/rapunzelcoils.se\/product\/protective-styling-bundle\/","name":"Protective styling bundle - Rapunzel Coils","isPartOf":{"@id":"https:\/\/rapunzelcoils.se\/#website"},"datePublished":"2023-08-24T14:52:37+00:00","dateModified":"2025-12-17T15:16:43+00:00","breadcrumb":{"@id":"https:\/\/rapunzelcoils.se\/product\/protective-styling-bundle\/#breadcrumb"},"inLanguage":"sv-SE","potentialAction":[{"@type":"ReadAction","target":["https:\/\/rapunzelcoils.se\/product\/protective-styling-bundle\/"]}]},{"@type":"BreadcrumbList","@id":"https:\/\/rapunzelcoils.se\/product\/protective-styling-bundle\/#breadcrumb","itemListElement":[{"@type":"ListItem","position":1,"name":"Home","item":"https:\/\/rapunzelcoils.se\/"},{"@type":"ListItem","position":2,"name":"Shop","item":"https:\/\/rapunzelcoils.se\/en\/?page_id=8"},{"@type":"ListItem","position":3,"name":"Protective styling bundle"}]},{"@type":"WebSite","@id":"https:\/\/rapunzelcoils.se\/#website","url":"https:\/\/rapunzelcoils.se\/","name":"Rapunzel-spolar","description":"Produkter f\u00f6r att ge fukt, ta bort friss och definiera lockar","publisher":{"@id":"https:\/\/rapunzelcoils.se\/#organization"},"potentialAction":[{"@type":"SearchAction","target":{"@type":"EntryPoint","urlTemplate":"https:\/\/rapunzelcoils.se\/?s={search_term_string}"},"query-input":"required name=search_term_string"}],"inLanguage":"sv-SE"},{"@type":"Organization","@id":"https:\/\/rapunzelcoils.se\/#organization","name":"Rapunzel-spolar","url":"https:\/\/rapunzelcoils.se\/","logo":{"@type":"ImageObject","inLanguage":"sv-SE","@id":"https:\/\/rapunzelcoils.se\/#\/schema\/logo\/image\/","url":"https:\/\/rapunzelcoils.se\/wp-content\/uploads\/2022\/01\/Black-Transparent-Logo-scaled.png","contentUrl":"https:\/\/rapunzelcoils.se\/wp-content\/uploads\/2022\/01\/Black-Transparent-Logo-scaled.png","width":2560,"height":869,"caption":"Rapunzel Coils"},"image":{"@id":"https:\/\/rapunzelcoils.se\/#\/schema\/logo\/image\/"}}]}},"_links":{"self":[{"href":"https:\/\/rapunzelcoils.se\/sw\/wp-json\/wp\/v2\/product\/7105","targetHints":{"allow":["GET"]}}],"collection":[{"href":"https:\/\/rapunzelcoils.se\/sw\/wp-json\/wp\/v2\/product"}],"about":[{"href":"https:\/\/rapunzelcoils.se\/sw\/wp-json\/wp\/v2\/types\/product"}],"replies":[{"embeddable":true,"href":"https:\/\/rapunzelcoils.se\/sw\/wp-json\/wp\/v2\/comments?post=7105"}],"version-history":[{"count":2,"href":"https:\/\/rapunzelcoils.se\/sw\/wp-json\/wp\/v2\/product\/7105\/revisions"}],"predecessor-version":[{"id":9818,"href":"https:\/\/rapunzelcoils.se\/sw\/wp-json\/wp\/v2\/product\/7105\/revisions\/9818"}],"wp:featuredmedia":[{"embeddable":true,"href":"https:\/\/rapunzelcoils.se\/sw\/wp-json\/wp\/v2\/media\/9885"}],"wp:attachment":[{"href":"https:\/\/rapunzelcoils.se\/sw\/wp-json\/wp\/v2\/media?parent=7105"}],"wp:term":[{"taxonomy":"product_brand","embeddable":true,"href":"https:\/\/rapunzelcoils.se\/sw\/wp-json\/wp\/v2\/product_brand?post=7105"},{"taxonomy":"product_cat","embeddable":true,"href":"https:\/\/rapunzelcoils.se\/sw\/wp-json\/wp\/v2\/product_cat?post=7105"},{"taxonomy":"product_tag","embeddable":true,"href":"https:\/\/rapunzelcoils.se\/sw\/wp-json\/wp\/v2\/product_tag?post=7105"}],"curies":[{"name":"wp","href":"https:\/\/api.w.org\/{rel}","templated":true}]}}