{"id":7040,"date":"2023-08-23T11:37:33","date_gmt":"2023-08-23T08:37:33","guid":{"rendered":"https:\/\/www.rapunzelcoils.se\/?post_type=product&#038;p=7040"},"modified":"2025-12-17T19:33:59","modified_gmt":"2025-12-17T16:33:59","slug":"curl-wash-go-bundle","status":"publish","type":"product","link":"https:\/\/rapunzelcoils.se\/sw\/produkt\/curl-wash-go-bundle\/","title":{"rendered":"Curl tv\u00e4tt-och-g\u00e5-kit"},"content":{"rendered":"","protected":false},"excerpt":{"rendered":"<p>Din kompletta rutin f\u00f6r \u00e5terfuktning och f\u00f6rl\u00e4ngning av lockar i ett kit \u2013 utformad f\u00f6r lockmakare som vill ha \u00e5terfuktning, mjukhet, minskad krympning, sl\u00e4tare definition och friskare h\u00e5rbotten och h\u00e5r. Detta 4-stegssystem h\u00e5ller lockarna djupt \u00e5terfuktade, f\u00f6rl\u00e4ngta, utredda, glansiga och n\u00e4rda fr\u00e5n tv\u00e4ttdag till uppfr\u00e4schningsdag.<\/p>\n<p>Vegansk \u00b7 Organisk \u00b7 CGM-godk\u00e4nd \u00b7 Silikonfri<\/p>\n<p>Tillverkad i Sverige<\/p>\n<p>L\u00e4mplig f\u00f6r allt v\u00e5gigt, lockigt, krullande och afrotexturerat h\u00e5r.<\/p>\n<p>&nbsp;<\/p>","protected":false},"featured_media":9893,"comment_status":"open","ping_status":"closed","template":"","meta":{"inline_featured_image":false},"product_brand":[],"product_cat":[141,110,140,134],"product_tag":[],"class_list":{"0":"post-7040","1":"product","2":"type-product","3":"status-publish","4":"has-post-thumbnail","6":"product_cat-coily","7":"product_cat-defined-curls","8":"product_cat-kinky-curls","9":"product_cat-tight-curls","11":"first","12":"instock","13":"sale","14":"shipping-taxable","15":"purchasable","16":"product-type-variable"},"acf":[],"yoast_head":"<!-- This site is optimized with the Yoast SEO plugin v21.9.1 - https:\/\/yoast.com\/wordpress\/plugins\/seo\/ -->\n<title>Curl wash and go kit - Rapunzel Coils<\/title>\n<meta name=\"description\" content=\"The best curl wash and go kit for curls that need moisture,hydration, elongation, softness, and definition. It is made in Sweden, silicone free and cgm ok\" \/>\n<meta name=\"robots\" content=\"index, follow, max-snippet:-1, max-image-preview:large, max-video-preview:-1\" \/>\n<link rel=\"canonical\" href=\"https:\/\/rapunzelcoils.se\/sw\/produkt\/curl-wash-go-bundle\/\" \/>\n<meta property=\"og:locale\" content=\"sv_SE\" \/>\n<meta property=\"og:type\" content=\"article\" \/>\n<meta property=\"og:title\" content=\"Curl wash and go kit - Rapunzel Coils\" \/>\n<meta property=\"og:description\" content=\"The best curl wash and go kit for curls that need moisture,hydration, elongation, softness, and definition. It is made in Sweden, silicone free and cgm ok\" \/>\n<meta property=\"og:url\" content=\"https:\/\/rapunzelcoils.se\/sw\/produkt\/curl-wash-go-bundle\/\" \/>\n<meta property=\"og:site_name\" content=\"Rapunzel Coils\" \/>\n<meta property=\"article:modified_time\" content=\"2025-12-17T16:33:59+00:00\" \/>\n<meta property=\"og:image\" content=\"https:\/\/rapunzelcoils.se\/wp-content\/uploads\/2023\/08\/IMG_8054.png\" \/>\n\t<meta property=\"og:image:width\" content=\"800\" \/>\n\t<meta property=\"og:image:height\" content=\"800\" \/>\n\t<meta property=\"og:image:type\" content=\"image\/png\" \/>\n<meta name=\"twitter:card\" content=\"summary_large_image\" \/>\n<meta name=\"twitter:label1\" content=\"Ber\u00e4knad l\u00e4stid\" \/>\n\t<meta name=\"twitter:data1\" content=\"1 minut\" \/>\n<script type=\"application\/ld+json\" class=\"yoast-schema-graph\">{\"@context\":\"https:\/\/schema.org\",\"@graph\":[{\"@type\":\"WebPage\",\"@id\":\"https:\/\/rapunzelcoils.se\/product\/curl-wash-go-bundle\/\",\"url\":\"https:\/\/rapunzelcoils.se\/product\/curl-wash-go-bundle\/\",\"name\":\"Curl wash and go kit - Rapunzel Coils\",\"isPartOf\":{\"@id\":\"https:\/\/rapunzelcoils.se\/#website\"},\"datePublished\":\"2023-08-23T08:37:33+00:00\",\"dateModified\":\"2025-12-17T16:33:59+00:00\",\"description\":\"The best curl wash and go kit for curls that need moisture,hydration, elongation, softness, and definition. It is made in Sweden, silicone free and cgm ok\",\"breadcrumb\":{\"@id\":\"https:\/\/rapunzelcoils.se\/product\/curl-wash-go-bundle\/#breadcrumb\"},\"inLanguage\":\"sv-SE\",\"potentialAction\":[{\"@type\":\"ReadAction\",\"target\":[\"https:\/\/rapunzelcoils.se\/product\/curl-wash-go-bundle\/\"]}]},{\"@type\":\"BreadcrumbList\",\"@id\":\"https:\/\/rapunzelcoils.se\/product\/curl-wash-go-bundle\/#breadcrumb\",\"itemListElement\":[{\"@type\":\"ListItem\",\"position\":1,\"name\":\"Home\",\"item\":\"https:\/\/rapunzelcoils.se\/\"},{\"@type\":\"ListItem\",\"position\":2,\"name\":\"Shop\",\"item\":\"https:\/\/rapunzelcoils.se\/en\/?page_id=8\"},{\"@type\":\"ListItem\",\"position\":3,\"name\":\"Curl wash and go kit\"}]},{\"@type\":\"WebSite\",\"@id\":\"https:\/\/rapunzelcoils.se\/#website\",\"url\":\"https:\/\/rapunzelcoils.se\/\",\"name\":\"Rapunzel Coils\",\"description\":\"Products to give moisture, remove frizz and define curls\",\"publisher\":{\"@id\":\"https:\/\/rapunzelcoils.se\/#organization\"},\"potentialAction\":[{\"@type\":\"SearchAction\",\"target\":{\"@type\":\"EntryPoint\",\"urlTemplate\":\"https:\/\/rapunzelcoils.se\/?s={search_term_string}\"},\"query-input\":\"required name=search_term_string\"}],\"inLanguage\":\"sv-SE\"},{\"@type\":\"Organization\",\"@id\":\"https:\/\/rapunzelcoils.se\/#organization\",\"name\":\"Rapunzel Coils\",\"url\":\"https:\/\/rapunzelcoils.se\/\",\"logo\":{\"@type\":\"ImageObject\",\"inLanguage\":\"sv-SE\",\"@id\":\"https:\/\/rapunzelcoils.se\/#\/schema\/logo\/image\/\",\"url\":\"https:\/\/rapunzelcoils.se\/wp-content\/uploads\/2022\/01\/Black-Transparent-Logo-scaled.png\",\"contentUrl\":\"https:\/\/rapunzelcoils.se\/wp-content\/uploads\/2022\/01\/Black-Transparent-Logo-scaled.png\",\"width\":2560,\"height\":869,\"caption\":\"Rapunzel Coils\"},\"image\":{\"@id\":\"https:\/\/rapunzelcoils.se\/#\/schema\/logo\/image\/\"}}]}<\/script>\n<!-- \/ Yoast SEO plugin. -->","yoast_head_json":{"title":"Curl wash and go kit - Rapunzel Coils","description":"The best curl wash and go kit for curls that need moisture,hydration, elongation, softness, and definition. It is made in Sweden, silicone free and cgm ok","robots":{"index":"index","follow":"follow","max-snippet":"max-snippet:-1","max-image-preview":"max-image-preview:large","max-video-preview":"max-video-preview:-1"},"canonical":"https:\/\/rapunzelcoils.se\/sw\/produkt\/curl-wash-go-bundle\/","og_locale":"sv_SE","og_type":"article","og_title":"Curl wash and go kit - Rapunzel Coils","og_description":"The best curl wash and go kit for curls that need moisture,hydration, elongation, softness, and definition. It is made in Sweden, silicone free and cgm ok","og_url":"https:\/\/rapunzelcoils.se\/sw\/produkt\/curl-wash-go-bundle\/","og_site_name":"Rapunzel Coils","article_modified_time":"2025-12-17T16:33:59+00:00","og_image":[{"url":"https:\/\/rapunzelcoils.se\/wp-content\/uploads\/2023\/08\/IMG_8054.png","width":800,"height":800,"type":"image\/png"}],"twitter_card":"summary_large_image","twitter_misc":{"Ber\u00e4knad l\u00e4stid":"1 minut"},"schema":{"@context":"https:\/\/schema.org","@graph":[{"@type":"WebPage","@id":"https:\/\/rapunzelcoils.se\/product\/curl-wash-go-bundle\/","url":"https:\/\/rapunzelcoils.se\/product\/curl-wash-go-bundle\/","name":"Curl wash and go kit - Rapunzel Coils","isPartOf":{"@id":"https:\/\/rapunzelcoils.se\/#website"},"datePublished":"2023-08-23T08:37:33+00:00","dateModified":"2025-12-17T16:33:59+00:00","description":"The best curl wash and go kit for curls that need moisture,hydration, elongation, softness, and definition. It is made in Sweden, silicone free and cgm ok","breadcrumb":{"@id":"https:\/\/rapunzelcoils.se\/product\/curl-wash-go-bundle\/#breadcrumb"},"inLanguage":"sv-SE","potentialAction":[{"@type":"ReadAction","target":["https:\/\/rapunzelcoils.se\/product\/curl-wash-go-bundle\/"]}]},{"@type":"BreadcrumbList","@id":"https:\/\/rapunzelcoils.se\/product\/curl-wash-go-bundle\/#breadcrumb","itemListElement":[{"@type":"ListItem","position":1,"name":"Home","item":"https:\/\/rapunzelcoils.se\/"},{"@type":"ListItem","position":2,"name":"Shop","item":"https:\/\/rapunzelcoils.se\/en\/?page_id=8"},{"@type":"ListItem","position":3,"name":"Curl wash and go kit"}]},{"@type":"WebSite","@id":"https:\/\/rapunzelcoils.se\/#website","url":"https:\/\/rapunzelcoils.se\/","name":"Rapunzel-spolar","description":"Produkter f\u00f6r att ge fukt, ta bort friss och definiera lockar","publisher":{"@id":"https:\/\/rapunzelcoils.se\/#organization"},"potentialAction":[{"@type":"SearchAction","target":{"@type":"EntryPoint","urlTemplate":"https:\/\/rapunzelcoils.se\/?s={search_term_string}"},"query-input":"required name=search_term_string"}],"inLanguage":"sv-SE"},{"@type":"Organization","@id":"https:\/\/rapunzelcoils.se\/#organization","name":"Rapunzel-spolar","url":"https:\/\/rapunzelcoils.se\/","logo":{"@type":"ImageObject","inLanguage":"sv-SE","@id":"https:\/\/rapunzelcoils.se\/#\/schema\/logo\/image\/","url":"https:\/\/rapunzelcoils.se\/wp-content\/uploads\/2022\/01\/Black-Transparent-Logo-scaled.png","contentUrl":"https:\/\/rapunzelcoils.se\/wp-content\/uploads\/2022\/01\/Black-Transparent-Logo-scaled.png","width":2560,"height":869,"caption":"Rapunzel Coils"},"image":{"@id":"https:\/\/rapunzelcoils.se\/#\/schema\/logo\/image\/"}}]}},"_links":{"self":[{"href":"https:\/\/rapunzelcoils.se\/sw\/wp-json\/wp\/v2\/product\/7040","targetHints":{"allow":["GET"]}}],"collection":[{"href":"https:\/\/rapunzelcoils.se\/sw\/wp-json\/wp\/v2\/product"}],"about":[{"href":"https:\/\/rapunzelcoils.se\/sw\/wp-json\/wp\/v2\/types\/product"}],"replies":[{"embeddable":true,"href":"https:\/\/rapunzelcoils.se\/sw\/wp-json\/wp\/v2\/comments?post=7040"}],"version-history":[{"count":3,"href":"https:\/\/rapunzelcoils.se\/sw\/wp-json\/wp\/v2\/product\/7040\/revisions"}],"predecessor-version":[{"id":9896,"href":"https:\/\/rapunzelcoils.se\/sw\/wp-json\/wp\/v2\/product\/7040\/revisions\/9896"}],"wp:featuredmedia":[{"embeddable":true,"href":"https:\/\/rapunzelcoils.se\/sw\/wp-json\/wp\/v2\/media\/9893"}],"wp:attachment":[{"href":"https:\/\/rapunzelcoils.se\/sw\/wp-json\/wp\/v2\/media?parent=7040"}],"wp:term":[{"taxonomy":"product_brand","embeddable":true,"href":"https:\/\/rapunzelcoils.se\/sw\/wp-json\/wp\/v2\/product_brand?post=7040"},{"taxonomy":"product_cat","embeddable":true,"href":"https:\/\/rapunzelcoils.se\/sw\/wp-json\/wp\/v2\/product_cat?post=7040"},{"taxonomy":"product_tag","embeddable":true,"href":"https:\/\/rapunzelcoils.se\/sw\/wp-json\/wp\/v2\/product_tag?post=7040"}],"curies":[{"name":"wp","href":"https:\/\/api.w.org\/{rel}","templated":true}]}}