{"id":7038,"date":"2023-08-23T11:20:30","date_gmt":"2023-08-23T08:20:30","guid":{"rendered":"https:\/\/www.rapunzelcoils.se\/?post_type=product&#038;p=7038"},"modified":"2026-01-03T19:32:32","modified_gmt":"2026-01-03T16:32:32","slug":"curl-wash-style-bundle","status":"publish","type":"product","link":"https:\/\/rapunzelcoils.se\/sw\/produkt\/curl-wash-style-bundle\/","title":{"rendered":"Curl Wash &amp; style kit (l\u00e5g porositet)"},"content":{"rendered":"<p>M\u00f6t Wash &amp; Style-paketet \u2013 din allt-i-ett-rutin f\u00f6r \u00e5terfuktning, som h\u00e5ller lockarna \u00e5terfuktade, fylliga och vackert definierade. Detta fyrstegssystem reng\u00f6r skonsamt, \u00e5terst\u00e4ller fukten, minskar brott, aktiverar lockarna och ger en mjuk, proteinfri definition.<\/p>\n<p>Oavsett om dina lockar \u00e4r v\u00e5giga, lockiga, krulliga eller afrotexturerade, ger det h\u00e4r paketet dig allt du beh\u00f6ver f\u00f6r en smidig, l\u00e4tt och l\u00e5ngvarig tv\u00e4ttdag.<\/p>\n<p>Vad finns inuti:<\/p>\n<p>1. Regn Moisture Shampoo<\/p>\n<p>Ett milt, ayurvediskt \u00e5terfuktande schampo som reng\u00f6r b\u00e5de h\u00e5rbotten och h\u00e5rstr\u00e5na utan att ta bort naturliga oljor. \u00c5terst\u00e4ller \u00e5terfuktning, lugnar h\u00e5rbotten och f\u00f6rbereder dina lockar f\u00f6r fuktabsorption.<\/p>\n<p>Regn kommer att:<\/p>\n<ul>\n<li>Reng\u00f6r utan uttorkning<\/li>\n<li>Mjukg\u00f6r och fr\u00e4scha upp lockarna<\/li>\n<li>St\u00f6dja h\u00e5rbottens h\u00e4lsa<\/li>\n<li>F\u00f6rb\u00e4ttra fuktupptaget<\/li>\n<li>Balansera oljeniv\u00e5erna<\/li>\n<li>Skapa den perfekta basen f\u00f6r Ros\u00e9e<\/li>\n<\/ul>\n<p>2. Ros\u00e9e Fuktmask<\/p>\n<p>En rik ayurvedisk 2-i-1-fuktmask som v\u00e5rdar, \u00e5terfuktar och \u00e5terst\u00e4ller mjukhet. G\u00f6r lockarna silkeslena, lena och l\u00e4tta att reda ut.<\/p>\n<p>Ros\u00e9e kommer att:<\/p>\n<ul>\n<li>Djup\u00e5tfuktande lockar<\/li>\n<li>\u00c5terst\u00e4ll mjukhet och hanterbarhet<\/li>\n<li>F\u00f6rb\u00e4ttra glidf\u00f6rm\u00e5gan f\u00f6r enkel utredning<\/li>\n<li>Ge l\u00e5ngvarig fukt<\/li>\n<li>St\u00f6djer lockarnas elasticitet<\/li>\n<li>Fungerar som balsam eller djupg\u00e5ende behandling<\/li>\n<\/ul>\n<p>3. Lush Curl Styling Milk<\/p>\n<p>En mjuk, l\u00e4tt leave-in-balsam som \u00e5terfuktar, v\u00e5rdar och aktiverar lockarna. G\u00f6r dem mjukare och minskar avbrott samtidigt som den ger fukt som varar i flera dagar.<\/p>\n<p>Lush kommer att:<\/p>\n<ul>\n<li>Aktivera lockar<\/li>\n<li>Konditionera och mjukg\u00f6r<\/li>\n<li>Ger l\u00e5ngvarig fukt<\/li>\n<li>Minska trassel och brott<\/li>\n<li>St\u00f6dl\u00e4ngdsh\u00e5llning<\/li>\n<\/ul>\n<p>4. Harmony Curl Defining Gel (Proteinfri)<\/p>\n<p>En botanisk lockgel f\u00f6r flexibel, f\u00f6ljsam och proteinfri definition. Ger glans och formar lockarna utan att de stelnar \u2013 perfekt f\u00f6r proteink\u00e4nsliga lockar eller alla rutiner som redan inneh\u00e5ller protein.<\/p>\n<p>Harmoni kommer att:<\/p>\n<ul>\n<li>Definiera lockar med en mjuk och flexibel stadga<\/li>\n<li>L\u00e4gg till glans och sl\u00e4t frissighet<\/li>\n<li>H\u00e5ll lockarna sp\u00e4nstiga och naturliga<\/li>\n<li>St\u00f6djer l\u00e5ngvariga tv\u00e4ttdagar<\/li>\n<li>Fungerar utm\u00e4rkt med Lush f\u00f6r lager-p\u00e5-lager<\/li>\n<\/ul>","protected":false},"excerpt":{"rendered":"<p>Den b\u00e4sta \u00e5terfuktningsfokuserade rutinen f\u00f6r mjuka, definierade och \u00e5terfuktade lockar. Detta Wash &amp; Style-kit inneh\u00e5ller allt som beh\u00f6vs f\u00f6r att reng\u00f6ra, \u00e5terfukta, aktivera och definiera dina lockar utan att tynga ner dem.<\/p>\n<p>Tillverkad i Sverige \u00b7 CGM-godk\u00e4nd \u00b7 Silikonfri \u00b7 Sulfatfri \u00b7 Vegansk<\/p>\n<p>Perfekt f\u00f6r allt v\u00e5gigt, lockigt, krulligt och afrotexturerat h\u00e5r.<\/p>\n<p>&nbsp;<\/p>","protected":false},"featured_media":9897,"comment_status":"open","ping_status":"closed","template":"","meta":{"inline_featured_image":false},"product_brand":[],"product_cat":[110,127,123,117],"product_tag":[],"class_list":{"0":"post-7038","1":"product","2":"type-product","3":"status-publish","4":"has-post-thumbnail","6":"product_cat-defined-curls","7":"product_cat-moisturizing-conditioner","8":"product_cat-moisturizing-shampoo","9":"product_cat-wash-hour","11":"first","12":"instock","13":"sale","14":"shipping-taxable","15":"purchasable","16":"product-type-variable"},"acf":[],"yoast_head":"<!-- This site is optimized with the Yoast SEO plugin v21.9.1 - https:\/\/yoast.com\/wordpress\/plugins\/seo\/ -->\n<title>Curl Wash &amp; style kit (low porosity) - Rapunzel Coils<\/title>\n<meta name=\"description\" content=\"Complete moisture-focused curl bundle with curl shampoo, curl moisture mask, cirl leave-in, and curl protein-free gel.Vegan, silicone-free,Curly girl\" \/>\n<meta name=\"robots\" content=\"index, follow, max-snippet:-1, max-image-preview:large, max-video-preview:-1\" \/>\n<link rel=\"canonical\" href=\"https:\/\/rapunzelcoils.se\/sw\/produkt\/curl-wash-style-bundle\/\" \/>\n<meta property=\"og:locale\" content=\"sv_SE\" \/>\n<meta property=\"og:type\" content=\"article\" \/>\n<meta property=\"og:title\" content=\"Curl Wash &amp; style kit (low porosity) - Rapunzel Coils\" \/>\n<meta property=\"og:description\" content=\"Complete moisture-focused curl bundle with curl shampoo, curl moisture mask, cirl leave-in, and curl protein-free gel.Vegan, silicone-free,Curly girl\" \/>\n<meta property=\"og:url\" content=\"https:\/\/rapunzelcoils.se\/sw\/produkt\/curl-wash-style-bundle\/\" \/>\n<meta property=\"og:site_name\" content=\"Rapunzel Coils\" \/>\n<meta property=\"article:modified_time\" content=\"2026-01-03T16:32:32+00:00\" \/>\n<meta property=\"og:image\" content=\"https:\/\/rapunzelcoils.se\/wp-content\/uploads\/2023\/08\/IMG_8022.png\" \/>\n\t<meta property=\"og:image:width\" content=\"800\" \/>\n\t<meta property=\"og:image:height\" content=\"800\" \/>\n\t<meta property=\"og:image:type\" content=\"image\/png\" \/>\n<meta name=\"twitter:card\" content=\"summary_large_image\" \/>\n<meta name=\"twitter:label1\" content=\"Ber\u00e4knad l\u00e4stid\" \/>\n\t<meta name=\"twitter:data1\" content=\"2 minuter\" \/>\n<script type=\"application\/ld+json\" class=\"yoast-schema-graph\">{\"@context\":\"https:\/\/schema.org\",\"@graph\":[{\"@type\":\"WebPage\",\"@id\":\"https:\/\/rapunzelcoils.se\/product\/curl-wash-style-bundle\/\",\"url\":\"https:\/\/rapunzelcoils.se\/product\/curl-wash-style-bundle\/\",\"name\":\"Curl Wash & style kit (low porosity) - Rapunzel Coils\",\"isPartOf\":{\"@id\":\"https:\/\/rapunzelcoils.se\/#website\"},\"datePublished\":\"2023-08-23T08:20:30+00:00\",\"dateModified\":\"2026-01-03T16:32:32+00:00\",\"description\":\"Complete moisture-focused curl bundle with curl shampoo, curl moisture mask, cirl leave-in, and curl protein-free gel.Vegan, silicone-free,Curly girl\",\"breadcrumb\":{\"@id\":\"https:\/\/rapunzelcoils.se\/product\/curl-wash-style-bundle\/#breadcrumb\"},\"inLanguage\":\"sv-SE\",\"potentialAction\":[{\"@type\":\"ReadAction\",\"target\":[\"https:\/\/rapunzelcoils.se\/product\/curl-wash-style-bundle\/\"]}]},{\"@type\":\"BreadcrumbList\",\"@id\":\"https:\/\/rapunzelcoils.se\/product\/curl-wash-style-bundle\/#breadcrumb\",\"itemListElement\":[{\"@type\":\"ListItem\",\"position\":1,\"name\":\"Home\",\"item\":\"https:\/\/rapunzelcoils.se\/\"},{\"@type\":\"ListItem\",\"position\":2,\"name\":\"Shop\",\"item\":\"https:\/\/rapunzelcoils.se\/en\/?page_id=8\"},{\"@type\":\"ListItem\",\"position\":3,\"name\":\"Curl Wash &#038; style kit (low porosity)\"}]},{\"@type\":\"WebSite\",\"@id\":\"https:\/\/rapunzelcoils.se\/#website\",\"url\":\"https:\/\/rapunzelcoils.se\/\",\"name\":\"Rapunzel Coils\",\"description\":\"Products to give moisture, remove frizz and define curls\",\"publisher\":{\"@id\":\"https:\/\/rapunzelcoils.se\/#organization\"},\"potentialAction\":[{\"@type\":\"SearchAction\",\"target\":{\"@type\":\"EntryPoint\",\"urlTemplate\":\"https:\/\/rapunzelcoils.se\/?s={search_term_string}\"},\"query-input\":\"required name=search_term_string\"}],\"inLanguage\":\"sv-SE\"},{\"@type\":\"Organization\",\"@id\":\"https:\/\/rapunzelcoils.se\/#organization\",\"name\":\"Rapunzel Coils\",\"url\":\"https:\/\/rapunzelcoils.se\/\",\"logo\":{\"@type\":\"ImageObject\",\"inLanguage\":\"sv-SE\",\"@id\":\"https:\/\/rapunzelcoils.se\/#\/schema\/logo\/image\/\",\"url\":\"https:\/\/rapunzelcoils.se\/wp-content\/uploads\/2022\/01\/Black-Transparent-Logo-scaled.png\",\"contentUrl\":\"https:\/\/rapunzelcoils.se\/wp-content\/uploads\/2022\/01\/Black-Transparent-Logo-scaled.png\",\"width\":2560,\"height\":869,\"caption\":\"Rapunzel Coils\"},\"image\":{\"@id\":\"https:\/\/rapunzelcoils.se\/#\/schema\/logo\/image\/\"}}]}<\/script>\n<!-- \/ Yoast SEO plugin. -->","yoast_head_json":{"title":"Curl Wash & style kit (low porosity) - Rapunzel Coils","description":"Complete moisture-focused curl bundle with curl shampoo, curl moisture mask, cirl leave-in, and curl protein-free gel.Vegan, silicone-free,Curly girl","robots":{"index":"index","follow":"follow","max-snippet":"max-snippet:-1","max-image-preview":"max-image-preview:large","max-video-preview":"max-video-preview:-1"},"canonical":"https:\/\/rapunzelcoils.se\/sw\/produkt\/curl-wash-style-bundle\/","og_locale":"sv_SE","og_type":"article","og_title":"Curl Wash & style kit (low porosity) - Rapunzel Coils","og_description":"Complete moisture-focused curl bundle with curl shampoo, curl moisture mask, cirl leave-in, and curl protein-free gel.Vegan, silicone-free,Curly girl","og_url":"https:\/\/rapunzelcoils.se\/sw\/produkt\/curl-wash-style-bundle\/","og_site_name":"Rapunzel Coils","article_modified_time":"2026-01-03T16:32:32+00:00","og_image":[{"url":"https:\/\/rapunzelcoils.se\/wp-content\/uploads\/2023\/08\/IMG_8022.png","width":800,"height":800,"type":"image\/png"}],"twitter_card":"summary_large_image","twitter_misc":{"Ber\u00e4knad l\u00e4stid":"2 minuter"},"schema":{"@context":"https:\/\/schema.org","@graph":[{"@type":"WebPage","@id":"https:\/\/rapunzelcoils.se\/product\/curl-wash-style-bundle\/","url":"https:\/\/rapunzelcoils.se\/product\/curl-wash-style-bundle\/","name":"Curl Wash & style kit (low porosity) - Rapunzel Coils","isPartOf":{"@id":"https:\/\/rapunzelcoils.se\/#website"},"datePublished":"2023-08-23T08:20:30+00:00","dateModified":"2026-01-03T16:32:32+00:00","description":"Complete moisture-focused curl bundle with curl shampoo, curl moisture mask, cirl leave-in, and curl protein-free gel.Vegan, silicone-free,Curly girl","breadcrumb":{"@id":"https:\/\/rapunzelcoils.se\/product\/curl-wash-style-bundle\/#breadcrumb"},"inLanguage":"sv-SE","potentialAction":[{"@type":"ReadAction","target":["https:\/\/rapunzelcoils.se\/product\/curl-wash-style-bundle\/"]}]},{"@type":"BreadcrumbList","@id":"https:\/\/rapunzelcoils.se\/product\/curl-wash-style-bundle\/#breadcrumb","itemListElement":[{"@type":"ListItem","position":1,"name":"Home","item":"https:\/\/rapunzelcoils.se\/"},{"@type":"ListItem","position":2,"name":"Shop","item":"https:\/\/rapunzelcoils.se\/en\/?page_id=8"},{"@type":"ListItem","position":3,"name":"Curl Wash &#038; style kit (low porosity)"}]},{"@type":"WebSite","@id":"https:\/\/rapunzelcoils.se\/#website","url":"https:\/\/rapunzelcoils.se\/","name":"Rapunzel-spolar","description":"Produkter f\u00f6r att ge fukt, ta bort friss och definiera lockar","publisher":{"@id":"https:\/\/rapunzelcoils.se\/#organization"},"potentialAction":[{"@type":"SearchAction","target":{"@type":"EntryPoint","urlTemplate":"https:\/\/rapunzelcoils.se\/?s={search_term_string}"},"query-input":"required name=search_term_string"}],"inLanguage":"sv-SE"},{"@type":"Organization","@id":"https:\/\/rapunzelcoils.se\/#organization","name":"Rapunzel-spolar","url":"https:\/\/rapunzelcoils.se\/","logo":{"@type":"ImageObject","inLanguage":"sv-SE","@id":"https:\/\/rapunzelcoils.se\/#\/schema\/logo\/image\/","url":"https:\/\/rapunzelcoils.se\/wp-content\/uploads\/2022\/01\/Black-Transparent-Logo-scaled.png","contentUrl":"https:\/\/rapunzelcoils.se\/wp-content\/uploads\/2022\/01\/Black-Transparent-Logo-scaled.png","width":2560,"height":869,"caption":"Rapunzel Coils"},"image":{"@id":"https:\/\/rapunzelcoils.se\/#\/schema\/logo\/image\/"}}]}},"_links":{"self":[{"href":"https:\/\/rapunzelcoils.se\/sw\/wp-json\/wp\/v2\/product\/7038","targetHints":{"allow":["GET"]}}],"collection":[{"href":"https:\/\/rapunzelcoils.se\/sw\/wp-json\/wp\/v2\/product"}],"about":[{"href":"https:\/\/rapunzelcoils.se\/sw\/wp-json\/wp\/v2\/types\/product"}],"replies":[{"embeddable":true,"href":"https:\/\/rapunzelcoils.se\/sw\/wp-json\/wp\/v2\/comments?post=7038"}],"version-history":[{"count":8,"href":"https:\/\/rapunzelcoils.se\/sw\/wp-json\/wp\/v2\/product\/7038\/revisions"}],"predecessor-version":[{"id":9680,"href":"https:\/\/rapunzelcoils.se\/sw\/wp-json\/wp\/v2\/product\/7038\/revisions\/9680"}],"wp:featuredmedia":[{"embeddable":true,"href":"https:\/\/rapunzelcoils.se\/sw\/wp-json\/wp\/v2\/media\/9897"}],"wp:attachment":[{"href":"https:\/\/rapunzelcoils.se\/sw\/wp-json\/wp\/v2\/media?parent=7038"}],"wp:term":[{"taxonomy":"product_brand","embeddable":true,"href":"https:\/\/rapunzelcoils.se\/sw\/wp-json\/wp\/v2\/product_brand?post=7038"},{"taxonomy":"product_cat","embeddable":true,"href":"https:\/\/rapunzelcoils.se\/sw\/wp-json\/wp\/v2\/product_cat?post=7038"},{"taxonomy":"product_tag","embeddable":true,"href":"https:\/\/rapunzelcoils.se\/sw\/wp-json\/wp\/v2\/product_tag?post=7038"}],"curies":[{"name":"wp","href":"https:\/\/api.w.org\/{rel}","templated":true}]}}