{"id":7011,"date":"2023-08-03T19:37:31","date_gmt":"2023-08-03T16:37:31","guid":{"rendered":"https:\/\/www.rapunzelcoils.se\/?post_type=product&#038;p=7011"},"modified":"2026-01-13T00:01:28","modified_gmt":"2026-01-12T21:01:28","slug":"harmony-curl-elongating-gel","status":"publish","type":"product","link":"https:\/\/rapunzelcoils.se\/sw\/produkt\/harmony-curl-elongating-gel\/","title":{"rendered":"Harmony - Curl elongating gel"},"content":{"rendered":"<p><strong>Harmony Curl f\u00f6rl\u00e4ngande gel<\/strong> \u00e4r perfekt f\u00f6r lockiga med t\u00e4tt h\u00e5r som vill tona ner volymen, f\u00f6rl\u00e4nga lockarna och njuta av l\u00e5ngvarig definition. Med en l\u00e4tt, icke-klibbig formula och ingredienser som v\u00e5rdar b\u00e5de h\u00e5rbotten och lockarna \u00e4r det det ultimata valet f\u00f6r alla som s\u00f6ker h\u00e4lsosamt, \u00e5terfuktat och vackert definierat h\u00e5r.<\/p>\n<p>&nbsp;<\/p>\n<h3>F\u00f6rdelar med v\u00e5r gel som f\u00f6rl\u00e4nger lockar<\/h3>\n<p>V\u00e5r unika gel som f\u00f6rst\u00e4rker lockar \u00e4r tillverkad med noggrant utvalda naturliga och effektiva ingredienser som ger en rad f\u00f6rdelar anpassade f\u00f6r lockigt h\u00e5r:<\/p>\n<ul>\n<li><strong>Definierar lockar:<\/strong> Fr\u00e4mjar v\u00e4lformade, frizzfria lockar som beh\u00e5ller sin naturliga sp\u00e4nst och form hela dagen.<\/li>\n<li><strong>Ger en bra rollbes\u00e4ttning:<\/strong> Erbjuder en stark, krispig ton som skyddar lockdefinitionen under torkning, vilken l\u00e4tt f\u00f6rsvinner n\u00e4r du kramar ut krispigheten och l\u00e4mnar mjuka, k\u00e4nsliga lockar.<\/li>\n<li><strong>F\u00f6rb\u00e4ttrar fuktretentionen:<\/strong> \u00c5terfuktar lockarna p\u00e5 djupet, minskar torrhet och spr\u00f6dhet f\u00f6r en h\u00e4lsosam, glansig finish.<\/li>\n<li><strong>Fr\u00e4mjar f\u00f6rl\u00e4ngning av lockar:<\/strong> Hj\u00e4lper till att minska krympning, vilket g\u00f6r att dina lockar ser utstr\u00e4ckta och definierade samtidigt som de beh\u00e5ller sin naturliga struktur.<\/li>\n<li><strong>N\u00e4rande och v\u00e5rdande:<\/strong> Fullpackad med botaniska extrakt, vitaminer och aminosyror som st\u00f6djer den allm\u00e4nna lockh\u00e4lsan och g\u00f6r h\u00e5ret mjukt, glansigt och l\u00e4tthanterligt.<\/li>\n<li><strong>L\u00e4tt k\u00e4nsla:<\/strong> En icke-klibbig, l\u00e4tt formula som fungerar bra f\u00f6r olika typer av lockar, vilket s\u00e4kerst\u00e4ller smidig applicering och ingen uppbyggnad.<\/li>\n<li><strong>St\u00e4rker h\u00e5ret:<\/strong> Berikad med n\u00e4rings\u00e4mnen som st\u00e4rker h\u00e5rstr\u00e5na, vilket hj\u00e4lper till att minska h\u00e5ravbrott och f\u00f6rb\u00e4ttra elasticiteten.<\/li>\n<li><strong>Lugnar och skyddar:<\/strong> Kombinerar lugnande extrakt och antioxidanter f\u00f6r att skydda lockarna fr\u00e5n milj\u00f6p\u00e5verkan och f\u00f6rb\u00e4ttra h\u00e5rbottenkomforten.<\/li>\n<\/ul>","protected":false},"excerpt":{"rendered":"<p>Harmony Curl Elongating Gel \u00e4r den b\u00e4sta n\u00e4rande gelen f\u00f6r lockt\u00e5liga lockar som vill ha mindre krympning och mjukare, f\u00f6rl\u00e4ngda lockar. Den ger en mjuk till stark ton som mjuknar helt n\u00e4r den \u00e4r utpressad. Den \u00e4r ocks\u00e5 perfekt f\u00f6r lockt\u00e5liga typer som vill f\u00f6rsiktigt d\u00e4mpa volymen. Drivs av ayurvediska v\u00e4xtextrakt, lugnande extrakt och \u00e5terfuktande ingredienser som ger n\u00e4ring \u00e5t h\u00e5ret och l\u00e4mnar lockarna \u00e5terfuktade, lena och vackert definierade.<\/p>\n<p>Tillverkad i Sverige \u00b7 Vegansk \u00b7 Ekologisk \u00b7 Silikonfri \u00b7 CGM-godk\u00e4nd<\/p>\n<p>Perfekt f\u00f6r allt v\u00e5gigt, lockigt, krulligt och afrotexturerat h\u00e5r.<\/p>\n<p><a href=\"https:\/\/www.rapunzelcoils.se\/wp-content\/uploads\/2023\/08\/Copy-of-Copy-of-Copy-of-Untitled-Design.zip-3-scaled.jpg\"><img decoding=\"async\" class=\"alignnone wp-image-8256 size-thumbnail\" src=\"https:\/\/www.rapunzelcoils.se\/wp-content\/uploads\/2023\/08\/Copy-of-Copy-of-Copy-of-Untitled-Design.zip-3-150x150.jpg\" alt=\"\" width=\"150\" height=\"150\" \/><\/a>\u00a0 \u00a0 <a href=\"https:\/\/www.rapunzelcoils.se\/wp-content\/uploads\/2023\/08\/Copy-of-Copy-of-Copy-of-Untitled-Design.zip-2-scaled.jpg\"><img decoding=\"async\" class=\"alignnone wp-image-8255 size-thumbnail\" src=\"https:\/\/www.rapunzelcoils.se\/wp-content\/uploads\/2023\/08\/Copy-of-Copy-of-Copy-of-Untitled-Design.zip-2-150x150.jpg\" alt=\"\" width=\"150\" height=\"150\" \/>\u00a0\u00a0\u00a0 <\/a><a href=\"https:\/\/www.rapunzelcoils.se\/wp-content\/uploads\/2023\/08\/Copy-of-Copy-of-Copy-of-Untitled-Design.zip-1-scaled.jpg\"><img decoding=\"async\" class=\"alignnone wp-image-8254 size-thumbnail\" src=\"https:\/\/www.rapunzelcoils.se\/wp-content\/uploads\/2023\/08\/Copy-of-Copy-of-Copy-of-Untitled-Design.zip-1-150x150.jpg\" alt=\"\" width=\"150\" height=\"150\" \/><\/a><\/p>\n<p>&nbsp;<\/p>\n<p><span class=\"WdYUQQ text-decoration-none text-strikethrough-none\">F\u00f6r att uppn\u00e5 liknande resultat som de bifogade transformationerna rekommenderar vi:<\/span><\/p>\n<p><span class=\"WdYUQQ text-decoration-none text-strikethrough-none\">Tv\u00e4tta:<\/span><\/p>\n<p><span class=\"WdYUQQ text-decoration-none text-strikethrough-none\"><a href=\"https:\/\/rapunzelcoils.se\/sw\/produkt\/regn-moisture-shampoo\/\">Regn; Fuktgivande schampo<\/a>, <a href=\"https:\/\/rapunzelcoils.se\/sw\/produkt\/rosee-cream-conditioner\/\">Ros\u00e9e; Kr\u00e4migt balsam<\/a><\/span><\/p>\n<p>Styling: <a href=\"https:\/\/rapunzelcoils.se\/sw\/produkt\/hibiscus-beverage-ayurvedic-hair-mist\/\">Hibiscus Beveragd Curl Refresh Mist\u00a0 \u00a0<\/a>sedan<a href=\"https:\/\/rapunzelcoils.se\/sw\/produkt\/harmony-curl-elongating-gel\/\">Harmony - Curl elongating gel<\/a><\/p>\n<p>&nbsp;<\/p>","protected":false},"featured_media":9824,"comment_status":"open","ping_status":"closed","template":"","meta":{"inline_featured_image":false},"product_brand":[],"product_cat":[141,116,110,140,134],"product_tag":[148],"class_list":{"0":"post-7011","1":"product","2":"type-product","3":"status-publish","4":"has-post-thumbnail","6":"product_cat-coily","7":"product_cat-curl-refresh","8":"product_cat-defined-curls","9":"product_cat-kinky-curls","10":"product_cat-tight-curls","11":"product_tag-curl-elongating","13":"first","14":"instock","15":"shipping-taxable","16":"purchasable","17":"product-type-variable"},"acf":[],"yoast_head":"<!-- This site is optimized with the Yoast SEO plugin v21.9.1 - https:\/\/yoast.com\/wordpress\/plugins\/seo\/ -->\n<title>Harmony -Curl Elongating gel - Rapunzel Coils<\/title>\n<meta name=\"description\" content=\"The best curl elongating gel that reduces shrinkage, defines curls, boosts moisture, and leaves hair soft and frizz-free. It&#039;s silicone free &amp; cgm approved\" \/>\n<meta name=\"robots\" content=\"index, follow, max-snippet:-1, max-image-preview:large, max-video-preview:-1\" \/>\n<link rel=\"canonical\" href=\"https:\/\/rapunzelcoils.se\/sw\/produkt\/harmony-curl-elongating-gel\/\" \/>\n<meta property=\"og:locale\" content=\"sv_SE\" \/>\n<meta property=\"og:type\" content=\"article\" \/>\n<meta property=\"og:title\" content=\"Harmony -Curl Elongating gel - Rapunzel Coils\" \/>\n<meta property=\"og:description\" content=\"The best curl elongating gel that reduces shrinkage, defines curls, boosts moisture, and leaves hair soft and frizz-free. It&#039;s silicone free &amp; cgm approved\" \/>\n<meta property=\"og:url\" content=\"https:\/\/rapunzelcoils.se\/sw\/produkt\/harmony-curl-elongating-gel\/\" \/>\n<meta property=\"og:site_name\" content=\"Rapunzel Coils\" \/>\n<meta property=\"article:modified_time\" content=\"2026-01-12T21:01:28+00:00\" \/>\n<meta property=\"og:image\" content=\"https:\/\/rapunzelcoils.se\/wp-content\/uploads\/2023\/08\/Photoroom_20251211_131525.jpeg\" \/>\n\t<meta property=\"og:image:width\" content=\"1512\" \/>\n\t<meta property=\"og:image:height\" content=\"1512\" \/>\n\t<meta property=\"og:image:type\" content=\"image\/jpeg\" \/>\n<meta name=\"twitter:card\" content=\"summary_large_image\" \/>\n<meta name=\"twitter:label1\" content=\"Ber\u00e4knad l\u00e4stid\" \/>\n\t<meta name=\"twitter:data1\" content=\"2 minuter\" \/>\n<script type=\"application\/ld+json\" class=\"yoast-schema-graph\">{\"@context\":\"https:\/\/schema.org\",\"@graph\":[{\"@type\":\"WebPage\",\"@id\":\"https:\/\/rapunzelcoils.se\/product\/harmony-curl-elongating-gel\/\",\"url\":\"https:\/\/rapunzelcoils.se\/product\/harmony-curl-elongating-gel\/\",\"name\":\"Harmony -Curl Elongating gel - Rapunzel Coils\",\"isPartOf\":{\"@id\":\"https:\/\/rapunzelcoils.se\/#website\"},\"datePublished\":\"2023-08-03T16:37:31+00:00\",\"dateModified\":\"2026-01-12T21:01:28+00:00\",\"description\":\"The best curl elongating gel that reduces shrinkage, defines curls, boosts moisture, and leaves hair soft and frizz-free. It's silicone free & cgm approved\",\"breadcrumb\":{\"@id\":\"https:\/\/rapunzelcoils.se\/product\/harmony-curl-elongating-gel\/#breadcrumb\"},\"inLanguage\":\"sv-SE\",\"potentialAction\":[{\"@type\":\"ReadAction\",\"target\":[\"https:\/\/rapunzelcoils.se\/product\/harmony-curl-elongating-gel\/\"]}]},{\"@type\":\"BreadcrumbList\",\"@id\":\"https:\/\/rapunzelcoils.se\/product\/harmony-curl-elongating-gel\/#breadcrumb\",\"itemListElement\":[{\"@type\":\"ListItem\",\"position\":1,\"name\":\"Home\",\"item\":\"https:\/\/rapunzelcoils.se\/\"},{\"@type\":\"ListItem\",\"position\":2,\"name\":\"Shop\",\"item\":\"https:\/\/rapunzelcoils.se\/en\/?page_id=8\"},{\"@type\":\"ListItem\",\"position\":3,\"name\":\"Harmony -Curl Elongating gel\"}]},{\"@type\":\"WebSite\",\"@id\":\"https:\/\/rapunzelcoils.se\/#website\",\"url\":\"https:\/\/rapunzelcoils.se\/\",\"name\":\"Rapunzel Coils\",\"description\":\"Products to give moisture, remove frizz and define curls\",\"publisher\":{\"@id\":\"https:\/\/rapunzelcoils.se\/#organization\"},\"potentialAction\":[{\"@type\":\"SearchAction\",\"target\":{\"@type\":\"EntryPoint\",\"urlTemplate\":\"https:\/\/rapunzelcoils.se\/?s={search_term_string}\"},\"query-input\":\"required name=search_term_string\"}],\"inLanguage\":\"sv-SE\"},{\"@type\":\"Organization\",\"@id\":\"https:\/\/rapunzelcoils.se\/#organization\",\"name\":\"Rapunzel Coils\",\"url\":\"https:\/\/rapunzelcoils.se\/\",\"logo\":{\"@type\":\"ImageObject\",\"inLanguage\":\"sv-SE\",\"@id\":\"https:\/\/rapunzelcoils.se\/#\/schema\/logo\/image\/\",\"url\":\"https:\/\/rapunzelcoils.se\/wp-content\/uploads\/2022\/01\/Black-Transparent-Logo-scaled.png\",\"contentUrl\":\"https:\/\/rapunzelcoils.se\/wp-content\/uploads\/2022\/01\/Black-Transparent-Logo-scaled.png\",\"width\":2560,\"height\":869,\"caption\":\"Rapunzel Coils\"},\"image\":{\"@id\":\"https:\/\/rapunzelcoils.se\/#\/schema\/logo\/image\/\"}}]}<\/script>\n<!-- \/ Yoast SEO plugin. -->","yoast_head_json":{"title":"Harmony -Curl Elongating gel - Rapunzel Coils","description":"The best curl elongating gel that reduces shrinkage, defines curls, boosts moisture, and leaves hair soft and frizz-free. It's silicone free & cgm approved","robots":{"index":"index","follow":"follow","max-snippet":"max-snippet:-1","max-image-preview":"max-image-preview:large","max-video-preview":"max-video-preview:-1"},"canonical":"https:\/\/rapunzelcoils.se\/sw\/produkt\/harmony-curl-elongating-gel\/","og_locale":"sv_SE","og_type":"article","og_title":"Harmony -Curl Elongating gel - Rapunzel Coils","og_description":"The best curl elongating gel that reduces shrinkage, defines curls, boosts moisture, and leaves hair soft and frizz-free. It's silicone free & cgm approved","og_url":"https:\/\/rapunzelcoils.se\/sw\/produkt\/harmony-curl-elongating-gel\/","og_site_name":"Rapunzel Coils","article_modified_time":"2026-01-12T21:01:28+00:00","og_image":[{"width":1512,"height":1512,"url":"https:\/\/rapunzelcoils.se\/wp-content\/uploads\/2023\/08\/Photoroom_20251211_131525.jpeg","type":"image\/jpeg"}],"twitter_card":"summary_large_image","twitter_misc":{"Ber\u00e4knad l\u00e4stid":"2 minuter"},"schema":{"@context":"https:\/\/schema.org","@graph":[{"@type":"WebPage","@id":"https:\/\/rapunzelcoils.se\/product\/harmony-curl-elongating-gel\/","url":"https:\/\/rapunzelcoils.se\/product\/harmony-curl-elongating-gel\/","name":"Harmony -Curl Elongating gel - Rapunzel Coils","isPartOf":{"@id":"https:\/\/rapunzelcoils.se\/#website"},"datePublished":"2023-08-03T16:37:31+00:00","dateModified":"2026-01-12T21:01:28+00:00","description":"The best curl elongating gel that reduces shrinkage, defines curls, boosts moisture, and leaves hair soft and frizz-free. It's silicone free & cgm approved","breadcrumb":{"@id":"https:\/\/rapunzelcoils.se\/product\/harmony-curl-elongating-gel\/#breadcrumb"},"inLanguage":"sv-SE","potentialAction":[{"@type":"ReadAction","target":["https:\/\/rapunzelcoils.se\/product\/harmony-curl-elongating-gel\/"]}]},{"@type":"BreadcrumbList","@id":"https:\/\/rapunzelcoils.se\/product\/harmony-curl-elongating-gel\/#breadcrumb","itemListElement":[{"@type":"ListItem","position":1,"name":"Home","item":"https:\/\/rapunzelcoils.se\/"},{"@type":"ListItem","position":2,"name":"Shop","item":"https:\/\/rapunzelcoils.se\/en\/?page_id=8"},{"@type":"ListItem","position":3,"name":"Harmony -Curl Elongating gel"}]},{"@type":"WebSite","@id":"https:\/\/rapunzelcoils.se\/#website","url":"https:\/\/rapunzelcoils.se\/","name":"Rapunzel-spolar","description":"Produkter f\u00f6r att ge fukt, ta bort friss och definiera lockar","publisher":{"@id":"https:\/\/rapunzelcoils.se\/#organization"},"potentialAction":[{"@type":"SearchAction","target":{"@type":"EntryPoint","urlTemplate":"https:\/\/rapunzelcoils.se\/?s={search_term_string}"},"query-input":"required name=search_term_string"}],"inLanguage":"sv-SE"},{"@type":"Organization","@id":"https:\/\/rapunzelcoils.se\/#organization","name":"Rapunzel-spolar","url":"https:\/\/rapunzelcoils.se\/","logo":{"@type":"ImageObject","inLanguage":"sv-SE","@id":"https:\/\/rapunzelcoils.se\/#\/schema\/logo\/image\/","url":"https:\/\/rapunzelcoils.se\/wp-content\/uploads\/2022\/01\/Black-Transparent-Logo-scaled.png","contentUrl":"https:\/\/rapunzelcoils.se\/wp-content\/uploads\/2022\/01\/Black-Transparent-Logo-scaled.png","width":2560,"height":869,"caption":"Rapunzel Coils"},"image":{"@id":"https:\/\/rapunzelcoils.se\/#\/schema\/logo\/image\/"}}]}},"_links":{"self":[{"href":"https:\/\/rapunzelcoils.se\/sw\/wp-json\/wp\/v2\/product\/7011","targetHints":{"allow":["GET"]}}],"collection":[{"href":"https:\/\/rapunzelcoils.se\/sw\/wp-json\/wp\/v2\/product"}],"about":[{"href":"https:\/\/rapunzelcoils.se\/sw\/wp-json\/wp\/v2\/types\/product"}],"replies":[{"embeddable":true,"href":"https:\/\/rapunzelcoils.se\/sw\/wp-json\/wp\/v2\/comments?post=7011"}],"version-history":[{"count":2,"href":"https:\/\/rapunzelcoils.se\/sw\/wp-json\/wp\/v2\/product\/7011\/revisions"}],"predecessor-version":[{"id":9702,"href":"https:\/\/rapunzelcoils.se\/sw\/wp-json\/wp\/v2\/product\/7011\/revisions\/9702"}],"wp:featuredmedia":[{"embeddable":true,"href":"https:\/\/rapunzelcoils.se\/sw\/wp-json\/wp\/v2\/media\/9824"}],"wp:attachment":[{"href":"https:\/\/rapunzelcoils.se\/sw\/wp-json\/wp\/v2\/media?parent=7011"}],"wp:term":[{"taxonomy":"product_brand","embeddable":true,"href":"https:\/\/rapunzelcoils.se\/sw\/wp-json\/wp\/v2\/product_brand?post=7011"},{"taxonomy":"product_cat","embeddable":true,"href":"https:\/\/rapunzelcoils.se\/sw\/wp-json\/wp\/v2\/product_cat?post=7011"},{"taxonomy":"product_tag","embeddable":true,"href":"https:\/\/rapunzelcoils.se\/sw\/wp-json\/wp\/v2\/product_tag?post=7011"}],"curies":[{"name":"wp","href":"https:\/\/api.w.org\/{rel}","templated":true}]}}