{"id":6885,"date":"2023-03-03T20:23:09","date_gmt":"2023-03-03T17:23:09","guid":{"rendered":"https:\/\/www.rapunzelcoils.se\/?post_type=product&#038;p=6885"},"modified":"2025-12-18T18:01:31","modified_gmt":"2025-12-18T15:01:31","slug":"harmony-highporosity-curl-gel","status":"publish","type":"product","link":"https:\/\/rapunzelcoils.se\/sw\/produkt\/harmony-highporosity-curl-gel\/","title":{"rendered":"Harmony \u2013  Curl defining gel  (h\u00f6g porositet)"},"content":{"rendered":"<p><!--more--><\/p>","protected":false},"excerpt":{"rendered":"<p>En \u00e5terfuktande och botanisk gel som \u00e4r s\u00e4rskilt framtagen f\u00f6r skadat, blekt och f\u00e4rgat lockigt h\u00e5r med h\u00f6g porositet. Harmony hj\u00e4lper till att minska friss, st\u00e4rka h\u00e5rets struktur och ge l\u00e5ngvarig definition utan att tynga ner.\n\nGelen \u00e4r dryg och ger en tydlig cast som blir mjuk n\u00e4r den scrunchas ur \u2013 utan att h\u00e5ret k\u00e4nns klibbigt eller smutsigt.\nVarje pump inneh\u00e5ller botaniska proteiner, aminosyror och ayurvediska v\u00e4xtextrakt som sl\u00e4tar ut och st\u00e4rker h\u00e5rets fj\u00e4llskikt, minskar frissighet och formar flexibla, naturligt definierade lockar.\nPassar v\u00e5gigt, lockigt, krulligt &amp; afrotexturerat h\u00e5r som \u00e4r kemiskt behandlat eller skadat.<\/p>\n<p>-Definierar lockar utan att tynga ner\n-\u00c5terfuktar och minskar friss\n-Ger en bra cast som blir mjuk n\u00e4r den scruchas  ur\n\n-Passar v\u00e5gigt och lockigt h\u00e5r\n-Fri fr\u00e5n silikoner, sulfater och artificiell parfym\n-Tillverkad i Sverige - Curly Girl Method godk\u00e4nd - V\u00e4xtbaserad och vegansk<\/p>\n<p>Perfekt f\u00f6r allt v\u00e5gigt, lockigt, krulligt och afrotexturerat h\u00e5r.<\/p>\n<p>&nbsp;<\/p>","protected":false},"featured_media":9901,"comment_status":"open","ping_status":"closed","template":"","meta":{"inline_featured_image":false},"product_brand":[],"product_cat":[99,132,116,110,111,133],"product_tag":[],"class_list":{"0":"post-6885","1":"product","2":"type-product","3":"status-publish","4":"has-post-thumbnail","6":"product_cat-breaking-thinning-hair-weak-hair","7":"product_cat-color-treated-curls","8":"product_cat-curl-refresh","9":"product_cat-defined-curls","10":"product_cat-sealant","11":"product_cat-weak-hair","13":"first","14":"instock","15":"shipping-taxable","16":"purchasable","17":"product-type-variable"},"acf":[],"yoast_head":"<!-- This site is optimized with the Yoast SEO plugin v21.9.1 - https:\/\/yoast.com\/wordpress\/plugins\/seo\/ -->\n<title>Harmony - Curl Defining Gel (High porosity) - Rapunzel Coils<\/title>\n<meta name=\"description\" content=\"Silicone free curl defining gel for high porosity curls. Defines, reduces frizz, and creates long-lasting definition. Vegan, CGM approved, made in Sweden.\" \/>\n<meta name=\"robots\" content=\"index, follow, max-snippet:-1, max-image-preview:large, max-video-preview:-1\" \/>\n<link rel=\"canonical\" href=\"https:\/\/rapunzelcoils.se\/sw\/produkt\/harmony-highporosity-curl-gel\/\" \/>\n<meta property=\"og:locale\" content=\"sv_SE\" \/>\n<meta property=\"og:type\" content=\"article\" \/>\n<meta property=\"og:title\" content=\"Harmony - Curl Defining Gel (High porosity) - Rapunzel Coils\" \/>\n<meta property=\"og:description\" content=\"Silicone free curl defining gel for high porosity curls. Defines, reduces frizz, and creates long-lasting definition. Vegan, CGM approved, made in Sweden.\" \/>\n<meta property=\"og:url\" content=\"https:\/\/rapunzelcoils.se\/sw\/produkt\/harmony-highporosity-curl-gel\/\" \/>\n<meta property=\"og:site_name\" content=\"Rapunzel Coils\" \/>\n<meta property=\"article:modified_time\" content=\"2025-12-18T15:01:31+00:00\" \/>\n<meta property=\"og:image\" content=\"https:\/\/rapunzelcoils.se\/wp-content\/uploads\/2023\/03\/IMG_8033.png\" \/>\n\t<meta property=\"og:image:width\" content=\"1512\" \/>\n\t<meta property=\"og:image:height\" content=\"1512\" \/>\n\t<meta property=\"og:image:type\" content=\"image\/png\" \/>\n<meta name=\"twitter:card\" content=\"summary_large_image\" \/>\n<meta name=\"twitter:label1\" content=\"Ber\u00e4knad l\u00e4stid\" \/>\n\t<meta name=\"twitter:data1\" content=\"1 minut\" \/>\n<script type=\"application\/ld+json\" class=\"yoast-schema-graph\">{\"@context\":\"https:\/\/schema.org\",\"@graph\":[{\"@type\":\"WebPage\",\"@id\":\"https:\/\/rapunzelcoils.se\/product\/harmony-highporosity-curl-gel\/\",\"url\":\"https:\/\/rapunzelcoils.se\/product\/harmony-highporosity-curl-gel\/\",\"name\":\"Harmony - Curl Defining Gel (High porosity) - Rapunzel Coils\",\"isPartOf\":{\"@id\":\"https:\/\/rapunzelcoils.se\/#website\"},\"datePublished\":\"2023-03-03T17:23:09+00:00\",\"dateModified\":\"2025-12-18T15:01:31+00:00\",\"description\":\"Silicone free curl defining gel for high porosity curls. Defines, reduces frizz, and creates long-lasting definition. Vegan, CGM approved, made in Sweden.\",\"breadcrumb\":{\"@id\":\"https:\/\/rapunzelcoils.se\/product\/harmony-highporosity-curl-gel\/#breadcrumb\"},\"inLanguage\":\"sv-SE\",\"potentialAction\":[{\"@type\":\"ReadAction\",\"target\":[\"https:\/\/rapunzelcoils.se\/product\/harmony-highporosity-curl-gel\/\"]}]},{\"@type\":\"BreadcrumbList\",\"@id\":\"https:\/\/rapunzelcoils.se\/product\/harmony-highporosity-curl-gel\/#breadcrumb\",\"itemListElement\":[{\"@type\":\"ListItem\",\"position\":1,\"name\":\"Home\",\"item\":\"https:\/\/rapunzelcoils.se\/\"},{\"@type\":\"ListItem\",\"position\":2,\"name\":\"Shop\",\"item\":\"https:\/\/rapunzelcoils.se\/en\/?page_id=8\"},{\"@type\":\"ListItem\",\"position\":3,\"name\":\"Harmony &#8211; Curl Defining Gel (High porosity)\"}]},{\"@type\":\"WebSite\",\"@id\":\"https:\/\/rapunzelcoils.se\/#website\",\"url\":\"https:\/\/rapunzelcoils.se\/\",\"name\":\"Rapunzel Coils\",\"description\":\"Products to give moisture, remove frizz and define curls\",\"publisher\":{\"@id\":\"https:\/\/rapunzelcoils.se\/#organization\"},\"potentialAction\":[{\"@type\":\"SearchAction\",\"target\":{\"@type\":\"EntryPoint\",\"urlTemplate\":\"https:\/\/rapunzelcoils.se\/?s={search_term_string}\"},\"query-input\":\"required name=search_term_string\"}],\"inLanguage\":\"sv-SE\"},{\"@type\":\"Organization\",\"@id\":\"https:\/\/rapunzelcoils.se\/#organization\",\"name\":\"Rapunzel Coils\",\"url\":\"https:\/\/rapunzelcoils.se\/\",\"logo\":{\"@type\":\"ImageObject\",\"inLanguage\":\"sv-SE\",\"@id\":\"https:\/\/rapunzelcoils.se\/#\/schema\/logo\/image\/\",\"url\":\"https:\/\/rapunzelcoils.se\/wp-content\/uploads\/2022\/01\/Black-Transparent-Logo-scaled.png\",\"contentUrl\":\"https:\/\/rapunzelcoils.se\/wp-content\/uploads\/2022\/01\/Black-Transparent-Logo-scaled.png\",\"width\":2560,\"height\":869,\"caption\":\"Rapunzel Coils\"},\"image\":{\"@id\":\"https:\/\/rapunzelcoils.se\/#\/schema\/logo\/image\/\"}}]}<\/script>\n<!-- \/ Yoast SEO plugin. -->","yoast_head_json":{"title":"Harmony - Curl Defining Gel (High porosity) - Rapunzel Coils","description":"Silicone free curl defining gel for high porosity curls. Defines, reduces frizz, and creates long-lasting definition. Vegan, CGM approved, made in Sweden.","robots":{"index":"index","follow":"follow","max-snippet":"max-snippet:-1","max-image-preview":"max-image-preview:large","max-video-preview":"max-video-preview:-1"},"canonical":"https:\/\/rapunzelcoils.se\/sw\/produkt\/harmony-highporosity-curl-gel\/","og_locale":"sv_SE","og_type":"article","og_title":"Harmony - Curl Defining Gel (High porosity) - Rapunzel Coils","og_description":"Silicone free curl defining gel for high porosity curls. Defines, reduces frizz, and creates long-lasting definition. Vegan, CGM approved, made in Sweden.","og_url":"https:\/\/rapunzelcoils.se\/sw\/produkt\/harmony-highporosity-curl-gel\/","og_site_name":"Rapunzel Coils","article_modified_time":"2025-12-18T15:01:31+00:00","og_image":[{"width":1512,"height":1512,"url":"https:\/\/rapunzelcoils.se\/wp-content\/uploads\/2023\/03\/IMG_8033.png","type":"image\/png"}],"twitter_card":"summary_large_image","twitter_misc":{"Ber\u00e4knad l\u00e4stid":"1 minut"},"schema":{"@context":"https:\/\/schema.org","@graph":[{"@type":"WebPage","@id":"https:\/\/rapunzelcoils.se\/product\/harmony-highporosity-curl-gel\/","url":"https:\/\/rapunzelcoils.se\/product\/harmony-highporosity-curl-gel\/","name":"Harmony - Curl Defining Gel (High porosity) - Rapunzel Coils","isPartOf":{"@id":"https:\/\/rapunzelcoils.se\/#website"},"datePublished":"2023-03-03T17:23:09+00:00","dateModified":"2025-12-18T15:01:31+00:00","description":"Silicone free curl defining gel for high porosity curls. Defines, reduces frizz, and creates long-lasting definition. Vegan, CGM approved, made in Sweden.","breadcrumb":{"@id":"https:\/\/rapunzelcoils.se\/product\/harmony-highporosity-curl-gel\/#breadcrumb"},"inLanguage":"sv-SE","potentialAction":[{"@type":"ReadAction","target":["https:\/\/rapunzelcoils.se\/product\/harmony-highporosity-curl-gel\/"]}]},{"@type":"BreadcrumbList","@id":"https:\/\/rapunzelcoils.se\/product\/harmony-highporosity-curl-gel\/#breadcrumb","itemListElement":[{"@type":"ListItem","position":1,"name":"Home","item":"https:\/\/rapunzelcoils.se\/"},{"@type":"ListItem","position":2,"name":"Shop","item":"https:\/\/rapunzelcoils.se\/en\/?page_id=8"},{"@type":"ListItem","position":3,"name":"Harmony &#8211; Curl Defining Gel (High porosity)"}]},{"@type":"WebSite","@id":"https:\/\/rapunzelcoils.se\/#website","url":"https:\/\/rapunzelcoils.se\/","name":"Rapunzel-spolar","description":"Produkter f\u00f6r att ge fukt, ta bort friss och definiera lockar","publisher":{"@id":"https:\/\/rapunzelcoils.se\/#organization"},"potentialAction":[{"@type":"SearchAction","target":{"@type":"EntryPoint","urlTemplate":"https:\/\/rapunzelcoils.se\/?s={search_term_string}"},"query-input":"required name=search_term_string"}],"inLanguage":"sv-SE"},{"@type":"Organization","@id":"https:\/\/rapunzelcoils.se\/#organization","name":"Rapunzel-spolar","url":"https:\/\/rapunzelcoils.se\/","logo":{"@type":"ImageObject","inLanguage":"sv-SE","@id":"https:\/\/rapunzelcoils.se\/#\/schema\/logo\/image\/","url":"https:\/\/rapunzelcoils.se\/wp-content\/uploads\/2022\/01\/Black-Transparent-Logo-scaled.png","contentUrl":"https:\/\/rapunzelcoils.se\/wp-content\/uploads\/2022\/01\/Black-Transparent-Logo-scaled.png","width":2560,"height":869,"caption":"Rapunzel Coils"},"image":{"@id":"https:\/\/rapunzelcoils.se\/#\/schema\/logo\/image\/"}}]}},"_links":{"self":[{"href":"https:\/\/rapunzelcoils.se\/sw\/wp-json\/wp\/v2\/product\/6885","targetHints":{"allow":["GET"]}}],"collection":[{"href":"https:\/\/rapunzelcoils.se\/sw\/wp-json\/wp\/v2\/product"}],"about":[{"href":"https:\/\/rapunzelcoils.se\/sw\/wp-json\/wp\/v2\/types\/product"}],"replies":[{"embeddable":true,"href":"https:\/\/rapunzelcoils.se\/sw\/wp-json\/wp\/v2\/comments?post=6885"}],"version-history":[{"count":5,"href":"https:\/\/rapunzelcoils.se\/sw\/wp-json\/wp\/v2\/product\/6885\/revisions"}],"predecessor-version":[{"id":9872,"href":"https:\/\/rapunzelcoils.se\/sw\/wp-json\/wp\/v2\/product\/6885\/revisions\/9872"}],"wp:featuredmedia":[{"embeddable":true,"href":"https:\/\/rapunzelcoils.se\/sw\/wp-json\/wp\/v2\/media\/9901"}],"wp:attachment":[{"href":"https:\/\/rapunzelcoils.se\/sw\/wp-json\/wp\/v2\/media?parent=6885"}],"wp:term":[{"taxonomy":"product_brand","embeddable":true,"href":"https:\/\/rapunzelcoils.se\/sw\/wp-json\/wp\/v2\/product_brand?post=6885"},{"taxonomy":"product_cat","embeddable":true,"href":"https:\/\/rapunzelcoils.se\/sw\/wp-json\/wp\/v2\/product_cat?post=6885"},{"taxonomy":"product_tag","embeddable":true,"href":"https:\/\/rapunzelcoils.se\/sw\/wp-json\/wp\/v2\/product_tag?post=6885"}],"curies":[{"name":"wp","href":"https:\/\/api.w.org\/{rel}","templated":true}]}}