{"id":6882,"date":"2023-03-03T20:21:59","date_gmt":"2023-03-03T17:21:59","guid":{"rendered":"https:\/\/www.rapunzelcoils.se\/?post_type=product&#038;p=6882"},"modified":"2026-01-13T05:11:56","modified_gmt":"2026-01-13T02:11:56","slug":"oasis-curl-protein-mask","status":"publish","type":"product","link":"https:\/\/rapunzelcoils.se\/sw\/produkt\/oasis-curl-protein-mask\/","title":{"rendered":"Oasis \u2013 Proteinmask f\u00f6r lockar"},"content":{"rendered":"<p><!--more--><\/p>","protected":false},"excerpt":{"rendered":"<p>En vegansk, silikonfri ayurvedisk proteinmask som st\u00e4rker, \u00e5teruppbygger och mjukg\u00f6r texturerat h\u00e5r. Oasis \u00e5terst\u00e4ller elasticiteten, minskar brott och f\u00f6rb\u00e4ttrar lockarnas sp\u00e4nst samtidigt som den erbjuder otrolig glid f\u00f6r enkel utredning. Perfekt f\u00f6r v\u00e5gigt, lockigt, krullande och afrotexturerat h\u00e5r. Tillverkad i Sverige.<\/p>","protected":false},"featured_media":9905,"comment_status":"open","ping_status":"closed","template":"","meta":{"inline_featured_image":false},"product_brand":[],"product_cat":[99,132,109,108,107,111,117,133],"product_tag":[],"class_list":{"0":"post-6882","1":"product","2":"type-product","3":"status-publish","4":"has-post-thumbnail","6":"product_cat-breaking-thinning-hair-weak-hair","7":"product_cat-color-treated-curls","8":"product_cat-healthy-curls","9":"product_cat-length-retention","10":"product_cat-moisture","11":"product_cat-sealant","12":"product_cat-wash-hour","13":"product_cat-weak-hair","15":"first","16":"instock","17":"shipping-taxable","18":"purchasable","19":"product-type-variable"},"acf":[],"yoast_head":"<!-- This site is optimized with the Yoast SEO plugin v21.9.1 - https:\/\/yoast.com\/wordpress\/plugins\/seo\/ -->\n<title>Oasis - Curl Protein Masque - Rapunzel Coils<\/title>\n<meta name=\"description\" content=\"Vegan, silicone-free curl protein mask made for curly,wavy and afro-textured hair in Sweden. improves elasticity, reduces breakage and restores softness.\" \/>\n<meta name=\"robots\" content=\"index, follow, max-snippet:-1, max-image-preview:large, max-video-preview:-1\" \/>\n<link rel=\"canonical\" href=\"https:\/\/rapunzelcoils.se\/sw\/produkt\/oasis-curl-protein-mask\/\" \/>\n<meta property=\"og:locale\" content=\"sv_SE\" \/>\n<meta property=\"og:type\" content=\"article\" \/>\n<meta property=\"og:title\" content=\"Oasis - Curl Protein Masque - Rapunzel Coils\" \/>\n<meta property=\"og:description\" content=\"Vegan, silicone-free curl protein mask made for curly,wavy and afro-textured hair in Sweden. improves elasticity, reduces breakage and restores softness.\" \/>\n<meta property=\"og:url\" content=\"https:\/\/rapunzelcoils.se\/sw\/produkt\/oasis-curl-protein-mask\/\" \/>\n<meta property=\"og:site_name\" content=\"Rapunzel Coils\" \/>\n<meta property=\"article:modified_time\" content=\"2026-01-13T02:11:56+00:00\" \/>\n<meta property=\"og:image\" content=\"https:\/\/rapunzelcoils.se\/wp-content\/uploads\/2023\/03\/IMG_8038.png\" \/>\n\t<meta property=\"og:image:width\" content=\"1512\" \/>\n\t<meta property=\"og:image:height\" content=\"1512\" \/>\n\t<meta property=\"og:image:type\" content=\"image\/png\" \/>\n<meta name=\"twitter:card\" content=\"summary_large_image\" \/>\n<meta name=\"twitter:label1\" content=\"Ber\u00e4knad l\u00e4stid\" \/>\n\t<meta name=\"twitter:data1\" content=\"1 minut\" \/>\n<script type=\"application\/ld+json\" class=\"yoast-schema-graph\">{\"@context\":\"https:\/\/schema.org\",\"@graph\":[{\"@type\":\"WebPage\",\"@id\":\"https:\/\/rapunzelcoils.se\/product\/oasis-curl-protein-mask\/\",\"url\":\"https:\/\/rapunzelcoils.se\/product\/oasis-curl-protein-mask\/\",\"name\":\"Oasis - Curl Protein Masque - Rapunzel Coils\",\"isPartOf\":{\"@id\":\"https:\/\/rapunzelcoils.se\/#website\"},\"datePublished\":\"2023-03-03T17:21:59+00:00\",\"dateModified\":\"2026-01-13T02:11:56+00:00\",\"description\":\"Vegan, silicone-free curl protein mask made for curly,wavy and afro-textured hair in Sweden. improves elasticity, reduces breakage and restores softness.\",\"breadcrumb\":{\"@id\":\"https:\/\/rapunzelcoils.se\/product\/oasis-curl-protein-mask\/#breadcrumb\"},\"inLanguage\":\"sv-SE\",\"potentialAction\":[{\"@type\":\"ReadAction\",\"target\":[\"https:\/\/rapunzelcoils.se\/product\/oasis-curl-protein-mask\/\"]}]},{\"@type\":\"BreadcrumbList\",\"@id\":\"https:\/\/rapunzelcoils.se\/product\/oasis-curl-protein-mask\/#breadcrumb\",\"itemListElement\":[{\"@type\":\"ListItem\",\"position\":1,\"name\":\"Home\",\"item\":\"https:\/\/rapunzelcoils.se\/\"},{\"@type\":\"ListItem\",\"position\":2,\"name\":\"Shop\",\"item\":\"https:\/\/rapunzelcoils.se\/en\/?page_id=8\"},{\"@type\":\"ListItem\",\"position\":3,\"name\":\"Oasis &#8211; Curl Protein Masque\"}]},{\"@type\":\"WebSite\",\"@id\":\"https:\/\/rapunzelcoils.se\/#website\",\"url\":\"https:\/\/rapunzelcoils.se\/\",\"name\":\"Rapunzel Coils\",\"description\":\"Products to give moisture, remove frizz and define curls\",\"publisher\":{\"@id\":\"https:\/\/rapunzelcoils.se\/#organization\"},\"potentialAction\":[{\"@type\":\"SearchAction\",\"target\":{\"@type\":\"EntryPoint\",\"urlTemplate\":\"https:\/\/rapunzelcoils.se\/?s={search_term_string}\"},\"query-input\":\"required name=search_term_string\"}],\"inLanguage\":\"sv-SE\"},{\"@type\":\"Organization\",\"@id\":\"https:\/\/rapunzelcoils.se\/#organization\",\"name\":\"Rapunzel Coils\",\"url\":\"https:\/\/rapunzelcoils.se\/\",\"logo\":{\"@type\":\"ImageObject\",\"inLanguage\":\"sv-SE\",\"@id\":\"https:\/\/rapunzelcoils.se\/#\/schema\/logo\/image\/\",\"url\":\"https:\/\/rapunzelcoils.se\/wp-content\/uploads\/2022\/01\/Black-Transparent-Logo-scaled.png\",\"contentUrl\":\"https:\/\/rapunzelcoils.se\/wp-content\/uploads\/2022\/01\/Black-Transparent-Logo-scaled.png\",\"width\":2560,\"height\":869,\"caption\":\"Rapunzel Coils\"},\"image\":{\"@id\":\"https:\/\/rapunzelcoils.se\/#\/schema\/logo\/image\/\"}}]}<\/script>\n<!-- \/ Yoast SEO plugin. -->","yoast_head_json":{"title":"Oasis - Curl Protein Masque - Rapunzel Coils","description":"Vegan, silicone-free curl protein mask made for curly,wavy and afro-textured hair in Sweden. improves elasticity, reduces breakage and restores softness.","robots":{"index":"index","follow":"follow","max-snippet":"max-snippet:-1","max-image-preview":"max-image-preview:large","max-video-preview":"max-video-preview:-1"},"canonical":"https:\/\/rapunzelcoils.se\/sw\/produkt\/oasis-curl-protein-mask\/","og_locale":"sv_SE","og_type":"article","og_title":"Oasis - Curl Protein Masque - Rapunzel Coils","og_description":"Vegan, silicone-free curl protein mask made for curly,wavy and afro-textured hair in Sweden. improves elasticity, reduces breakage and restores softness.","og_url":"https:\/\/rapunzelcoils.se\/sw\/produkt\/oasis-curl-protein-mask\/","og_site_name":"Rapunzel Coils","article_modified_time":"2026-01-13T02:11:56+00:00","og_image":[{"width":1512,"height":1512,"url":"https:\/\/rapunzelcoils.se\/wp-content\/uploads\/2023\/03\/IMG_8038.png","type":"image\/png"}],"twitter_card":"summary_large_image","twitter_misc":{"Ber\u00e4knad l\u00e4stid":"1 minut"},"schema":{"@context":"https:\/\/schema.org","@graph":[{"@type":"WebPage","@id":"https:\/\/rapunzelcoils.se\/product\/oasis-curl-protein-mask\/","url":"https:\/\/rapunzelcoils.se\/product\/oasis-curl-protein-mask\/","name":"Oasis - Curl Protein Masque - Rapunzel Coils","isPartOf":{"@id":"https:\/\/rapunzelcoils.se\/#website"},"datePublished":"2023-03-03T17:21:59+00:00","dateModified":"2026-01-13T02:11:56+00:00","description":"Vegan, silicone-free curl protein mask made for curly,wavy and afro-textured hair in Sweden. improves elasticity, reduces breakage and restores softness.","breadcrumb":{"@id":"https:\/\/rapunzelcoils.se\/product\/oasis-curl-protein-mask\/#breadcrumb"},"inLanguage":"sv-SE","potentialAction":[{"@type":"ReadAction","target":["https:\/\/rapunzelcoils.se\/product\/oasis-curl-protein-mask\/"]}]},{"@type":"BreadcrumbList","@id":"https:\/\/rapunzelcoils.se\/product\/oasis-curl-protein-mask\/#breadcrumb","itemListElement":[{"@type":"ListItem","position":1,"name":"Home","item":"https:\/\/rapunzelcoils.se\/"},{"@type":"ListItem","position":2,"name":"Shop","item":"https:\/\/rapunzelcoils.se\/en\/?page_id=8"},{"@type":"ListItem","position":3,"name":"Oasis &#8211; Curl Protein Masque"}]},{"@type":"WebSite","@id":"https:\/\/rapunzelcoils.se\/#website","url":"https:\/\/rapunzelcoils.se\/","name":"Rapunzel-spolar","description":"Produkter f\u00f6r att ge fukt, ta bort friss och definiera lockar","publisher":{"@id":"https:\/\/rapunzelcoils.se\/#organization"},"potentialAction":[{"@type":"SearchAction","target":{"@type":"EntryPoint","urlTemplate":"https:\/\/rapunzelcoils.se\/?s={search_term_string}"},"query-input":"required name=search_term_string"}],"inLanguage":"sv-SE"},{"@type":"Organization","@id":"https:\/\/rapunzelcoils.se\/#organization","name":"Rapunzel-spolar","url":"https:\/\/rapunzelcoils.se\/","logo":{"@type":"ImageObject","inLanguage":"sv-SE","@id":"https:\/\/rapunzelcoils.se\/#\/schema\/logo\/image\/","url":"https:\/\/rapunzelcoils.se\/wp-content\/uploads\/2022\/01\/Black-Transparent-Logo-scaled.png","contentUrl":"https:\/\/rapunzelcoils.se\/wp-content\/uploads\/2022\/01\/Black-Transparent-Logo-scaled.png","width":2560,"height":869,"caption":"Rapunzel Coils"},"image":{"@id":"https:\/\/rapunzelcoils.se\/#\/schema\/logo\/image\/"}}]}},"_links":{"self":[{"href":"https:\/\/rapunzelcoils.se\/sw\/wp-json\/wp\/v2\/product\/6882","targetHints":{"allow":["GET"]}}],"collection":[{"href":"https:\/\/rapunzelcoils.se\/sw\/wp-json\/wp\/v2\/product"}],"about":[{"href":"https:\/\/rapunzelcoils.se\/sw\/wp-json\/wp\/v2\/types\/product"}],"replies":[{"embeddable":true,"href":"https:\/\/rapunzelcoils.se\/sw\/wp-json\/wp\/v2\/comments?post=6882"}],"version-history":[{"count":2,"href":"https:\/\/rapunzelcoils.se\/sw\/wp-json\/wp\/v2\/product\/6882\/revisions"}],"predecessor-version":[{"id":9751,"href":"https:\/\/rapunzelcoils.se\/sw\/wp-json\/wp\/v2\/product\/6882\/revisions\/9751"}],"wp:featuredmedia":[{"embeddable":true,"href":"https:\/\/rapunzelcoils.se\/sw\/wp-json\/wp\/v2\/media\/9905"}],"wp:attachment":[{"href":"https:\/\/rapunzelcoils.se\/sw\/wp-json\/wp\/v2\/media?parent=6882"}],"wp:term":[{"taxonomy":"product_brand","embeddable":true,"href":"https:\/\/rapunzelcoils.se\/sw\/wp-json\/wp\/v2\/product_brand?post=6882"},{"taxonomy":"product_cat","embeddable":true,"href":"https:\/\/rapunzelcoils.se\/sw\/wp-json\/wp\/v2\/product_cat?post=6882"},{"taxonomy":"product_tag","embeddable":true,"href":"https:\/\/rapunzelcoils.se\/sw\/wp-json\/wp\/v2\/product_tag?post=6882"}],"curies":[{"name":"wp","href":"https:\/\/api.w.org\/{rel}","templated":true}]}}