{"id":6610,"date":"2022-05-29T13:18:55","date_gmt":"2022-05-29T10:18:55","guid":{"rendered":"https:\/\/www.rapunzelcoils.se\/?post_type=product&#038;p=6610"},"modified":"2026-03-09T12:39:11","modified_gmt":"2026-03-09T09:39:11","slug":"regn-curl-detox","status":"publish","type":"product","link":"https:\/\/rapunzelcoils.se\/sw\/produkt\/regn-curl-detox\/","title":{"rendered":"Regn \u2013 Curl Detox Schampo"},"content":{"rendered":"","protected":false},"excerpt":{"rendered":"<p><!--StartFragment --><\/p>\n<p><span class=\"cf0\">En vegan, <\/span><span class=\"cf0\">sulfat<\/span><span class=\"cf0\">-fritt, silikonfritt botaniskt lockdetox-kit som varsamt reng\u00f6r och st\u00e4rker lockigt och texturerat h\u00e5r.<\/span><\/p>\n<p><span class=\"cf0\">Tr\u00f6tt p\u00e5 lockar som k\u00e4nns torra, frissiga, nedtyngda och ok\u00e4nsliga f\u00f6r produkter? Denna ayurvediska detox \u00e5terst\u00e4ller balansen i dem redan fr\u00e5n f\u00f6rsta tv\u00e4tten. F\u00f6lj upp med v\u00e5ra stylingpaket f\u00f6r djupare \u00e5terfuktning och l\u00e5ngvarig definition.<\/span><\/p>\n<p><span class=\"cf1\">Curly Girl Method godk\u00e4nd och tillverkad i Sverige.<\/span><\/p>\n<p><span class=\"cf1\">Perfekt f\u00f6r alla v\u00e5giga, lockiga, <\/span><span class=\"cf1\">krullande<\/span><span class=\"cf1\">och afrotexturerat h\u00e5r.<\/span><\/p>\n<p>\u00c4r dina lockar f\u00e4rgade? Anv\u00e4nd detta detox-schampo ist\u00e4llet<a href=\"https:\/\/rapunzelcoils.se\/sw\/produkt\/regn-peptide-infused\/\">Regn Amino-f\u00f6rst\u00e4rkt<\/a><\/p>\n<p>&nbsp;<\/p>","protected":false},"featured_media":9909,"comment_status":"open","ping_status":"closed","template":"","meta":{"inline_featured_image":false},"product_brand":[],"product_cat":[122,120,121,109],"product_tag":[],"class_list":{"0":"post-6610","1":"product","2":"type-product","3":"status-publish","4":"has-post-thumbnail","6":"product_cat-clarify","7":"product_cat-curl-detox","8":"product_cat-hair-detox","9":"product_cat-healthy-curls","11":"first","12":"instock","13":"shipping-taxable","14":"purchasable","15":"product-type-variable"},"acf":[],"yoast_head":"<!-- This site is optimized with the Yoast SEO plugin v21.9.1 - https:\/\/yoast.com\/wordpress\/plugins\/seo\/ -->\n<title>Regn - Curl Detox Shampoo - Rapunzel Coils<\/title>\n<meta name=\"description\" content=\"Botanical, sulfate-free, silicone-free, clarifying shampoo for curly hair. Regn Will refreshthe scalp and restore balance.\" \/>\n<meta name=\"robots\" content=\"index, follow, max-snippet:-1, max-image-preview:large, max-video-preview:-1\" \/>\n<link rel=\"canonical\" href=\"https:\/\/rapunzelcoils.se\/sw\/produkt\/regn-curl-detox\/\" \/>\n<meta property=\"og:locale\" content=\"sv_SE\" \/>\n<meta property=\"og:type\" content=\"article\" \/>\n<meta property=\"og:title\" content=\"Regn - Curl Detox Shampoo - Rapunzel Coils\" \/>\n<meta property=\"og:description\" content=\"Botanical, sulfate-free, silicone-free, clarifying shampoo for curly hair. Regn Will refreshthe scalp and restore balance.\" \/>\n<meta property=\"og:url\" content=\"https:\/\/rapunzelcoils.se\/sw\/produkt\/regn-curl-detox\/\" \/>\n<meta property=\"og:site_name\" content=\"Rapunzel Coils\" \/>\n<meta property=\"article:modified_time\" content=\"2026-03-09T09:39:11+00:00\" \/>\n<meta property=\"og:image\" content=\"https:\/\/rapunzelcoils.se\/wp-content\/uploads\/2022\/05\/IMG_8041.png\" \/>\n\t<meta property=\"og:image:width\" content=\"1512\" \/>\n\t<meta property=\"og:image:height\" content=\"1512\" \/>\n\t<meta property=\"og:image:type\" content=\"image\/png\" \/>\n<meta name=\"twitter:card\" content=\"summary_large_image\" \/>\n<meta name=\"twitter:label1\" content=\"Ber\u00e4knad l\u00e4stid\" \/>\n\t<meta name=\"twitter:data1\" content=\"1 minut\" \/>\n<script type=\"application\/ld+json\" class=\"yoast-schema-graph\">{\"@context\":\"https:\/\/schema.org\",\"@graph\":[{\"@type\":\"WebPage\",\"@id\":\"https:\/\/rapunzelcoils.se\/product\/regn-curl-detox\/\",\"url\":\"https:\/\/rapunzelcoils.se\/product\/regn-curl-detox\/\",\"name\":\"Regn - Curl Detox Shampoo - Rapunzel Coils\",\"isPartOf\":{\"@id\":\"https:\/\/rapunzelcoils.se\/#website\"},\"datePublished\":\"2022-05-29T10:18:55+00:00\",\"dateModified\":\"2026-03-09T09:39:11+00:00\",\"description\":\"Botanical, sulfate-free, silicone-free, clarifying shampoo for curly hair. Regn Will refreshthe scalp and restore balance.\",\"breadcrumb\":{\"@id\":\"https:\/\/rapunzelcoils.se\/product\/regn-curl-detox\/#breadcrumb\"},\"inLanguage\":\"sv-SE\",\"potentialAction\":[{\"@type\":\"ReadAction\",\"target\":[\"https:\/\/rapunzelcoils.se\/product\/regn-curl-detox\/\"]}]},{\"@type\":\"BreadcrumbList\",\"@id\":\"https:\/\/rapunzelcoils.se\/product\/regn-curl-detox\/#breadcrumb\",\"itemListElement\":[{\"@type\":\"ListItem\",\"position\":1,\"name\":\"Home\",\"item\":\"https:\/\/rapunzelcoils.se\/\"},{\"@type\":\"ListItem\",\"position\":2,\"name\":\"Shop\",\"item\":\"https:\/\/rapunzelcoils.se\/en\/?page_id=8\"},{\"@type\":\"ListItem\",\"position\":3,\"name\":\"Regn &#8211; Curl Detox Shampoo\"}]},{\"@type\":\"WebSite\",\"@id\":\"https:\/\/rapunzelcoils.se\/#website\",\"url\":\"https:\/\/rapunzelcoils.se\/\",\"name\":\"Rapunzel Coils\",\"description\":\"Products to give moisture, remove frizz and define curls\",\"publisher\":{\"@id\":\"https:\/\/rapunzelcoils.se\/#organization\"},\"potentialAction\":[{\"@type\":\"SearchAction\",\"target\":{\"@type\":\"EntryPoint\",\"urlTemplate\":\"https:\/\/rapunzelcoils.se\/?s={search_term_string}\"},\"query-input\":\"required name=search_term_string\"}],\"inLanguage\":\"sv-SE\"},{\"@type\":\"Organization\",\"@id\":\"https:\/\/rapunzelcoils.se\/#organization\",\"name\":\"Rapunzel Coils\",\"url\":\"https:\/\/rapunzelcoils.se\/\",\"logo\":{\"@type\":\"ImageObject\",\"inLanguage\":\"sv-SE\",\"@id\":\"https:\/\/rapunzelcoils.se\/#\/schema\/logo\/image\/\",\"url\":\"https:\/\/rapunzelcoils.se\/wp-content\/uploads\/2022\/01\/Black-Transparent-Logo-scaled.png\",\"contentUrl\":\"https:\/\/rapunzelcoils.se\/wp-content\/uploads\/2022\/01\/Black-Transparent-Logo-scaled.png\",\"width\":2560,\"height\":869,\"caption\":\"Rapunzel Coils\"},\"image\":{\"@id\":\"https:\/\/rapunzelcoils.se\/#\/schema\/logo\/image\/\"}}]}<\/script>\n<!-- \/ Yoast SEO plugin. -->","yoast_head_json":{"title":"Regn - Curl Detox Shampoo - Rapunzel Coils","description":"Botanical, sulfate-free, silicone-free, clarifying shampoo for curly hair. Regn Will refreshthe scalp and restore balance.","robots":{"index":"index","follow":"follow","max-snippet":"max-snippet:-1","max-image-preview":"max-image-preview:large","max-video-preview":"max-video-preview:-1"},"canonical":"https:\/\/rapunzelcoils.se\/sw\/produkt\/regn-curl-detox\/","og_locale":"sv_SE","og_type":"article","og_title":"Regn - Curl Detox Shampoo - Rapunzel Coils","og_description":"Botanical, sulfate-free, silicone-free, clarifying shampoo for curly hair. Regn Will refreshthe scalp and restore balance.","og_url":"https:\/\/rapunzelcoils.se\/sw\/produkt\/regn-curl-detox\/","og_site_name":"Rapunzel Coils","article_modified_time":"2026-03-09T09:39:11+00:00","og_image":[{"width":1512,"height":1512,"url":"https:\/\/rapunzelcoils.se\/wp-content\/uploads\/2022\/05\/IMG_8041.png","type":"image\/png"}],"twitter_card":"summary_large_image","twitter_misc":{"Ber\u00e4knad l\u00e4stid":"1 minut"},"schema":{"@context":"https:\/\/schema.org","@graph":[{"@type":"WebPage","@id":"https:\/\/rapunzelcoils.se\/product\/regn-curl-detox\/","url":"https:\/\/rapunzelcoils.se\/product\/regn-curl-detox\/","name":"Regn - Curl Detox Shampoo - Rapunzel Coils","isPartOf":{"@id":"https:\/\/rapunzelcoils.se\/#website"},"datePublished":"2022-05-29T10:18:55+00:00","dateModified":"2026-03-09T09:39:11+00:00","description":"Botanical, sulfate-free, silicone-free, clarifying shampoo for curly hair. Regn Will refreshthe scalp and restore balance.","breadcrumb":{"@id":"https:\/\/rapunzelcoils.se\/product\/regn-curl-detox\/#breadcrumb"},"inLanguage":"sv-SE","potentialAction":[{"@type":"ReadAction","target":["https:\/\/rapunzelcoils.se\/product\/regn-curl-detox\/"]}]},{"@type":"BreadcrumbList","@id":"https:\/\/rapunzelcoils.se\/product\/regn-curl-detox\/#breadcrumb","itemListElement":[{"@type":"ListItem","position":1,"name":"Home","item":"https:\/\/rapunzelcoils.se\/"},{"@type":"ListItem","position":2,"name":"Shop","item":"https:\/\/rapunzelcoils.se\/en\/?page_id=8"},{"@type":"ListItem","position":3,"name":"Regn &#8211; Curl Detox Shampoo"}]},{"@type":"WebSite","@id":"https:\/\/rapunzelcoils.se\/#website","url":"https:\/\/rapunzelcoils.se\/","name":"Rapunzel-spolar","description":"Produkter f\u00f6r att ge fukt, ta bort friss och definiera lockar","publisher":{"@id":"https:\/\/rapunzelcoils.se\/#organization"},"potentialAction":[{"@type":"SearchAction","target":{"@type":"EntryPoint","urlTemplate":"https:\/\/rapunzelcoils.se\/?s={search_term_string}"},"query-input":"required name=search_term_string"}],"inLanguage":"sv-SE"},{"@type":"Organization","@id":"https:\/\/rapunzelcoils.se\/#organization","name":"Rapunzel-spolar","url":"https:\/\/rapunzelcoils.se\/","logo":{"@type":"ImageObject","inLanguage":"sv-SE","@id":"https:\/\/rapunzelcoils.se\/#\/schema\/logo\/image\/","url":"https:\/\/rapunzelcoils.se\/wp-content\/uploads\/2022\/01\/Black-Transparent-Logo-scaled.png","contentUrl":"https:\/\/rapunzelcoils.se\/wp-content\/uploads\/2022\/01\/Black-Transparent-Logo-scaled.png","width":2560,"height":869,"caption":"Rapunzel Coils"},"image":{"@id":"https:\/\/rapunzelcoils.se\/#\/schema\/logo\/image\/"}}]}},"_links":{"self":[{"href":"https:\/\/rapunzelcoils.se\/sw\/wp-json\/wp\/v2\/product\/6610","targetHints":{"allow":["GET"]}}],"collection":[{"href":"https:\/\/rapunzelcoils.se\/sw\/wp-json\/wp\/v2\/product"}],"about":[{"href":"https:\/\/rapunzelcoils.se\/sw\/wp-json\/wp\/v2\/types\/product"}],"replies":[{"embeddable":true,"href":"https:\/\/rapunzelcoils.se\/sw\/wp-json\/wp\/v2\/comments?post=6610"}],"version-history":[{"count":2,"href":"https:\/\/rapunzelcoils.se\/sw\/wp-json\/wp\/v2\/product\/6610\/revisions"}],"predecessor-version":[{"id":9833,"href":"https:\/\/rapunzelcoils.se\/sw\/wp-json\/wp\/v2\/product\/6610\/revisions\/9833"}],"wp:featuredmedia":[{"embeddable":true,"href":"https:\/\/rapunzelcoils.se\/sw\/wp-json\/wp\/v2\/media\/9909"}],"wp:attachment":[{"href":"https:\/\/rapunzelcoils.se\/sw\/wp-json\/wp\/v2\/media?parent=6610"}],"wp:term":[{"taxonomy":"product_brand","embeddable":true,"href":"https:\/\/rapunzelcoils.se\/sw\/wp-json\/wp\/v2\/product_brand?post=6610"},{"taxonomy":"product_cat","embeddable":true,"href":"https:\/\/rapunzelcoils.se\/sw\/wp-json\/wp\/v2\/product_cat?post=6610"},{"taxonomy":"product_tag","embeddable":true,"href":"https:\/\/rapunzelcoils.se\/sw\/wp-json\/wp\/v2\/product_tag?post=6610"}],"curies":[{"name":"wp","href":"https:\/\/api.w.org\/{rel}","templated":true}]}}