{"id":6253,"date":"2022-02-05T06:56:19","date_gmt":"2022-02-05T03:56:19","guid":{"rendered":"http:\/\/nicherenterprise.co.ke\/rapunzel\/?post_type=product&#038;p=6253"},"modified":"2025-12-11T18:22:38","modified_gmt":"2025-12-11T15:22:38","slug":"flourish-hair-oil-elixir","status":"publish","type":"product","link":"https:\/\/rapunzelcoils.se\/sw\/produkt\/flourish-hair-oil-elixir\/","title":{"rendered":"Flourish \u2013 H\u00e5roljeelixir"},"content":{"rendered":"","protected":false},"excerpt":{"rendered":"<p>Blomstra \u2013 att utvecklas och frodas p\u00e5 ett h\u00e4lsosamt s\u00e4tt.<\/p>\n<p>Flourish \u00e4r tillverkad med milda ayurvediska \u00f6rtextrakt som ger n\u00e4ring \u00e5t din h\u00e5rbotten och ditt h\u00e5rstr\u00e5, g\u00f6r det mer l\u00e4tthanterligt och st\u00e4rker ditt h\u00e5rstr\u00e5. Flourish \u00e4r en m\u00e5ngsidig ayurvedisk olja som kan anv\u00e4ndas i b\u00e5de h\u00e5rbotten och h\u00e5ret f\u00f6r antingen SOTC, LCO, LOC eller f\u00f6r att minska frissighet. Flourish fungerar p\u00e5 alla h\u00e5rtyper, \u00e4r 100% ayurvedisk, ekologisk och vegansk vilket g\u00f6r den s\u00e4ker att anv\u00e4nda p\u00e5 b\u00e5de vuxna och barn.<\/p>\n<p>Doftar som \u2013 citrusfrukter p\u00e5 sommaren<\/p>\n<p>Specifikationer 50 ml<\/p>\n<p>Denna produkt \u00e4r l\u00e4mplig f\u00f6r tjejer med lockigt h\u00e5r och inneh\u00e5ller inga artificiella doft\u00e4mnen, parabener, sulfater eller f\u00e4rg\u00e4mnen.<\/p>\n<p>F\u00f6rvara svalt och torrt<\/p>\n<p>&nbsp;<\/p>\n<p>[su_youtube url=\u201dhttps:\/\/www.youtube.com\/watch?v=HTjOgKnXeUY\u201d bredd=\u201d400\u2033 h\u00f6jd=\u201d300\u2033]<\/p>","protected":false},"featured_media":9836,"comment_status":"open","ping_status":"closed","template":"","meta":{"inline_featured_image":false},"product_brand":[],"product_cat":[103,114,113,111,112],"product_tag":[],"class_list":{"0":"post-6253","1":"product","2":"type-product","3":"status-publish","4":"has-post-thumbnail","6":"product_cat-healthy-scalp","7":"product_cat-lco","8":"product_cat-loc","9":"product_cat-sealant","10":"product_cat-sotc","12":"first","13":"outofstock","14":"shipping-taxable","15":"purchasable","16":"product-type-simple"},"acf":[],"yoast_head":"<!-- This site is optimized with the Yoast SEO plugin v21.9.1 - https:\/\/yoast.com\/wordpress\/plugins\/seo\/ -->\n<title>Flourish - Hair Oil Elixir - Rapunzel Coils<\/title>\n<meta name=\"robots\" content=\"index, follow, max-snippet:-1, max-image-preview:large, max-video-preview:-1\" \/>\n<link rel=\"canonical\" href=\"https:\/\/rapunzelcoils.se\/sw\/produkt\/flourish-hair-oil-elixir\/\" \/>\n<meta property=\"og:locale\" content=\"sv_SE\" \/>\n<meta property=\"og:type\" content=\"article\" \/>\n<meta property=\"og:title\" content=\"Flourish - Hair Oil Elixir - Rapunzel Coils\" \/>\n<meta property=\"og:description\" content=\"Flourish \u2013 to develop &amp; thrive in a healthy way .  Flourish is made with mild ayurvedic herbal extracts that nourish your scalp &amp; hair strands, make your strands more manageable &amp; strenghtens your hair shaft. Flourish is a multi purpose ayurvedic oil that can be used on both the scalp and the hair for either SOTC, LCO,LOC or to diminish frizz. Flourish works on all hair types, is 100% ayurvedic, organic and vegan making it safe to use on both adults and kids.  Smells like \u2013\u00a0 citrus fruits in the summer  Specs 50 ml  This product is curly girl friendly &amp; does not contain any artificial fragrances, parabens, sulfates and colourants .  Keep in a cool &amp; dry place  &nbsp;  [su_youtube url=&quot;https:\/\/www.youtube.com\/watch?v=HTjOgKnXeUY&quot; width=&quot;400&quot; height=&quot;300&quot;]\" \/>\n<meta property=\"og:url\" content=\"https:\/\/rapunzelcoils.se\/sw\/produkt\/flourish-hair-oil-elixir\/\" \/>\n<meta property=\"og:site_name\" content=\"Rapunzel Coils\" \/>\n<meta property=\"article:modified_time\" content=\"2025-12-11T15:22:38+00:00\" \/>\n<meta property=\"og:image\" content=\"https:\/\/rapunzelcoils.se\/wp-content\/uploads\/2022\/02\/Photoroom_20251211_135058.jpeg\" \/>\n\t<meta property=\"og:image:width\" content=\"1512\" \/>\n\t<meta property=\"og:image:height\" content=\"1512\" \/>\n\t<meta property=\"og:image:type\" content=\"image\/jpeg\" \/>\n<meta name=\"twitter:card\" content=\"summary_large_image\" \/>\n<meta name=\"twitter:label1\" content=\"Ber\u00e4knad l\u00e4stid\" \/>\n\t<meta name=\"twitter:data1\" content=\"1 minut\" \/>\n<script type=\"application\/ld+json\" class=\"yoast-schema-graph\">{\"@context\":\"https:\/\/schema.org\",\"@graph\":[{\"@type\":\"WebPage\",\"@id\":\"https:\/\/rapunzelcoils.se\/product\/flourish-hair-oil-elixir\/\",\"url\":\"https:\/\/rapunzelcoils.se\/product\/flourish-hair-oil-elixir\/\",\"name\":\"Flourish - Hair Oil Elixir - Rapunzel Coils\",\"isPartOf\":{\"@id\":\"https:\/\/rapunzelcoils.se\/#website\"},\"datePublished\":\"2022-02-05T03:56:19+00:00\",\"dateModified\":\"2025-12-11T15:22:38+00:00\",\"breadcrumb\":{\"@id\":\"https:\/\/rapunzelcoils.se\/product\/flourish-hair-oil-elixir\/#breadcrumb\"},\"inLanguage\":\"sv-SE\",\"potentialAction\":[{\"@type\":\"ReadAction\",\"target\":[\"https:\/\/rapunzelcoils.se\/product\/flourish-hair-oil-elixir\/\"]}]},{\"@type\":\"BreadcrumbList\",\"@id\":\"https:\/\/rapunzelcoils.se\/product\/flourish-hair-oil-elixir\/#breadcrumb\",\"itemListElement\":[{\"@type\":\"ListItem\",\"position\":1,\"name\":\"Home\",\"item\":\"https:\/\/rapunzelcoils.se\/\"},{\"@type\":\"ListItem\",\"position\":2,\"name\":\"Shop\",\"item\":\"https:\/\/rapunzelcoils.se\/en\/?page_id=8\"},{\"@type\":\"ListItem\",\"position\":3,\"name\":\"Flourish &#8211; Hair Oil Elixir\"}]},{\"@type\":\"WebSite\",\"@id\":\"https:\/\/rapunzelcoils.se\/#website\",\"url\":\"https:\/\/rapunzelcoils.se\/\",\"name\":\"Rapunzel Coils\",\"description\":\"Products to give moisture, remove frizz and define curls\",\"publisher\":{\"@id\":\"https:\/\/rapunzelcoils.se\/#organization\"},\"potentialAction\":[{\"@type\":\"SearchAction\",\"target\":{\"@type\":\"EntryPoint\",\"urlTemplate\":\"https:\/\/rapunzelcoils.se\/?s={search_term_string}\"},\"query-input\":\"required name=search_term_string\"}],\"inLanguage\":\"sv-SE\"},{\"@type\":\"Organization\",\"@id\":\"https:\/\/rapunzelcoils.se\/#organization\",\"name\":\"Rapunzel Coils\",\"url\":\"https:\/\/rapunzelcoils.se\/\",\"logo\":{\"@type\":\"ImageObject\",\"inLanguage\":\"sv-SE\",\"@id\":\"https:\/\/rapunzelcoils.se\/#\/schema\/logo\/image\/\",\"url\":\"https:\/\/rapunzelcoils.se\/wp-content\/uploads\/2022\/01\/Black-Transparent-Logo-scaled.png\",\"contentUrl\":\"https:\/\/rapunzelcoils.se\/wp-content\/uploads\/2022\/01\/Black-Transparent-Logo-scaled.png\",\"width\":2560,\"height\":869,\"caption\":\"Rapunzel Coils\"},\"image\":{\"@id\":\"https:\/\/rapunzelcoils.se\/#\/schema\/logo\/image\/\"}}]}<\/script>\n<!-- \/ Yoast SEO plugin. -->","yoast_head_json":{"title":"Flourish - Hair Oil Elixir - Rapunzel Coils","robots":{"index":"index","follow":"follow","max-snippet":"max-snippet:-1","max-image-preview":"max-image-preview:large","max-video-preview":"max-video-preview:-1"},"canonical":"https:\/\/rapunzelcoils.se\/sw\/produkt\/flourish-hair-oil-elixir\/","og_locale":"sv_SE","og_type":"article","og_title":"Flourish - Hair Oil Elixir - Rapunzel Coils","og_description":"Flourish \u2013 to develop &amp; thrive in a healthy way .  Flourish is made with mild ayurvedic herbal extracts that nourish your scalp &amp; hair strands, make your strands more manageable &amp; strenghtens your hair shaft. Flourish is a multi purpose ayurvedic oil that can be used on both the scalp and the hair for either SOTC, LCO,LOC or to diminish frizz. Flourish works on all hair types, is 100% ayurvedic, organic and vegan making it safe to use on both adults and kids.  Smells like \u2013\u00a0 citrus fruits in the summer  Specs 50 ml  This product is curly girl friendly &amp; does not contain any artificial fragrances, parabens, sulfates and colourants .  Keep in a cool &amp; dry place  &nbsp;  [su_youtube url=\"https:\/\/www.youtube.com\/watch?v=HTjOgKnXeUY\" width=\"400\" height=\"300\"]","og_url":"https:\/\/rapunzelcoils.se\/sw\/produkt\/flourish-hair-oil-elixir\/","og_site_name":"Rapunzel Coils","article_modified_time":"2025-12-11T15:22:38+00:00","og_image":[{"width":1512,"height":1512,"url":"https:\/\/rapunzelcoils.se\/wp-content\/uploads\/2022\/02\/Photoroom_20251211_135058.jpeg","type":"image\/jpeg"}],"twitter_card":"summary_large_image","twitter_misc":{"Ber\u00e4knad l\u00e4stid":"1 minut"},"schema":{"@context":"https:\/\/schema.org","@graph":[{"@type":"WebPage","@id":"https:\/\/rapunzelcoils.se\/product\/flourish-hair-oil-elixir\/","url":"https:\/\/rapunzelcoils.se\/product\/flourish-hair-oil-elixir\/","name":"Flourish - Hair Oil Elixir - Rapunzel Coils","isPartOf":{"@id":"https:\/\/rapunzelcoils.se\/#website"},"datePublished":"2022-02-05T03:56:19+00:00","dateModified":"2025-12-11T15:22:38+00:00","breadcrumb":{"@id":"https:\/\/rapunzelcoils.se\/product\/flourish-hair-oil-elixir\/#breadcrumb"},"inLanguage":"sv-SE","potentialAction":[{"@type":"ReadAction","target":["https:\/\/rapunzelcoils.se\/product\/flourish-hair-oil-elixir\/"]}]},{"@type":"BreadcrumbList","@id":"https:\/\/rapunzelcoils.se\/product\/flourish-hair-oil-elixir\/#breadcrumb","itemListElement":[{"@type":"ListItem","position":1,"name":"Home","item":"https:\/\/rapunzelcoils.se\/"},{"@type":"ListItem","position":2,"name":"Shop","item":"https:\/\/rapunzelcoils.se\/en\/?page_id=8"},{"@type":"ListItem","position":3,"name":"Flourish &#8211; Hair Oil Elixir"}]},{"@type":"WebSite","@id":"https:\/\/rapunzelcoils.se\/#website","url":"https:\/\/rapunzelcoils.se\/","name":"Rapunzel-spolar","description":"Produkter f\u00f6r att ge fukt, ta bort friss och definiera lockar","publisher":{"@id":"https:\/\/rapunzelcoils.se\/#organization"},"potentialAction":[{"@type":"SearchAction","target":{"@type":"EntryPoint","urlTemplate":"https:\/\/rapunzelcoils.se\/?s={search_term_string}"},"query-input":"required name=search_term_string"}],"inLanguage":"sv-SE"},{"@type":"Organization","@id":"https:\/\/rapunzelcoils.se\/#organization","name":"Rapunzel-spolar","url":"https:\/\/rapunzelcoils.se\/","logo":{"@type":"ImageObject","inLanguage":"sv-SE","@id":"https:\/\/rapunzelcoils.se\/#\/schema\/logo\/image\/","url":"https:\/\/rapunzelcoils.se\/wp-content\/uploads\/2022\/01\/Black-Transparent-Logo-scaled.png","contentUrl":"https:\/\/rapunzelcoils.se\/wp-content\/uploads\/2022\/01\/Black-Transparent-Logo-scaled.png","width":2560,"height":869,"caption":"Rapunzel Coils"},"image":{"@id":"https:\/\/rapunzelcoils.se\/#\/schema\/logo\/image\/"}}]}},"_links":{"self":[{"href":"https:\/\/rapunzelcoils.se\/sw\/wp-json\/wp\/v2\/product\/6253","targetHints":{"allow":["GET"]}}],"collection":[{"href":"https:\/\/rapunzelcoils.se\/sw\/wp-json\/wp\/v2\/product"}],"about":[{"href":"https:\/\/rapunzelcoils.se\/sw\/wp-json\/wp\/v2\/types\/product"}],"replies":[{"embeddable":true,"href":"https:\/\/rapunzelcoils.se\/sw\/wp-json\/wp\/v2\/comments?post=6253"}],"version-history":[{"count":1,"href":"https:\/\/rapunzelcoils.se\/sw\/wp-json\/wp\/v2\/product\/6253\/revisions"}],"predecessor-version":[{"id":9837,"href":"https:\/\/rapunzelcoils.se\/sw\/wp-json\/wp\/v2\/product\/6253\/revisions\/9837"}],"wp:featuredmedia":[{"embeddable":true,"href":"https:\/\/rapunzelcoils.se\/sw\/wp-json\/wp\/v2\/media\/9836"}],"wp:attachment":[{"href":"https:\/\/rapunzelcoils.se\/sw\/wp-json\/wp\/v2\/media?parent=6253"}],"wp:term":[{"taxonomy":"product_brand","embeddable":true,"href":"https:\/\/rapunzelcoils.se\/sw\/wp-json\/wp\/v2\/product_brand?post=6253"},{"taxonomy":"product_cat","embeddable":true,"href":"https:\/\/rapunzelcoils.se\/sw\/wp-json\/wp\/v2\/product_cat?post=6253"},{"taxonomy":"product_tag","embeddable":true,"href":"https:\/\/rapunzelcoils.se\/sw\/wp-json\/wp\/v2\/product_tag?post=6253"}],"curies":[{"name":"wp","href":"https:\/\/api.w.org\/{rel}","templated":true}]}}