{"id":6248,"date":"2022-02-05T06:48:50","date_gmt":"2022-02-05T03:48:50","guid":{"rendered":"http:\/\/nicherenterprise.co.ke\/rapunzel\/?post_type=product&#038;p=6248"},"modified":"2025-12-18T19:30:57","modified_gmt":"2025-12-18T16:30:57","slug":"bloom-hair-growth-stimulating-elixir","status":"publish","type":"product","link":"https:\/\/rapunzelcoils.se\/sw\/produkt\/bloom-hair-growth-stimulating-elixir\/","title":{"rendered":"Bloom \u2013 H\u00e5rbottenelixir"},"content":{"rendered":"","protected":false},"excerpt":{"rendered":"<p>Blomning \u2013 uppst\u00e5r med nystart och h\u00e4lsosam kraft efter ett tidigare tillst\u00e5nd av f\u00f6rs\u00e4mring<\/p>\n<p>Bloom \u00e4r speciellt framtagen f\u00f6r att \u00e5teruppliva vilande h\u00e5rs\u00e4ckar genom att stimulera h\u00e4lsosam h\u00e5rv\u00e4xt. Bloom \u00e4r tillverkad med potenta ayurvediska \u00f6rtextrakt och eteriska oljeblandningar som avsev\u00e4rt f\u00f6rb\u00e4ttrar din h\u00e5rbottens h\u00e4lsa. Bloom ska anv\u00e4ndas direkt i h\u00e5rbotten f\u00f6r \u00f6kade f\u00f6rdelar. Den kan anv\u00e4ndas p\u00e5 alla h\u00e5rtyper. Oljan \u00e4r 100% ayurvedisk, ekologisk och vegansk.<\/p>\n<p>Bloom \u00e4r lockigt h\u00e5rv\u00e4nligt och inneh\u00e5ller inga artificiella doft\u00e4mnen, parabener, sulfater eller f\u00e4rg\u00e4mnen.<\/p>\n<p><b>Specifikationer -50 ml<\/b><\/p>\n<p>[su_youtube url=\u201dhttps:\/\/www.youtube.com\/watch?v=9KUaQcPwdNo\u201d width=\u201d400\u2033 height=\u201d300\u2033]<\/p>","protected":false},"featured_media":9914,"comment_status":"open","ping_status":"closed","template":"","meta":{"inline_featured_image":false},"product_brand":[],"product_cat":[101,100,103,102,104,106,105],"product_tag":[],"class_list":{"0":"post-6248","1":"product","2":"type-product","3":"status-publish","4":"has-post-thumbnail","6":"product_cat-alopecia","7":"product_cat-hair-growth","8":"product_cat-healthy-scalp","9":"product_cat-itchy-scalp","10":"product_cat-sensitive-scalp","11":"product_cat-thick-hair","12":"product_cat-thinning-hair","14":"first","15":"outofstock","16":"shipping-taxable","17":"purchasable","18":"product-type-simple"},"acf":[],"yoast_head":"<!-- This site is optimized with the Yoast SEO plugin v21.9.1 - https:\/\/yoast.com\/wordpress\/plugins\/seo\/ -->\n<title>Bloom - Scalp Elixir - Rapunzel Coils<\/title>\n<meta name=\"robots\" content=\"index, follow, max-snippet:-1, max-image-preview:large, max-video-preview:-1\" \/>\n<link rel=\"canonical\" href=\"https:\/\/rapunzelcoils.se\/sw\/produkt\/bloom-hair-growth-stimulating-elixir\/\" \/>\n<meta property=\"og:locale\" content=\"sv_SE\" \/>\n<meta property=\"og:type\" content=\"article\" \/>\n<meta property=\"og:title\" content=\"Bloom - Scalp Elixir - Rapunzel Coils\" \/>\n<meta property=\"og:description\" content=\"Bloom \u2013\u00a0 emerge in a fresh start with a healthy vigour after a previous state of deterioration  Bloom is specially formulated to revive dormant follicles by stimulating healthy hair growth. Bloom is made with potent ayurvedic herbal extracts &amp; essential oil blends\u00a0 that work to greatly improve your scalp health. Bloom is to be used directly in the scalp for heightened benefits. It can be used on all hair types. The oil is 100% ayurvedic, organic and vegan.  Bloom is curly girl friendly &amp; does not contain any artificial fragrances, parabens, sulfates and colourants .  Specs -50 ml  [su_youtube url=&quot;https:\/\/www.youtube.com\/watch?v=9KUaQcPwdNo&quot; width=&quot;400&quot; height=&quot;300&quot;]\" \/>\n<meta property=\"og:url\" content=\"https:\/\/rapunzelcoils.se\/sw\/produkt\/bloom-hair-growth-stimulating-elixir\/\" \/>\n<meta property=\"og:site_name\" content=\"Rapunzel Coils\" \/>\n<meta property=\"article:modified_time\" content=\"2025-12-18T16:30:57+00:00\" \/>\n<meta property=\"og:image\" content=\"https:\/\/rapunzelcoils.se\/wp-content\/uploads\/2022\/02\/IMG_8030.png\" \/>\n\t<meta property=\"og:image:width\" content=\"1512\" \/>\n\t<meta property=\"og:image:height\" content=\"1512\" \/>\n\t<meta property=\"og:image:type\" content=\"image\/png\" \/>\n<meta name=\"twitter:card\" content=\"summary_large_image\" \/>\n<meta name=\"twitter:label1\" content=\"Ber\u00e4knad l\u00e4stid\" \/>\n\t<meta name=\"twitter:data1\" content=\"1 minut\" \/>\n<script type=\"application\/ld+json\" class=\"yoast-schema-graph\">{\"@context\":\"https:\/\/schema.org\",\"@graph\":[{\"@type\":\"WebPage\",\"@id\":\"https:\/\/rapunzelcoils.se\/product\/bloom-hair-growth-stimulating-elixir\/\",\"url\":\"https:\/\/rapunzelcoils.se\/product\/bloom-hair-growth-stimulating-elixir\/\",\"name\":\"Bloom - Scalp Elixir - Rapunzel Coils\",\"isPartOf\":{\"@id\":\"https:\/\/rapunzelcoils.se\/#website\"},\"datePublished\":\"2022-02-05T03:48:50+00:00\",\"dateModified\":\"2025-12-18T16:30:57+00:00\",\"breadcrumb\":{\"@id\":\"https:\/\/rapunzelcoils.se\/product\/bloom-hair-growth-stimulating-elixir\/#breadcrumb\"},\"inLanguage\":\"sv-SE\",\"potentialAction\":[{\"@type\":\"ReadAction\",\"target\":[\"https:\/\/rapunzelcoils.se\/product\/bloom-hair-growth-stimulating-elixir\/\"]}]},{\"@type\":\"BreadcrumbList\",\"@id\":\"https:\/\/rapunzelcoils.se\/product\/bloom-hair-growth-stimulating-elixir\/#breadcrumb\",\"itemListElement\":[{\"@type\":\"ListItem\",\"position\":1,\"name\":\"Home\",\"item\":\"https:\/\/rapunzelcoils.se\/\"},{\"@type\":\"ListItem\",\"position\":2,\"name\":\"Shop\",\"item\":\"https:\/\/rapunzelcoils.se\/en\/?page_id=8\"},{\"@type\":\"ListItem\",\"position\":3,\"name\":\"Bloom &#8211; Scalp Elixir\"}]},{\"@type\":\"WebSite\",\"@id\":\"https:\/\/rapunzelcoils.se\/#website\",\"url\":\"https:\/\/rapunzelcoils.se\/\",\"name\":\"Rapunzel Coils\",\"description\":\"Products to give moisture, remove frizz and define curls\",\"publisher\":{\"@id\":\"https:\/\/rapunzelcoils.se\/#organization\"},\"potentialAction\":[{\"@type\":\"SearchAction\",\"target\":{\"@type\":\"EntryPoint\",\"urlTemplate\":\"https:\/\/rapunzelcoils.se\/?s={search_term_string}\"},\"query-input\":\"required name=search_term_string\"}],\"inLanguage\":\"sv-SE\"},{\"@type\":\"Organization\",\"@id\":\"https:\/\/rapunzelcoils.se\/#organization\",\"name\":\"Rapunzel Coils\",\"url\":\"https:\/\/rapunzelcoils.se\/\",\"logo\":{\"@type\":\"ImageObject\",\"inLanguage\":\"sv-SE\",\"@id\":\"https:\/\/rapunzelcoils.se\/#\/schema\/logo\/image\/\",\"url\":\"https:\/\/rapunzelcoils.se\/wp-content\/uploads\/2022\/01\/Black-Transparent-Logo-scaled.png\",\"contentUrl\":\"https:\/\/rapunzelcoils.se\/wp-content\/uploads\/2022\/01\/Black-Transparent-Logo-scaled.png\",\"width\":2560,\"height\":869,\"caption\":\"Rapunzel Coils\"},\"image\":{\"@id\":\"https:\/\/rapunzelcoils.se\/#\/schema\/logo\/image\/\"}}]}<\/script>\n<!-- \/ Yoast SEO plugin. -->","yoast_head_json":{"title":"Bloom - Scalp Elixir - Rapunzel Coils","robots":{"index":"index","follow":"follow","max-snippet":"max-snippet:-1","max-image-preview":"max-image-preview:large","max-video-preview":"max-video-preview:-1"},"canonical":"https:\/\/rapunzelcoils.se\/sw\/produkt\/bloom-hair-growth-stimulating-elixir\/","og_locale":"sv_SE","og_type":"article","og_title":"Bloom - Scalp Elixir - Rapunzel Coils","og_description":"Bloom \u2013\u00a0 emerge in a fresh start with a healthy vigour after a previous state of deterioration  Bloom is specially formulated to revive dormant follicles by stimulating healthy hair growth. Bloom is made with potent ayurvedic herbal extracts &amp; essential oil blends\u00a0 that work to greatly improve your scalp health. Bloom is to be used directly in the scalp for heightened benefits. It can be used on all hair types. The oil is 100% ayurvedic, organic and vegan.  Bloom is curly girl friendly &amp; does not contain any artificial fragrances, parabens, sulfates and colourants .  Specs -50 ml  [su_youtube url=\"https:\/\/www.youtube.com\/watch?v=9KUaQcPwdNo\" width=\"400\" height=\"300\"]","og_url":"https:\/\/rapunzelcoils.se\/sw\/produkt\/bloom-hair-growth-stimulating-elixir\/","og_site_name":"Rapunzel Coils","article_modified_time":"2025-12-18T16:30:57+00:00","og_image":[{"width":1512,"height":1512,"url":"https:\/\/rapunzelcoils.se\/wp-content\/uploads\/2022\/02\/IMG_8030.png","type":"image\/png"}],"twitter_card":"summary_large_image","twitter_misc":{"Ber\u00e4knad l\u00e4stid":"1 minut"},"schema":{"@context":"https:\/\/schema.org","@graph":[{"@type":"WebPage","@id":"https:\/\/rapunzelcoils.se\/product\/bloom-hair-growth-stimulating-elixir\/","url":"https:\/\/rapunzelcoils.se\/product\/bloom-hair-growth-stimulating-elixir\/","name":"Bloom - Scalp Elixir - Rapunzel Coils","isPartOf":{"@id":"https:\/\/rapunzelcoils.se\/#website"},"datePublished":"2022-02-05T03:48:50+00:00","dateModified":"2025-12-18T16:30:57+00:00","breadcrumb":{"@id":"https:\/\/rapunzelcoils.se\/product\/bloom-hair-growth-stimulating-elixir\/#breadcrumb"},"inLanguage":"sv-SE","potentialAction":[{"@type":"ReadAction","target":["https:\/\/rapunzelcoils.se\/product\/bloom-hair-growth-stimulating-elixir\/"]}]},{"@type":"BreadcrumbList","@id":"https:\/\/rapunzelcoils.se\/product\/bloom-hair-growth-stimulating-elixir\/#breadcrumb","itemListElement":[{"@type":"ListItem","position":1,"name":"Home","item":"https:\/\/rapunzelcoils.se\/"},{"@type":"ListItem","position":2,"name":"Shop","item":"https:\/\/rapunzelcoils.se\/en\/?page_id=8"},{"@type":"ListItem","position":3,"name":"Bloom &#8211; Scalp Elixir"}]},{"@type":"WebSite","@id":"https:\/\/rapunzelcoils.se\/#website","url":"https:\/\/rapunzelcoils.se\/","name":"Rapunzel-spolar","description":"Produkter f\u00f6r att ge fukt, ta bort friss och definiera lockar","publisher":{"@id":"https:\/\/rapunzelcoils.se\/#organization"},"potentialAction":[{"@type":"SearchAction","target":{"@type":"EntryPoint","urlTemplate":"https:\/\/rapunzelcoils.se\/?s={search_term_string}"},"query-input":"required name=search_term_string"}],"inLanguage":"sv-SE"},{"@type":"Organization","@id":"https:\/\/rapunzelcoils.se\/#organization","name":"Rapunzel-spolar","url":"https:\/\/rapunzelcoils.se\/","logo":{"@type":"ImageObject","inLanguage":"sv-SE","@id":"https:\/\/rapunzelcoils.se\/#\/schema\/logo\/image\/","url":"https:\/\/rapunzelcoils.se\/wp-content\/uploads\/2022\/01\/Black-Transparent-Logo-scaled.png","contentUrl":"https:\/\/rapunzelcoils.se\/wp-content\/uploads\/2022\/01\/Black-Transparent-Logo-scaled.png","width":2560,"height":869,"caption":"Rapunzel Coils"},"image":{"@id":"https:\/\/rapunzelcoils.se\/#\/schema\/logo\/image\/"}}]}},"_links":{"self":[{"href":"https:\/\/rapunzelcoils.se\/sw\/wp-json\/wp\/v2\/product\/6248","targetHints":{"allow":["GET"]}}],"collection":[{"href":"https:\/\/rapunzelcoils.se\/sw\/wp-json\/wp\/v2\/product"}],"about":[{"href":"https:\/\/rapunzelcoils.se\/sw\/wp-json\/wp\/v2\/types\/product"}],"replies":[{"embeddable":true,"href":"https:\/\/rapunzelcoils.se\/sw\/wp-json\/wp\/v2\/comments?post=6248"}],"version-history":[{"count":1,"href":"https:\/\/rapunzelcoils.se\/sw\/wp-json\/wp\/v2\/product\/6248\/revisions"}],"predecessor-version":[{"id":9839,"href":"https:\/\/rapunzelcoils.se\/sw\/wp-json\/wp\/v2\/product\/6248\/revisions\/9839"}],"wp:featuredmedia":[{"embeddable":true,"href":"https:\/\/rapunzelcoils.se\/sw\/wp-json\/wp\/v2\/media\/9914"}],"wp:attachment":[{"href":"https:\/\/rapunzelcoils.se\/sw\/wp-json\/wp\/v2\/media?parent=6248"}],"wp:term":[{"taxonomy":"product_brand","embeddable":true,"href":"https:\/\/rapunzelcoils.se\/sw\/wp-json\/wp\/v2\/product_brand?post=6248"},{"taxonomy":"product_cat","embeddable":true,"href":"https:\/\/rapunzelcoils.se\/sw\/wp-json\/wp\/v2\/product_cat?post=6248"},{"taxonomy":"product_tag","embeddable":true,"href":"https:\/\/rapunzelcoils.se\/sw\/wp-json\/wp\/v2\/product_tag?post=6248"}],"curies":[{"name":"wp","href":"https:\/\/api.w.org\/{rel}","templated":true}]}}