{"id":5961,"date":"2022-01-19T05:08:19","date_gmt":"2022-01-19T02:08:19","guid":{"rendered":"http:\/\/nicherenterprise.co.ke\/rapunzel\/?post_type=product&#038;p=5961"},"modified":"2025-12-18T19:34:50","modified_gmt":"2025-12-18T16:34:50","slug":"curl-refresh-mist","status":"publish","type":"product","link":"https:\/\/rapunzelcoils.se\/sw\/produkt\/curl-refresh-mist\/","title":{"rendered":"Hibiskusdryck \u2013 Curl Refresh Mist"},"content":{"rendered":"","protected":false},"excerpt":{"rendered":"<p>En l\u00e4tt, botanisk h\u00e5rbotten- och h\u00e5rspray som \u00e5terfuktar b\u00e5de h\u00e5rstr\u00e5n och h\u00e5rbotten p\u00e5 djupet. Med hibiskus, aloe vera, gr\u00f6nt te och kamomill mjukg\u00f6r den h\u00e5ret, ger glans, hj\u00e4lper till att reda ut tovor och h\u00e5ller lockarna \u00e5terfuktade utan att de blir torra. Hj\u00e4lper till att bibeh\u00e5lla en bekv\u00e4m, \u00e5terfuktad h\u00e5rbotten \u2013 aldrig torr eller kliande.<\/p>\n<p>Perfekt f\u00f6r alla h\u00e5rtyper och porer \u00b7 Vegansk \u00b7 Ekologisk \u00b7 CGM-godk\u00e4nd<\/p>\n<p>Tillverkad i Sverige.<\/p>\n<p>Obs: Denna mist \u00e4r ett \u00e5terfuktande tillskott, inte en stylingprodukt.<\/p>\n<p>F\u00f6r b\u00e4sta resultat, anv\u00e4nd den ovanp\u00e5 dina stylingprodukter som Lush Styling Milk + Harmony Gel.<\/p>\n<p>[su_youtube url=\u201dhttps:\/\/www.youtube.com\/watch?v=WiD6ZfjFcjM\u201d bredd=\u201d400\u2033 h\u00f6jd=\u201d300\u2033]<\/p>","protected":false},"featured_media":9915,"comment_status":"open","ping_status":"closed","template":"","meta":{"inline_featured_image":false},"product_brand":[],"product_cat":[99,116,100,103,102,114,108,113,107,115,104],"product_tag":[],"class_list":{"0":"post-5961","1":"product","2":"type-product","3":"status-publish","4":"has-post-thumbnail","6":"product_cat-breaking-thinning-hair-weak-hair","7":"product_cat-curl-refresh","8":"product_cat-hair-growth","9":"product_cat-healthy-scalp","10":"product_cat-itchy-scalp","11":"product_cat-lco","12":"product_cat-length-retention","13":"product_cat-loc","14":"product_cat-moisture","15":"product_cat-protective-styling","16":"product_cat-sensitive-scalp","18":"first","19":"instock","20":"shipping-taxable","21":"purchasable","22":"product-type-variable"},"acf":[],"yoast_head":"<!-- This site is optimized with the Yoast SEO plugin v21.9.1 - https:\/\/yoast.com\/wordpress\/plugins\/seo\/ -->\n<title>Hibiscus Beverage - Curl Refresh Mist - Rapunzel Coils<\/title>\n<meta name=\"description\" content=\"Hibiscus Beverage is a lightweight, hydrating refresh mist for curls and scalp. Softens hair, and soothes scalp dryness without buildup. Vegan, organic, Cgm\" \/>\n<meta name=\"robots\" content=\"index, follow, max-snippet:-1, max-image-preview:large, max-video-preview:-1\" \/>\n<link rel=\"canonical\" href=\"https:\/\/rapunzelcoils.se\/sw\/produkt\/curl-refresh-mist\/\" \/>\n<meta property=\"og:locale\" content=\"sv_SE\" \/>\n<meta property=\"og:type\" content=\"article\" \/>\n<meta property=\"og:title\" content=\"Hibiscus Beverage - Curl Refresh Mist - Rapunzel Coils\" \/>\n<meta property=\"og:description\" content=\"Hibiscus Beverage is a lightweight, hydrating refresh mist for curls and scalp. Softens hair, and soothes scalp dryness without buildup. Vegan, organic, Cgm\" \/>\n<meta property=\"og:url\" content=\"https:\/\/rapunzelcoils.se\/sw\/produkt\/curl-refresh-mist\/\" \/>\n<meta property=\"og:site_name\" content=\"Rapunzel Coils\" \/>\n<meta property=\"article:modified_time\" content=\"2025-12-18T16:34:50+00:00\" \/>\n<meta property=\"og:image\" content=\"https:\/\/rapunzelcoils.se\/wp-content\/uploads\/2022\/01\/IMG_8031.png\" \/>\n\t<meta property=\"og:image:width\" content=\"1512\" \/>\n\t<meta property=\"og:image:height\" content=\"1512\" \/>\n\t<meta property=\"og:image:type\" content=\"image\/png\" \/>\n<meta name=\"twitter:card\" content=\"summary_large_image\" \/>\n<meta name=\"twitter:label1\" content=\"Ber\u00e4knad l\u00e4stid\" \/>\n\t<meta name=\"twitter:data1\" content=\"1 minut\" \/>\n<script type=\"application\/ld+json\" class=\"yoast-schema-graph\">{\"@context\":\"https:\/\/schema.org\",\"@graph\":[{\"@type\":\"WebPage\",\"@id\":\"https:\/\/rapunzelcoils.se\/product\/curl-refresh-mist\/\",\"url\":\"https:\/\/rapunzelcoils.se\/product\/curl-refresh-mist\/\",\"name\":\"Hibiscus Beverage - Curl Refresh Mist - Rapunzel Coils\",\"isPartOf\":{\"@id\":\"https:\/\/rapunzelcoils.se\/#website\"},\"datePublished\":\"2022-01-19T02:08:19+00:00\",\"dateModified\":\"2025-12-18T16:34:50+00:00\",\"description\":\"Hibiscus Beverage is a lightweight, hydrating refresh mist for curls and scalp. Softens hair, and soothes scalp dryness without buildup. Vegan, organic, Cgm\",\"breadcrumb\":{\"@id\":\"https:\/\/rapunzelcoils.se\/product\/curl-refresh-mist\/#breadcrumb\"},\"inLanguage\":\"sv-SE\",\"potentialAction\":[{\"@type\":\"ReadAction\",\"target\":[\"https:\/\/rapunzelcoils.se\/product\/curl-refresh-mist\/\"]}]},{\"@type\":\"BreadcrumbList\",\"@id\":\"https:\/\/rapunzelcoils.se\/product\/curl-refresh-mist\/#breadcrumb\",\"itemListElement\":[{\"@type\":\"ListItem\",\"position\":1,\"name\":\"Home\",\"item\":\"https:\/\/rapunzelcoils.se\/\"},{\"@type\":\"ListItem\",\"position\":2,\"name\":\"Shop\",\"item\":\"https:\/\/rapunzelcoils.se\/en\/?page_id=8\"},{\"@type\":\"ListItem\",\"position\":3,\"name\":\"Hibiscus Beverage &#8211; Curl Refresh Mist\"}]},{\"@type\":\"WebSite\",\"@id\":\"https:\/\/rapunzelcoils.se\/#website\",\"url\":\"https:\/\/rapunzelcoils.se\/\",\"name\":\"Rapunzel Coils\",\"description\":\"Products to give moisture, remove frizz and define curls\",\"publisher\":{\"@id\":\"https:\/\/rapunzelcoils.se\/#organization\"},\"potentialAction\":[{\"@type\":\"SearchAction\",\"target\":{\"@type\":\"EntryPoint\",\"urlTemplate\":\"https:\/\/rapunzelcoils.se\/?s={search_term_string}\"},\"query-input\":\"required name=search_term_string\"}],\"inLanguage\":\"sv-SE\"},{\"@type\":\"Organization\",\"@id\":\"https:\/\/rapunzelcoils.se\/#organization\",\"name\":\"Rapunzel Coils\",\"url\":\"https:\/\/rapunzelcoils.se\/\",\"logo\":{\"@type\":\"ImageObject\",\"inLanguage\":\"sv-SE\",\"@id\":\"https:\/\/rapunzelcoils.se\/#\/schema\/logo\/image\/\",\"url\":\"https:\/\/rapunzelcoils.se\/wp-content\/uploads\/2022\/01\/Black-Transparent-Logo-scaled.png\",\"contentUrl\":\"https:\/\/rapunzelcoils.se\/wp-content\/uploads\/2022\/01\/Black-Transparent-Logo-scaled.png\",\"width\":2560,\"height\":869,\"caption\":\"Rapunzel Coils\"},\"image\":{\"@id\":\"https:\/\/rapunzelcoils.se\/#\/schema\/logo\/image\/\"}}]}<\/script>\n<!-- \/ Yoast SEO plugin. -->","yoast_head_json":{"title":"Hibiscus Beverage - Curl Refresh Mist - Rapunzel Coils","description":"Hibiscus Beverage is a lightweight, hydrating refresh mist for curls and scalp. Softens hair, and soothes scalp dryness without buildup. Vegan, organic, Cgm","robots":{"index":"index","follow":"follow","max-snippet":"max-snippet:-1","max-image-preview":"max-image-preview:large","max-video-preview":"max-video-preview:-1"},"canonical":"https:\/\/rapunzelcoils.se\/sw\/produkt\/curl-refresh-mist\/","og_locale":"sv_SE","og_type":"article","og_title":"Hibiscus Beverage - Curl Refresh Mist - Rapunzel Coils","og_description":"Hibiscus Beverage is a lightweight, hydrating refresh mist for curls and scalp. Softens hair, and soothes scalp dryness without buildup. Vegan, organic, Cgm","og_url":"https:\/\/rapunzelcoils.se\/sw\/produkt\/curl-refresh-mist\/","og_site_name":"Rapunzel Coils","article_modified_time":"2025-12-18T16:34:50+00:00","og_image":[{"width":1512,"height":1512,"url":"https:\/\/rapunzelcoils.se\/wp-content\/uploads\/2022\/01\/IMG_8031.png","type":"image\/png"}],"twitter_card":"summary_large_image","twitter_misc":{"Ber\u00e4knad l\u00e4stid":"1 minut"},"schema":{"@context":"https:\/\/schema.org","@graph":[{"@type":"WebPage","@id":"https:\/\/rapunzelcoils.se\/product\/curl-refresh-mist\/","url":"https:\/\/rapunzelcoils.se\/product\/curl-refresh-mist\/","name":"Hibiscus Beverage - Curl Refresh Mist - Rapunzel Coils","isPartOf":{"@id":"https:\/\/rapunzelcoils.se\/#website"},"datePublished":"2022-01-19T02:08:19+00:00","dateModified":"2025-12-18T16:34:50+00:00","description":"Hibiscus Beverage is a lightweight, hydrating refresh mist for curls and scalp. Softens hair, and soothes scalp dryness without buildup. Vegan, organic, Cgm","breadcrumb":{"@id":"https:\/\/rapunzelcoils.se\/product\/curl-refresh-mist\/#breadcrumb"},"inLanguage":"sv-SE","potentialAction":[{"@type":"ReadAction","target":["https:\/\/rapunzelcoils.se\/product\/curl-refresh-mist\/"]}]},{"@type":"BreadcrumbList","@id":"https:\/\/rapunzelcoils.se\/product\/curl-refresh-mist\/#breadcrumb","itemListElement":[{"@type":"ListItem","position":1,"name":"Home","item":"https:\/\/rapunzelcoils.se\/"},{"@type":"ListItem","position":2,"name":"Shop","item":"https:\/\/rapunzelcoils.se\/en\/?page_id=8"},{"@type":"ListItem","position":3,"name":"Hibiscus Beverage &#8211; Curl Refresh Mist"}]},{"@type":"WebSite","@id":"https:\/\/rapunzelcoils.se\/#website","url":"https:\/\/rapunzelcoils.se\/","name":"Rapunzel-spolar","description":"Produkter f\u00f6r att ge fukt, ta bort friss och definiera lockar","publisher":{"@id":"https:\/\/rapunzelcoils.se\/#organization"},"potentialAction":[{"@type":"SearchAction","target":{"@type":"EntryPoint","urlTemplate":"https:\/\/rapunzelcoils.se\/?s={search_term_string}"},"query-input":"required name=search_term_string"}],"inLanguage":"sv-SE"},{"@type":"Organization","@id":"https:\/\/rapunzelcoils.se\/#organization","name":"Rapunzel-spolar","url":"https:\/\/rapunzelcoils.se\/","logo":{"@type":"ImageObject","inLanguage":"sv-SE","@id":"https:\/\/rapunzelcoils.se\/#\/schema\/logo\/image\/","url":"https:\/\/rapunzelcoils.se\/wp-content\/uploads\/2022\/01\/Black-Transparent-Logo-scaled.png","contentUrl":"https:\/\/rapunzelcoils.se\/wp-content\/uploads\/2022\/01\/Black-Transparent-Logo-scaled.png","width":2560,"height":869,"caption":"Rapunzel Coils"},"image":{"@id":"https:\/\/rapunzelcoils.se\/#\/schema\/logo\/image\/"}}]}},"_links":{"self":[{"href":"https:\/\/rapunzelcoils.se\/sw\/wp-json\/wp\/v2\/product\/5961","targetHints":{"allow":["GET"]}}],"collection":[{"href":"https:\/\/rapunzelcoils.se\/sw\/wp-json\/wp\/v2\/product"}],"about":[{"href":"https:\/\/rapunzelcoils.se\/sw\/wp-json\/wp\/v2\/types\/product"}],"replies":[{"embeddable":true,"href":"https:\/\/rapunzelcoils.se\/sw\/wp-json\/wp\/v2\/comments?post=5961"}],"version-history":[{"count":5,"href":"https:\/\/rapunzelcoils.se\/sw\/wp-json\/wp\/v2\/product\/5961\/revisions"}],"predecessor-version":[{"id":9700,"href":"https:\/\/rapunzelcoils.se\/sw\/wp-json\/wp\/v2\/product\/5961\/revisions\/9700"}],"wp:featuredmedia":[{"embeddable":true,"href":"https:\/\/rapunzelcoils.se\/sw\/wp-json\/wp\/v2\/media\/9915"}],"wp:attachment":[{"href":"https:\/\/rapunzelcoils.se\/sw\/wp-json\/wp\/v2\/media?parent=5961"}],"wp:term":[{"taxonomy":"product_brand","embeddable":true,"href":"https:\/\/rapunzelcoils.se\/sw\/wp-json\/wp\/v2\/product_brand?post=5961"},{"taxonomy":"product_cat","embeddable":true,"href":"https:\/\/rapunzelcoils.se\/sw\/wp-json\/wp\/v2\/product_cat?post=5961"},{"taxonomy":"product_tag","embeddable":true,"href":"https:\/\/rapunzelcoils.se\/sw\/wp-json\/wp\/v2\/product_tag?post=5961"}],"curies":[{"name":"wp","href":"https:\/\/api.w.org\/{rel}","templated":true}]}}