{"id":5960,"date":"2022-01-19T05:05:24","date_gmt":"2022-01-19T02:05:24","guid":{"rendered":"http:\/\/nicherenterprise.co.ke\/rapunzel\/?post_type=product&#038;p=5960"},"modified":"2026-01-13T02:12:05","modified_gmt":"2026-01-12T23:12:05","slug":"lush-curl-styling-milk","status":"publish","type":"product","link":"https:\/\/rapunzelcoils.se\/sw\/produkt\/lush-curl-styling-milk\/","title":{"rendered":"Lush \u2013 Stylingmj\u00f6lk f\u00f6r lockar"},"content":{"rendered":"","protected":false},"excerpt":{"rendered":"<p>En l\u00e4tt, vegansk stylingmj\u00f6lk f\u00f6r lockar som \u00e5terfuktar, v\u00e5rdar och aktiverar lockarna utan att tynga ner dem.<\/p>\n<p>Formulerad med ayurvediska v\u00e4xtextrakt, blomvatten och n\u00e4rande v\u00e4xtsm\u00f6r f\u00f6r mjuka, \u00e5terfuktade lockar.<\/p>\n<p>Perfekt f\u00f6r allt v\u00e5gigt, lockigt, krulligt och afrotexturerat h\u00e5r.<\/p>\n<p>F\u00f6lj upp med Harmony om ditt m\u00e5l \u00e4r \u00e5terfuktade och definierade lockar.<\/p>","protected":false},"featured_media":9841,"comment_status":"open","ping_status":"closed","template":"","meta":{"inline_featured_image":false},"product_brand":[],"product_cat":[109,114,108,113,107,115],"product_tag":[],"class_list":{"0":"post-5960","1":"product","2":"type-product","3":"status-publish","4":"has-post-thumbnail","6":"product_cat-healthy-curls","7":"product_cat-lco","8":"product_cat-length-retention","9":"product_cat-loc","10":"product_cat-moisture","11":"product_cat-protective-styling","13":"first","14":"instock","15":"shipping-taxable","16":"purchasable","17":"product-type-variable"},"acf":[],"yoast_head":"<!-- This site is optimized with the Yoast SEO plugin v21.9.1 - https:\/\/yoast.com\/wordpress\/plugins\/seo\/ -->\n<title>Lush - Curl Styling Milk - Rapunzel Coils<\/title>\n<meta name=\"description\" content=\"Lightweight vegan curl styling milk that hydrates, conditions, and activates wavy, curly, coily &amp; afro-textured hair. Made in Sweden.\" \/>\n<meta name=\"robots\" content=\"index, follow, max-snippet:-1, max-image-preview:large, max-video-preview:-1\" \/>\n<link rel=\"canonical\" href=\"https:\/\/rapunzelcoils.se\/sw\/produkt\/lush-curl-styling-milk\/\" \/>\n<meta property=\"og:locale\" content=\"sv_SE\" \/>\n<meta property=\"og:type\" content=\"article\" \/>\n<meta property=\"og:title\" content=\"Lush - Curl Styling Milk - Rapunzel Coils\" \/>\n<meta property=\"og:description\" content=\"Lightweight vegan curl styling milk that hydrates, conditions, and activates wavy, curly, coily &amp; afro-textured hair. Made in Sweden.\" \/>\n<meta property=\"og:url\" content=\"https:\/\/rapunzelcoils.se\/sw\/produkt\/lush-curl-styling-milk\/\" \/>\n<meta property=\"og:site_name\" content=\"Rapunzel Coils\" \/>\n<meta property=\"article:modified_time\" content=\"2026-01-12T23:12:05+00:00\" \/>\n<meta property=\"og:image\" content=\"https:\/\/rapunzelcoils.se\/wp-content\/uploads\/2022\/01\/Photoroom_20251211_130933.jpeg\" \/>\n\t<meta property=\"og:image:width\" content=\"1512\" \/>\n\t<meta property=\"og:image:height\" content=\"1512\" \/>\n\t<meta property=\"og:image:type\" content=\"image\/jpeg\" \/>\n<meta name=\"twitter:card\" content=\"summary_large_image\" \/>\n<meta name=\"twitter:label1\" content=\"Ber\u00e4knad l\u00e4stid\" \/>\n\t<meta name=\"twitter:data1\" content=\"1 minut\" \/>\n<script type=\"application\/ld+json\" class=\"yoast-schema-graph\">{\"@context\":\"https:\/\/schema.org\",\"@graph\":[{\"@type\":\"WebPage\",\"@id\":\"https:\/\/rapunzelcoils.se\/product\/lush-curl-styling-milk\/\",\"url\":\"https:\/\/rapunzelcoils.se\/product\/lush-curl-styling-milk\/\",\"name\":\"Lush - Curl Styling Milk - Rapunzel Coils\",\"isPartOf\":{\"@id\":\"https:\/\/rapunzelcoils.se\/#website\"},\"datePublished\":\"2022-01-19T02:05:24+00:00\",\"dateModified\":\"2026-01-12T23:12:05+00:00\",\"description\":\"Lightweight vegan curl styling milk that hydrates, conditions, and activates wavy, curly, coily & afro-textured hair. Made in Sweden.\",\"breadcrumb\":{\"@id\":\"https:\/\/rapunzelcoils.se\/product\/lush-curl-styling-milk\/#breadcrumb\"},\"inLanguage\":\"sv-SE\",\"potentialAction\":[{\"@type\":\"ReadAction\",\"target\":[\"https:\/\/rapunzelcoils.se\/product\/lush-curl-styling-milk\/\"]}]},{\"@type\":\"BreadcrumbList\",\"@id\":\"https:\/\/rapunzelcoils.se\/product\/lush-curl-styling-milk\/#breadcrumb\",\"itemListElement\":[{\"@type\":\"ListItem\",\"position\":1,\"name\":\"Home\",\"item\":\"https:\/\/rapunzelcoils.se\/\"},{\"@type\":\"ListItem\",\"position\":2,\"name\":\"Shop\",\"item\":\"https:\/\/rapunzelcoils.se\/en\/?page_id=8\"},{\"@type\":\"ListItem\",\"position\":3,\"name\":\"Lush &#8211; Curl Styling Milk\"}]},{\"@type\":\"WebSite\",\"@id\":\"https:\/\/rapunzelcoils.se\/#website\",\"url\":\"https:\/\/rapunzelcoils.se\/\",\"name\":\"Rapunzel Coils\",\"description\":\"Products to give moisture, remove frizz and define curls\",\"publisher\":{\"@id\":\"https:\/\/rapunzelcoils.se\/#organization\"},\"potentialAction\":[{\"@type\":\"SearchAction\",\"target\":{\"@type\":\"EntryPoint\",\"urlTemplate\":\"https:\/\/rapunzelcoils.se\/?s={search_term_string}\"},\"query-input\":\"required name=search_term_string\"}],\"inLanguage\":\"sv-SE\"},{\"@type\":\"Organization\",\"@id\":\"https:\/\/rapunzelcoils.se\/#organization\",\"name\":\"Rapunzel Coils\",\"url\":\"https:\/\/rapunzelcoils.se\/\",\"logo\":{\"@type\":\"ImageObject\",\"inLanguage\":\"sv-SE\",\"@id\":\"https:\/\/rapunzelcoils.se\/#\/schema\/logo\/image\/\",\"url\":\"https:\/\/rapunzelcoils.se\/wp-content\/uploads\/2022\/01\/Black-Transparent-Logo-scaled.png\",\"contentUrl\":\"https:\/\/rapunzelcoils.se\/wp-content\/uploads\/2022\/01\/Black-Transparent-Logo-scaled.png\",\"width\":2560,\"height\":869,\"caption\":\"Rapunzel Coils\"},\"image\":{\"@id\":\"https:\/\/rapunzelcoils.se\/#\/schema\/logo\/image\/\"}}]}<\/script>\n<!-- \/ Yoast SEO plugin. -->","yoast_head_json":{"title":"Lush - Curl Styling Milk - Rapunzel Coils","description":"Lightweight vegan curl styling milk that hydrates, conditions, and activates wavy, curly, coily & afro-textured hair. Made in Sweden.","robots":{"index":"index","follow":"follow","max-snippet":"max-snippet:-1","max-image-preview":"max-image-preview:large","max-video-preview":"max-video-preview:-1"},"canonical":"https:\/\/rapunzelcoils.se\/sw\/produkt\/lush-curl-styling-milk\/","og_locale":"sv_SE","og_type":"article","og_title":"Lush - Curl Styling Milk - Rapunzel Coils","og_description":"Lightweight vegan curl styling milk that hydrates, conditions, and activates wavy, curly, coily & afro-textured hair. Made in Sweden.","og_url":"https:\/\/rapunzelcoils.se\/sw\/produkt\/lush-curl-styling-milk\/","og_site_name":"Rapunzel Coils","article_modified_time":"2026-01-12T23:12:05+00:00","og_image":[{"width":1512,"height":1512,"url":"https:\/\/rapunzelcoils.se\/wp-content\/uploads\/2022\/01\/Photoroom_20251211_130933.jpeg","type":"image\/jpeg"}],"twitter_card":"summary_large_image","twitter_misc":{"Ber\u00e4knad l\u00e4stid":"1 minut"},"schema":{"@context":"https:\/\/schema.org","@graph":[{"@type":"WebPage","@id":"https:\/\/rapunzelcoils.se\/product\/lush-curl-styling-milk\/","url":"https:\/\/rapunzelcoils.se\/product\/lush-curl-styling-milk\/","name":"Lush - Curl Styling Milk - Rapunzel Coils","isPartOf":{"@id":"https:\/\/rapunzelcoils.se\/#website"},"datePublished":"2022-01-19T02:05:24+00:00","dateModified":"2026-01-12T23:12:05+00:00","description":"Lightweight vegan curl styling milk that hydrates, conditions, and activates wavy, curly, coily & afro-textured hair. Made in Sweden.","breadcrumb":{"@id":"https:\/\/rapunzelcoils.se\/product\/lush-curl-styling-milk\/#breadcrumb"},"inLanguage":"sv-SE","potentialAction":[{"@type":"ReadAction","target":["https:\/\/rapunzelcoils.se\/product\/lush-curl-styling-milk\/"]}]},{"@type":"BreadcrumbList","@id":"https:\/\/rapunzelcoils.se\/product\/lush-curl-styling-milk\/#breadcrumb","itemListElement":[{"@type":"ListItem","position":1,"name":"Home","item":"https:\/\/rapunzelcoils.se\/"},{"@type":"ListItem","position":2,"name":"Shop","item":"https:\/\/rapunzelcoils.se\/en\/?page_id=8"},{"@type":"ListItem","position":3,"name":"Lush &#8211; Curl Styling Milk"}]},{"@type":"WebSite","@id":"https:\/\/rapunzelcoils.se\/#website","url":"https:\/\/rapunzelcoils.se\/","name":"Rapunzel-spolar","description":"Produkter f\u00f6r att ge fukt, ta bort friss och definiera lockar","publisher":{"@id":"https:\/\/rapunzelcoils.se\/#organization"},"potentialAction":[{"@type":"SearchAction","target":{"@type":"EntryPoint","urlTemplate":"https:\/\/rapunzelcoils.se\/?s={search_term_string}"},"query-input":"required name=search_term_string"}],"inLanguage":"sv-SE"},{"@type":"Organization","@id":"https:\/\/rapunzelcoils.se\/#organization","name":"Rapunzel-spolar","url":"https:\/\/rapunzelcoils.se\/","logo":{"@type":"ImageObject","inLanguage":"sv-SE","@id":"https:\/\/rapunzelcoils.se\/#\/schema\/logo\/image\/","url":"https:\/\/rapunzelcoils.se\/wp-content\/uploads\/2022\/01\/Black-Transparent-Logo-scaled.png","contentUrl":"https:\/\/rapunzelcoils.se\/wp-content\/uploads\/2022\/01\/Black-Transparent-Logo-scaled.png","width":2560,"height":869,"caption":"Rapunzel Coils"},"image":{"@id":"https:\/\/rapunzelcoils.se\/#\/schema\/logo\/image\/"}}]}},"_links":{"self":[{"href":"https:\/\/rapunzelcoils.se\/sw\/wp-json\/wp\/v2\/product\/5960","targetHints":{"allow":["GET"]}}],"collection":[{"href":"https:\/\/rapunzelcoils.se\/sw\/wp-json\/wp\/v2\/product"}],"about":[{"href":"https:\/\/rapunzelcoils.se\/sw\/wp-json\/wp\/v2\/types\/product"}],"replies":[{"embeddable":true,"href":"https:\/\/rapunzelcoils.se\/sw\/wp-json\/wp\/v2\/comments?post=5960"}],"version-history":[{"count":1,"href":"https:\/\/rapunzelcoils.se\/sw\/wp-json\/wp\/v2\/product\/5960\/revisions"}],"predecessor-version":[{"id":9753,"href":"https:\/\/rapunzelcoils.se\/sw\/wp-json\/wp\/v2\/product\/5960\/revisions\/9753"}],"wp:featuredmedia":[{"embeddable":true,"href":"https:\/\/rapunzelcoils.se\/sw\/wp-json\/wp\/v2\/media\/9841"}],"wp:attachment":[{"href":"https:\/\/rapunzelcoils.se\/sw\/wp-json\/wp\/v2\/media?parent=5960"}],"wp:term":[{"taxonomy":"product_brand","embeddable":true,"href":"https:\/\/rapunzelcoils.se\/sw\/wp-json\/wp\/v2\/product_brand?post=5960"},{"taxonomy":"product_cat","embeddable":true,"href":"https:\/\/rapunzelcoils.se\/sw\/wp-json\/wp\/v2\/product_cat?post=5960"},{"taxonomy":"product_tag","embeddable":true,"href":"https:\/\/rapunzelcoils.se\/sw\/wp-json\/wp\/v2\/product_tag?post=5960"}],"curies":[{"name":"wp","href":"https:\/\/api.w.org\/{rel}","templated":true}]}}