{"id":9070,"date":"2025-10-23T18:13:31","date_gmt":"2025-10-23T15:13:31","guid":{"rendered":"https:\/\/avta-africa.org\/rapunzelcoils\/password-recovery\/"},"modified":"2025-10-25T03:55:32","modified_gmt":"2025-10-25T00:55:32","slug":"password-recovery","status":"publish","type":"page","link":"https:\/\/rapunzelcoils.se\/sw\/password-recovery\/","title":{"rendered":"\u00c5terst\u00e4llning av l\u00f6senord"},"content":{"rendered":"<div data-elementor-type=\"wp-page\" data-elementor-id=\"9070\" class=\"elementor elementor-9070\" data-elementor-post-type=\"page\">\n\t\t\t\t\t\t<section class=\"elementor-section elementor-top-section elementor-element elementor-element-4fb98bce elementor-section-boxed elementor-section-height-default elementor-section-height-default\" data-id=\"4fb98bce\" data-element_type=\"section\" data-e-type=\"section\">\n\t\t\t\t\t\t<div class=\"elementor-container elementor-column-gap-default\">\n\t\t\t\t\t<div class=\"elementor-column elementor-col-100 elementor-top-column elementor-element elementor-element-7636c808\" data-id=\"7636c808\" data-element_type=\"column\" data-e-type=\"column\">\n\t\t\t<div class=\"elementor-widget-wrap elementor-element-populated\">\n\t\t\t\t\t\t<div class=\"elementor-element elementor-element-3318d5fc elementor-widget elementor-widget-shortcode\" data-id=\"3318d5fc\" data-element_type=\"widget\" data-e-type=\"widget\" data-widget_type=\"shortcode.default\">\n\t\t\t\t<div class=\"elementor-widget-container\">\n\t\t\t\t\t\t\t<div class=\"elementor-shortcode\"><div class=\"tlaw-form tlaw-form--lost\">\n            <h2 class=\"tlaw-form__title\">Forgot your password?<\/h2>\n                <p class=\"tlaw-form__text\">Enter your username or email address and we will send you a link to reset your password.<\/p>\n        <form class=\"tlaw-form__body\" method=\"post\" action=\"https:\/\/rapunzelcoils.se\/sw\/\" data-trp-original-action=\"https:\/\/rapunzelcoils.se\/sw\/\">\n        <div class=\"tlaw-form__row\">\n            <label class=\"tlaw-form__label\" for=\"tlaw_user_login\">Username or email<\/label>\n            <input class=\"tlaw-input\" type=\"text\" name=\"user_login\" id=\"tlaw_user_login\" required placeholder=\"Enter your username or email\">\n        <\/div>\n        <input type=\"hidden\" name=\"tlaw_action\" value=\"lost_password\">\n        <input type=\"hidden\" id=\"tlaw_nonce\" name=\"tlaw_nonce\" value=\"2983e450cc\" \/><input type=\"hidden\" name=\"_wp_http_referer\" value=\"\/sw\/wp-json\/wp\/v2\/pages\/9070\" \/>        <button type=\"submit\" class=\"tlaw-button tlaw-button--primary\">Send reset link<\/button>\n    <input type=\"hidden\" name=\"trp-form-language\" value=\"sw\"\/><\/form>\n                <p class=\"tlaw-form__footer\">\n            <a class=\"tlaw-link\" href=\"https:\/\/rapunzelcoils.se\/sw\/account-login\/\">Back to login<\/a>\n        <\/p>\n    <\/div>\n<\/div>\n\t\t\t\t\t\t<\/div>\n\t\t\t\t<\/div>\n\t\t\t\t\t<\/div>\n\t\t<\/div>\n\t\t\t\t\t<\/div>\n\t\t<\/section>\n\t\t\t\t<\/div>","protected":false},"excerpt":{"rendered":"","protected":false},"author":1,"featured_media":0,"parent":0,"menu_order":0,"comment_status":"closed","ping_status":"closed","template":"","meta":{"inline_featured_image":false,"footnotes":""},"class_list":["post-9070","page","type-page","status-publish","hentry"],"acf":[],"yoast_head":"<!-- This site is optimized with the Yoast SEO plugin v21.9.1 - https:\/\/yoast.com\/wordpress\/plugins\/seo\/ -->\n<title>Password Recovery - Rapunzel Coils<\/title>\n<meta name=\"robots\" content=\"index, follow, max-snippet:-1, max-image-preview:large, max-video-preview:-1\" \/>\n<link rel=\"canonical\" href=\"https:\/\/rapunzelcoils.se\/sw\/password-recovery\/\" \/>\n<meta property=\"og:locale\" content=\"sv_SE\" \/>\n<meta property=\"og:type\" content=\"article\" \/>\n<meta property=\"og:title\" content=\"Password Recovery - Rapunzel Coils\" \/>\n<meta property=\"og:url\" content=\"https:\/\/rapunzelcoils.se\/sw\/password-recovery\/\" \/>\n<meta property=\"og:site_name\" content=\"Rapunzel Coils\" \/>\n<meta property=\"article:modified_time\" content=\"2025-10-25T00:55:32+00:00\" \/>\n<meta name=\"twitter:card\" content=\"summary_large_image\" \/>\n<script type=\"application\/ld+json\" class=\"yoast-schema-graph\">{\"@context\":\"https:\/\/schema.org\",\"@graph\":[{\"@type\":\"WebPage\",\"@id\":\"https:\/\/rapunzelcoils.se\/password-recovery\/\",\"url\":\"https:\/\/rapunzelcoils.se\/password-recovery\/\",\"name\":\"Password Recovery - Rapunzel Coils\",\"isPartOf\":{\"@id\":\"https:\/\/rapunzelcoils.se\/#website\"},\"datePublished\":\"2025-10-23T15:13:31+00:00\",\"dateModified\":\"2025-10-25T00:55:32+00:00\",\"breadcrumb\":{\"@id\":\"https:\/\/rapunzelcoils.se\/password-recovery\/#breadcrumb\"},\"inLanguage\":\"sv-SE\",\"potentialAction\":[{\"@type\":\"ReadAction\",\"target\":[\"https:\/\/rapunzelcoils.se\/password-recovery\/\"]}]},{\"@type\":\"BreadcrumbList\",\"@id\":\"https:\/\/rapunzelcoils.se\/password-recovery\/#breadcrumb\",\"itemListElement\":[{\"@type\":\"ListItem\",\"position\":1,\"name\":\"Home\",\"item\":\"https:\/\/rapunzelcoils.se\/\"},{\"@type\":\"ListItem\",\"position\":2,\"name\":\"Password Recovery\"}]},{\"@type\":\"WebSite\",\"@id\":\"https:\/\/rapunzelcoils.se\/#website\",\"url\":\"https:\/\/rapunzelcoils.se\/\",\"name\":\"Rapunzel Coils\",\"description\":\"Products to give moisture, remove frizz and define curls\",\"publisher\":{\"@id\":\"https:\/\/rapunzelcoils.se\/#organization\"},\"potentialAction\":[{\"@type\":\"SearchAction\",\"target\":{\"@type\":\"EntryPoint\",\"urlTemplate\":\"https:\/\/rapunzelcoils.se\/?s={search_term_string}\"},\"query-input\":\"required name=search_term_string\"}],\"inLanguage\":\"sv-SE\"},{\"@type\":\"Organization\",\"@id\":\"https:\/\/rapunzelcoils.se\/#organization\",\"name\":\"Rapunzel Coils\",\"url\":\"https:\/\/rapunzelcoils.se\/\",\"logo\":{\"@type\":\"ImageObject\",\"inLanguage\":\"sv-SE\",\"@id\":\"https:\/\/rapunzelcoils.se\/#\/schema\/logo\/image\/\",\"url\":\"https:\/\/rapunzelcoils.se\/wp-content\/uploads\/2022\/01\/Black-Transparent-Logo-scaled.png\",\"contentUrl\":\"https:\/\/rapunzelcoils.se\/wp-content\/uploads\/2022\/01\/Black-Transparent-Logo-scaled.png\",\"width\":2560,\"height\":869,\"caption\":\"Rapunzel Coils\"},\"image\":{\"@id\":\"https:\/\/rapunzelcoils.se\/#\/schema\/logo\/image\/\"}}]}<\/script>\n<!-- \/ Yoast SEO plugin. -->","yoast_head_json":{"title":"Password Recovery - Rapunzel Coils","robots":{"index":"index","follow":"follow","max-snippet":"max-snippet:-1","max-image-preview":"max-image-preview:large","max-video-preview":"max-video-preview:-1"},"canonical":"https:\/\/rapunzelcoils.se\/sw\/password-recovery\/","og_locale":"sv_SE","og_type":"article","og_title":"Password Recovery - Rapunzel Coils","og_url":"https:\/\/rapunzelcoils.se\/sw\/password-recovery\/","og_site_name":"Rapunzel Coils","article_modified_time":"2025-10-25T00:55:32+00:00","twitter_card":"summary_large_image","schema":{"@context":"https:\/\/schema.org","@graph":[{"@type":"WebPage","@id":"https:\/\/rapunzelcoils.se\/password-recovery\/","url":"https:\/\/rapunzelcoils.se\/password-recovery\/","name":"Password Recovery - Rapunzel Coils","isPartOf":{"@id":"https:\/\/rapunzelcoils.se\/#website"},"datePublished":"2025-10-23T15:13:31+00:00","dateModified":"2025-10-25T00:55:32+00:00","breadcrumb":{"@id":"https:\/\/rapunzelcoils.se\/password-recovery\/#breadcrumb"},"inLanguage":"sv-SE","potentialAction":[{"@type":"ReadAction","target":["https:\/\/rapunzelcoils.se\/password-recovery\/"]}]},{"@type":"BreadcrumbList","@id":"https:\/\/rapunzelcoils.se\/password-recovery\/#breadcrumb","itemListElement":[{"@type":"ListItem","position":1,"name":"Home","item":"https:\/\/rapunzelcoils.se\/"},{"@type":"ListItem","position":2,"name":"Password Recovery"}]},{"@type":"WebSite","@id":"https:\/\/rapunzelcoils.se\/#website","url":"https:\/\/rapunzelcoils.se\/","name":"Rapunzel-spolar","description":"Produkter f\u00f6r att ge fukt, ta bort friss och definiera lockar","publisher":{"@id":"https:\/\/rapunzelcoils.se\/#organization"},"potentialAction":[{"@type":"SearchAction","target":{"@type":"EntryPoint","urlTemplate":"https:\/\/rapunzelcoils.se\/?s={search_term_string}"},"query-input":"required name=search_term_string"}],"inLanguage":"sv-SE"},{"@type":"Organization","@id":"https:\/\/rapunzelcoils.se\/#organization","name":"Rapunzel-spolar","url":"https:\/\/rapunzelcoils.se\/","logo":{"@type":"ImageObject","inLanguage":"sv-SE","@id":"https:\/\/rapunzelcoils.se\/#\/schema\/logo\/image\/","url":"https:\/\/rapunzelcoils.se\/wp-content\/uploads\/2022\/01\/Black-Transparent-Logo-scaled.png","contentUrl":"https:\/\/rapunzelcoils.se\/wp-content\/uploads\/2022\/01\/Black-Transparent-Logo-scaled.png","width":2560,"height":869,"caption":"Rapunzel Coils"},"image":{"@id":"https:\/\/rapunzelcoils.se\/#\/schema\/logo\/image\/"}}]}},"_links":{"self":[{"href":"https:\/\/rapunzelcoils.se\/sw\/wp-json\/wp\/v2\/pages\/9070","targetHints":{"allow":["GET"]}}],"collection":[{"href":"https:\/\/rapunzelcoils.se\/sw\/wp-json\/wp\/v2\/pages"}],"about":[{"href":"https:\/\/rapunzelcoils.se\/sw\/wp-json\/wp\/v2\/types\/page"}],"author":[{"embeddable":true,"href":"https:\/\/rapunzelcoils.se\/sw\/wp-json\/wp\/v2\/users\/1"}],"replies":[{"embeddable":true,"href":"https:\/\/rapunzelcoils.se\/sw\/wp-json\/wp\/v2\/comments?post=9070"}],"version-history":[{"count":3,"href":"https:\/\/rapunzelcoils.se\/sw\/wp-json\/wp\/v2\/pages\/9070\/revisions"}],"predecessor-version":[{"id":9089,"href":"https:\/\/rapunzelcoils.se\/sw\/wp-json\/wp\/v2\/pages\/9070\/revisions\/9089"}],"wp:attachment":[{"href":"https:\/\/rapunzelcoils.se\/sw\/wp-json\/wp\/v2\/media?parent=9070"}],"curies":[{"name":"wp","href":"https:\/\/api.w.org\/{rel}","templated":true}]}}