{"id":6750,"date":"2022-12-06T02:18:33","date_gmt":"2022-12-05T23:18:33","guid":{"rendered":"https:\/\/www.rapunzelcoils.se\/?page_id=6750"},"modified":"2023-11-09T22:34:24","modified_gmt":"2023-11-09T19:34:24","slug":"shopping","status":"publish","type":"page","link":"https:\/\/rapunzelcoils.se\/sw\/shopping\/","title":{"rendered":"shopping"},"content":{"rendered":"<div data-elementor-type=\"wp-page\" data-elementor-id=\"6750\" class=\"elementor elementor-6750\" data-elementor-post-type=\"page\">\n\t\t\t\t\t\t<section class=\"elementor-section elementor-top-section elementor-element elementor-element-a3d1fd9 elementor-section-boxed elementor-section-height-default elementor-section-height-default\" data-id=\"a3d1fd9\" data-element_type=\"section\" data-e-type=\"section\">\n\t\t\t\t\t\t<div class=\"elementor-container elementor-column-gap-default\">\n\t\t\t\t\t<div class=\"elementor-column elementor-col-100 elementor-top-column elementor-element elementor-element-45bc8b3\" data-id=\"45bc8b3\" data-element_type=\"column\" data-e-type=\"column\">\n\t\t\t<div class=\"elementor-widget-wrap elementor-element-populated\">\n\t\t\t\t\t\t<div class=\"elementor-element elementor-element-f5deb96 elementor-widget elementor-widget-shopengine-filterable-product-list\" data-id=\"f5deb96\" data-element_type=\"widget\" data-e-type=\"widget\" data-widget_type=\"shopengine-filterable-product-list.default\">\n\t\t\t\t<div class=\"elementor-widget-container\">\n\t\t\t\t\t<div class=\"shopengine shopengine-widget\"><\/div>\t\t\t\t<\/div>\n\t\t\t\t<\/div>\n\t\t\t\t\t<\/div>\n\t\t<\/div>\n\t\t\t\t\t<\/div>\n\t\t<\/section>\n\t\t\t\t<\/div>","protected":false},"excerpt":{"rendered":"<p>V\u00e4lj alternativ Friska lockar, LCO, L\u00e4ngdbevarande, LOC, Fukt, Skyddande styling Lush \u2013 Curl Styling Milk Betyg 4.40 av 5(5) 84.00 kr \u2013 209.00 kr V\u00e4lj alternativ L\u00e4s mer LCO, L\u00e4ngdbevarande, LOC, Skyddande styling, Sealant, Tjockt h\u00e5r Essence \u2013 Softening Chebe Cream Betyg 5.00 av 5(3) 240.00 kr L\u00e4s mer L\u00e4s mer H\u00e5ravbrott\/Tunnande h\u00e5r\/Svagt h\u00e5r, [\u2026]<\/p>","protected":false},"author":2,"featured_media":0,"parent":0,"menu_order":0,"comment_status":"closed","ping_status":"closed","template":"elementor_header_footer","meta":{"inline_featured_image":false,"footnotes":""},"class_list":["post-6750","page","type-page","status-publish","hentry"],"acf":[],"yoast_head":"<!-- This site is optimized with the Yoast SEO plugin v21.9.1 - https:\/\/yoast.com\/wordpress\/plugins\/seo\/ -->\n<title>shopping - Rapunzel Coils<\/title>\n<meta name=\"robots\" content=\"index, follow, max-snippet:-1, max-image-preview:large, max-video-preview:-1\" \/>\n<link rel=\"canonical\" href=\"https:\/\/rapunzelcoils.se\/sw\/shopping\/\" \/>\n<meta property=\"og:locale\" content=\"sv_SE\" \/>\n<meta property=\"og:type\" content=\"article\" \/>\n<meta property=\"og:title\" content=\"shopping - Rapunzel Coils\" \/>\n<meta property=\"og:description\" content=\"Select options Healthy curls, LCO, Length Retention, LOC, Moisture, Protective styling Lush &#8211; Curl Styling Milk Rated 4.40 out of 5(5) &#107;&#114;84.00 &ndash; &#107;&#114;209.00 Select options Read more LCO, Length Retention, LOC, Protective styling, Sealant, Thick hair Essence &#8211; Softening Chebe Cream Rated 5.00 out of 5(3) &#107;&#114;240.00 Read more Read more Breaking\/Thinning Hair\/Weak Hair, [&hellip;]\" \/>\n<meta property=\"og:url\" content=\"https:\/\/rapunzelcoils.se\/sw\/shopping\/\" \/>\n<meta property=\"og:site_name\" content=\"Rapunzel Coils\" \/>\n<meta property=\"article:modified_time\" content=\"2023-11-09T19:34:24+00:00\" \/>\n<meta property=\"og:image\" content=\"https:\/\/www.rapunzelcoils.se\/wp-content\/uploads\/2022\/01\/MG_7653-PhotoRoom-PhotoRoom.jpg\" \/>\n<meta name=\"twitter:card\" content=\"summary_large_image\" \/>\n<meta name=\"twitter:label1\" content=\"Ber\u00e4knad l\u00e4stid\" \/>\n\t<meta name=\"twitter:data1\" content=\"2 minuter\" \/>\n<script type=\"application\/ld+json\" class=\"yoast-schema-graph\">{\"@context\":\"https:\/\/schema.org\",\"@graph\":[{\"@type\":\"WebPage\",\"@id\":\"https:\/\/rapunzelcoils.se\/shopping\/\",\"url\":\"https:\/\/rapunzelcoils.se\/shopping\/\",\"name\":\"shopping - Rapunzel Coils\",\"isPartOf\":{\"@id\":\"https:\/\/rapunzelcoils.se\/#website\"},\"datePublished\":\"2022-12-05T23:18:33+00:00\",\"dateModified\":\"2023-11-09T19:34:24+00:00\",\"breadcrumb\":{\"@id\":\"https:\/\/rapunzelcoils.se\/shopping\/#breadcrumb\"},\"inLanguage\":\"sv-SE\",\"potentialAction\":[{\"@type\":\"ReadAction\",\"target\":[\"https:\/\/rapunzelcoils.se\/shopping\/\"]}]},{\"@type\":\"BreadcrumbList\",\"@id\":\"https:\/\/rapunzelcoils.se\/shopping\/#breadcrumb\",\"itemListElement\":[{\"@type\":\"ListItem\",\"position\":1,\"name\":\"Home\",\"item\":\"https:\/\/rapunzelcoils.se\/\"},{\"@type\":\"ListItem\",\"position\":2,\"name\":\"shopping\"}]},{\"@type\":\"WebSite\",\"@id\":\"https:\/\/rapunzelcoils.se\/#website\",\"url\":\"https:\/\/rapunzelcoils.se\/\",\"name\":\"Rapunzel Coils\",\"description\":\"Products to give moisture, remove frizz and define curls\",\"publisher\":{\"@id\":\"https:\/\/rapunzelcoils.se\/#organization\"},\"potentialAction\":[{\"@type\":\"SearchAction\",\"target\":{\"@type\":\"EntryPoint\",\"urlTemplate\":\"https:\/\/rapunzelcoils.se\/?s={search_term_string}\"},\"query-input\":\"required name=search_term_string\"}],\"inLanguage\":\"sv-SE\"},{\"@type\":\"Organization\",\"@id\":\"https:\/\/rapunzelcoils.se\/#organization\",\"name\":\"Rapunzel Coils\",\"url\":\"https:\/\/rapunzelcoils.se\/\",\"logo\":{\"@type\":\"ImageObject\",\"inLanguage\":\"sv-SE\",\"@id\":\"https:\/\/rapunzelcoils.se\/#\/schema\/logo\/image\/\",\"url\":\"https:\/\/rapunzelcoils.se\/wp-content\/uploads\/2022\/01\/Black-Transparent-Logo-scaled.png\",\"contentUrl\":\"https:\/\/rapunzelcoils.se\/wp-content\/uploads\/2022\/01\/Black-Transparent-Logo-scaled.png\",\"width\":2560,\"height\":869,\"caption\":\"Rapunzel Coils\"},\"image\":{\"@id\":\"https:\/\/rapunzelcoils.se\/#\/schema\/logo\/image\/\"}}]}<\/script>\n<!-- \/ Yoast SEO plugin. -->","yoast_head_json":{"title":"shopping - Rapunzel Coils","robots":{"index":"index","follow":"follow","max-snippet":"max-snippet:-1","max-image-preview":"max-image-preview:large","max-video-preview":"max-video-preview:-1"},"canonical":"https:\/\/rapunzelcoils.se\/sw\/shopping\/","og_locale":"sv_SE","og_type":"article","og_title":"shopping - Rapunzel Coils","og_description":"Select options Healthy curls, LCO, Length Retention, LOC, Moisture, Protective styling Lush &#8211; Curl Styling Milk Rated 4.40 out of 5(5) &#107;&#114;84.00 &ndash; &#107;&#114;209.00 Select options Read more LCO, Length Retention, LOC, Protective styling, Sealant, Thick hair Essence &#8211; Softening Chebe Cream Rated 5.00 out of 5(3) &#107;&#114;240.00 Read more Read more Breaking\/Thinning Hair\/Weak Hair, [&hellip;]","og_url":"https:\/\/rapunzelcoils.se\/sw\/shopping\/","og_site_name":"Rapunzel Coils","article_modified_time":"2023-11-09T19:34:24+00:00","og_image":[{"url":"https:\/\/www.rapunzelcoils.se\/wp-content\/uploads\/2022\/01\/MG_7653-PhotoRoom-PhotoRoom.jpg"}],"twitter_card":"summary_large_image","twitter_misc":{"Ber\u00e4knad l\u00e4stid":"2 minuter"},"schema":{"@context":"https:\/\/schema.org","@graph":[{"@type":"WebPage","@id":"https:\/\/rapunzelcoils.se\/shopping\/","url":"https:\/\/rapunzelcoils.se\/shopping\/","name":"shopping - Rapunzel Coils","isPartOf":{"@id":"https:\/\/rapunzelcoils.se\/#website"},"datePublished":"2022-12-05T23:18:33+00:00","dateModified":"2023-11-09T19:34:24+00:00","breadcrumb":{"@id":"https:\/\/rapunzelcoils.se\/shopping\/#breadcrumb"},"inLanguage":"sv-SE","potentialAction":[{"@type":"ReadAction","target":["https:\/\/rapunzelcoils.se\/shopping\/"]}]},{"@type":"BreadcrumbList","@id":"https:\/\/rapunzelcoils.se\/shopping\/#breadcrumb","itemListElement":[{"@type":"ListItem","position":1,"name":"Home","item":"https:\/\/rapunzelcoils.se\/"},{"@type":"ListItem","position":2,"name":"shopping"}]},{"@type":"WebSite","@id":"https:\/\/rapunzelcoils.se\/#website","url":"https:\/\/rapunzelcoils.se\/","name":"Rapunzel-spolar","description":"Produkter f\u00f6r att ge fukt, ta bort friss och definiera lockar","publisher":{"@id":"https:\/\/rapunzelcoils.se\/#organization"},"potentialAction":[{"@type":"SearchAction","target":{"@type":"EntryPoint","urlTemplate":"https:\/\/rapunzelcoils.se\/?s={search_term_string}"},"query-input":"required name=search_term_string"}],"inLanguage":"sv-SE"},{"@type":"Organization","@id":"https:\/\/rapunzelcoils.se\/#organization","name":"Rapunzel-spolar","url":"https:\/\/rapunzelcoils.se\/","logo":{"@type":"ImageObject","inLanguage":"sv-SE","@id":"https:\/\/rapunzelcoils.se\/#\/schema\/logo\/image\/","url":"https:\/\/rapunzelcoils.se\/wp-content\/uploads\/2022\/01\/Black-Transparent-Logo-scaled.png","contentUrl":"https:\/\/rapunzelcoils.se\/wp-content\/uploads\/2022\/01\/Black-Transparent-Logo-scaled.png","width":2560,"height":869,"caption":"Rapunzel Coils"},"image":{"@id":"https:\/\/rapunzelcoils.se\/#\/schema\/logo\/image\/"}}]}},"_links":{"self":[{"href":"https:\/\/rapunzelcoils.se\/sw\/wp-json\/wp\/v2\/pages\/6750","targetHints":{"allow":["GET"]}}],"collection":[{"href":"https:\/\/rapunzelcoils.se\/sw\/wp-json\/wp\/v2\/pages"}],"about":[{"href":"https:\/\/rapunzelcoils.se\/sw\/wp-json\/wp\/v2\/types\/page"}],"author":[{"embeddable":true,"href":"https:\/\/rapunzelcoils.se\/sw\/wp-json\/wp\/v2\/users\/2"}],"replies":[{"embeddable":true,"href":"https:\/\/rapunzelcoils.se\/sw\/wp-json\/wp\/v2\/comments?post=6750"}],"version-history":[{"count":0,"href":"https:\/\/rapunzelcoils.se\/sw\/wp-json\/wp\/v2\/pages\/6750\/revisions"}],"wp:attachment":[{"href":"https:\/\/rapunzelcoils.se\/sw\/wp-json\/wp\/v2\/media?parent=6750"}],"curies":[{"name":"wp","href":"https:\/\/api.w.org\/{rel}","templated":true}]}}