{"id":6143,"date":"2022-02-03T09:30:39","date_gmt":"2022-02-03T06:30:39","guid":{"rendered":"http:\/\/nicherenterprise.co.ke\/rapunzel\/?page_id=6143"},"modified":"2026-01-13T02:49:57","modified_gmt":"2026-01-12T23:49:57","slug":"about","status":"publish","type":"page","link":"https:\/\/rapunzelcoils.se\/sw\/about\/","title":{"rendered":"Varf\u00f6r"},"content":{"rendered":"<div data-elementor-type=\"wp-page\" data-elementor-id=\"6143\" class=\"elementor elementor-6143\" data-elementor-post-type=\"page\">\n\t\t\t\t\t\t<section class=\"elementor-section elementor-top-section elementor-element elementor-element-3fa62754 elementor-section-full_width elementor-section-height-default elementor-section-height-default\" data-id=\"3fa62754\" data-element_type=\"section\" data-e-type=\"section\" data-settings=\"{&quot;background_background&quot;:&quot;classic&quot;}\">\n\t\t\t\t\t\t<div class=\"elementor-container elementor-column-gap-default\">\n\t\t\t\t\t<div class=\"elementor-column elementor-col-100 elementor-top-column elementor-element elementor-element-6361758f\" data-id=\"6361758f\" data-element_type=\"column\" data-e-type=\"column\" data-settings=\"{&quot;background_background&quot;:&quot;classic&quot;}\">\n\t\t\t<div class=\"elementor-widget-wrap elementor-element-populated\">\n\t\t\t\t\t<div class=\"elementor-background-overlay\"><\/div>\n\t\t\t\t\t\t\t<\/div>\n\t\t<\/div>\n\t\t\t\t\t<\/div>\n\t\t<\/section>\n\t\t\t\t<section class=\"elementor-section elementor-top-section elementor-element elementor-element-6780419 elementor-section-stretched elementor-section-boxed elementor-section-height-default elementor-section-height-default\" data-id=\"6780419\" data-element_type=\"section\" data-e-type=\"section\" data-settings=\"{&quot;stretch_section&quot;:&quot;section-stretched&quot;}\">\n\t\t\t\t\t\t<div class=\"elementor-container elementor-column-gap-default\">\n\t\t\t\t\t<div class=\"elementor-column elementor-col-16 elementor-top-column elementor-element elementor-element-eeec726\" data-id=\"eeec726\" data-element_type=\"column\" data-e-type=\"column\" data-settings=\"{&quot;background_background&quot;:&quot;classic&quot;}\">\n\t\t\t<div class=\"elementor-widget-wrap\">\n\t\t\t\t\t\t\t<\/div>\n\t\t<\/div>\n\t\t\t\t<div class=\"elementor-column elementor-col-66 elementor-top-column elementor-element elementor-element-14f37d3\" data-id=\"14f37d3\" data-element_type=\"column\" data-e-type=\"column\">\n\t\t\t<div class=\"elementor-widget-wrap elementor-element-populated\">\n\t\t\t\t\t\t<div class=\"elementor-element elementor-element-b124120 elementor-widget elementor-widget-text-editor\" data-id=\"b124120\" data-element_type=\"widget\" data-e-type=\"widget\" data-widget_type=\"text-editor.default\">\n\t\t\t\t<div class=\"elementor-widget-container\">\n\t\t\t\t\t\t\t\t\t<p class=\"my-2 [&amp;+p]:mt-4 [&amp;_strong:has(+br)]:inline-block [&amp;_strong:has(+br)]:pb-2\">Rapunzel Coils \u00e4r ett svenskt h\u00e5rv\u00e5rdsm\u00e4rke f\u00f6r lockigt h\u00e5r grundat 2020, dedikerat till rena, naturliga, veganska formuleringar som ger n\u00e4ring \u00e5t h\u00e5rbotten och h\u00e5ret f\u00f6r friskare lockar, tillv\u00e4xt och l\u00e4ngdbevarande f\u00f6r m\u00e4n, kvinnor och barn. F\u00f6tt ur en mammas resa att f\u00e5 slut p\u00e5 skadliga salongsmetoder, utvecklades m\u00e4rket i Sverige f\u00f6r att h\u00e5lla varje formulering 100% naturlig och s\u00e4ker samtidigt som den ger resultat f\u00f6r riktiga lockar.<\/p><p class=\"my-2 [&amp;+p]:mt-4 [&amp;_strong:has(+br)]:inline-block [&amp;_strong:has(+br)]:pb-2\">\u00a0<\/p><h2 class=\"mb-2 mt-4 font-display font-semimedium text-base first:mt-0\">V\u00e5r ber\u00e4ttelse<\/h2><p class=\"my-2 [&amp;+p]:mt-4 [&amp;_strong:has(+br)]:inline-block [&amp;_strong:has(+br)]:pb-2\">Rapunzel Coils historia b\u00f6rjade med en mamma som ville att hennes dotter skulle \u00e4lska strama lockar utan kompromisser och f\u00f6rkastade salongskulturen som prioriterade stilar framf\u00f6r h\u00e5rh\u00e4lsa. Genom omfattande forskning och samarbete med professionella yrkesverksamma i Sverige byggdes varum\u00e4rket f\u00f6r att s\u00e4kerst\u00e4lla att varje produkt f\u00f6rblir naturlig, s\u00e4ker och effektiv f\u00f6r daglig h\u00e5rv\u00e5rd f\u00f6r lockigt h\u00e5r. Det engagemanget forts\u00e4tter \u00e4n idag som ett svenskt varum\u00e4rke som fokuserar p\u00e5 att \u00e5terst\u00e4lla sj\u00e4lvf\u00f6rtroendet f\u00f6r alla lockigt h\u00e5r.<\/p><p class=\"my-2 [&amp;+p]:mt-4 [&amp;_strong:has(+br)]:inline-block [&amp;_strong:has(+br)]:pb-2\">\u00a0<\/p><h2 class=\"mb-2 mt-4 font-display font-semimedium text-base first:mt-0\">Vad vi st\u00e5r f\u00f6r<\/h2><p class=\"my-2 [&amp;+p]:mt-4 [&amp;_strong:has(+br)]:inline-block [&amp;_strong:has(+br)]:pb-2\">Rapunzel Coils fokuserar p\u00e5 ren h\u00e5rv\u00e5rd f\u00f6r lockigt h\u00e5r, baserad p\u00e5 naturliga och veganska ingredienser f\u00f6r att fr\u00e4mja en friskare h\u00e5rbotten, friskare lockar samt optimal tillv\u00e4xt och l\u00e4ngdbevaring. Serien \u00e4r inkluderande och s\u00e4ker f\u00f6r m\u00e4n, kvinnor och barn, vilket \u00e5terspeglar en kvalitetssyns\u00e4tt i Sverige som prioriteras i varje flaska. Resultatet \u00e4r enkla, effektiva rutiner som s\u00e4tter h\u00e5rets h\u00e4lsa i f\u00f6rsta rummet \u2013 varje dag.<\/p><p>\u00a0<\/p><h2 class=\"mb-2 mt-4 font-display font-semimedium text-base first:mt-0\">F\u00f6r alla lockar<\/h2><p class=\"my-2 [&amp;+p]:mt-4 [&amp;_strong:has(+br)]:inline-block [&amp;_strong:has(+br)]:pb-2\">S\u00f6k efter h\u00e5rtyp bland krullande, v\u00e5gigt, l\u00f6sa lockar, tighta lockar och coily f\u00f6r att f\u00e5 en rutin som uppfyller dina lockm\u00f6nster och m\u00e5l. Bygg bepr\u00f6vade rutiner med Wash &amp; Go, Twist Out, Protective Styling och Monthly Detox-paket skr\u00e4ddarsydda f\u00f6r lockdefinition, h\u00e5rbottenklarhet och underh\u00e5ll. Hitta porositetsmatchade alternativ f\u00f6r l\u00e5g eller h\u00f6g porositet s\u00e5 att produkterna penetrerar och fungerar d\u00e4r ditt h\u00e5r beh\u00f6ver det som mest.<\/p><p>\u00a0<\/p><h2 class=\"mb-2 mt-4 font-display font-semimedium text-base first:mt-0\">Signaturprodukter<\/h2><p class=\"my-2 [&amp;+p]:mt-4 [&amp;_strong:has(+br)]:inline-block [&amp;_strong:has(+br)]:pb-2\">Kollektionen inneh\u00e5ller Harmony Curl Elongating Gel och Harmony Curl Defining Gel f\u00f6r styling och definition, plus Regn Detox Shampoo f\u00f6r en ren, uppfriskad h\u00e5rbotten och balanserat st\u00f6d f\u00f6r din h\u00e5rrutin. Komplettera stylingen med Bloom Scalp Elixir, Flourish Hair Oil, Lush Curl Styling Milk, Oasis Vegan Protein Masque och Hibiscus Beverage Curl Refresh Mist f\u00f6r ett komplett, noggrant utvalt locksystem. Flexibla paket \u2013 inklusive Wash &amp; Go, Twist Out, Monthly Detox, Protective Styling och porositetsspecifika kit \u2013 g\u00f6r det enkelt att skapa en rutin som passar dina lockar och din livsstil.<\/p><p>\u00a0<\/p><h2 class=\"mb-2 mt-4 font-display font-semimedium text-base first:mt-0\">Tillverkad i Sverige<\/h2><p class=\"my-2 [&amp;+p]:mt-4 [&amp;_strong:has(+br)]:inline-block [&amp;_strong:has(+br)]:pb-2\">Rapunzel Coils skapades och utvecklades i Sverige f\u00f6r att uppr\u00e4tth\u00e5lla h\u00f6ga kvalitetsstandarder och h\u00e5lla formulorna 100% naturliga och s\u00e4kra f\u00f6r familjer. Sedan 2020 har varje produkt varit trogna principerna f\u00f6r rena, veganska ingredienser utformade f\u00f6r att st\u00f6dja h\u00e5rbottens h\u00e4lsa, lockdefinition och l\u00e5ngvarig l\u00e4ngdbevaring.<\/p>\t\t\t\t\t\t\t\t<\/div>\n\t\t\t\t<\/div>\n\t\t\t\t\t<\/div>\n\t\t<\/div>\n\t\t\t\t<div class=\"elementor-column elementor-col-16 elementor-top-column elementor-element elementor-element-79a6e50\" data-id=\"79a6e50\" data-element_type=\"column\" data-e-type=\"column\">\n\t\t\t<div class=\"elementor-widget-wrap\">\n\t\t\t\t\t\t\t<\/div>\n\t\t<\/div>\n\t\t\t\t\t<\/div>\n\t\t<\/section>\n\t\t\t\t<\/div>","protected":false},"excerpt":{"rendered":"<p>Rapunzel Coils \u00e4r ett svenskt h\u00e5rv\u00e5rdsm\u00e4rke f\u00f6r lockigt h\u00e5r grundat 2020, dedikerat till rena, naturliga, veganska formuleringar som ger n\u00e4ring \u00e5t h\u00e5rbotten och h\u00e5ret f\u00f6r friskare lockar, tillv\u00e4xt och l\u00e4ngdbevarande f\u00f6r m\u00e4n, kvinnor och barn. F\u00f6tt ur en mammas resa att f\u00e5 slut p\u00e5 skadliga salongsmetoder, utvecklades m\u00e4rket i Sverige f\u00f6r att h\u00e5lla varje [\u2026]<\/p>","protected":false},"author":1,"featured_media":0,"parent":0,"menu_order":0,"comment_status":"closed","ping_status":"closed","template":"elementor_header_footer","meta":{"inline_featured_image":false,"footnotes":""},"class_list":["post-6143","page","type-page","status-publish","hentry"],"acf":[],"yoast_head":"<!-- This site is optimized with the Yoast SEO plugin v21.9.1 - https:\/\/yoast.com\/wordpress\/plugins\/seo\/ -->\n<title>Why - Rapunzel Coils<\/title>\n<meta name=\"robots\" content=\"index, follow, max-snippet:-1, max-image-preview:large, max-video-preview:-1\" \/>\n<link rel=\"canonical\" href=\"https:\/\/rapunzelcoils.se\/sw\/about\/\" \/>\n<meta property=\"og:locale\" content=\"sv_SE\" \/>\n<meta property=\"og:type\" content=\"article\" \/>\n<meta property=\"og:title\" content=\"Why - Rapunzel Coils\" \/>\n<meta property=\"og:description\" content=\"Rapunzel Coils is a Swedish curly hair care brand founded in 2020, dedicated to clean, natural, vegan formulations that nourish the scalp and hair for healthier curls, growth, and length retention for men, women, and children. Born from a mother\u2019s journey to end damaging salon practices, the brand was developed in Sweden to keep every [&hellip;]\" \/>\n<meta property=\"og:url\" content=\"https:\/\/rapunzelcoils.se\/sw\/about\/\" \/>\n<meta property=\"og:site_name\" content=\"Rapunzel Coils\" \/>\n<meta property=\"article:modified_time\" content=\"2026-01-12T23:49:57+00:00\" \/>\n<meta name=\"twitter:card\" content=\"summary_large_image\" \/>\n<meta name=\"twitter:label1\" content=\"Ber\u00e4knad l\u00e4stid\" \/>\n\t<meta name=\"twitter:data1\" content=\"2 minuter\" \/>\n<script type=\"application\/ld+json\" class=\"yoast-schema-graph\">{\"@context\":\"https:\/\/schema.org\",\"@graph\":[{\"@type\":\"WebPage\",\"@id\":\"https:\/\/rapunzelcoils.se\/about\/\",\"url\":\"https:\/\/rapunzelcoils.se\/about\/\",\"name\":\"Why - Rapunzel Coils\",\"isPartOf\":{\"@id\":\"https:\/\/rapunzelcoils.se\/#website\"},\"datePublished\":\"2022-02-03T06:30:39+00:00\",\"dateModified\":\"2026-01-12T23:49:57+00:00\",\"breadcrumb\":{\"@id\":\"https:\/\/rapunzelcoils.se\/about\/#breadcrumb\"},\"inLanguage\":\"sv-SE\",\"potentialAction\":[{\"@type\":\"ReadAction\",\"target\":[\"https:\/\/rapunzelcoils.se\/about\/\"]}]},{\"@type\":\"BreadcrumbList\",\"@id\":\"https:\/\/rapunzelcoils.se\/about\/#breadcrumb\",\"itemListElement\":[{\"@type\":\"ListItem\",\"position\":1,\"name\":\"Home\",\"item\":\"https:\/\/rapunzelcoils.se\/\"},{\"@type\":\"ListItem\",\"position\":2,\"name\":\"Why\"}]},{\"@type\":\"WebSite\",\"@id\":\"https:\/\/rapunzelcoils.se\/#website\",\"url\":\"https:\/\/rapunzelcoils.se\/\",\"name\":\"Rapunzel Coils\",\"description\":\"Products to give moisture, remove frizz and define curls\",\"publisher\":{\"@id\":\"https:\/\/rapunzelcoils.se\/#organization\"},\"potentialAction\":[{\"@type\":\"SearchAction\",\"target\":{\"@type\":\"EntryPoint\",\"urlTemplate\":\"https:\/\/rapunzelcoils.se\/?s={search_term_string}\"},\"query-input\":\"required name=search_term_string\"}],\"inLanguage\":\"sv-SE\"},{\"@type\":\"Organization\",\"@id\":\"https:\/\/rapunzelcoils.se\/#organization\",\"name\":\"Rapunzel Coils\",\"url\":\"https:\/\/rapunzelcoils.se\/\",\"logo\":{\"@type\":\"ImageObject\",\"inLanguage\":\"sv-SE\",\"@id\":\"https:\/\/rapunzelcoils.se\/#\/schema\/logo\/image\/\",\"url\":\"https:\/\/rapunzelcoils.se\/wp-content\/uploads\/2022\/01\/Black-Transparent-Logo-scaled.png\",\"contentUrl\":\"https:\/\/rapunzelcoils.se\/wp-content\/uploads\/2022\/01\/Black-Transparent-Logo-scaled.png\",\"width\":2560,\"height\":869,\"caption\":\"Rapunzel Coils\"},\"image\":{\"@id\":\"https:\/\/rapunzelcoils.se\/#\/schema\/logo\/image\/\"}}]}<\/script>\n<!-- \/ Yoast SEO plugin. -->","yoast_head_json":{"title":"Varf\u00f6r - Rapunzel Coils","robots":{"index":"index","follow":"follow","max-snippet":"max-snippet:-1","max-image-preview":"max-image-preview:large","max-video-preview":"max-video-preview:-1"},"canonical":"https:\/\/rapunzelcoils.se\/sw\/about\/","og_locale":"sv_SE","og_type":"article","og_title":"Why - Rapunzel Coils","og_description":"Rapunzel Coils is a Swedish curly hair care brand founded in 2020, dedicated to clean, natural, vegan formulations that nourish the scalp and hair for healthier curls, growth, and length retention for men, women, and children. Born from a mother\u2019s journey to end damaging salon practices, the brand was developed in Sweden to keep every [&hellip;]","og_url":"https:\/\/rapunzelcoils.se\/sw\/about\/","og_site_name":"Rapunzel Coils","article_modified_time":"2026-01-12T23:49:57+00:00","twitter_card":"summary_large_image","twitter_misc":{"Ber\u00e4knad l\u00e4stid":"2 minuter"},"schema":{"@context":"https:\/\/schema.org","@graph":[{"@type":"WebPage","@id":"https:\/\/rapunzelcoils.se\/about\/","url":"https:\/\/rapunzelcoils.se\/about\/","name":"Varf\u00f6r - Rapunzel Coils","isPartOf":{"@id":"https:\/\/rapunzelcoils.se\/#website"},"datePublished":"2022-02-03T06:30:39+00:00","dateModified":"2026-01-12T23:49:57+00:00","breadcrumb":{"@id":"https:\/\/rapunzelcoils.se\/about\/#breadcrumb"},"inLanguage":"sv-SE","potentialAction":[{"@type":"ReadAction","target":["https:\/\/rapunzelcoils.se\/about\/"]}]},{"@type":"BreadcrumbList","@id":"https:\/\/rapunzelcoils.se\/about\/#breadcrumb","itemListElement":[{"@type":"ListItem","position":1,"name":"Home","item":"https:\/\/rapunzelcoils.se\/"},{"@type":"ListItem","position":2,"name":"Why"}]},{"@type":"WebSite","@id":"https:\/\/rapunzelcoils.se\/#website","url":"https:\/\/rapunzelcoils.se\/","name":"Rapunzel-spolar","description":"Produkter f\u00f6r att ge fukt, ta bort friss och definiera lockar","publisher":{"@id":"https:\/\/rapunzelcoils.se\/#organization"},"potentialAction":[{"@type":"SearchAction","target":{"@type":"EntryPoint","urlTemplate":"https:\/\/rapunzelcoils.se\/?s={search_term_string}"},"query-input":"required name=search_term_string"}],"inLanguage":"sv-SE"},{"@type":"Organization","@id":"https:\/\/rapunzelcoils.se\/#organization","name":"Rapunzel-spolar","url":"https:\/\/rapunzelcoils.se\/","logo":{"@type":"ImageObject","inLanguage":"sv-SE","@id":"https:\/\/rapunzelcoils.se\/#\/schema\/logo\/image\/","url":"https:\/\/rapunzelcoils.se\/wp-content\/uploads\/2022\/01\/Black-Transparent-Logo-scaled.png","contentUrl":"https:\/\/rapunzelcoils.se\/wp-content\/uploads\/2022\/01\/Black-Transparent-Logo-scaled.png","width":2560,"height":869,"caption":"Rapunzel Coils"},"image":{"@id":"https:\/\/rapunzelcoils.se\/#\/schema\/logo\/image\/"}}]}},"_links":{"self":[{"href":"https:\/\/rapunzelcoils.se\/sw\/wp-json\/wp\/v2\/pages\/6143","targetHints":{"allow":["GET"]}}],"collection":[{"href":"https:\/\/rapunzelcoils.se\/sw\/wp-json\/wp\/v2\/pages"}],"about":[{"href":"https:\/\/rapunzelcoils.se\/sw\/wp-json\/wp\/v2\/types\/page"}],"author":[{"embeddable":true,"href":"https:\/\/rapunzelcoils.se\/sw\/wp-json\/wp\/v2\/users\/1"}],"replies":[{"embeddable":true,"href":"https:\/\/rapunzelcoils.se\/sw\/wp-json\/wp\/v2\/comments?post=6143"}],"version-history":[{"count":13,"href":"https:\/\/rapunzelcoils.se\/sw\/wp-json\/wp\/v2\/pages\/6143\/revisions"}],"predecessor-version":[{"id":9984,"href":"https:\/\/rapunzelcoils.se\/sw\/wp-json\/wp\/v2\/pages\/6143\/revisions\/9984"}],"wp:attachment":[{"href":"https:\/\/rapunzelcoils.se\/sw\/wp-json\/wp\/v2\/media?parent=6143"}],"curies":[{"name":"wp","href":"https:\/\/api.w.org\/{rel}","templated":true}]}}