{"id":9666,"date":"2025-11-26T16:28:21","date_gmt":"2025-11-26T13:28:21","guid":{"rendered":"https:\/\/rapunzelcoils.se\/?post_type=product&#038;p=9666"},"modified":"2025-12-17T17:53:10","modified_gmt":"2025-12-17T14:53:10","slug":"curl-wash-style-kithigh-porosity","status":"publish","type":"product","link":"https:\/\/rapunzelcoils.se\/es\/producto\/curl-wash-style-kithigh-porosity\/","title":{"rendered":"Kit de lavado y peinado para rizos (alta porosidad)"},"content":{"rendered":"<p style=\"text-align: left;\">Descubre el Paquete de Lavado y Peinado: tu rutina integral de reparaci\u00f3n e hidrataci\u00f3n, dise\u00f1ada para mantener tus rizos fortalecidos, hidratados, con cuerpo y bellamente definidos. Este sistema de cuatro pasos limpia con suavidad, restaura la estructura, reduce la rotura, activa los rizos y proporciona una definici\u00f3n suave y rica en prote\u00ednas.<\/p>\n<p>Ya sea que tus rizos sean ondulados, crespos, enroscados o con textura afro, este paquete te brinda todo lo que necesitas para un d\u00eda de lavado suave, liviano y duradero.<\/p>\n<p>Qu\u00e9 hay dentro:<\/p>\n<p>1. Champ\u00fa hidratante Regn<\/p>\n<p>Un champ\u00fa hidratante ayurv\u00e9dico suave que limpia el cuero cabelludo y el cabello sin eliminar sus aceites naturales. Restaura la hidrataci\u00f3n, suaviza el cuero cabelludo y prepara tus rizos para la absorci\u00f3n de la humedad.<\/p>\n<p>Regn har\u00e1 lo siguiente:<\/p>\n<ul>\n<li>Limpiar sin resecar<\/li>\n<li>Suaviza y refresca los rizos.<\/li>\n<li>Apoya la salud del cuero cabelludo<\/li>\n<li>Mejorar la absorci\u00f3n de humedad<\/li>\n<li>Equilibrar los niveles de aceite<\/li>\n<li>Crea la base perfecta para Ros\u00e9e<\/li>\n<\/ul>\n<p>2. Mascarilla hidratante Ros\u00e9e<\/p>\n<p>Una rica mascarilla hidratante ayurv\u00e9dica 2 en 1 que acondiciona, hidrata y restaura la suavidad. Deja los rizos sedosos, suaves y f\u00e1ciles de desenredar.<\/p>\n<p>Ros\u00e9e:<\/p>\n<ul>\n<li>Hidrata profundamente los rizos<\/li>\n<li>Restaura la suavidad y manejabilidad<\/li>\n<li>Mejora el deslizamiento para un desenredado f\u00e1cil.<\/li>\n<li>Proporciona hidrataci\u00f3n duradera<\/li>\n<li>Apoya la elasticidad del rizo<\/li>\n<li>Act\u00faa como acondicionador o tratamiento profundo.<\/li>\n<\/ul>\n<p>3. Leche moldeadora Lush Curl<\/p>\n<p>Un producto suave y ligero sin enjuague que hidrata, acondiciona y activa los rizos. Mejora la suavidad y reduce la rotura, a la vez que proporciona una hidrataci\u00f3n que dura varios d\u00edas.<\/p>\n<p>Lush voluntad:<\/p>\n<ul>\n<li>Activar rizos<\/li>\n<li>Acondicionar y suavizar<\/li>\n<li>Proporciona hidrataci\u00f3n duradera.<\/li>\n<li>Reduce enredos y roturas<\/li>\n<li>Retenci\u00f3n de la longitud del soporte<\/li>\n<\/ul>\n<p>4. Gel definidor de rizos Harmony (sin prote\u00ednas)<\/p>\n<p>Un gel bot\u00e1nico para rizos que ofrece una definici\u00f3n flexible, agradable al tacto y sin prote\u00ednas. Aporta brillo y moldea los rizos sin dejarlos r\u00edgidos, perfecto para rizos sensibles a las prote\u00ednas o cualquier rutina que ya incluya prote\u00ednas.<\/p>\n<p>La armon\u00eda:<\/p>\n<ul>\n<li>Define los rizos con una fijaci\u00f3n suave y flexible.<\/li>\n<li>A\u00f1ade brillo y suaviza el frizz.<\/li>\n<li>Mantiene los rizos el\u00e1sticos y con aspecto natural.<\/li>\n<li>Apoya d\u00edas de lavado duraderos<\/li>\n<li>Combina a la perfecci\u00f3n con Lush para crear capas.<\/li>\n<\/ul>","protected":false},"excerpt":{"rendered":"<p>El mejor kit para rizos de alta porosidad que necesitan fuerza, hidrataci\u00f3n m\u00e1s profunda y definici\u00f3n duradera.<\/p>\n<p>Este paquete limpia suavemente, reconstruye la estructura interna del cabello con prote\u00ednas, restaura la suavidad y el deslizamiento y finaliza con una hidrataci\u00f3n que activa los rizos y un gel definidor rico en prote\u00ednas para dar brillo y fijaci\u00f3n.<\/p>\n<p>Hecho en Suecia \u00b7 Vegano \u00b7 Sin silicona \u00b7 Aprobado por CGM<\/p>\n<p>Perfecto para cabello ondulado, rizado, en espiral y con textura afro.<\/p>","protected":false},"featured_media":9881,"comment_status":"open","ping_status":"closed","template":"","meta":{"inline_featured_image":false},"product_brand":[],"product_cat":[99,132,116,110,138,123,117,139],"product_tag":[],"class_list":{"0":"post-9666","1":"product","2":"type-product","3":"status-publish","4":"has-post-thumbnail","6":"product_cat-breaking-thinning-hair-weak-hair","7":"product_cat-color-treated-curls","8":"product_cat-curl-refresh","9":"product_cat-defined-curls","10":"product_cat-loose-curls","11":"product_cat-moisturizing-shampoo","12":"product_cat-wash-hour","13":"product_cat-wavy-hair","15":"first","16":"instock","17":"sale","18":"shipping-taxable","19":"purchasable","20":"product-type-variable"},"acf":[],"yoast_head":"<!-- This site is optimized with the Yoast SEO plugin v21.9.1 - https:\/\/yoast.com\/wordpress\/plugins\/seo\/ -->\n<title>Curl Wash &amp; style kit (high porosity) - Rapunzel Coils<\/title>\n<meta name=\"description\" content=\"Complete protein-focused curl bundle with curl shampoo, curl protein mask, curl leave-in, and curl gel.Vegan, silicone-free,Curly girl\" \/>\n<meta name=\"robots\" content=\"index, follow, max-snippet:-1, max-image-preview:large, max-video-preview:-1\" \/>\n<link rel=\"canonical\" href=\"https:\/\/rapunzelcoils.se\/es\/producto\/curl-wash-style-kithigh-porosity\/\" \/>\n<meta property=\"og:locale\" content=\"es_ES\" \/>\n<meta property=\"og:type\" content=\"article\" \/>\n<meta property=\"og:title\" content=\"Curl Wash &amp; style kit (high porosity) - Rapunzel Coils\" \/>\n<meta property=\"og:description\" content=\"Complete protein-focused curl bundle with curl shampoo, curl protein mask, curl leave-in, and curl gel.Vegan, silicone-free,Curly girl\" \/>\n<meta property=\"og:url\" content=\"https:\/\/rapunzelcoils.se\/es\/producto\/curl-wash-style-kithigh-porosity\/\" \/>\n<meta property=\"og:site_name\" content=\"Rapunzel Coils\" \/>\n<meta property=\"article:modified_time\" content=\"2025-12-17T14:53:10+00:00\" \/>\n<meta property=\"og:image\" content=\"https:\/\/rapunzelcoils.se\/wp-content\/uploads\/2025\/11\/IMG_8021-1024x1024.png\" \/>\n\t<meta property=\"og:image:width\" content=\"1024\" \/>\n\t<meta property=\"og:image:height\" content=\"1024\" \/>\n\t<meta property=\"og:image:type\" content=\"image\/png\" \/>\n<meta name=\"twitter:card\" content=\"summary_large_image\" \/>\n<meta name=\"twitter:label1\" content=\"Tiempo de lectura\" \/>\n\t<meta name=\"twitter:data1\" content=\"2 minutos\" \/>\n<script type=\"application\/ld+json\" class=\"yoast-schema-graph\">{\"@context\":\"https:\/\/schema.org\",\"@graph\":[{\"@type\":\"WebPage\",\"@id\":\"https:\/\/rapunzelcoils.se\/product\/curl-wash-style-kithigh-porosity\/\",\"url\":\"https:\/\/rapunzelcoils.se\/product\/curl-wash-style-kithigh-porosity\/\",\"name\":\"Curl Wash & style kit (high porosity) - Rapunzel Coils\",\"isPartOf\":{\"@id\":\"https:\/\/rapunzelcoils.se\/#website\"},\"datePublished\":\"2025-11-26T13:28:21+00:00\",\"dateModified\":\"2025-12-17T14:53:10+00:00\",\"description\":\"Complete protein-focused curl bundle with curl shampoo, curl protein mask, curl leave-in, and curl gel.Vegan, silicone-free,Curly girl\",\"breadcrumb\":{\"@id\":\"https:\/\/rapunzelcoils.se\/product\/curl-wash-style-kithigh-porosity\/#breadcrumb\"},\"inLanguage\":\"es\",\"potentialAction\":[{\"@type\":\"ReadAction\",\"target\":[\"https:\/\/rapunzelcoils.se\/product\/curl-wash-style-kithigh-porosity\/\"]}]},{\"@type\":\"BreadcrumbList\",\"@id\":\"https:\/\/rapunzelcoils.se\/product\/curl-wash-style-kithigh-porosity\/#breadcrumb\",\"itemListElement\":[{\"@type\":\"ListItem\",\"position\":1,\"name\":\"Home\",\"item\":\"https:\/\/rapunzelcoils.se\/\"},{\"@type\":\"ListItem\",\"position\":2,\"name\":\"Shop\",\"item\":\"https:\/\/rapunzelcoils.se\/en\/?page_id=8\"},{\"@type\":\"ListItem\",\"position\":3,\"name\":\"Curl Wash &#038; style kit (high porosity)\"}]},{\"@type\":\"WebSite\",\"@id\":\"https:\/\/rapunzelcoils.se\/#website\",\"url\":\"https:\/\/rapunzelcoils.se\/\",\"name\":\"Rapunzel Coils\",\"description\":\"Products to give moisture, remove frizz and define curls\",\"publisher\":{\"@id\":\"https:\/\/rapunzelcoils.se\/#organization\"},\"potentialAction\":[{\"@type\":\"SearchAction\",\"target\":{\"@type\":\"EntryPoint\",\"urlTemplate\":\"https:\/\/rapunzelcoils.se\/?s={search_term_string}\"},\"query-input\":\"required name=search_term_string\"}],\"inLanguage\":\"es\"},{\"@type\":\"Organization\",\"@id\":\"https:\/\/rapunzelcoils.se\/#organization\",\"name\":\"Rapunzel Coils\",\"url\":\"https:\/\/rapunzelcoils.se\/\",\"logo\":{\"@type\":\"ImageObject\",\"inLanguage\":\"es\",\"@id\":\"https:\/\/rapunzelcoils.se\/#\/schema\/logo\/image\/\",\"url\":\"https:\/\/rapunzelcoils.se\/wp-content\/uploads\/2022\/01\/Black-Transparent-Logo-scaled.png\",\"contentUrl\":\"https:\/\/rapunzelcoils.se\/wp-content\/uploads\/2022\/01\/Black-Transparent-Logo-scaled.png\",\"width\":2560,\"height\":869,\"caption\":\"Rapunzel Coils\"},\"image\":{\"@id\":\"https:\/\/rapunzelcoils.se\/#\/schema\/logo\/image\/\"}}]}<\/script>\n<!-- \/ Yoast SEO plugin. -->","yoast_head_json":{"title":"Kit de lavado y peinado para rizos (alta porosidad) - Rapunzel Coils","description":"Paquete completo para rizos con prote\u00ednas que incluye champ\u00fa para rizos, mascarilla de prote\u00ednas para rizos, acondicionador sin enjuague para rizos y gel para rizos. Vegano, sin siliconas. Curly girl","robots":{"index":"index","follow":"follow","max-snippet":"max-snippet:-1","max-image-preview":"max-image-preview:large","max-video-preview":"max-video-preview:-1"},"canonical":"https:\/\/rapunzelcoils.se\/es\/producto\/curl-wash-style-kithigh-porosity\/","og_locale":"es_ES","og_type":"article","og_title":"Curl Wash & style kit (high porosity) - Rapunzel Coils","og_description":"Complete protein-focused curl bundle with curl shampoo, curl protein mask, curl leave-in, and curl gel.Vegan, silicone-free,Curly girl","og_url":"https:\/\/rapunzelcoils.se\/es\/producto\/curl-wash-style-kithigh-porosity\/","og_site_name":"Rapunzel Coils","article_modified_time":"2025-12-17T14:53:10+00:00","og_image":[{"width":1024,"height":1024,"url":"https:\/\/rapunzelcoils.se\/wp-content\/uploads\/2025\/11\/IMG_8021-1024x1024.png","type":"image\/png"}],"twitter_card":"summary_large_image","twitter_misc":{"Tiempo de lectura":"2 minutos"},"schema":{"@context":"https:\/\/schema.org","@graph":[{"@type":"WebPage","@id":"https:\/\/rapunzelcoils.se\/product\/curl-wash-style-kithigh-porosity\/","url":"https:\/\/rapunzelcoils.se\/product\/curl-wash-style-kithigh-porosity\/","name":"Kit de lavado y peinado para rizos (alta porosidad) - Rapunzel Coils","isPartOf":{"@id":"https:\/\/rapunzelcoils.se\/#website"},"datePublished":"2025-11-26T13:28:21+00:00","dateModified":"2025-12-17T14:53:10+00:00","description":"Paquete completo para rizos con prote\u00ednas que incluye champ\u00fa para rizos, mascarilla de prote\u00ednas para rizos, acondicionador sin enjuague para rizos y gel para rizos. Vegano, sin siliconas. Curly girl","breadcrumb":{"@id":"https:\/\/rapunzelcoils.se\/product\/curl-wash-style-kithigh-porosity\/#breadcrumb"},"inLanguage":"es","potentialAction":[{"@type":"ReadAction","target":["https:\/\/rapunzelcoils.se\/product\/curl-wash-style-kithigh-porosity\/"]}]},{"@type":"BreadcrumbList","@id":"https:\/\/rapunzelcoils.se\/product\/curl-wash-style-kithigh-porosity\/#breadcrumb","itemListElement":[{"@type":"ListItem","position":1,"name":"Home","item":"https:\/\/rapunzelcoils.se\/"},{"@type":"ListItem","position":2,"name":"Shop","item":"https:\/\/rapunzelcoils.se\/en\/?page_id=8"},{"@type":"ListItem","position":3,"name":"Curl Wash &#038; style kit (high porosity)"}]},{"@type":"WebSite","@id":"https:\/\/rapunzelcoils.se\/#website","url":"https:\/\/rapunzelcoils.se\/","name":"Bobinas de Rapunzel","description":"Productos para hidratar, eliminar el frizz y definir los rizos.","publisher":{"@id":"https:\/\/rapunzelcoils.se\/#organization"},"potentialAction":[{"@type":"SearchAction","target":{"@type":"EntryPoint","urlTemplate":"https:\/\/rapunzelcoils.se\/?s={search_term_string}"},"query-input":"required name=search_term_string"}],"inLanguage":"es"},{"@type":"Organization","@id":"https:\/\/rapunzelcoils.se\/#organization","name":"Bobinas de Rapunzel","url":"https:\/\/rapunzelcoils.se\/","logo":{"@type":"ImageObject","inLanguage":"es","@id":"https:\/\/rapunzelcoils.se\/#\/schema\/logo\/image\/","url":"https:\/\/rapunzelcoils.se\/wp-content\/uploads\/2022\/01\/Black-Transparent-Logo-scaled.png","contentUrl":"https:\/\/rapunzelcoils.se\/wp-content\/uploads\/2022\/01\/Black-Transparent-Logo-scaled.png","width":2560,"height":869,"caption":"Rapunzel Coils"},"image":{"@id":"https:\/\/rapunzelcoils.se\/#\/schema\/logo\/image\/"}}]}},"_links":{"self":[{"href":"https:\/\/rapunzelcoils.se\/es\/wp-json\/wp\/v2\/product\/9666","targetHints":{"allow":["GET"]}}],"collection":[{"href":"https:\/\/rapunzelcoils.se\/es\/wp-json\/wp\/v2\/product"}],"about":[{"href":"https:\/\/rapunzelcoils.se\/es\/wp-json\/wp\/v2\/types\/product"}],"replies":[{"embeddable":true,"href":"https:\/\/rapunzelcoils.se\/es\/wp-json\/wp\/v2\/comments?post=9666"}],"version-history":[{"count":7,"href":"https:\/\/rapunzelcoils.se\/es\/wp-json\/wp\/v2\/product\/9666\/revisions"}],"predecessor-version":[{"id":9883,"href":"https:\/\/rapunzelcoils.se\/es\/wp-json\/wp\/v2\/product\/9666\/revisions\/9883"}],"wp:featuredmedia":[{"embeddable":true,"href":"https:\/\/rapunzelcoils.se\/es\/wp-json\/wp\/v2\/media\/9881"}],"wp:attachment":[{"href":"https:\/\/rapunzelcoils.se\/es\/wp-json\/wp\/v2\/media?parent=9666"}],"wp:term":[{"taxonomy":"product_brand","embeddable":true,"href":"https:\/\/rapunzelcoils.se\/es\/wp-json\/wp\/v2\/product_brand?post=9666"},{"taxonomy":"product_cat","embeddable":true,"href":"https:\/\/rapunzelcoils.se\/es\/wp-json\/wp\/v2\/product_cat?post=9666"},{"taxonomy":"product_tag","embeddable":true,"href":"https:\/\/rapunzelcoils.se\/es\/wp-json\/wp\/v2\/product_tag?post=9666"}],"curies":[{"name":"wp","href":"https:\/\/api.w.org\/{rel}","templated":true}]}}