{"id":7105,"date":"2023-08-24T17:52:37","date_gmt":"2023-08-24T14:52:37","guid":{"rendered":"https:\/\/www.rapunzelcoils.se\/?post_type=product&#038;p=7105"},"modified":"2025-12-17T18:16:43","modified_gmt":"2025-12-17T15:16:43","slug":"protective-styling-bundle","status":"publish","type":"product","link":"https:\/\/rapunzelcoils.se\/es\/producto\/protective-styling-bundle\/","title":{"rendered":"Paquete de peinado protector"},"content":{"rendered":"","protected":false},"excerpt":{"rendered":"<p><a href=\"https:\/\/rapunzelcoils.se\/es\/producto\/bloom-hair-growth-stimulating-elixir\/\">Floraci\u00f3n; Elixir para el cuero cabelludo<\/a><\/p>\n<p>Bloom est\u00e1 especialmente formulado para revitalizar los fol\u00edculos inactivos estimulando el crecimiento saludable del cabello. Bloom est\u00e1 elaborado con potentes extractos de hierbas ayurv\u00e9dicas y mezclas de aceites esenciales que mejoran considerablemente la salud del cuero cabelludo. Bloom se aplica directamente en el cuero cabelludo para obtener mayores beneficios. Se puede usar en todo tipo de cabello. El aceite es 100% ayurv\u00e9dico, org\u00e1nico y vegano.<\/p>\n<p>Bloom es apto para chicas con cabello rizado y no contiene fragancias artificiales, parabenos, sulfatos ni colorantes.<\/p>\n<p><a href=\"https:\/\/rapunzelcoils.se\/es\/producto\/hibiscus-beverage-ayurvedic-hair-mist\/\">Bebida de hibisco; Bruma capilar ayurv\u00e9dica<\/a><\/p>\n<p>Esta bebida de hibisco est\u00e1 especialmente formulada para nutrir el cuero cabelludo, contribuir a un cuero cabelludo m\u00e1s sano e hidratar el cabello sin dejar residuos. Esta bruma se puede usar en todo tipo de cabello (1a-4c) y es perfecta para revitalizar el cabello entre lavados, para proteger el peinado y para rastas.<\/p>\n<p>La bebida de hibisco fortalece y suaviza el cabello, lo que la convierte en un producto imprescindible para el cuidado diario de los rizos y la retenci\u00f3n del largo. Es ayurv\u00e9dica, org\u00e1nica y vegana, lo que la hace segura tanto para adultos como para ni\u00f1os. Funciona en cabello de todo tipo de porosidad.<\/p>\n<p><a href=\"https:\/\/rapunzelcoils.se\/es\/producto\/lush-curl-styling-milk\/\">Lush; Leche para peinar rizos<\/a><\/p>\n<p>Lush est\u00e1 elaborado con suaves extractos de plantas ayurv\u00e9dicas, hidrolatos florales, hierbas, aceites nutritivos y mantecas veganas que revitalizan tus rizos brind\u00e1ndoles una hidrataci\u00f3n excepcional. Lush aporta suavidad a tus rizos y desenreda, facilitando el peinado. Lush es muy rico y ligero, por lo que se adapta a todo tipo de rizos.<\/p>\n<ul>\n<li>Aromas: casi neutros con un ligero toque a rosas.<\/li>\n<li>Lush es 100% vegano, org\u00e1nico, apto para chicas con cabello rizado y no contiene fragancias artificiales, parabenos, sulfatos ni colorantes.<\/li>\n<\/ul>","protected":false},"featured_media":9885,"comment_status":"open","ping_status":"closed","template":"","meta":{"inline_featured_image":false},"product_brand":[],"product_cat":[99,100,109,102,108,107,134,133],"product_tag":[],"class_list":{"0":"post-7105","1":"product","2":"type-product","3":"status-publish","4":"has-post-thumbnail","6":"product_cat-breaking-thinning-hair-weak-hair","7":"product_cat-hair-growth","8":"product_cat-healthy-curls","9":"product_cat-itchy-scalp","10":"product_cat-length-retention","11":"product_cat-moisture","12":"product_cat-tight-curls","13":"product_cat-weak-hair","15":"first","16":"outofstock","17":"sale","18":"shipping-taxable","19":"purchasable","20":"product-type-variable"},"acf":[],"yoast_head":"<!-- This site is optimized with the Yoast SEO plugin v21.9.1 - https:\/\/yoast.com\/wordpress\/plugins\/seo\/ -->\n<title>Protective styling bundle - Rapunzel Coils<\/title>\n<meta name=\"robots\" content=\"index, follow, max-snippet:-1, max-image-preview:large, max-video-preview:-1\" \/>\n<link rel=\"canonical\" href=\"https:\/\/rapunzelcoils.se\/es\/producto\/protective-styling-bundle\/\" \/>\n<meta property=\"og:locale\" content=\"es_ES\" \/>\n<meta property=\"og:type\" content=\"article\" \/>\n<meta property=\"og:title\" content=\"Protective styling bundle - Rapunzel Coils\" \/>\n<meta property=\"og:description\" content=\"Bloom ; Scalp Elixir  Bloom is specially formulated to revive dormant follicles by stimulating healthy hair growth. Bloom is made with potent ayurvedic herbal extracts &amp; essential oil blends\u00a0 that work to greatly improve your scalp health. Bloom is to be used directly in the scalp for heightened benefits. It can be used on all hair types. The oil is 100% ayurvedic, organic and vegan.  Bloom is curly girl friendly &amp; does not contain any artificial fragrances, parabens, sulfates and colourants .  Hibiscus Beverage ; Ayurvedic Hair Mist  This Hibiscus Beverage is specially formulated to noursih your scalp, contribute to a healthier scalp + hydrate and moisturise your hair without\u00a0 build up. This mist can be used on all hair types (1a -4c), is a perfect pick-me up for your hair when you are in between washes &amp; in protective styling &amp; dreadlocks.  The hibiscus beverage works by strengthening and softening your hair strands making it a must have for your daily curl maintainance &amp; length retention needs.\u00a0 It is 100% ayurvedic, organic and vegan making it safe to use on both adults and kids.\u00a0 Works on all porosity hair types.  Lush; Curl Styling Milk  Lush is made with mild ayurvedic plant extracts, flower hydrosols,herbs,nourishing oils and vegan butters that activate your curls by providing luxurious moisture. Lush adds softness to your curls, releases knots and tangles that make combing and styling easier. Lush is very rich yet lightweight and can therefore be used by all curl types.   Smells \u2013 almost neutral with a mild whiff of roses  Lush is 100% vegan, organic; is curly girl friendly &amp; does not contain any artificial fragrances, parabens, sulfates and colourants\" \/>\n<meta property=\"og:url\" content=\"https:\/\/rapunzelcoils.se\/es\/producto\/protective-styling-bundle\/\" \/>\n<meta property=\"og:site_name\" content=\"Rapunzel Coils\" \/>\n<meta property=\"article:modified_time\" content=\"2025-12-17T15:16:43+00:00\" \/>\n<meta property=\"og:image\" content=\"https:\/\/rapunzelcoils.se\/wp-content\/uploads\/2023\/08\/IMG_8023.png\" \/>\n\t<meta property=\"og:image:width\" content=\"1512\" \/>\n\t<meta property=\"og:image:height\" content=\"1512\" \/>\n\t<meta property=\"og:image:type\" content=\"image\/png\" \/>\n<meta name=\"twitter:card\" content=\"summary_large_image\" \/>\n<meta name=\"twitter:label1\" content=\"Tiempo de lectura\" \/>\n\t<meta name=\"twitter:data1\" content=\"1 minuto\" \/>\n<script type=\"application\/ld+json\" class=\"yoast-schema-graph\">{\"@context\":\"https:\/\/schema.org\",\"@graph\":[{\"@type\":\"WebPage\",\"@id\":\"https:\/\/rapunzelcoils.se\/product\/protective-styling-bundle\/\",\"url\":\"https:\/\/rapunzelcoils.se\/product\/protective-styling-bundle\/\",\"name\":\"Protective styling bundle - Rapunzel Coils\",\"isPartOf\":{\"@id\":\"https:\/\/rapunzelcoils.se\/#website\"},\"datePublished\":\"2023-08-24T14:52:37+00:00\",\"dateModified\":\"2025-12-17T15:16:43+00:00\",\"breadcrumb\":{\"@id\":\"https:\/\/rapunzelcoils.se\/product\/protective-styling-bundle\/#breadcrumb\"},\"inLanguage\":\"es\",\"potentialAction\":[{\"@type\":\"ReadAction\",\"target\":[\"https:\/\/rapunzelcoils.se\/product\/protective-styling-bundle\/\"]}]},{\"@type\":\"BreadcrumbList\",\"@id\":\"https:\/\/rapunzelcoils.se\/product\/protective-styling-bundle\/#breadcrumb\",\"itemListElement\":[{\"@type\":\"ListItem\",\"position\":1,\"name\":\"Home\",\"item\":\"https:\/\/rapunzelcoils.se\/\"},{\"@type\":\"ListItem\",\"position\":2,\"name\":\"Shop\",\"item\":\"https:\/\/rapunzelcoils.se\/en\/?page_id=8\"},{\"@type\":\"ListItem\",\"position\":3,\"name\":\"Protective styling bundle\"}]},{\"@type\":\"WebSite\",\"@id\":\"https:\/\/rapunzelcoils.se\/#website\",\"url\":\"https:\/\/rapunzelcoils.se\/\",\"name\":\"Rapunzel Coils\",\"description\":\"Products to give moisture, remove frizz and define curls\",\"publisher\":{\"@id\":\"https:\/\/rapunzelcoils.se\/#organization\"},\"potentialAction\":[{\"@type\":\"SearchAction\",\"target\":{\"@type\":\"EntryPoint\",\"urlTemplate\":\"https:\/\/rapunzelcoils.se\/?s={search_term_string}\"},\"query-input\":\"required name=search_term_string\"}],\"inLanguage\":\"es\"},{\"@type\":\"Organization\",\"@id\":\"https:\/\/rapunzelcoils.se\/#organization\",\"name\":\"Rapunzel Coils\",\"url\":\"https:\/\/rapunzelcoils.se\/\",\"logo\":{\"@type\":\"ImageObject\",\"inLanguage\":\"es\",\"@id\":\"https:\/\/rapunzelcoils.se\/#\/schema\/logo\/image\/\",\"url\":\"https:\/\/rapunzelcoils.se\/wp-content\/uploads\/2022\/01\/Black-Transparent-Logo-scaled.png\",\"contentUrl\":\"https:\/\/rapunzelcoils.se\/wp-content\/uploads\/2022\/01\/Black-Transparent-Logo-scaled.png\",\"width\":2560,\"height\":869,\"caption\":\"Rapunzel Coils\"},\"image\":{\"@id\":\"https:\/\/rapunzelcoils.se\/#\/schema\/logo\/image\/\"}}]}<\/script>\n<!-- \/ Yoast SEO plugin. -->","yoast_head_json":{"title":"Protective styling bundle - Rapunzel Coils","robots":{"index":"index","follow":"follow","max-snippet":"max-snippet:-1","max-image-preview":"max-image-preview:large","max-video-preview":"max-video-preview:-1"},"canonical":"https:\/\/rapunzelcoils.se\/es\/producto\/protective-styling-bundle\/","og_locale":"es_ES","og_type":"article","og_title":"Protective styling bundle - Rapunzel Coils","og_description":"Bloom ; Scalp Elixir  Bloom is specially formulated to revive dormant follicles by stimulating healthy hair growth. Bloom is made with potent ayurvedic herbal extracts &amp; essential oil blends\u00a0 that work to greatly improve your scalp health. Bloom is to be used directly in the scalp for heightened benefits. It can be used on all hair types. The oil is 100% ayurvedic, organic and vegan.  Bloom is curly girl friendly &amp; does not contain any artificial fragrances, parabens, sulfates and colourants .  Hibiscus Beverage ; Ayurvedic Hair Mist  This Hibiscus Beverage is specially formulated to noursih your scalp, contribute to a healthier scalp + hydrate and moisturise your hair without\u00a0 build up. This mist can be used on all hair types (1a -4c), is a perfect pick-me up for your hair when you are in between washes &amp; in protective styling &amp; dreadlocks.  The hibiscus beverage works by strengthening and softening your hair strands making it a must have for your daily curl maintainance &amp; length retention needs.\u00a0 It is 100% ayurvedic, organic and vegan making it safe to use on both adults and kids.\u00a0 Works on all porosity hair types.  Lush; Curl Styling Milk  Lush is made with mild ayurvedic plant extracts, flower hydrosols,herbs,nourishing oils and vegan butters that activate your curls by providing luxurious moisture. Lush adds softness to your curls, releases knots and tangles that make combing and styling easier. Lush is very rich yet lightweight and can therefore be used by all curl types.   Smells \u2013 almost neutral with a mild whiff of roses  Lush is 100% vegan, organic; is curly girl friendly &amp; does not contain any artificial fragrances, parabens, sulfates and colourants","og_url":"https:\/\/rapunzelcoils.se\/es\/producto\/protective-styling-bundle\/","og_site_name":"Rapunzel Coils","article_modified_time":"2025-12-17T15:16:43+00:00","og_image":[{"width":1512,"height":1512,"url":"https:\/\/rapunzelcoils.se\/wp-content\/uploads\/2023\/08\/IMG_8023.png","type":"image\/png"}],"twitter_card":"summary_large_image","twitter_misc":{"Tiempo de lectura":"1 minuto"},"schema":{"@context":"https:\/\/schema.org","@graph":[{"@type":"WebPage","@id":"https:\/\/rapunzelcoils.se\/product\/protective-styling-bundle\/","url":"https:\/\/rapunzelcoils.se\/product\/protective-styling-bundle\/","name":"Protective styling bundle - Rapunzel Coils","isPartOf":{"@id":"https:\/\/rapunzelcoils.se\/#website"},"datePublished":"2023-08-24T14:52:37+00:00","dateModified":"2025-12-17T15:16:43+00:00","breadcrumb":{"@id":"https:\/\/rapunzelcoils.se\/product\/protective-styling-bundle\/#breadcrumb"},"inLanguage":"es","potentialAction":[{"@type":"ReadAction","target":["https:\/\/rapunzelcoils.se\/product\/protective-styling-bundle\/"]}]},{"@type":"BreadcrumbList","@id":"https:\/\/rapunzelcoils.se\/product\/protective-styling-bundle\/#breadcrumb","itemListElement":[{"@type":"ListItem","position":1,"name":"Home","item":"https:\/\/rapunzelcoils.se\/"},{"@type":"ListItem","position":2,"name":"Shop","item":"https:\/\/rapunzelcoils.se\/en\/?page_id=8"},{"@type":"ListItem","position":3,"name":"Protective styling bundle"}]},{"@type":"WebSite","@id":"https:\/\/rapunzelcoils.se\/#website","url":"https:\/\/rapunzelcoils.se\/","name":"Bobinas de Rapunzel","description":"Productos para hidratar, eliminar el frizz y definir los rizos.","publisher":{"@id":"https:\/\/rapunzelcoils.se\/#organization"},"potentialAction":[{"@type":"SearchAction","target":{"@type":"EntryPoint","urlTemplate":"https:\/\/rapunzelcoils.se\/?s={search_term_string}"},"query-input":"required name=search_term_string"}],"inLanguage":"es"},{"@type":"Organization","@id":"https:\/\/rapunzelcoils.se\/#organization","name":"Bobinas de Rapunzel","url":"https:\/\/rapunzelcoils.se\/","logo":{"@type":"ImageObject","inLanguage":"es","@id":"https:\/\/rapunzelcoils.se\/#\/schema\/logo\/image\/","url":"https:\/\/rapunzelcoils.se\/wp-content\/uploads\/2022\/01\/Black-Transparent-Logo-scaled.png","contentUrl":"https:\/\/rapunzelcoils.se\/wp-content\/uploads\/2022\/01\/Black-Transparent-Logo-scaled.png","width":2560,"height":869,"caption":"Rapunzel Coils"},"image":{"@id":"https:\/\/rapunzelcoils.se\/#\/schema\/logo\/image\/"}}]}},"_links":{"self":[{"href":"https:\/\/rapunzelcoils.se\/es\/wp-json\/wp\/v2\/product\/7105","targetHints":{"allow":["GET"]}}],"collection":[{"href":"https:\/\/rapunzelcoils.se\/es\/wp-json\/wp\/v2\/product"}],"about":[{"href":"https:\/\/rapunzelcoils.se\/es\/wp-json\/wp\/v2\/types\/product"}],"replies":[{"embeddable":true,"href":"https:\/\/rapunzelcoils.se\/es\/wp-json\/wp\/v2\/comments?post=7105"}],"version-history":[{"count":2,"href":"https:\/\/rapunzelcoils.se\/es\/wp-json\/wp\/v2\/product\/7105\/revisions"}],"predecessor-version":[{"id":9818,"href":"https:\/\/rapunzelcoils.se\/es\/wp-json\/wp\/v2\/product\/7105\/revisions\/9818"}],"wp:featuredmedia":[{"embeddable":true,"href":"https:\/\/rapunzelcoils.se\/es\/wp-json\/wp\/v2\/media\/9885"}],"wp:attachment":[{"href":"https:\/\/rapunzelcoils.se\/es\/wp-json\/wp\/v2\/media?parent=7105"}],"wp:term":[{"taxonomy":"product_brand","embeddable":true,"href":"https:\/\/rapunzelcoils.se\/es\/wp-json\/wp\/v2\/product_brand?post=7105"},{"taxonomy":"product_cat","embeddable":true,"href":"https:\/\/rapunzelcoils.se\/es\/wp-json\/wp\/v2\/product_cat?post=7105"},{"taxonomy":"product_tag","embeddable":true,"href":"https:\/\/rapunzelcoils.se\/es\/wp-json\/wp\/v2\/product_tag?post=7105"}],"curies":[{"name":"wp","href":"https:\/\/api.w.org\/{rel}","templated":true}]}}