{"id":7103,"date":"2023-08-24T15:07:32","date_gmt":"2023-08-24T12:07:32","guid":{"rendered":"https:\/\/www.rapunzelcoils.se\/?post_type=product&#038;p=7103"},"modified":"2025-12-17T18:32:16","modified_gmt":"2025-12-17T15:32:16","slug":"curl-elongation-hydration-kit","status":"publish","type":"product","link":"https:\/\/rapunzelcoils.se\/es\/producto\/curl-elongation-hydration-kit\/","title":{"rendered":"Kit para alargar rizos"},"content":{"rendered":"","protected":false},"excerpt":{"rendered":"<p>Tu d\u00fao ideal para unos rizos alargados, hidratados y sin frizz. Este kit combina nuestro Gel Alargador Harmony Curl, perfecto para cabello rizado que busca menos encogimiento y un patr\u00f3n de rizos m\u00e1s suave y estirado, con nuestra Bruma Refrescante Hibiscus Beverage, un hidratante bot\u00e1nico ligero que nutre el cuero cabelludo, suaviza el cabello y realza el brillo sin dejar residuos.<\/p>\n<p>Perfecto para los tipos de rizos que prefieren el alargamiento sobre el volumen, desean hidrataci\u00f3n sin pesadez o necesitan una rutina de renovaci\u00f3n que mantenga los rizos definidos y saludables entre los d\u00edas de lavado.<\/p>\n<p>Vegano \u00b7 Org\u00e1nico \u00b7 Aprobado por CGM \u00b7 Sin silicona<\/p>\n<p>Hecho en Suecia<\/p>\n<p>Adecuado para todo tipo de cabello ondulado, rizado, en espiral y con textura afro.<\/p>\n<p>&nbsp;<\/p>","protected":false},"featured_media":9888,"comment_status":"open","ping_status":"closed","template":"","meta":{"inline_featured_image":false},"product_brand":[],"product_cat":[110,134],"product_tag":[],"class_list":{"0":"post-7103","1":"product","2":"type-product","3":"status-publish","4":"has-post-thumbnail","6":"product_cat-defined-curls","7":"product_cat-tight-curls","9":"first","10":"instock","11":"sale","12":"shipping-taxable","13":"purchasable","14":"product-type-variable"},"acf":[],"yoast_head":"<!-- This site is optimized with the Yoast SEO plugin v21.9.1 - https:\/\/yoast.com\/wordpress\/plugins\/seo\/ -->\n<title>Curl elongating kit - Rapunzel Coils<\/title>\n<meta name=\"description\" content=\"A Curl Elongation &amp; Hydration Kit that Includes Harmony Curl Elongating Gel for reduced shrinkage and defined curls. This kit is vegan and silicone free\" \/>\n<meta name=\"robots\" content=\"index, follow, max-snippet:-1, max-image-preview:large, max-video-preview:-1\" \/>\n<link rel=\"canonical\" href=\"https:\/\/rapunzelcoils.se\/es\/producto\/curl-elongation-hydration-kit\/\" \/>\n<meta property=\"og:locale\" content=\"es_ES\" \/>\n<meta property=\"og:type\" content=\"article\" \/>\n<meta property=\"og:title\" content=\"Curl elongating kit - Rapunzel Coils\" \/>\n<meta property=\"og:description\" content=\"A Curl Elongation &amp; Hydration Kit that Includes Harmony Curl Elongating Gel for reduced shrinkage and defined curls. This kit is vegan and silicone free\" \/>\n<meta property=\"og:url\" content=\"https:\/\/rapunzelcoils.se\/es\/producto\/curl-elongation-hydration-kit\/\" \/>\n<meta property=\"og:site_name\" content=\"Rapunzel Coils\" \/>\n<meta property=\"article:modified_time\" content=\"2025-12-17T15:32:16+00:00\" \/>\n<meta property=\"og:image\" content=\"https:\/\/rapunzelcoils.se\/wp-content\/uploads\/2023\/08\/IMG_8024.png\" \/>\n\t<meta property=\"og:image:width\" content=\"1512\" \/>\n\t<meta property=\"og:image:height\" content=\"1512\" \/>\n\t<meta property=\"og:image:type\" content=\"image\/png\" \/>\n<meta name=\"twitter:card\" content=\"summary_large_image\" \/>\n<meta name=\"twitter:label1\" content=\"Tiempo de lectura\" \/>\n\t<meta name=\"twitter:data1\" content=\"1 minuto\" \/>\n<script type=\"application\/ld+json\" class=\"yoast-schema-graph\">{\"@context\":\"https:\/\/schema.org\",\"@graph\":[{\"@type\":\"WebPage\",\"@id\":\"https:\/\/rapunzelcoils.se\/product\/curl-elongation-hydration-kit\/\",\"url\":\"https:\/\/rapunzelcoils.se\/product\/curl-elongation-hydration-kit\/\",\"name\":\"Curl elongating kit - Rapunzel Coils\",\"isPartOf\":{\"@id\":\"https:\/\/rapunzelcoils.se\/#website\"},\"datePublished\":\"2023-08-24T12:07:32+00:00\",\"dateModified\":\"2025-12-17T15:32:16+00:00\",\"description\":\"A Curl Elongation & Hydration Kit that Includes Harmony Curl Elongating Gel for reduced shrinkage and defined curls. This kit is vegan and silicone free\",\"breadcrumb\":{\"@id\":\"https:\/\/rapunzelcoils.se\/product\/curl-elongation-hydration-kit\/#breadcrumb\"},\"inLanguage\":\"es\",\"potentialAction\":[{\"@type\":\"ReadAction\",\"target\":[\"https:\/\/rapunzelcoils.se\/product\/curl-elongation-hydration-kit\/\"]}]},{\"@type\":\"BreadcrumbList\",\"@id\":\"https:\/\/rapunzelcoils.se\/product\/curl-elongation-hydration-kit\/#breadcrumb\",\"itemListElement\":[{\"@type\":\"ListItem\",\"position\":1,\"name\":\"Home\",\"item\":\"https:\/\/rapunzelcoils.se\/\"},{\"@type\":\"ListItem\",\"position\":2,\"name\":\"Shop\",\"item\":\"https:\/\/rapunzelcoils.se\/en\/?page_id=8\"},{\"@type\":\"ListItem\",\"position\":3,\"name\":\"Curl elongating kit\"}]},{\"@type\":\"WebSite\",\"@id\":\"https:\/\/rapunzelcoils.se\/#website\",\"url\":\"https:\/\/rapunzelcoils.se\/\",\"name\":\"Rapunzel Coils\",\"description\":\"Products to give moisture, remove frizz and define curls\",\"publisher\":{\"@id\":\"https:\/\/rapunzelcoils.se\/#organization\"},\"potentialAction\":[{\"@type\":\"SearchAction\",\"target\":{\"@type\":\"EntryPoint\",\"urlTemplate\":\"https:\/\/rapunzelcoils.se\/?s={search_term_string}\"},\"query-input\":\"required name=search_term_string\"}],\"inLanguage\":\"es\"},{\"@type\":\"Organization\",\"@id\":\"https:\/\/rapunzelcoils.se\/#organization\",\"name\":\"Rapunzel Coils\",\"url\":\"https:\/\/rapunzelcoils.se\/\",\"logo\":{\"@type\":\"ImageObject\",\"inLanguage\":\"es\",\"@id\":\"https:\/\/rapunzelcoils.se\/#\/schema\/logo\/image\/\",\"url\":\"https:\/\/rapunzelcoils.se\/wp-content\/uploads\/2022\/01\/Black-Transparent-Logo-scaled.png\",\"contentUrl\":\"https:\/\/rapunzelcoils.se\/wp-content\/uploads\/2022\/01\/Black-Transparent-Logo-scaled.png\",\"width\":2560,\"height\":869,\"caption\":\"Rapunzel Coils\"},\"image\":{\"@id\":\"https:\/\/rapunzelcoils.se\/#\/schema\/logo\/image\/\"}}]}<\/script>\n<!-- \/ Yoast SEO plugin. -->","yoast_head_json":{"title":"Curl elongating kit - Rapunzel Coils","description":"A Curl Elongation & Hydration Kit that Includes Harmony Curl Elongating Gel for reduced shrinkage and defined curls. This kit is vegan and silicone free","robots":{"index":"index","follow":"follow","max-snippet":"max-snippet:-1","max-image-preview":"max-image-preview:large","max-video-preview":"max-video-preview:-1"},"canonical":"https:\/\/rapunzelcoils.se\/es\/producto\/curl-elongation-hydration-kit\/","og_locale":"es_ES","og_type":"article","og_title":"Curl elongating kit - Rapunzel Coils","og_description":"A Curl Elongation & Hydration Kit that Includes Harmony Curl Elongating Gel for reduced shrinkage and defined curls. This kit is vegan and silicone free","og_url":"https:\/\/rapunzelcoils.se\/es\/producto\/curl-elongation-hydration-kit\/","og_site_name":"Rapunzel Coils","article_modified_time":"2025-12-17T15:32:16+00:00","og_image":[{"width":1512,"height":1512,"url":"https:\/\/rapunzelcoils.se\/wp-content\/uploads\/2023\/08\/IMG_8024.png","type":"image\/png"}],"twitter_card":"summary_large_image","twitter_misc":{"Tiempo de lectura":"1 minuto"},"schema":{"@context":"https:\/\/schema.org","@graph":[{"@type":"WebPage","@id":"https:\/\/rapunzelcoils.se\/product\/curl-elongation-hydration-kit\/","url":"https:\/\/rapunzelcoils.se\/product\/curl-elongation-hydration-kit\/","name":"Curl elongating kit - Rapunzel Coils","isPartOf":{"@id":"https:\/\/rapunzelcoils.se\/#website"},"datePublished":"2023-08-24T12:07:32+00:00","dateModified":"2025-12-17T15:32:16+00:00","description":"A Curl Elongation & Hydration Kit that Includes Harmony Curl Elongating Gel for reduced shrinkage and defined curls. This kit is vegan and silicone free","breadcrumb":{"@id":"https:\/\/rapunzelcoils.se\/product\/curl-elongation-hydration-kit\/#breadcrumb"},"inLanguage":"es","potentialAction":[{"@type":"ReadAction","target":["https:\/\/rapunzelcoils.se\/product\/curl-elongation-hydration-kit\/"]}]},{"@type":"BreadcrumbList","@id":"https:\/\/rapunzelcoils.se\/product\/curl-elongation-hydration-kit\/#breadcrumb","itemListElement":[{"@type":"ListItem","position":1,"name":"Home","item":"https:\/\/rapunzelcoils.se\/"},{"@type":"ListItem","position":2,"name":"Shop","item":"https:\/\/rapunzelcoils.se\/en\/?page_id=8"},{"@type":"ListItem","position":3,"name":"Curl elongating kit"}]},{"@type":"WebSite","@id":"https:\/\/rapunzelcoils.se\/#website","url":"https:\/\/rapunzelcoils.se\/","name":"Bobinas de Rapunzel","description":"Productos para hidratar, eliminar el frizz y definir los rizos.","publisher":{"@id":"https:\/\/rapunzelcoils.se\/#organization"},"potentialAction":[{"@type":"SearchAction","target":{"@type":"EntryPoint","urlTemplate":"https:\/\/rapunzelcoils.se\/?s={search_term_string}"},"query-input":"required name=search_term_string"}],"inLanguage":"es"},{"@type":"Organization","@id":"https:\/\/rapunzelcoils.se\/#organization","name":"Bobinas de Rapunzel","url":"https:\/\/rapunzelcoils.se\/","logo":{"@type":"ImageObject","inLanguage":"es","@id":"https:\/\/rapunzelcoils.se\/#\/schema\/logo\/image\/","url":"https:\/\/rapunzelcoils.se\/wp-content\/uploads\/2022\/01\/Black-Transparent-Logo-scaled.png","contentUrl":"https:\/\/rapunzelcoils.se\/wp-content\/uploads\/2022\/01\/Black-Transparent-Logo-scaled.png","width":2560,"height":869,"caption":"Rapunzel Coils"},"image":{"@id":"https:\/\/rapunzelcoils.se\/#\/schema\/logo\/image\/"}}]}},"_links":{"self":[{"href":"https:\/\/rapunzelcoils.se\/es\/wp-json\/wp\/v2\/product\/7103","targetHints":{"allow":["GET"]}}],"collection":[{"href":"https:\/\/rapunzelcoils.se\/es\/wp-json\/wp\/v2\/product"}],"about":[{"href":"https:\/\/rapunzelcoils.se\/es\/wp-json\/wp\/v2\/types\/product"}],"replies":[{"embeddable":true,"href":"https:\/\/rapunzelcoils.se\/es\/wp-json\/wp\/v2\/comments?post=7103"}],"version-history":[{"count":6,"href":"https:\/\/rapunzelcoils.se\/es\/wp-json\/wp\/v2\/product\/7103\/revisions"}],"predecessor-version":[{"id":9712,"href":"https:\/\/rapunzelcoils.se\/es\/wp-json\/wp\/v2\/product\/7103\/revisions\/9712"}],"wp:featuredmedia":[{"embeddable":true,"href":"https:\/\/rapunzelcoils.se\/es\/wp-json\/wp\/v2\/media\/9888"}],"wp:attachment":[{"href":"https:\/\/rapunzelcoils.se\/es\/wp-json\/wp\/v2\/media?parent=7103"}],"wp:term":[{"taxonomy":"product_brand","embeddable":true,"href":"https:\/\/rapunzelcoils.se\/es\/wp-json\/wp\/v2\/product_brand?post=7103"},{"taxonomy":"product_cat","embeddable":true,"href":"https:\/\/rapunzelcoils.se\/es\/wp-json\/wp\/v2\/product_cat?post=7103"},{"taxonomy":"product_tag","embeddable":true,"href":"https:\/\/rapunzelcoils.se\/es\/wp-json\/wp\/v2\/product_tag?post=7103"}],"curies":[{"name":"wp","href":"https:\/\/api.w.org\/{rel}","templated":true}]}}