{"id":7040,"date":"2023-08-23T11:37:33","date_gmt":"2023-08-23T08:37:33","guid":{"rendered":"https:\/\/www.rapunzelcoils.se\/?post_type=product&#038;p=7040"},"modified":"2025-12-17T19:33:59","modified_gmt":"2025-12-17T16:33:59","slug":"curl-wash-go-bundle","status":"publish","type":"product","link":"https:\/\/rapunzelcoils.se\/es\/producto\/curl-wash-go-bundle\/","title":{"rendered":"Kit de lavado y listo para rizos"},"content":{"rendered":"","protected":false},"excerpt":{"rendered":"<p>Tu rutina completa de hidrataci\u00f3n y alargamiento de rizos en un solo kit: dise\u00f1ado para cabello rizado que busca hidrataci\u00f3n, suavidad, menor encogimiento, una definici\u00f3n m\u00e1s suave y un cuero cabelludo y cabello m\u00e1s sanos. Este sistema de 4 pasos mantiene los rizos profundamente hidratados, alargados, desenredados, brillantes y nutridos desde el primer lavado hasta el \u00faltimo d\u00eda.<\/p>\n<p>Vegano \u00b7 Org\u00e1nico \u00b7 Aprobado por CGM \u00b7 Sin silicona<\/p>\n<p>Hecho en Suecia<\/p>\n<p>Adecuado para todo tipo de cabello ondulado, rizado, en espiral y con textura afro.<\/p>\n<p>&nbsp;<\/p>","protected":false},"featured_media":9893,"comment_status":"open","ping_status":"closed","template":"","meta":{"inline_featured_image":false},"product_brand":[],"product_cat":[141,110,140,134],"product_tag":[],"class_list":{"0":"post-7040","1":"product","2":"type-product","3":"status-publish","4":"has-post-thumbnail","6":"product_cat-coily","7":"product_cat-defined-curls","8":"product_cat-kinky-curls","9":"product_cat-tight-curls","11":"first","12":"instock","13":"sale","14":"shipping-taxable","15":"purchasable","16":"product-type-variable"},"acf":[],"yoast_head":"<!-- This site is optimized with the Yoast SEO plugin v21.9.1 - https:\/\/yoast.com\/wordpress\/plugins\/seo\/ -->\n<title>Curl wash and go kit - Rapunzel Coils<\/title>\n<meta name=\"description\" content=\"The best curl wash and go kit for curls that need moisture,hydration, elongation, softness, and definition. It is made in Sweden, silicone free and cgm ok\" \/>\n<meta name=\"robots\" content=\"index, follow, max-snippet:-1, max-image-preview:large, max-video-preview:-1\" \/>\n<link rel=\"canonical\" href=\"https:\/\/rapunzelcoils.se\/es\/producto\/curl-wash-go-bundle\/\" \/>\n<meta property=\"og:locale\" content=\"es_ES\" \/>\n<meta property=\"og:type\" content=\"article\" \/>\n<meta property=\"og:title\" content=\"Curl wash and go kit - Rapunzel Coils\" \/>\n<meta property=\"og:description\" content=\"The best curl wash and go kit for curls that need moisture,hydration, elongation, softness, and definition. It is made in Sweden, silicone free and cgm ok\" \/>\n<meta property=\"og:url\" content=\"https:\/\/rapunzelcoils.se\/es\/producto\/curl-wash-go-bundle\/\" \/>\n<meta property=\"og:site_name\" content=\"Rapunzel Coils\" \/>\n<meta property=\"article:modified_time\" content=\"2025-12-17T16:33:59+00:00\" \/>\n<meta property=\"og:image\" content=\"https:\/\/rapunzelcoils.se\/wp-content\/uploads\/2023\/08\/IMG_8054.png\" \/>\n\t<meta property=\"og:image:width\" content=\"800\" \/>\n\t<meta property=\"og:image:height\" content=\"800\" \/>\n\t<meta property=\"og:image:type\" content=\"image\/png\" \/>\n<meta name=\"twitter:card\" content=\"summary_large_image\" \/>\n<meta name=\"twitter:label1\" content=\"Tiempo de lectura\" \/>\n\t<meta name=\"twitter:data1\" content=\"1 minuto\" \/>\n<script type=\"application\/ld+json\" class=\"yoast-schema-graph\">{\"@context\":\"https:\/\/schema.org\",\"@graph\":[{\"@type\":\"WebPage\",\"@id\":\"https:\/\/rapunzelcoils.se\/product\/curl-wash-go-bundle\/\",\"url\":\"https:\/\/rapunzelcoils.se\/product\/curl-wash-go-bundle\/\",\"name\":\"Curl wash and go kit - Rapunzel Coils\",\"isPartOf\":{\"@id\":\"https:\/\/rapunzelcoils.se\/#website\"},\"datePublished\":\"2023-08-23T08:37:33+00:00\",\"dateModified\":\"2025-12-17T16:33:59+00:00\",\"description\":\"The best curl wash and go kit for curls that need moisture,hydration, elongation, softness, and definition. It is made in Sweden, silicone free and cgm ok\",\"breadcrumb\":{\"@id\":\"https:\/\/rapunzelcoils.se\/product\/curl-wash-go-bundle\/#breadcrumb\"},\"inLanguage\":\"es\",\"potentialAction\":[{\"@type\":\"ReadAction\",\"target\":[\"https:\/\/rapunzelcoils.se\/product\/curl-wash-go-bundle\/\"]}]},{\"@type\":\"BreadcrumbList\",\"@id\":\"https:\/\/rapunzelcoils.se\/product\/curl-wash-go-bundle\/#breadcrumb\",\"itemListElement\":[{\"@type\":\"ListItem\",\"position\":1,\"name\":\"Home\",\"item\":\"https:\/\/rapunzelcoils.se\/\"},{\"@type\":\"ListItem\",\"position\":2,\"name\":\"Shop\",\"item\":\"https:\/\/rapunzelcoils.se\/en\/?page_id=8\"},{\"@type\":\"ListItem\",\"position\":3,\"name\":\"Curl wash and go kit\"}]},{\"@type\":\"WebSite\",\"@id\":\"https:\/\/rapunzelcoils.se\/#website\",\"url\":\"https:\/\/rapunzelcoils.se\/\",\"name\":\"Rapunzel Coils\",\"description\":\"Products to give moisture, remove frizz and define curls\",\"publisher\":{\"@id\":\"https:\/\/rapunzelcoils.se\/#organization\"},\"potentialAction\":[{\"@type\":\"SearchAction\",\"target\":{\"@type\":\"EntryPoint\",\"urlTemplate\":\"https:\/\/rapunzelcoils.se\/?s={search_term_string}\"},\"query-input\":\"required name=search_term_string\"}],\"inLanguage\":\"es\"},{\"@type\":\"Organization\",\"@id\":\"https:\/\/rapunzelcoils.se\/#organization\",\"name\":\"Rapunzel Coils\",\"url\":\"https:\/\/rapunzelcoils.se\/\",\"logo\":{\"@type\":\"ImageObject\",\"inLanguage\":\"es\",\"@id\":\"https:\/\/rapunzelcoils.se\/#\/schema\/logo\/image\/\",\"url\":\"https:\/\/rapunzelcoils.se\/wp-content\/uploads\/2022\/01\/Black-Transparent-Logo-scaled.png\",\"contentUrl\":\"https:\/\/rapunzelcoils.se\/wp-content\/uploads\/2022\/01\/Black-Transparent-Logo-scaled.png\",\"width\":2560,\"height\":869,\"caption\":\"Rapunzel Coils\"},\"image\":{\"@id\":\"https:\/\/rapunzelcoils.se\/#\/schema\/logo\/image\/\"}}]}<\/script>\n<!-- \/ Yoast SEO plugin. -->","yoast_head_json":{"title":"Curl wash and go kit - Rapunzel Coils","description":"The best curl wash and go kit for curls that need moisture,hydration, elongation, softness, and definition. It is made in Sweden, silicone free and cgm ok","robots":{"index":"index","follow":"follow","max-snippet":"max-snippet:-1","max-image-preview":"max-image-preview:large","max-video-preview":"max-video-preview:-1"},"canonical":"https:\/\/rapunzelcoils.se\/es\/producto\/curl-wash-go-bundle\/","og_locale":"es_ES","og_type":"article","og_title":"Curl wash and go kit - Rapunzel Coils","og_description":"The best curl wash and go kit for curls that need moisture,hydration, elongation, softness, and definition. It is made in Sweden, silicone free and cgm ok","og_url":"https:\/\/rapunzelcoils.se\/es\/producto\/curl-wash-go-bundle\/","og_site_name":"Rapunzel Coils","article_modified_time":"2025-12-17T16:33:59+00:00","og_image":[{"url":"https:\/\/rapunzelcoils.se\/wp-content\/uploads\/2023\/08\/IMG_8054.png","width":800,"height":800,"type":"image\/png"}],"twitter_card":"summary_large_image","twitter_misc":{"Tiempo de lectura":"1 minuto"},"schema":{"@context":"https:\/\/schema.org","@graph":[{"@type":"WebPage","@id":"https:\/\/rapunzelcoils.se\/product\/curl-wash-go-bundle\/","url":"https:\/\/rapunzelcoils.se\/product\/curl-wash-go-bundle\/","name":"Curl wash and go kit - Rapunzel Coils","isPartOf":{"@id":"https:\/\/rapunzelcoils.se\/#website"},"datePublished":"2023-08-23T08:37:33+00:00","dateModified":"2025-12-17T16:33:59+00:00","description":"The best curl wash and go kit for curls that need moisture,hydration, elongation, softness, and definition. It is made in Sweden, silicone free and cgm ok","breadcrumb":{"@id":"https:\/\/rapunzelcoils.se\/product\/curl-wash-go-bundle\/#breadcrumb"},"inLanguage":"es","potentialAction":[{"@type":"ReadAction","target":["https:\/\/rapunzelcoils.se\/product\/curl-wash-go-bundle\/"]}]},{"@type":"BreadcrumbList","@id":"https:\/\/rapunzelcoils.se\/product\/curl-wash-go-bundle\/#breadcrumb","itemListElement":[{"@type":"ListItem","position":1,"name":"Home","item":"https:\/\/rapunzelcoils.se\/"},{"@type":"ListItem","position":2,"name":"Shop","item":"https:\/\/rapunzelcoils.se\/en\/?page_id=8"},{"@type":"ListItem","position":3,"name":"Curl wash and go kit"}]},{"@type":"WebSite","@id":"https:\/\/rapunzelcoils.se\/#website","url":"https:\/\/rapunzelcoils.se\/","name":"Bobinas de Rapunzel","description":"Productos para hidratar, eliminar el frizz y definir los rizos.","publisher":{"@id":"https:\/\/rapunzelcoils.se\/#organization"},"potentialAction":[{"@type":"SearchAction","target":{"@type":"EntryPoint","urlTemplate":"https:\/\/rapunzelcoils.se\/?s={search_term_string}"},"query-input":"required name=search_term_string"}],"inLanguage":"es"},{"@type":"Organization","@id":"https:\/\/rapunzelcoils.se\/#organization","name":"Bobinas de Rapunzel","url":"https:\/\/rapunzelcoils.se\/","logo":{"@type":"ImageObject","inLanguage":"es","@id":"https:\/\/rapunzelcoils.se\/#\/schema\/logo\/image\/","url":"https:\/\/rapunzelcoils.se\/wp-content\/uploads\/2022\/01\/Black-Transparent-Logo-scaled.png","contentUrl":"https:\/\/rapunzelcoils.se\/wp-content\/uploads\/2022\/01\/Black-Transparent-Logo-scaled.png","width":2560,"height":869,"caption":"Rapunzel Coils"},"image":{"@id":"https:\/\/rapunzelcoils.se\/#\/schema\/logo\/image\/"}}]}},"_links":{"self":[{"href":"https:\/\/rapunzelcoils.se\/es\/wp-json\/wp\/v2\/product\/7040","targetHints":{"allow":["GET"]}}],"collection":[{"href":"https:\/\/rapunzelcoils.se\/es\/wp-json\/wp\/v2\/product"}],"about":[{"href":"https:\/\/rapunzelcoils.se\/es\/wp-json\/wp\/v2\/types\/product"}],"replies":[{"embeddable":true,"href":"https:\/\/rapunzelcoils.se\/es\/wp-json\/wp\/v2\/comments?post=7040"}],"version-history":[{"count":3,"href":"https:\/\/rapunzelcoils.se\/es\/wp-json\/wp\/v2\/product\/7040\/revisions"}],"predecessor-version":[{"id":9896,"href":"https:\/\/rapunzelcoils.se\/es\/wp-json\/wp\/v2\/product\/7040\/revisions\/9896"}],"wp:featuredmedia":[{"embeddable":true,"href":"https:\/\/rapunzelcoils.se\/es\/wp-json\/wp\/v2\/media\/9893"}],"wp:attachment":[{"href":"https:\/\/rapunzelcoils.se\/es\/wp-json\/wp\/v2\/media?parent=7040"}],"wp:term":[{"taxonomy":"product_brand","embeddable":true,"href":"https:\/\/rapunzelcoils.se\/es\/wp-json\/wp\/v2\/product_brand?post=7040"},{"taxonomy":"product_cat","embeddable":true,"href":"https:\/\/rapunzelcoils.se\/es\/wp-json\/wp\/v2\/product_cat?post=7040"},{"taxonomy":"product_tag","embeddable":true,"href":"https:\/\/rapunzelcoils.se\/es\/wp-json\/wp\/v2\/product_tag?post=7040"}],"curies":[{"name":"wp","href":"https:\/\/api.w.org\/{rel}","templated":true}]}}