{"id":7038,"date":"2023-08-23T11:20:30","date_gmt":"2023-08-23T08:20:30","guid":{"rendered":"https:\/\/www.rapunzelcoils.se\/?post_type=product&#038;p=7038"},"modified":"2026-01-03T19:32:32","modified_gmt":"2026-01-03T16:32:32","slug":"curl-wash-style-bundle","status":"publish","type":"product","link":"https:\/\/rapunzelcoils.se\/es\/producto\/curl-wash-style-bundle\/","title":{"rendered":"Kit de lavado y peinado para rizos (baja porosidad)"},"content":{"rendered":"<p>Descubre el Pack Lavado y Peinado: tu rutina de hidrataci\u00f3n integral dise\u00f1ada para mantener tus rizos hidratados, con cuerpo y perfectamente definidos. Este sistema de cuatro pasos limpia con suavidad, restaura la hidrataci\u00f3n, reduce la rotura, activa los rizos y proporciona una definici\u00f3n suave y sin prote\u00ednas.<\/p>\n<p>Ya sea que tus rizos sean ondulados, crespos, enroscados o con textura afro, este paquete te brinda todo lo que necesitas para un d\u00eda de lavado suave, liviano y duradero.<\/p>\n<p>Qu\u00e9 hay dentro:<\/p>\n<p>1. Champ\u00fa hidratante Regn<\/p>\n<p>Un champ\u00fa hidratante ayurv\u00e9dico suave que limpia el cuero cabelludo y el cabello sin eliminar sus aceites naturales. Restaura la hidrataci\u00f3n, suaviza el cuero cabelludo y prepara tus rizos para la absorci\u00f3n de la humedad.<\/p>\n<p>Regn har\u00e1 lo siguiente:<\/p>\n<ul>\n<li>Limpiar sin resecar<\/li>\n<li>Suaviza y refresca los rizos.<\/li>\n<li>Apoya la salud del cuero cabelludo<\/li>\n<li>Mejorar la absorci\u00f3n de humedad<\/li>\n<li>Equilibrar los niveles de aceite<\/li>\n<li>Crea la base perfecta para Ros\u00e9e<\/li>\n<\/ul>\n<p>2. Mascarilla hidratante Ros\u00e9e<\/p>\n<p>Una rica mascarilla hidratante ayurv\u00e9dica 2 en 1 que acondiciona, hidrata y restaura la suavidad. Deja los rizos sedosos, suaves y f\u00e1ciles de desenredar.<\/p>\n<p>Ros\u00e9e:<\/p>\n<ul>\n<li>Hidrata profundamente los rizos<\/li>\n<li>Restaura la suavidad y manejabilidad<\/li>\n<li>Mejora el deslizamiento para un desenredado f\u00e1cil.<\/li>\n<li>Proporciona hidrataci\u00f3n duradera<\/li>\n<li>Apoya la elasticidad del rizo<\/li>\n<li>Act\u00faa como acondicionador o tratamiento profundo.<\/li>\n<\/ul>\n<p>3. Leche moldeadora Lush Curl<\/p>\n<p>Un producto suave y ligero sin enjuague que hidrata, acondiciona y activa los rizos. Mejora la suavidad y reduce la rotura, a la vez que proporciona una hidrataci\u00f3n que dura varios d\u00edas.<\/p>\n<p>Lush voluntad:<\/p>\n<ul>\n<li>Activar rizos<\/li>\n<li>Acondicionar y suavizar<\/li>\n<li>Proporciona hidrataci\u00f3n duradera.<\/li>\n<li>Reduce enredos y roturas<\/li>\n<li>Retenci\u00f3n de la longitud del soporte<\/li>\n<\/ul>\n<p>4. Gel definidor de rizos Harmony (sin prote\u00ednas)<\/p>\n<p>Un gel bot\u00e1nico para rizos que ofrece una definici\u00f3n flexible, agradable al tacto y sin prote\u00ednas. Aporta brillo y moldea los rizos sin dejarlos r\u00edgidos, perfecto para rizos sensibles a las prote\u00ednas o cualquier rutina que ya incluya prote\u00ednas.<\/p>\n<p>La armon\u00eda:<\/p>\n<ul>\n<li>Define los rizos con una fijaci\u00f3n suave y flexible.<\/li>\n<li>A\u00f1ade brillo y suaviza el frizz.<\/li>\n<li>Mantiene los rizos el\u00e1sticos y con aspecto natural.<\/li>\n<li>Apoya d\u00edas de lavado duraderos<\/li>\n<li>Combina a la perfecci\u00f3n con Lush para crear capas.<\/li>\n<\/ul>","protected":false},"excerpt":{"rendered":"<p>La mejor rutina centrada en la humectaci\u00f3n para rizos suaves, definidos e hidratados. Este kit Wash &amp; Style incluye todo lo necesario para limpiar, hidratar, activar y definir tus rizos sin apelmazarlos.<\/p>\n<p>Hecho en Suecia \u00b7 Aprobado por CGM \u00b7 Sin silicona \u00b7 Sin sulfatos \u00b7 Vegano<\/p>\n<p>Perfecto para todo tipo de cabello ondulado, rizado, en espiral y con textura afro.<\/p>\n<p>&nbsp;<\/p>","protected":false},"featured_media":9897,"comment_status":"open","ping_status":"closed","template":"","meta":{"inline_featured_image":false},"product_brand":[],"product_cat":[110,127,123,117],"product_tag":[],"class_list":{"0":"post-7038","1":"product","2":"type-product","3":"status-publish","4":"has-post-thumbnail","6":"product_cat-defined-curls","7":"product_cat-moisturizing-conditioner","8":"product_cat-moisturizing-shampoo","9":"product_cat-wash-hour","11":"first","12":"instock","13":"sale","14":"shipping-taxable","15":"purchasable","16":"product-type-variable"},"acf":[],"yoast_head":"<!-- This site is optimized with the Yoast SEO plugin v21.9.1 - https:\/\/yoast.com\/wordpress\/plugins\/seo\/ -->\n<title>Curl Wash &amp; style kit (low porosity) - Rapunzel Coils<\/title>\n<meta name=\"description\" content=\"Complete moisture-focused curl bundle with curl shampoo, curl moisture mask, cirl leave-in, and curl protein-free gel.Vegan, silicone-free,Curly girl\" \/>\n<meta name=\"robots\" content=\"index, follow, max-snippet:-1, max-image-preview:large, max-video-preview:-1\" \/>\n<link rel=\"canonical\" href=\"https:\/\/rapunzelcoils.se\/es\/producto\/curl-wash-style-bundle\/\" \/>\n<meta property=\"og:locale\" content=\"es_ES\" \/>\n<meta property=\"og:type\" content=\"article\" \/>\n<meta property=\"og:title\" content=\"Curl Wash &amp; style kit (low porosity) - Rapunzel Coils\" \/>\n<meta property=\"og:description\" content=\"Complete moisture-focused curl bundle with curl shampoo, curl moisture mask, cirl leave-in, and curl protein-free gel.Vegan, silicone-free,Curly girl\" \/>\n<meta property=\"og:url\" content=\"https:\/\/rapunzelcoils.se\/es\/producto\/curl-wash-style-bundle\/\" \/>\n<meta property=\"og:site_name\" content=\"Rapunzel Coils\" \/>\n<meta property=\"article:modified_time\" content=\"2026-01-03T16:32:32+00:00\" \/>\n<meta property=\"og:image\" content=\"https:\/\/rapunzelcoils.se\/wp-content\/uploads\/2023\/08\/IMG_8022.png\" \/>\n\t<meta property=\"og:image:width\" content=\"800\" \/>\n\t<meta property=\"og:image:height\" content=\"800\" \/>\n\t<meta property=\"og:image:type\" content=\"image\/png\" \/>\n<meta name=\"twitter:card\" content=\"summary_large_image\" \/>\n<meta name=\"twitter:label1\" content=\"Tiempo de lectura\" \/>\n\t<meta name=\"twitter:data1\" content=\"2 minutos\" \/>\n<script type=\"application\/ld+json\" class=\"yoast-schema-graph\">{\"@context\":\"https:\/\/schema.org\",\"@graph\":[{\"@type\":\"WebPage\",\"@id\":\"https:\/\/rapunzelcoils.se\/product\/curl-wash-style-bundle\/\",\"url\":\"https:\/\/rapunzelcoils.se\/product\/curl-wash-style-bundle\/\",\"name\":\"Curl Wash & style kit (low porosity) - Rapunzel Coils\",\"isPartOf\":{\"@id\":\"https:\/\/rapunzelcoils.se\/#website\"},\"datePublished\":\"2023-08-23T08:20:30+00:00\",\"dateModified\":\"2026-01-03T16:32:32+00:00\",\"description\":\"Complete moisture-focused curl bundle with curl shampoo, curl moisture mask, cirl leave-in, and curl protein-free gel.Vegan, silicone-free,Curly girl\",\"breadcrumb\":{\"@id\":\"https:\/\/rapunzelcoils.se\/product\/curl-wash-style-bundle\/#breadcrumb\"},\"inLanguage\":\"es\",\"potentialAction\":[{\"@type\":\"ReadAction\",\"target\":[\"https:\/\/rapunzelcoils.se\/product\/curl-wash-style-bundle\/\"]}]},{\"@type\":\"BreadcrumbList\",\"@id\":\"https:\/\/rapunzelcoils.se\/product\/curl-wash-style-bundle\/#breadcrumb\",\"itemListElement\":[{\"@type\":\"ListItem\",\"position\":1,\"name\":\"Home\",\"item\":\"https:\/\/rapunzelcoils.se\/\"},{\"@type\":\"ListItem\",\"position\":2,\"name\":\"Shop\",\"item\":\"https:\/\/rapunzelcoils.se\/en\/?page_id=8\"},{\"@type\":\"ListItem\",\"position\":3,\"name\":\"Curl Wash &#038; style kit (low porosity)\"}]},{\"@type\":\"WebSite\",\"@id\":\"https:\/\/rapunzelcoils.se\/#website\",\"url\":\"https:\/\/rapunzelcoils.se\/\",\"name\":\"Rapunzel Coils\",\"description\":\"Products to give moisture, remove frizz and define curls\",\"publisher\":{\"@id\":\"https:\/\/rapunzelcoils.se\/#organization\"},\"potentialAction\":[{\"@type\":\"SearchAction\",\"target\":{\"@type\":\"EntryPoint\",\"urlTemplate\":\"https:\/\/rapunzelcoils.se\/?s={search_term_string}\"},\"query-input\":\"required name=search_term_string\"}],\"inLanguage\":\"es\"},{\"@type\":\"Organization\",\"@id\":\"https:\/\/rapunzelcoils.se\/#organization\",\"name\":\"Rapunzel Coils\",\"url\":\"https:\/\/rapunzelcoils.se\/\",\"logo\":{\"@type\":\"ImageObject\",\"inLanguage\":\"es\",\"@id\":\"https:\/\/rapunzelcoils.se\/#\/schema\/logo\/image\/\",\"url\":\"https:\/\/rapunzelcoils.se\/wp-content\/uploads\/2022\/01\/Black-Transparent-Logo-scaled.png\",\"contentUrl\":\"https:\/\/rapunzelcoils.se\/wp-content\/uploads\/2022\/01\/Black-Transparent-Logo-scaled.png\",\"width\":2560,\"height\":869,\"caption\":\"Rapunzel Coils\"},\"image\":{\"@id\":\"https:\/\/rapunzelcoils.se\/#\/schema\/logo\/image\/\"}}]}<\/script>\n<!-- \/ Yoast SEO plugin. -->","yoast_head_json":{"title":"Curl Wash & style kit (low porosity) - Rapunzel Coils","description":"Complete moisture-focused curl bundle with curl shampoo, curl moisture mask, cirl leave-in, and curl protein-free gel.Vegan, silicone-free,Curly girl","robots":{"index":"index","follow":"follow","max-snippet":"max-snippet:-1","max-image-preview":"max-image-preview:large","max-video-preview":"max-video-preview:-1"},"canonical":"https:\/\/rapunzelcoils.se\/es\/producto\/curl-wash-style-bundle\/","og_locale":"es_ES","og_type":"article","og_title":"Curl Wash & style kit (low porosity) - Rapunzel Coils","og_description":"Complete moisture-focused curl bundle with curl shampoo, curl moisture mask, cirl leave-in, and curl protein-free gel.Vegan, silicone-free,Curly girl","og_url":"https:\/\/rapunzelcoils.se\/es\/producto\/curl-wash-style-bundle\/","og_site_name":"Rapunzel Coils","article_modified_time":"2026-01-03T16:32:32+00:00","og_image":[{"url":"https:\/\/rapunzelcoils.se\/wp-content\/uploads\/2023\/08\/IMG_8022.png","width":800,"height":800,"type":"image\/png"}],"twitter_card":"summary_large_image","twitter_misc":{"Tiempo de lectura":"2 minutos"},"schema":{"@context":"https:\/\/schema.org","@graph":[{"@type":"WebPage","@id":"https:\/\/rapunzelcoils.se\/product\/curl-wash-style-bundle\/","url":"https:\/\/rapunzelcoils.se\/product\/curl-wash-style-bundle\/","name":"Curl Wash & style kit (low porosity) - Rapunzel Coils","isPartOf":{"@id":"https:\/\/rapunzelcoils.se\/#website"},"datePublished":"2023-08-23T08:20:30+00:00","dateModified":"2026-01-03T16:32:32+00:00","description":"Complete moisture-focused curl bundle with curl shampoo, curl moisture mask, cirl leave-in, and curl protein-free gel.Vegan, silicone-free,Curly girl","breadcrumb":{"@id":"https:\/\/rapunzelcoils.se\/product\/curl-wash-style-bundle\/#breadcrumb"},"inLanguage":"es","potentialAction":[{"@type":"ReadAction","target":["https:\/\/rapunzelcoils.se\/product\/curl-wash-style-bundle\/"]}]},{"@type":"BreadcrumbList","@id":"https:\/\/rapunzelcoils.se\/product\/curl-wash-style-bundle\/#breadcrumb","itemListElement":[{"@type":"ListItem","position":1,"name":"Home","item":"https:\/\/rapunzelcoils.se\/"},{"@type":"ListItem","position":2,"name":"Shop","item":"https:\/\/rapunzelcoils.se\/en\/?page_id=8"},{"@type":"ListItem","position":3,"name":"Curl Wash &#038; style kit (low porosity)"}]},{"@type":"WebSite","@id":"https:\/\/rapunzelcoils.se\/#website","url":"https:\/\/rapunzelcoils.se\/","name":"Bobinas de Rapunzel","description":"Productos para hidratar, eliminar el frizz y definir los rizos.","publisher":{"@id":"https:\/\/rapunzelcoils.se\/#organization"},"potentialAction":[{"@type":"SearchAction","target":{"@type":"EntryPoint","urlTemplate":"https:\/\/rapunzelcoils.se\/?s={search_term_string}"},"query-input":"required name=search_term_string"}],"inLanguage":"es"},{"@type":"Organization","@id":"https:\/\/rapunzelcoils.se\/#organization","name":"Bobinas de Rapunzel","url":"https:\/\/rapunzelcoils.se\/","logo":{"@type":"ImageObject","inLanguage":"es","@id":"https:\/\/rapunzelcoils.se\/#\/schema\/logo\/image\/","url":"https:\/\/rapunzelcoils.se\/wp-content\/uploads\/2022\/01\/Black-Transparent-Logo-scaled.png","contentUrl":"https:\/\/rapunzelcoils.se\/wp-content\/uploads\/2022\/01\/Black-Transparent-Logo-scaled.png","width":2560,"height":869,"caption":"Rapunzel Coils"},"image":{"@id":"https:\/\/rapunzelcoils.se\/#\/schema\/logo\/image\/"}}]}},"_links":{"self":[{"href":"https:\/\/rapunzelcoils.se\/es\/wp-json\/wp\/v2\/product\/7038","targetHints":{"allow":["GET"]}}],"collection":[{"href":"https:\/\/rapunzelcoils.se\/es\/wp-json\/wp\/v2\/product"}],"about":[{"href":"https:\/\/rapunzelcoils.se\/es\/wp-json\/wp\/v2\/types\/product"}],"replies":[{"embeddable":true,"href":"https:\/\/rapunzelcoils.se\/es\/wp-json\/wp\/v2\/comments?post=7038"}],"version-history":[{"count":8,"href":"https:\/\/rapunzelcoils.se\/es\/wp-json\/wp\/v2\/product\/7038\/revisions"}],"predecessor-version":[{"id":9680,"href":"https:\/\/rapunzelcoils.se\/es\/wp-json\/wp\/v2\/product\/7038\/revisions\/9680"}],"wp:featuredmedia":[{"embeddable":true,"href":"https:\/\/rapunzelcoils.se\/es\/wp-json\/wp\/v2\/media\/9897"}],"wp:attachment":[{"href":"https:\/\/rapunzelcoils.se\/es\/wp-json\/wp\/v2\/media?parent=7038"}],"wp:term":[{"taxonomy":"product_brand","embeddable":true,"href":"https:\/\/rapunzelcoils.se\/es\/wp-json\/wp\/v2\/product_brand?post=7038"},{"taxonomy":"product_cat","embeddable":true,"href":"https:\/\/rapunzelcoils.se\/es\/wp-json\/wp\/v2\/product_cat?post=7038"},{"taxonomy":"product_tag","embeddable":true,"href":"https:\/\/rapunzelcoils.se\/es\/wp-json\/wp\/v2\/product_tag?post=7038"}],"curies":[{"name":"wp","href":"https:\/\/api.w.org\/{rel}","templated":true}]}}