{"id":7036,"date":"2023-08-23T10:59:42","date_gmt":"2023-08-23T07:59:42","guid":{"rendered":"https:\/\/www.rapunzelcoils.se\/?post_type=product&#038;p=7036"},"modified":"2026-01-26T23:11:27","modified_gmt":"2026-01-26T20:11:27","slug":"curl-detox-kit","status":"publish","type":"product","link":"https:\/\/rapunzelcoils.se\/es\/producto\/curl-detox-kit\/","title":{"rendered":"Kit de desintoxicaci\u00f3n mensual para rizos"},"content":{"rendered":"","protected":false},"excerpt":{"rendered":"<p>Un kit desintoxicante bot\u00e1nico para rizos, vegano, sin sulfatos y sin silicona, que limpia suavemente y fortalece el cabello rizado y texturizado.<\/p>\n<p>\u00bfCansada de tus rizos secos, encrespados, pesados y que no responden a los productos? Esta desintoxicaci\u00f3n ayurv\u00e9dica los devuelve al equilibrio desde el primer lavado. Contin\u00faa con nuestros paquetes de peinado para una hidrataci\u00f3n m\u00e1s profunda y una definici\u00f3n duradera.<\/p>\n<p>Incluye champ\u00fa Regn Detox y mascarilla de prote\u00ednas Oasis: m\u00e9todo Curly Girl aprobado y fabricado en Suecia.<\/p>\n<p>Perfecto para todo tipo de cabello ondulado, rizado, en espiral y con textura afro.<\/p>","protected":false},"featured_media":9898,"comment_status":"open","ping_status":"closed","template":"","meta":{"inline_featured_image":false},"product_brand":[],"product_cat":[120,121],"product_tag":[],"class_list":{"0":"post-7036","1":"product","2":"type-product","3":"status-publish","4":"has-post-thumbnail","6":"product_cat-curl-detox","7":"product_cat-hair-detox","9":"first","10":"instock","11":"sale","12":"shipping-taxable","13":"purchasable","14":"product-type-variable"},"acf":[],"yoast_head":"<!-- This site is optimized with the Yoast SEO plugin v21.9.1 - https:\/\/yoast.com\/wordpress\/plugins\/seo\/ -->\n<title>Monthly Curl detox Kit - Rapunzel Coils<\/title>\n<meta name=\"description\" content=\"Vegan, sulfate- and silicone-free Curl Detox Kit made in Sweden. Gently cleanses and strengthens wavy, curly, coily &amp; afro-textured hair.\" \/>\n<meta name=\"robots\" content=\"index, follow, max-snippet:-1, max-image-preview:large, max-video-preview:-1\" \/>\n<link rel=\"canonical\" href=\"https:\/\/rapunzelcoils.se\/es\/producto\/curl-detox-kit\/\" \/>\n<meta property=\"og:locale\" content=\"es_ES\" \/>\n<meta property=\"og:type\" content=\"article\" \/>\n<meta property=\"og:title\" content=\"Monthly Curl detox Kit - Rapunzel Coils\" \/>\n<meta property=\"og:description\" content=\"Vegan, sulfate- and silicone-free Curl Detox Kit made in Sweden. Gently cleanses and strengthens wavy, curly, coily &amp; afro-textured hair.\" \/>\n<meta property=\"og:url\" content=\"https:\/\/rapunzelcoils.se\/es\/producto\/curl-detox-kit\/\" \/>\n<meta property=\"og:site_name\" content=\"Rapunzel Coils\" \/>\n<meta property=\"article:modified_time\" content=\"2026-01-26T20:11:27+00:00\" \/>\n<meta property=\"og:image\" content=\"https:\/\/rapunzelcoils.se\/wp-content\/uploads\/2023\/08\/IMG_8026.png\" \/>\n\t<meta property=\"og:image:width\" content=\"1512\" \/>\n\t<meta property=\"og:image:height\" content=\"1512\" \/>\n\t<meta property=\"og:image:type\" content=\"image\/png\" \/>\n<meta name=\"twitter:card\" content=\"summary_large_image\" \/>\n<meta name=\"twitter:label1\" content=\"Tiempo de lectura\" \/>\n\t<meta name=\"twitter:data1\" content=\"1 minuto\" \/>\n<script type=\"application\/ld+json\" class=\"yoast-schema-graph\">{\"@context\":\"https:\/\/schema.org\",\"@graph\":[{\"@type\":\"WebPage\",\"@id\":\"https:\/\/rapunzelcoils.se\/product\/curl-detox-kit\/\",\"url\":\"https:\/\/rapunzelcoils.se\/product\/curl-detox-kit\/\",\"name\":\"Monthly Curl detox Kit - Rapunzel Coils\",\"isPartOf\":{\"@id\":\"https:\/\/rapunzelcoils.se\/#website\"},\"datePublished\":\"2023-08-23T07:59:42+00:00\",\"dateModified\":\"2026-01-26T20:11:27+00:00\",\"description\":\"Vegan, sulfate- and silicone-free Curl Detox Kit made in Sweden. Gently cleanses and strengthens wavy, curly, coily & afro-textured hair.\",\"breadcrumb\":{\"@id\":\"https:\/\/rapunzelcoils.se\/product\/curl-detox-kit\/#breadcrumb\"},\"inLanguage\":\"es\",\"potentialAction\":[{\"@type\":\"ReadAction\",\"target\":[\"https:\/\/rapunzelcoils.se\/product\/curl-detox-kit\/\"]}]},{\"@type\":\"BreadcrumbList\",\"@id\":\"https:\/\/rapunzelcoils.se\/product\/curl-detox-kit\/#breadcrumb\",\"itemListElement\":[{\"@type\":\"ListItem\",\"position\":1,\"name\":\"Home\",\"item\":\"https:\/\/rapunzelcoils.se\/\"},{\"@type\":\"ListItem\",\"position\":2,\"name\":\"Shop\",\"item\":\"https:\/\/rapunzelcoils.se\/en\/?page_id=8\"},{\"@type\":\"ListItem\",\"position\":3,\"name\":\"Monthly Curl detox Kit\"}]},{\"@type\":\"WebSite\",\"@id\":\"https:\/\/rapunzelcoils.se\/#website\",\"url\":\"https:\/\/rapunzelcoils.se\/\",\"name\":\"Rapunzel Coils\",\"description\":\"Products to give moisture, remove frizz and define curls\",\"publisher\":{\"@id\":\"https:\/\/rapunzelcoils.se\/#organization\"},\"potentialAction\":[{\"@type\":\"SearchAction\",\"target\":{\"@type\":\"EntryPoint\",\"urlTemplate\":\"https:\/\/rapunzelcoils.se\/?s={search_term_string}\"},\"query-input\":\"required name=search_term_string\"}],\"inLanguage\":\"es\"},{\"@type\":\"Organization\",\"@id\":\"https:\/\/rapunzelcoils.se\/#organization\",\"name\":\"Rapunzel Coils\",\"url\":\"https:\/\/rapunzelcoils.se\/\",\"logo\":{\"@type\":\"ImageObject\",\"inLanguage\":\"es\",\"@id\":\"https:\/\/rapunzelcoils.se\/#\/schema\/logo\/image\/\",\"url\":\"https:\/\/rapunzelcoils.se\/wp-content\/uploads\/2022\/01\/Black-Transparent-Logo-scaled.png\",\"contentUrl\":\"https:\/\/rapunzelcoils.se\/wp-content\/uploads\/2022\/01\/Black-Transparent-Logo-scaled.png\",\"width\":2560,\"height\":869,\"caption\":\"Rapunzel Coils\"},\"image\":{\"@id\":\"https:\/\/rapunzelcoils.se\/#\/schema\/logo\/image\/\"}}]}<\/script>\n<!-- \/ Yoast SEO plugin. -->","yoast_head_json":{"title":"Monthly Curl detox Kit - Rapunzel Coils","description":"Vegan, sulfate- and silicone-free Curl Detox Kit made in Sweden. Gently cleanses and strengthens wavy, curly, coily & afro-textured hair.","robots":{"index":"index","follow":"follow","max-snippet":"max-snippet:-1","max-image-preview":"max-image-preview:large","max-video-preview":"max-video-preview:-1"},"canonical":"https:\/\/rapunzelcoils.se\/es\/producto\/curl-detox-kit\/","og_locale":"es_ES","og_type":"article","og_title":"Monthly Curl detox Kit - Rapunzel Coils","og_description":"Vegan, sulfate- and silicone-free Curl Detox Kit made in Sweden. Gently cleanses and strengthens wavy, curly, coily & afro-textured hair.","og_url":"https:\/\/rapunzelcoils.se\/es\/producto\/curl-detox-kit\/","og_site_name":"Rapunzel Coils","article_modified_time":"2026-01-26T20:11:27+00:00","og_image":[{"width":1512,"height":1512,"url":"https:\/\/rapunzelcoils.se\/wp-content\/uploads\/2023\/08\/IMG_8026.png","type":"image\/png"}],"twitter_card":"summary_large_image","twitter_misc":{"Tiempo de lectura":"1 minuto"},"schema":{"@context":"https:\/\/schema.org","@graph":[{"@type":"WebPage","@id":"https:\/\/rapunzelcoils.se\/product\/curl-detox-kit\/","url":"https:\/\/rapunzelcoils.se\/product\/curl-detox-kit\/","name":"Monthly Curl detox Kit - Rapunzel Coils","isPartOf":{"@id":"https:\/\/rapunzelcoils.se\/#website"},"datePublished":"2023-08-23T07:59:42+00:00","dateModified":"2026-01-26T20:11:27+00:00","description":"Vegan, sulfate- and silicone-free Curl Detox Kit made in Sweden. Gently cleanses and strengthens wavy, curly, coily & afro-textured hair.","breadcrumb":{"@id":"https:\/\/rapunzelcoils.se\/product\/curl-detox-kit\/#breadcrumb"},"inLanguage":"es","potentialAction":[{"@type":"ReadAction","target":["https:\/\/rapunzelcoils.se\/product\/curl-detox-kit\/"]}]},{"@type":"BreadcrumbList","@id":"https:\/\/rapunzelcoils.se\/product\/curl-detox-kit\/#breadcrumb","itemListElement":[{"@type":"ListItem","position":1,"name":"Home","item":"https:\/\/rapunzelcoils.se\/"},{"@type":"ListItem","position":2,"name":"Shop","item":"https:\/\/rapunzelcoils.se\/en\/?page_id=8"},{"@type":"ListItem","position":3,"name":"Monthly Curl detox Kit"}]},{"@type":"WebSite","@id":"https:\/\/rapunzelcoils.se\/#website","url":"https:\/\/rapunzelcoils.se\/","name":"Bobinas de Rapunzel","description":"Productos para hidratar, eliminar el frizz y definir los rizos.","publisher":{"@id":"https:\/\/rapunzelcoils.se\/#organization"},"potentialAction":[{"@type":"SearchAction","target":{"@type":"EntryPoint","urlTemplate":"https:\/\/rapunzelcoils.se\/?s={search_term_string}"},"query-input":"required name=search_term_string"}],"inLanguage":"es"},{"@type":"Organization","@id":"https:\/\/rapunzelcoils.se\/#organization","name":"Bobinas de Rapunzel","url":"https:\/\/rapunzelcoils.se\/","logo":{"@type":"ImageObject","inLanguage":"es","@id":"https:\/\/rapunzelcoils.se\/#\/schema\/logo\/image\/","url":"https:\/\/rapunzelcoils.se\/wp-content\/uploads\/2022\/01\/Black-Transparent-Logo-scaled.png","contentUrl":"https:\/\/rapunzelcoils.se\/wp-content\/uploads\/2022\/01\/Black-Transparent-Logo-scaled.png","width":2560,"height":869,"caption":"Rapunzel Coils"},"image":{"@id":"https:\/\/rapunzelcoils.se\/#\/schema\/logo\/image\/"}}]}},"_links":{"self":[{"href":"https:\/\/rapunzelcoils.se\/es\/wp-json\/wp\/v2\/product\/7036","targetHints":{"allow":["GET"]}}],"collection":[{"href":"https:\/\/rapunzelcoils.se\/es\/wp-json\/wp\/v2\/product"}],"about":[{"href":"https:\/\/rapunzelcoils.se\/es\/wp-json\/wp\/v2\/types\/product"}],"replies":[{"embeddable":true,"href":"https:\/\/rapunzelcoils.se\/es\/wp-json\/wp\/v2\/comments?post=7036"}],"version-history":[{"count":9,"href":"https:\/\/rapunzelcoils.se\/es\/wp-json\/wp\/v2\/product\/7036\/revisions"}],"predecessor-version":[{"id":10004,"href":"https:\/\/rapunzelcoils.se\/es\/wp-json\/wp\/v2\/product\/7036\/revisions\/10004"}],"wp:featuredmedia":[{"embeddable":true,"href":"https:\/\/rapunzelcoils.se\/es\/wp-json\/wp\/v2\/media\/9898"}],"wp:attachment":[{"href":"https:\/\/rapunzelcoils.se\/es\/wp-json\/wp\/v2\/media?parent=7036"}],"wp:term":[{"taxonomy":"product_brand","embeddable":true,"href":"https:\/\/rapunzelcoils.se\/es\/wp-json\/wp\/v2\/product_brand?post=7036"},{"taxonomy":"product_cat","embeddable":true,"href":"https:\/\/rapunzelcoils.se\/es\/wp-json\/wp\/v2\/product_cat?post=7036"},{"taxonomy":"product_tag","embeddable":true,"href":"https:\/\/rapunzelcoils.se\/es\/wp-json\/wp\/v2\/product_tag?post=7036"}],"curies":[{"name":"wp","href":"https:\/\/api.w.org\/{rel}","templated":true}]}}