{"id":6887,"date":"2023-03-03T20:26:19","date_gmt":"2023-03-03T17:26:19","guid":{"rendered":"https:\/\/www.rapunzelcoils.se\/?post_type=product&#038;p=6887"},"modified":"2025-12-19T20:14:35","modified_gmt":"2025-12-19T17:14:35","slug":"regn-curl-detox-2","status":"publish","type":"product","link":"https:\/\/rapunzelcoils.se\/es\/producto\/regn-curl-detox-2\/","title":{"rendered":"Regn \u2013 Champ\u00fa desintoxicante para rizos (porosidad alta)"},"content":{"rendered":"","protected":false},"excerpt":{"rendered":"<p><!--StartFragment --><\/p>\n<p><span class=\"cf0\">Un vegano, <\/span><span class=\"cf0\">sulfato<\/span><span class=\"cf0\">Champ\u00fa desintoxicante bot\u00e1nico para rizos, libre de silicona y sin colorantes, que desintoxica suavemente el cabello rizado y texturizado te\u00f1ido o da\u00f1ado.<\/span><\/p>\n<p><span class=\"cf0\">\u00bfCansada de tus rizos secos, encrespados, pesados y que no responden a los productos? Este detox ayurv\u00e9dico los devuelve al equilibrio desde el primer lavado. Contin\u00faa con la mascarilla de prote\u00ednas Oasis para mayor fuerza e hidrataci\u00f3n. <!--StartFragment --><\/span><\/p>\n<p><span class=\"cf0\">M\u00e9todo Curly Girl aprobado y fabricado en Suecia. <\/span><span class=\"cf0\">Perfecto para todo tipo de cabello ondulado y rizado. <\/span><span class=\"cf0\">espiral<\/span><span class=\"cf0\">y cabello con textura afro.<\/span><\/p>\n<p>&nbsp;<\/p>\n<p><span class=\"cf0\"><!--EndFragment --><\/span><\/p>\n<p><!--EndFragment --><\/p>","protected":false},"featured_media":9908,"comment_status":"open","ping_status":"closed","template":"","meta":{"inline_featured_image":false},"product_brand":[],"product_cat":[122,132,120,121,133],"product_tag":[149],"class_list":{"0":"post-6887","1":"product","2":"type-product","3":"status-publish","4":"has-post-thumbnail","6":"product_cat-clarify","7":"product_cat-color-treated-curls","8":"product_cat-curl-detox","9":"product_cat-hair-detox","10":"product_cat-weak-hair","11":"product_tag-detox-clarify","13":"first","14":"instock","15":"shipping-taxable","16":"purchasable","17":"product-type-variable"},"acf":[],"yoast_head":"<!-- This site is optimized with the Yoast SEO plugin v21.9.1 - https:\/\/yoast.com\/wordpress\/plugins\/seo\/ -->\n<title>Regn - Curl Detox Shampoo (high porosity) - Rapunzel Coils<\/title>\n<meta name=\"description\" content=\"Ayurvedic, sulfate- and silicone-free clarifying shampoo for curly hair. Regn Detox Shampoo removes buildup, oils, and hard-water minerals.\" \/>\n<meta name=\"robots\" content=\"index, follow, max-snippet:-1, max-image-preview:large, max-video-preview:-1\" \/>\n<link rel=\"canonical\" href=\"https:\/\/rapunzelcoils.se\/es\/producto\/regn-curl-detox-2\/\" \/>\n<meta property=\"og:locale\" content=\"es_ES\" \/>\n<meta property=\"og:type\" content=\"article\" \/>\n<meta property=\"og:title\" content=\"Regn - Curl Detox Shampoo (high porosity) - Rapunzel Coils\" \/>\n<meta property=\"og:description\" content=\"Ayurvedic, sulfate- and silicone-free clarifying shampoo for curly hair. Regn Detox Shampoo removes buildup, oils, and hard-water minerals.\" \/>\n<meta property=\"og:url\" content=\"https:\/\/rapunzelcoils.se\/es\/producto\/regn-curl-detox-2\/\" \/>\n<meta property=\"og:site_name\" content=\"Rapunzel Coils\" \/>\n<meta property=\"article:modified_time\" content=\"2025-12-19T17:14:35+00:00\" \/>\n<meta property=\"og:image\" content=\"https:\/\/rapunzelcoils.se\/wp-content\/uploads\/2023\/03\/IMG_8039.png\" \/>\n\t<meta property=\"og:image:width\" content=\"1512\" \/>\n\t<meta property=\"og:image:height\" content=\"1512\" \/>\n\t<meta property=\"og:image:type\" content=\"image\/png\" \/>\n<meta name=\"twitter:card\" content=\"summary_large_image\" \/>\n<meta name=\"twitter:label1\" content=\"Tiempo de lectura\" \/>\n\t<meta name=\"twitter:data1\" content=\"1 minuto\" \/>\n<script type=\"application\/ld+json\" class=\"yoast-schema-graph\">{\"@context\":\"https:\/\/schema.org\",\"@graph\":[{\"@type\":\"WebPage\",\"@id\":\"https:\/\/rapunzelcoils.se\/product\/regn-curl-detox-2\/\",\"url\":\"https:\/\/rapunzelcoils.se\/product\/regn-curl-detox-2\/\",\"name\":\"Regn - Curl Detox Shampoo (high porosity) - Rapunzel Coils\",\"isPartOf\":{\"@id\":\"https:\/\/rapunzelcoils.se\/#website\"},\"datePublished\":\"2023-03-03T17:26:19+00:00\",\"dateModified\":\"2025-12-19T17:14:35+00:00\",\"description\":\"Ayurvedic, sulfate- and silicone-free clarifying shampoo for curly hair. Regn Detox Shampoo removes buildup, oils, and hard-water minerals.\",\"breadcrumb\":{\"@id\":\"https:\/\/rapunzelcoils.se\/product\/regn-curl-detox-2\/#breadcrumb\"},\"inLanguage\":\"es\",\"potentialAction\":[{\"@type\":\"ReadAction\",\"target\":[\"https:\/\/rapunzelcoils.se\/product\/regn-curl-detox-2\/\"]}]},{\"@type\":\"BreadcrumbList\",\"@id\":\"https:\/\/rapunzelcoils.se\/product\/regn-curl-detox-2\/#breadcrumb\",\"itemListElement\":[{\"@type\":\"ListItem\",\"position\":1,\"name\":\"Home\",\"item\":\"https:\/\/rapunzelcoils.se\/\"},{\"@type\":\"ListItem\",\"position\":2,\"name\":\"Shop\",\"item\":\"https:\/\/rapunzelcoils.se\/en\/?page_id=8\"},{\"@type\":\"ListItem\",\"position\":3,\"name\":\"Regn &#8211; Curl Detox Shampoo (high porosity)\"}]},{\"@type\":\"WebSite\",\"@id\":\"https:\/\/rapunzelcoils.se\/#website\",\"url\":\"https:\/\/rapunzelcoils.se\/\",\"name\":\"Rapunzel Coils\",\"description\":\"Products to give moisture, remove frizz and define curls\",\"publisher\":{\"@id\":\"https:\/\/rapunzelcoils.se\/#organization\"},\"potentialAction\":[{\"@type\":\"SearchAction\",\"target\":{\"@type\":\"EntryPoint\",\"urlTemplate\":\"https:\/\/rapunzelcoils.se\/?s={search_term_string}\"},\"query-input\":\"required name=search_term_string\"}],\"inLanguage\":\"es\"},{\"@type\":\"Organization\",\"@id\":\"https:\/\/rapunzelcoils.se\/#organization\",\"name\":\"Rapunzel Coils\",\"url\":\"https:\/\/rapunzelcoils.se\/\",\"logo\":{\"@type\":\"ImageObject\",\"inLanguage\":\"es\",\"@id\":\"https:\/\/rapunzelcoils.se\/#\/schema\/logo\/image\/\",\"url\":\"https:\/\/rapunzelcoils.se\/wp-content\/uploads\/2022\/01\/Black-Transparent-Logo-scaled.png\",\"contentUrl\":\"https:\/\/rapunzelcoils.se\/wp-content\/uploads\/2022\/01\/Black-Transparent-Logo-scaled.png\",\"width\":2560,\"height\":869,\"caption\":\"Rapunzel Coils\"},\"image\":{\"@id\":\"https:\/\/rapunzelcoils.se\/#\/schema\/logo\/image\/\"}}]}<\/script>\n<!-- \/ Yoast SEO plugin. -->","yoast_head_json":{"title":"Regn - Curl Detox Shampoo (high porosity) - Rapunzel Coils","description":"Ayurvedic, sulfate- and silicone-free clarifying shampoo for curly hair. Regn Detox Shampoo removes buildup, oils, and hard-water minerals.","robots":{"index":"index","follow":"follow","max-snippet":"max-snippet:-1","max-image-preview":"max-image-preview:large","max-video-preview":"max-video-preview:-1"},"canonical":"https:\/\/rapunzelcoils.se\/es\/producto\/regn-curl-detox-2\/","og_locale":"es_ES","og_type":"article","og_title":"Regn - Curl Detox Shampoo (high porosity) - Rapunzel Coils","og_description":"Ayurvedic, sulfate- and silicone-free clarifying shampoo for curly hair. Regn Detox Shampoo removes buildup, oils, and hard-water minerals.","og_url":"https:\/\/rapunzelcoils.se\/es\/producto\/regn-curl-detox-2\/","og_site_name":"Rapunzel Coils","article_modified_time":"2025-12-19T17:14:35+00:00","og_image":[{"width":1512,"height":1512,"url":"https:\/\/rapunzelcoils.se\/wp-content\/uploads\/2023\/03\/IMG_8039.png","type":"image\/png"}],"twitter_card":"summary_large_image","twitter_misc":{"Tiempo de lectura":"1 minuto"},"schema":{"@context":"https:\/\/schema.org","@graph":[{"@type":"WebPage","@id":"https:\/\/rapunzelcoils.se\/product\/regn-curl-detox-2\/","url":"https:\/\/rapunzelcoils.se\/product\/regn-curl-detox-2\/","name":"Regn - Curl Detox Shampoo (high porosity) - Rapunzel Coils","isPartOf":{"@id":"https:\/\/rapunzelcoils.se\/#website"},"datePublished":"2023-03-03T17:26:19+00:00","dateModified":"2025-12-19T17:14:35+00:00","description":"Ayurvedic, sulfate- and silicone-free clarifying shampoo for curly hair. Regn Detox Shampoo removes buildup, oils, and hard-water minerals.","breadcrumb":{"@id":"https:\/\/rapunzelcoils.se\/product\/regn-curl-detox-2\/#breadcrumb"},"inLanguage":"es","potentialAction":[{"@type":"ReadAction","target":["https:\/\/rapunzelcoils.se\/product\/regn-curl-detox-2\/"]}]},{"@type":"BreadcrumbList","@id":"https:\/\/rapunzelcoils.se\/product\/regn-curl-detox-2\/#breadcrumb","itemListElement":[{"@type":"ListItem","position":1,"name":"Home","item":"https:\/\/rapunzelcoils.se\/"},{"@type":"ListItem","position":2,"name":"Shop","item":"https:\/\/rapunzelcoils.se\/en\/?page_id=8"},{"@type":"ListItem","position":3,"name":"Regn &#8211; Curl Detox Shampoo (high porosity)"}]},{"@type":"WebSite","@id":"https:\/\/rapunzelcoils.se\/#website","url":"https:\/\/rapunzelcoils.se\/","name":"Bobinas de Rapunzel","description":"Productos para hidratar, eliminar el frizz y definir los rizos.","publisher":{"@id":"https:\/\/rapunzelcoils.se\/#organization"},"potentialAction":[{"@type":"SearchAction","target":{"@type":"EntryPoint","urlTemplate":"https:\/\/rapunzelcoils.se\/?s={search_term_string}"},"query-input":"required name=search_term_string"}],"inLanguage":"es"},{"@type":"Organization","@id":"https:\/\/rapunzelcoils.se\/#organization","name":"Bobinas de Rapunzel","url":"https:\/\/rapunzelcoils.se\/","logo":{"@type":"ImageObject","inLanguage":"es","@id":"https:\/\/rapunzelcoils.se\/#\/schema\/logo\/image\/","url":"https:\/\/rapunzelcoils.se\/wp-content\/uploads\/2022\/01\/Black-Transparent-Logo-scaled.png","contentUrl":"https:\/\/rapunzelcoils.se\/wp-content\/uploads\/2022\/01\/Black-Transparent-Logo-scaled.png","width":2560,"height":869,"caption":"Rapunzel Coils"},"image":{"@id":"https:\/\/rapunzelcoils.se\/#\/schema\/logo\/image\/"}}]}},"_links":{"self":[{"href":"https:\/\/rapunzelcoils.se\/es\/wp-json\/wp\/v2\/product\/6887","targetHints":{"allow":["GET"]}}],"collection":[{"href":"https:\/\/rapunzelcoils.se\/es\/wp-json\/wp\/v2\/product"}],"about":[{"href":"https:\/\/rapunzelcoils.se\/es\/wp-json\/wp\/v2\/types\/product"}],"replies":[{"embeddable":true,"href":"https:\/\/rapunzelcoils.se\/es\/wp-json\/wp\/v2\/comments?post=6887"}],"version-history":[{"count":2,"href":"https:\/\/rapunzelcoils.se\/es\/wp-json\/wp\/v2\/product\/6887\/revisions"}],"predecessor-version":[{"id":9826,"href":"https:\/\/rapunzelcoils.se\/es\/wp-json\/wp\/v2\/product\/6887\/revisions\/9826"}],"wp:featuredmedia":[{"embeddable":true,"href":"https:\/\/rapunzelcoils.se\/es\/wp-json\/wp\/v2\/media\/9908"}],"wp:attachment":[{"href":"https:\/\/rapunzelcoils.se\/es\/wp-json\/wp\/v2\/media?parent=6887"}],"wp:term":[{"taxonomy":"product_brand","embeddable":true,"href":"https:\/\/rapunzelcoils.se\/es\/wp-json\/wp\/v2\/product_brand?post=6887"},{"taxonomy":"product_cat","embeddable":true,"href":"https:\/\/rapunzelcoils.se\/es\/wp-json\/wp\/v2\/product_cat?post=6887"},{"taxonomy":"product_tag","embeddable":true,"href":"https:\/\/rapunzelcoils.se\/es\/wp-json\/wp\/v2\/product_tag?post=6887"}],"curies":[{"name":"wp","href":"https:\/\/api.w.org\/{rel}","templated":true}]}}