{"id":6611,"date":"2022-05-29T13:37:08","date_gmt":"2022-05-29T10:37:08","guid":{"rendered":"https:\/\/www.rapunzelcoils.se\/?post_type=product&#038;p=6611"},"modified":"2026-02-10T23:01:40","modified_gmt":"2026-02-10T20:01:40","slug":"regn-curl-moisture-shampoo","status":"publish","type":"product","link":"https:\/\/rapunzelcoils.se\/es\/producto\/regn-curl-moisture-shampoo\/","title":{"rendered":"Regn \u2013 Champ\u00fa hidratante para rizos"},"content":{"rendered":"","protected":false},"excerpt":{"rendered":"<p>Un champ\u00fa hidratante bot\u00e1nico, vegano, sin sulfatos ni siliconas que limpia e hidrata suavemente los rizos sin eliminar sus aceites naturales.<\/p>\n<p>Infundido con menta, eucalipto, hojas de t\u00e9 y hierbas ayurv\u00e9dicas nutritivas para calmar el cuero cabelludo, reducir la sequedad y restaurar la suavidad desde el primer lavado.<\/p>\n<p>Perfecto para cabello ondulado, rizado, enrulado y con textura afro. Hecho en Suecia.<\/p>","protected":false},"featured_media":9907,"comment_status":"open","ping_status":"closed","template":"","meta":{"inline_featured_image":false},"product_brand":[],"product_cat":[102,123,117],"product_tag":[126],"class_list":{"0":"post-6611","1":"product","2":"type-product","3":"status-publish","4":"has-post-thumbnail","6":"product_cat-itchy-scalp","7":"product_cat-moisturizing-shampoo","8":"product_cat-wash-hour","9":"product_tag-moisture-shampoo","11":"first","12":"instock","13":"shipping-taxable","14":"purchasable","15":"product-type-variable"},"acf":[],"yoast_head":"<!-- This site is optimized with the Yoast SEO plugin v21.9.1 - https:\/\/yoast.com\/wordpress\/plugins\/seo\/ -->\n<title>Regn - Curl Moisture Shampoo - Rapunzel Coils<\/title>\n<meta name=\"description\" content=\"Vegan, sulfate-free moisture shampoo made for curly &amp; textured hair. Gently cleanses &amp; hydrates wavy, curly, coily &amp; afro-textured hair.\" \/>\n<meta name=\"robots\" content=\"index, follow, max-snippet:-1, max-image-preview:large, max-video-preview:-1\" \/>\n<link rel=\"canonical\" href=\"https:\/\/rapunzelcoils.se\/es\/producto\/regn-curl-moisture-shampoo\/\" \/>\n<meta property=\"og:locale\" content=\"es_ES\" \/>\n<meta property=\"og:type\" content=\"article\" \/>\n<meta property=\"og:title\" content=\"Regn - Curl Moisture Shampoo - Rapunzel Coils\" \/>\n<meta property=\"og:description\" content=\"Vegan, sulfate-free moisture shampoo made for curly &amp; textured hair. Gently cleanses &amp; hydrates wavy, curly, coily &amp; afro-textured hair.\" \/>\n<meta property=\"og:url\" content=\"https:\/\/rapunzelcoils.se\/es\/producto\/regn-curl-moisture-shampoo\/\" \/>\n<meta property=\"og:site_name\" content=\"Rapunzel Coils\" \/>\n<meta property=\"article:modified_time\" content=\"2026-02-10T20:01:40+00:00\" \/>\n<meta property=\"og:image\" content=\"https:\/\/rapunzelcoils.se\/wp-content\/uploads\/2022\/05\/IMG_8037.png\" \/>\n\t<meta property=\"og:image:width\" content=\"1512\" \/>\n\t<meta property=\"og:image:height\" content=\"1512\" \/>\n\t<meta property=\"og:image:type\" content=\"image\/png\" \/>\n<meta name=\"twitter:card\" content=\"summary_large_image\" \/>\n<meta name=\"twitter:label1\" content=\"Tiempo de lectura\" \/>\n\t<meta name=\"twitter:data1\" content=\"1 minuto\" \/>\n<script type=\"application\/ld+json\" class=\"yoast-schema-graph\">{\"@context\":\"https:\/\/schema.org\",\"@graph\":[{\"@type\":\"WebPage\",\"@id\":\"https:\/\/rapunzelcoils.se\/product\/regn-curl-moisture-shampoo\/\",\"url\":\"https:\/\/rapunzelcoils.se\/product\/regn-curl-moisture-shampoo\/\",\"name\":\"Regn - Curl Moisture Shampoo - Rapunzel Coils\",\"isPartOf\":{\"@id\":\"https:\/\/rapunzelcoils.se\/#website\"},\"datePublished\":\"2022-05-29T10:37:08+00:00\",\"dateModified\":\"2026-02-10T20:01:40+00:00\",\"description\":\"Vegan, sulfate-free moisture shampoo made for curly & textured hair. Gently cleanses & hydrates wavy, curly, coily & afro-textured hair.\",\"breadcrumb\":{\"@id\":\"https:\/\/rapunzelcoils.se\/product\/regn-curl-moisture-shampoo\/#breadcrumb\"},\"inLanguage\":\"es\",\"potentialAction\":[{\"@type\":\"ReadAction\",\"target\":[\"https:\/\/rapunzelcoils.se\/product\/regn-curl-moisture-shampoo\/\"]}]},{\"@type\":\"BreadcrumbList\",\"@id\":\"https:\/\/rapunzelcoils.se\/product\/regn-curl-moisture-shampoo\/#breadcrumb\",\"itemListElement\":[{\"@type\":\"ListItem\",\"position\":1,\"name\":\"Home\",\"item\":\"https:\/\/rapunzelcoils.se\/\"},{\"@type\":\"ListItem\",\"position\":2,\"name\":\"Shop\",\"item\":\"https:\/\/rapunzelcoils.se\/en\/?page_id=8\"},{\"@type\":\"ListItem\",\"position\":3,\"name\":\"Regn &#8211; Curl Moisture Shampoo\"}]},{\"@type\":\"WebSite\",\"@id\":\"https:\/\/rapunzelcoils.se\/#website\",\"url\":\"https:\/\/rapunzelcoils.se\/\",\"name\":\"Rapunzel Coils\",\"description\":\"Products to give moisture, remove frizz and define curls\",\"publisher\":{\"@id\":\"https:\/\/rapunzelcoils.se\/#organization\"},\"potentialAction\":[{\"@type\":\"SearchAction\",\"target\":{\"@type\":\"EntryPoint\",\"urlTemplate\":\"https:\/\/rapunzelcoils.se\/?s={search_term_string}\"},\"query-input\":\"required name=search_term_string\"}],\"inLanguage\":\"es\"},{\"@type\":\"Organization\",\"@id\":\"https:\/\/rapunzelcoils.se\/#organization\",\"name\":\"Rapunzel Coils\",\"url\":\"https:\/\/rapunzelcoils.se\/\",\"logo\":{\"@type\":\"ImageObject\",\"inLanguage\":\"es\",\"@id\":\"https:\/\/rapunzelcoils.se\/#\/schema\/logo\/image\/\",\"url\":\"https:\/\/rapunzelcoils.se\/wp-content\/uploads\/2022\/01\/Black-Transparent-Logo-scaled.png\",\"contentUrl\":\"https:\/\/rapunzelcoils.se\/wp-content\/uploads\/2022\/01\/Black-Transparent-Logo-scaled.png\",\"width\":2560,\"height\":869,\"caption\":\"Rapunzel Coils\"},\"image\":{\"@id\":\"https:\/\/rapunzelcoils.se\/#\/schema\/logo\/image\/\"}}]}<\/script>\n<!-- \/ Yoast SEO plugin. -->","yoast_head_json":{"title":"Regn - Curl Moisture Shampoo - Rapunzel Coils","description":"Vegan, sulfate-free moisture shampoo made for curly & textured hair. Gently cleanses & hydrates wavy, curly, coily & afro-textured hair.","robots":{"index":"index","follow":"follow","max-snippet":"max-snippet:-1","max-image-preview":"max-image-preview:large","max-video-preview":"max-video-preview:-1"},"canonical":"https:\/\/rapunzelcoils.se\/es\/producto\/regn-curl-moisture-shampoo\/","og_locale":"es_ES","og_type":"article","og_title":"Regn - Curl Moisture Shampoo - Rapunzel Coils","og_description":"Vegan, sulfate-free moisture shampoo made for curly & textured hair. Gently cleanses & hydrates wavy, curly, coily & afro-textured hair.","og_url":"https:\/\/rapunzelcoils.se\/es\/producto\/regn-curl-moisture-shampoo\/","og_site_name":"Rapunzel Coils","article_modified_time":"2026-02-10T20:01:40+00:00","og_image":[{"width":1512,"height":1512,"url":"https:\/\/rapunzelcoils.se\/wp-content\/uploads\/2022\/05\/IMG_8037.png","type":"image\/png"}],"twitter_card":"summary_large_image","twitter_misc":{"Tiempo de lectura":"1 minuto"},"schema":{"@context":"https:\/\/schema.org","@graph":[{"@type":"WebPage","@id":"https:\/\/rapunzelcoils.se\/product\/regn-curl-moisture-shampoo\/","url":"https:\/\/rapunzelcoils.se\/product\/regn-curl-moisture-shampoo\/","name":"Regn - Curl Moisture Shampoo - Rapunzel Coils","isPartOf":{"@id":"https:\/\/rapunzelcoils.se\/#website"},"datePublished":"2022-05-29T10:37:08+00:00","dateModified":"2026-02-10T20:01:40+00:00","description":"Vegan, sulfate-free moisture shampoo made for curly & textured hair. Gently cleanses & hydrates wavy, curly, coily & afro-textured hair.","breadcrumb":{"@id":"https:\/\/rapunzelcoils.se\/product\/regn-curl-moisture-shampoo\/#breadcrumb"},"inLanguage":"es","potentialAction":[{"@type":"ReadAction","target":["https:\/\/rapunzelcoils.se\/product\/regn-curl-moisture-shampoo\/"]}]},{"@type":"BreadcrumbList","@id":"https:\/\/rapunzelcoils.se\/product\/regn-curl-moisture-shampoo\/#breadcrumb","itemListElement":[{"@type":"ListItem","position":1,"name":"Home","item":"https:\/\/rapunzelcoils.se\/"},{"@type":"ListItem","position":2,"name":"Shop","item":"https:\/\/rapunzelcoils.se\/en\/?page_id=8"},{"@type":"ListItem","position":3,"name":"Regn &#8211; Curl Moisture Shampoo"}]},{"@type":"WebSite","@id":"https:\/\/rapunzelcoils.se\/#website","url":"https:\/\/rapunzelcoils.se\/","name":"Bobinas de Rapunzel","description":"Productos para hidratar, eliminar el frizz y definir los rizos.","publisher":{"@id":"https:\/\/rapunzelcoils.se\/#organization"},"potentialAction":[{"@type":"SearchAction","target":{"@type":"EntryPoint","urlTemplate":"https:\/\/rapunzelcoils.se\/?s={search_term_string}"},"query-input":"required name=search_term_string"}],"inLanguage":"es"},{"@type":"Organization","@id":"https:\/\/rapunzelcoils.se\/#organization","name":"Bobinas de Rapunzel","url":"https:\/\/rapunzelcoils.se\/","logo":{"@type":"ImageObject","inLanguage":"es","@id":"https:\/\/rapunzelcoils.se\/#\/schema\/logo\/image\/","url":"https:\/\/rapunzelcoils.se\/wp-content\/uploads\/2022\/01\/Black-Transparent-Logo-scaled.png","contentUrl":"https:\/\/rapunzelcoils.se\/wp-content\/uploads\/2022\/01\/Black-Transparent-Logo-scaled.png","width":2560,"height":869,"caption":"Rapunzel Coils"},"image":{"@id":"https:\/\/rapunzelcoils.se\/#\/schema\/logo\/image\/"}}]}},"_links":{"self":[{"href":"https:\/\/rapunzelcoils.se\/es\/wp-json\/wp\/v2\/product\/6611","targetHints":{"allow":["GET"]}}],"collection":[{"href":"https:\/\/rapunzelcoils.se\/es\/wp-json\/wp\/v2\/product"}],"about":[{"href":"https:\/\/rapunzelcoils.se\/es\/wp-json\/wp\/v2\/types\/product"}],"replies":[{"embeddable":true,"href":"https:\/\/rapunzelcoils.se\/es\/wp-json\/wp\/v2\/comments?post=6611"}],"version-history":[{"count":2,"href":"https:\/\/rapunzelcoils.se\/es\/wp-json\/wp\/v2\/product\/6611\/revisions"}],"predecessor-version":[{"id":9664,"href":"https:\/\/rapunzelcoils.se\/es\/wp-json\/wp\/v2\/product\/6611\/revisions\/9664"}],"wp:featuredmedia":[{"embeddable":true,"href":"https:\/\/rapunzelcoils.se\/es\/wp-json\/wp\/v2\/media\/9907"}],"wp:attachment":[{"href":"https:\/\/rapunzelcoils.se\/es\/wp-json\/wp\/v2\/media?parent=6611"}],"wp:term":[{"taxonomy":"product_brand","embeddable":true,"href":"https:\/\/rapunzelcoils.se\/es\/wp-json\/wp\/v2\/product_brand?post=6611"},{"taxonomy":"product_cat","embeddable":true,"href":"https:\/\/rapunzelcoils.se\/es\/wp-json\/wp\/v2\/product_cat?post=6611"},{"taxonomy":"product_tag","embeddable":true,"href":"https:\/\/rapunzelcoils.se\/es\/wp-json\/wp\/v2\/product_tag?post=6611"}],"curies":[{"name":"wp","href":"https:\/\/api.w.org\/{rel}","templated":true}]}}