{"id":6256,"date":"2022-02-05T06:59:18","date_gmt":"2022-02-05T03:59:18","guid":{"rendered":"http:\/\/nicherenterprise.co.ke\/rapunzel\/?post_type=product&#038;p=6256"},"modified":"2026-02-10T22:44:58","modified_gmt":"2026-02-10T19:44:58","slug":"harmony-curl-defining-gel","status":"publish","type":"product","link":"https:\/\/rapunzelcoils.se\/es\/producto\/harmony-curl-defining-gel\/","title":{"rendered":"Harmony \u2013 Gel definidor de rizos"},"content":{"rendered":"","protected":false},"excerpt":{"rendered":"<p>Harmony es un gel vegano y sin silicona para definir rizos, dise\u00f1ado especialmente para rizos de baja porosidad sensibles a las prote\u00ednas, que buscan estructura y una definici\u00f3n duradera. Cada dosis contiene extractos de plantas ayurv\u00e9dicas que refuerzan la cut\u00edcula, reducen el frizz y dan forma a rizos flexibles y de aspecto natural.<\/p>\n<p>Hecho en Suecia \u00b7 Aprobado por el m\u00e9todo Curly Girl \u00b7 A base de plantas<\/p>\n<p>Perfecto para todo tipo de cabello ondulado, rizado, en espiral y con textura afro.<\/p>","protected":false},"featured_media":9910,"comment_status":"open","ping_status":"closed","template":"","meta":{"inline_featured_image":false},"product_brand":[],"product_cat":[141,116,110,107,117],"product_tag":[],"class_list":{"0":"post-6256","1":"product","2":"type-product","3":"status-publish","4":"has-post-thumbnail","6":"product_cat-coily","7":"product_cat-curl-refresh","8":"product_cat-defined-curls","9":"product_cat-moisture","10":"product_cat-wash-hour","12":"first","13":"instock","14":"shipping-taxable","15":"purchasable","16":"product-type-variable"},"acf":[],"yoast_head":"<!-- This site is optimized with the Yoast SEO plugin v21.9.1 - https:\/\/yoast.com\/wordpress\/plugins\/seo\/ -->\n<title>Harmony - Curl Defining Gel - Rapunzel Coils<\/title>\n<meta name=\"description\" content=\"Silicone free vegan curl defining gel for wavy, curly, coily &amp; afro-textured hair. Gives a good cast\/ hold,shine, and definition without protein.\" \/>\n<meta name=\"robots\" content=\"index, follow, max-snippet:-1, max-image-preview:large, max-video-preview:-1\" \/>\n<link rel=\"canonical\" href=\"https:\/\/rapunzelcoils.se\/es\/producto\/harmony-curl-defining-gel\/\" \/>\n<meta property=\"og:locale\" content=\"es_ES\" \/>\n<meta property=\"og:type\" content=\"article\" \/>\n<meta property=\"og:title\" content=\"Harmony - Curl Defining Gel - Rapunzel Coils\" \/>\n<meta property=\"og:description\" content=\"Silicone free vegan curl defining gel for wavy, curly, coily &amp; afro-textured hair. Gives a good cast\/ hold,shine, and definition without protein.\" \/>\n<meta property=\"og:url\" content=\"https:\/\/rapunzelcoils.se\/es\/producto\/harmony-curl-defining-gel\/\" \/>\n<meta property=\"og:site_name\" content=\"Rapunzel Coils\" \/>\n<meta property=\"article:modified_time\" content=\"2026-02-10T19:44:58+00:00\" \/>\n<meta property=\"og:image\" content=\"https:\/\/rapunzelcoils.se\/wp-content\/uploads\/2022\/02\/IMG_8034.png\" \/>\n\t<meta property=\"og:image:width\" content=\"1512\" \/>\n\t<meta property=\"og:image:height\" content=\"1512\" \/>\n\t<meta property=\"og:image:type\" content=\"image\/png\" \/>\n<meta name=\"twitter:card\" content=\"summary_large_image\" \/>\n<meta name=\"twitter:label1\" content=\"Tiempo de lectura\" \/>\n\t<meta name=\"twitter:data1\" content=\"1 minuto\" \/>\n<script type=\"application\/ld+json\" class=\"yoast-schema-graph\">{\"@context\":\"https:\/\/schema.org\",\"@graph\":[{\"@type\":\"WebPage\",\"@id\":\"https:\/\/rapunzelcoils.se\/product\/harmony-curl-defining-gel\/\",\"url\":\"https:\/\/rapunzelcoils.se\/product\/harmony-curl-defining-gel\/\",\"name\":\"Harmony - Curl Defining Gel - Rapunzel Coils\",\"isPartOf\":{\"@id\":\"https:\/\/rapunzelcoils.se\/#website\"},\"datePublished\":\"2022-02-05T03:59:18+00:00\",\"dateModified\":\"2026-02-10T19:44:58+00:00\",\"description\":\"Silicone free vegan curl defining gel for wavy, curly, coily & afro-textured hair. Gives a good cast\/ hold,shine, and definition without protein.\",\"breadcrumb\":{\"@id\":\"https:\/\/rapunzelcoils.se\/product\/harmony-curl-defining-gel\/#breadcrumb\"},\"inLanguage\":\"es\",\"potentialAction\":[{\"@type\":\"ReadAction\",\"target\":[\"https:\/\/rapunzelcoils.se\/product\/harmony-curl-defining-gel\/\"]}]},{\"@type\":\"BreadcrumbList\",\"@id\":\"https:\/\/rapunzelcoils.se\/product\/harmony-curl-defining-gel\/#breadcrumb\",\"itemListElement\":[{\"@type\":\"ListItem\",\"position\":1,\"name\":\"Home\",\"item\":\"https:\/\/rapunzelcoils.se\/\"},{\"@type\":\"ListItem\",\"position\":2,\"name\":\"Shop\",\"item\":\"https:\/\/rapunzelcoils.se\/en\/?page_id=8\"},{\"@type\":\"ListItem\",\"position\":3,\"name\":\"Harmony &#8211; Curl Defining Gel\"}]},{\"@type\":\"WebSite\",\"@id\":\"https:\/\/rapunzelcoils.se\/#website\",\"url\":\"https:\/\/rapunzelcoils.se\/\",\"name\":\"Rapunzel Coils\",\"description\":\"Products to give moisture, remove frizz and define curls\",\"publisher\":{\"@id\":\"https:\/\/rapunzelcoils.se\/#organization\"},\"potentialAction\":[{\"@type\":\"SearchAction\",\"target\":{\"@type\":\"EntryPoint\",\"urlTemplate\":\"https:\/\/rapunzelcoils.se\/?s={search_term_string}\"},\"query-input\":\"required name=search_term_string\"}],\"inLanguage\":\"es\"},{\"@type\":\"Organization\",\"@id\":\"https:\/\/rapunzelcoils.se\/#organization\",\"name\":\"Rapunzel Coils\",\"url\":\"https:\/\/rapunzelcoils.se\/\",\"logo\":{\"@type\":\"ImageObject\",\"inLanguage\":\"es\",\"@id\":\"https:\/\/rapunzelcoils.se\/#\/schema\/logo\/image\/\",\"url\":\"https:\/\/rapunzelcoils.se\/wp-content\/uploads\/2022\/01\/Black-Transparent-Logo-scaled.png\",\"contentUrl\":\"https:\/\/rapunzelcoils.se\/wp-content\/uploads\/2022\/01\/Black-Transparent-Logo-scaled.png\",\"width\":2560,\"height\":869,\"caption\":\"Rapunzel Coils\"},\"image\":{\"@id\":\"https:\/\/rapunzelcoils.se\/#\/schema\/logo\/image\/\"}}]}<\/script>\n<!-- \/ Yoast SEO plugin. -->","yoast_head_json":{"title":"Harmony - Curl Defining Gel - Rapunzel Coils","description":"Silicone free vegan curl defining gel for wavy, curly, coily & afro-textured hair. Gives a good cast\/ hold,shine, and definition without protein.","robots":{"index":"index","follow":"follow","max-snippet":"max-snippet:-1","max-image-preview":"max-image-preview:large","max-video-preview":"max-video-preview:-1"},"canonical":"https:\/\/rapunzelcoils.se\/es\/producto\/harmony-curl-defining-gel\/","og_locale":"es_ES","og_type":"article","og_title":"Harmony - Curl Defining Gel - Rapunzel Coils","og_description":"Silicone free vegan curl defining gel for wavy, curly, coily & afro-textured hair. Gives a good cast\/ hold,shine, and definition without protein.","og_url":"https:\/\/rapunzelcoils.se\/es\/producto\/harmony-curl-defining-gel\/","og_site_name":"Rapunzel Coils","article_modified_time":"2026-02-10T19:44:58+00:00","og_image":[{"width":1512,"height":1512,"url":"https:\/\/rapunzelcoils.se\/wp-content\/uploads\/2022\/02\/IMG_8034.png","type":"image\/png"}],"twitter_card":"summary_large_image","twitter_misc":{"Tiempo de lectura":"1 minuto"},"schema":{"@context":"https:\/\/schema.org","@graph":[{"@type":"WebPage","@id":"https:\/\/rapunzelcoils.se\/product\/harmony-curl-defining-gel\/","url":"https:\/\/rapunzelcoils.se\/product\/harmony-curl-defining-gel\/","name":"Harmony - Curl Defining Gel - Rapunzel Coils","isPartOf":{"@id":"https:\/\/rapunzelcoils.se\/#website"},"datePublished":"2022-02-05T03:59:18+00:00","dateModified":"2026-02-10T19:44:58+00:00","description":"Silicone free vegan curl defining gel for wavy, curly, coily & afro-textured hair. Gives a good cast\/ hold,shine, and definition without protein.","breadcrumb":{"@id":"https:\/\/rapunzelcoils.se\/product\/harmony-curl-defining-gel\/#breadcrumb"},"inLanguage":"es","potentialAction":[{"@type":"ReadAction","target":["https:\/\/rapunzelcoils.se\/product\/harmony-curl-defining-gel\/"]}]},{"@type":"BreadcrumbList","@id":"https:\/\/rapunzelcoils.se\/product\/harmony-curl-defining-gel\/#breadcrumb","itemListElement":[{"@type":"ListItem","position":1,"name":"Home","item":"https:\/\/rapunzelcoils.se\/"},{"@type":"ListItem","position":2,"name":"Shop","item":"https:\/\/rapunzelcoils.se\/en\/?page_id=8"},{"@type":"ListItem","position":3,"name":"Harmony &#8211; Curl Defining Gel"}]},{"@type":"WebSite","@id":"https:\/\/rapunzelcoils.se\/#website","url":"https:\/\/rapunzelcoils.se\/","name":"Bobinas de Rapunzel","description":"Productos para hidratar, eliminar el frizz y definir los rizos.","publisher":{"@id":"https:\/\/rapunzelcoils.se\/#organization"},"potentialAction":[{"@type":"SearchAction","target":{"@type":"EntryPoint","urlTemplate":"https:\/\/rapunzelcoils.se\/?s={search_term_string}"},"query-input":"required name=search_term_string"}],"inLanguage":"es"},{"@type":"Organization","@id":"https:\/\/rapunzelcoils.se\/#organization","name":"Bobinas de Rapunzel","url":"https:\/\/rapunzelcoils.se\/","logo":{"@type":"ImageObject","inLanguage":"es","@id":"https:\/\/rapunzelcoils.se\/#\/schema\/logo\/image\/","url":"https:\/\/rapunzelcoils.se\/wp-content\/uploads\/2022\/01\/Black-Transparent-Logo-scaled.png","contentUrl":"https:\/\/rapunzelcoils.se\/wp-content\/uploads\/2022\/01\/Black-Transparent-Logo-scaled.png","width":2560,"height":869,"caption":"Rapunzel Coils"},"image":{"@id":"https:\/\/rapunzelcoils.se\/#\/schema\/logo\/image\/"}}]}},"_links":{"self":[{"href":"https:\/\/rapunzelcoils.se\/es\/wp-json\/wp\/v2\/product\/6256","targetHints":{"allow":["GET"]}}],"collection":[{"href":"https:\/\/rapunzelcoils.se\/es\/wp-json\/wp\/v2\/product"}],"about":[{"href":"https:\/\/rapunzelcoils.se\/es\/wp-json\/wp\/v2\/types\/product"}],"replies":[{"embeddable":true,"href":"https:\/\/rapunzelcoils.se\/es\/wp-json\/wp\/v2\/comments?post=6256"}],"version-history":[{"count":4,"href":"https:\/\/rapunzelcoils.se\/es\/wp-json\/wp\/v2\/product\/6256\/revisions"}],"predecessor-version":[{"id":9860,"href":"https:\/\/rapunzelcoils.se\/es\/wp-json\/wp\/v2\/product\/6256\/revisions\/9860"}],"wp:featuredmedia":[{"embeddable":true,"href":"https:\/\/rapunzelcoils.se\/es\/wp-json\/wp\/v2\/media\/9910"}],"wp:attachment":[{"href":"https:\/\/rapunzelcoils.se\/es\/wp-json\/wp\/v2\/media?parent=6256"}],"wp:term":[{"taxonomy":"product_brand","embeddable":true,"href":"https:\/\/rapunzelcoils.se\/es\/wp-json\/wp\/v2\/product_brand?post=6256"},{"taxonomy":"product_cat","embeddable":true,"href":"https:\/\/rapunzelcoils.se\/es\/wp-json\/wp\/v2\/product_cat?post=6256"},{"taxonomy":"product_tag","embeddable":true,"href":"https:\/\/rapunzelcoils.se\/es\/wp-json\/wp\/v2\/product_tag?post=6256"}],"curies":[{"name":"wp","href":"https:\/\/api.w.org\/{rel}","templated":true}]}}