{"id":6248,"date":"2022-02-05T06:48:50","date_gmt":"2022-02-05T03:48:50","guid":{"rendered":"http:\/\/nicherenterprise.co.ke\/rapunzel\/?post_type=product&#038;p=6248"},"modified":"2025-12-18T19:30:57","modified_gmt":"2025-12-18T16:30:57","slug":"bloom-hair-growth-stimulating-elixir","status":"publish","type":"product","link":"https:\/\/rapunzelcoils.se\/es\/producto\/bloom-hair-growth-stimulating-elixir\/","title":{"rendered":"Bloom \u2013 Elixir para el cuero cabelludo"},"content":{"rendered":"","protected":false},"excerpt":{"rendered":"<p>Florecer \u2013 resurgir con un nuevo comienzo y un vigor saludable despu\u00e9s de un estado previo de deterioro.<\/p>\n<p>Bloom est\u00e1 especialmente formulado para revitalizar los fol\u00edculos inactivos estimulando el crecimiento saludable del cabello. Bloom est\u00e1 elaborado con potentes extractos de hierbas ayurv\u00e9dicas y mezclas de aceites esenciales que mejoran considerablemente la salud del cuero cabelludo. Bloom se aplica directamente en el cuero cabelludo para obtener mayores beneficios. Se puede usar en todo tipo de cabello. El aceite es 100% ayurv\u00e9dico, org\u00e1nico y vegano.<\/p>\n<p>Bloom es apto para chicas con cabello rizado y no contiene fragancias artificiales, parabenos, sulfatos ni colorantes.<\/p>\n<p><b>Especificaciones -50 ml<\/b><\/p>\n<p>[su_youtube url=\u201dhttps:\/\/www.youtube.com\/watch?v=9KUaQcPwdNo\u201d ancho=\u201d400\u2033 alto=\u201d300\u2033]<\/p>","protected":false},"featured_media":9914,"comment_status":"open","ping_status":"closed","template":"","meta":{"inline_featured_image":false},"product_brand":[],"product_cat":[101,100,103,102,104,106,105],"product_tag":[],"class_list":{"0":"post-6248","1":"product","2":"type-product","3":"status-publish","4":"has-post-thumbnail","6":"product_cat-alopecia","7":"product_cat-hair-growth","8":"product_cat-healthy-scalp","9":"product_cat-itchy-scalp","10":"product_cat-sensitive-scalp","11":"product_cat-thick-hair","12":"product_cat-thinning-hair","14":"first","15":"outofstock","16":"shipping-taxable","17":"purchasable","18":"product-type-simple"},"acf":[],"yoast_head":"<!-- This site is optimized with the Yoast SEO plugin v21.9.1 - https:\/\/yoast.com\/wordpress\/plugins\/seo\/ -->\n<title>Bloom - Scalp Elixir - Rapunzel Coils<\/title>\n<meta name=\"robots\" content=\"index, follow, max-snippet:-1, max-image-preview:large, max-video-preview:-1\" \/>\n<link rel=\"canonical\" href=\"https:\/\/rapunzelcoils.se\/es\/producto\/bloom-hair-growth-stimulating-elixir\/\" \/>\n<meta property=\"og:locale\" content=\"es_ES\" \/>\n<meta property=\"og:type\" content=\"article\" \/>\n<meta property=\"og:title\" content=\"Bloom - Scalp Elixir - Rapunzel Coils\" \/>\n<meta property=\"og:description\" content=\"Bloom \u2013\u00a0 emerge in a fresh start with a healthy vigour after a previous state of deterioration  Bloom is specially formulated to revive dormant follicles by stimulating healthy hair growth. Bloom is made with potent ayurvedic herbal extracts &amp; essential oil blends\u00a0 that work to greatly improve your scalp health. Bloom is to be used directly in the scalp for heightened benefits. It can be used on all hair types. The oil is 100% ayurvedic, organic and vegan.  Bloom is curly girl friendly &amp; does not contain any artificial fragrances, parabens, sulfates and colourants .  Specs -50 ml  [su_youtube url=&quot;https:\/\/www.youtube.com\/watch?v=9KUaQcPwdNo&quot; width=&quot;400&quot; height=&quot;300&quot;]\" \/>\n<meta property=\"og:url\" content=\"https:\/\/rapunzelcoils.se\/es\/producto\/bloom-hair-growth-stimulating-elixir\/\" \/>\n<meta property=\"og:site_name\" content=\"Rapunzel Coils\" \/>\n<meta property=\"article:modified_time\" content=\"2025-12-18T16:30:57+00:00\" \/>\n<meta property=\"og:image\" content=\"https:\/\/rapunzelcoils.se\/wp-content\/uploads\/2022\/02\/IMG_8030.png\" \/>\n\t<meta property=\"og:image:width\" content=\"1512\" \/>\n\t<meta property=\"og:image:height\" content=\"1512\" \/>\n\t<meta property=\"og:image:type\" content=\"image\/png\" \/>\n<meta name=\"twitter:card\" content=\"summary_large_image\" \/>\n<meta name=\"twitter:label1\" content=\"Tiempo de lectura\" \/>\n\t<meta name=\"twitter:data1\" content=\"1 minuto\" \/>\n<script type=\"application\/ld+json\" class=\"yoast-schema-graph\">{\"@context\":\"https:\/\/schema.org\",\"@graph\":[{\"@type\":\"WebPage\",\"@id\":\"https:\/\/rapunzelcoils.se\/product\/bloom-hair-growth-stimulating-elixir\/\",\"url\":\"https:\/\/rapunzelcoils.se\/product\/bloom-hair-growth-stimulating-elixir\/\",\"name\":\"Bloom - Scalp Elixir - Rapunzel Coils\",\"isPartOf\":{\"@id\":\"https:\/\/rapunzelcoils.se\/#website\"},\"datePublished\":\"2022-02-05T03:48:50+00:00\",\"dateModified\":\"2025-12-18T16:30:57+00:00\",\"breadcrumb\":{\"@id\":\"https:\/\/rapunzelcoils.se\/product\/bloom-hair-growth-stimulating-elixir\/#breadcrumb\"},\"inLanguage\":\"es\",\"potentialAction\":[{\"@type\":\"ReadAction\",\"target\":[\"https:\/\/rapunzelcoils.se\/product\/bloom-hair-growth-stimulating-elixir\/\"]}]},{\"@type\":\"BreadcrumbList\",\"@id\":\"https:\/\/rapunzelcoils.se\/product\/bloom-hair-growth-stimulating-elixir\/#breadcrumb\",\"itemListElement\":[{\"@type\":\"ListItem\",\"position\":1,\"name\":\"Home\",\"item\":\"https:\/\/rapunzelcoils.se\/\"},{\"@type\":\"ListItem\",\"position\":2,\"name\":\"Shop\",\"item\":\"https:\/\/rapunzelcoils.se\/en\/?page_id=8\"},{\"@type\":\"ListItem\",\"position\":3,\"name\":\"Bloom &#8211; Scalp Elixir\"}]},{\"@type\":\"WebSite\",\"@id\":\"https:\/\/rapunzelcoils.se\/#website\",\"url\":\"https:\/\/rapunzelcoils.se\/\",\"name\":\"Rapunzel Coils\",\"description\":\"Products to give moisture, remove frizz and define curls\",\"publisher\":{\"@id\":\"https:\/\/rapunzelcoils.se\/#organization\"},\"potentialAction\":[{\"@type\":\"SearchAction\",\"target\":{\"@type\":\"EntryPoint\",\"urlTemplate\":\"https:\/\/rapunzelcoils.se\/?s={search_term_string}\"},\"query-input\":\"required name=search_term_string\"}],\"inLanguage\":\"es\"},{\"@type\":\"Organization\",\"@id\":\"https:\/\/rapunzelcoils.se\/#organization\",\"name\":\"Rapunzel Coils\",\"url\":\"https:\/\/rapunzelcoils.se\/\",\"logo\":{\"@type\":\"ImageObject\",\"inLanguage\":\"es\",\"@id\":\"https:\/\/rapunzelcoils.se\/#\/schema\/logo\/image\/\",\"url\":\"https:\/\/rapunzelcoils.se\/wp-content\/uploads\/2022\/01\/Black-Transparent-Logo-scaled.png\",\"contentUrl\":\"https:\/\/rapunzelcoils.se\/wp-content\/uploads\/2022\/01\/Black-Transparent-Logo-scaled.png\",\"width\":2560,\"height\":869,\"caption\":\"Rapunzel Coils\"},\"image\":{\"@id\":\"https:\/\/rapunzelcoils.se\/#\/schema\/logo\/image\/\"}}]}<\/script>\n<!-- \/ Yoast SEO plugin. -->","yoast_head_json":{"title":"Bloom - Elixir para el cuero cabelludo - Rapunzel Coils","robots":{"index":"index","follow":"follow","max-snippet":"max-snippet:-1","max-image-preview":"max-image-preview:large","max-video-preview":"max-video-preview:-1"},"canonical":"https:\/\/rapunzelcoils.se\/es\/producto\/bloom-hair-growth-stimulating-elixir\/","og_locale":"es_ES","og_type":"article","og_title":"Bloom - Scalp Elixir - Rapunzel Coils","og_description":"Bloom \u2013\u00a0 emerge in a fresh start with a healthy vigour after a previous state of deterioration  Bloom is specially formulated to revive dormant follicles by stimulating healthy hair growth. Bloom is made with potent ayurvedic herbal extracts &amp; essential oil blends\u00a0 that work to greatly improve your scalp health. Bloom is to be used directly in the scalp for heightened benefits. It can be used on all hair types. The oil is 100% ayurvedic, organic and vegan.  Bloom is curly girl friendly &amp; does not contain any artificial fragrances, parabens, sulfates and colourants .  Specs -50 ml  [su_youtube url=\"https:\/\/www.youtube.com\/watch?v=9KUaQcPwdNo\" width=\"400\" height=\"300\"]","og_url":"https:\/\/rapunzelcoils.se\/es\/producto\/bloom-hair-growth-stimulating-elixir\/","og_site_name":"Rapunzel Coils","article_modified_time":"2025-12-18T16:30:57+00:00","og_image":[{"width":1512,"height":1512,"url":"https:\/\/rapunzelcoils.se\/wp-content\/uploads\/2022\/02\/IMG_8030.png","type":"image\/png"}],"twitter_card":"summary_large_image","twitter_misc":{"Tiempo de lectura":"1 minuto"},"schema":{"@context":"https:\/\/schema.org","@graph":[{"@type":"WebPage","@id":"https:\/\/rapunzelcoils.se\/product\/bloom-hair-growth-stimulating-elixir\/","url":"https:\/\/rapunzelcoils.se\/product\/bloom-hair-growth-stimulating-elixir\/","name":"Bloom - Elixir para el cuero cabelludo - Rapunzel Coils","isPartOf":{"@id":"https:\/\/rapunzelcoils.se\/#website"},"datePublished":"2022-02-05T03:48:50+00:00","dateModified":"2025-12-18T16:30:57+00:00","breadcrumb":{"@id":"https:\/\/rapunzelcoils.se\/product\/bloom-hair-growth-stimulating-elixir\/#breadcrumb"},"inLanguage":"es","potentialAction":[{"@type":"ReadAction","target":["https:\/\/rapunzelcoils.se\/product\/bloom-hair-growth-stimulating-elixir\/"]}]},{"@type":"BreadcrumbList","@id":"https:\/\/rapunzelcoils.se\/product\/bloom-hair-growth-stimulating-elixir\/#breadcrumb","itemListElement":[{"@type":"ListItem","position":1,"name":"Home","item":"https:\/\/rapunzelcoils.se\/"},{"@type":"ListItem","position":2,"name":"Shop","item":"https:\/\/rapunzelcoils.se\/en\/?page_id=8"},{"@type":"ListItem","position":3,"name":"Bloom &#8211; Scalp Elixir"}]},{"@type":"WebSite","@id":"https:\/\/rapunzelcoils.se\/#website","url":"https:\/\/rapunzelcoils.se\/","name":"Bobinas de Rapunzel","description":"Productos para hidratar, eliminar el frizz y definir los rizos.","publisher":{"@id":"https:\/\/rapunzelcoils.se\/#organization"},"potentialAction":[{"@type":"SearchAction","target":{"@type":"EntryPoint","urlTemplate":"https:\/\/rapunzelcoils.se\/?s={search_term_string}"},"query-input":"required name=search_term_string"}],"inLanguage":"es"},{"@type":"Organization","@id":"https:\/\/rapunzelcoils.se\/#organization","name":"Bobinas de Rapunzel","url":"https:\/\/rapunzelcoils.se\/","logo":{"@type":"ImageObject","inLanguage":"es","@id":"https:\/\/rapunzelcoils.se\/#\/schema\/logo\/image\/","url":"https:\/\/rapunzelcoils.se\/wp-content\/uploads\/2022\/01\/Black-Transparent-Logo-scaled.png","contentUrl":"https:\/\/rapunzelcoils.se\/wp-content\/uploads\/2022\/01\/Black-Transparent-Logo-scaled.png","width":2560,"height":869,"caption":"Rapunzel Coils"},"image":{"@id":"https:\/\/rapunzelcoils.se\/#\/schema\/logo\/image\/"}}]}},"_links":{"self":[{"href":"https:\/\/rapunzelcoils.se\/es\/wp-json\/wp\/v2\/product\/6248","targetHints":{"allow":["GET"]}}],"collection":[{"href":"https:\/\/rapunzelcoils.se\/es\/wp-json\/wp\/v2\/product"}],"about":[{"href":"https:\/\/rapunzelcoils.se\/es\/wp-json\/wp\/v2\/types\/product"}],"replies":[{"embeddable":true,"href":"https:\/\/rapunzelcoils.se\/es\/wp-json\/wp\/v2\/comments?post=6248"}],"version-history":[{"count":1,"href":"https:\/\/rapunzelcoils.se\/es\/wp-json\/wp\/v2\/product\/6248\/revisions"}],"predecessor-version":[{"id":9839,"href":"https:\/\/rapunzelcoils.se\/es\/wp-json\/wp\/v2\/product\/6248\/revisions\/9839"}],"wp:featuredmedia":[{"embeddable":true,"href":"https:\/\/rapunzelcoils.se\/es\/wp-json\/wp\/v2\/media\/9914"}],"wp:attachment":[{"href":"https:\/\/rapunzelcoils.se\/es\/wp-json\/wp\/v2\/media?parent=6248"}],"wp:term":[{"taxonomy":"product_brand","embeddable":true,"href":"https:\/\/rapunzelcoils.se\/es\/wp-json\/wp\/v2\/product_brand?post=6248"},{"taxonomy":"product_cat","embeddable":true,"href":"https:\/\/rapunzelcoils.se\/es\/wp-json\/wp\/v2\/product_cat?post=6248"},{"taxonomy":"product_tag","embeddable":true,"href":"https:\/\/rapunzelcoils.se\/es\/wp-json\/wp\/v2\/product_tag?post=6248"}],"curies":[{"name":"wp","href":"https:\/\/api.w.org\/{rel}","templated":true}]}}