{"id":3,"date":"2022-01-03T12:56:15","date_gmt":"2022-01-03T12:56:15","guid":{"rendered":"http:\/\/nicherenterprise.co.ke\/rapunzel\/?page_id=3"},"modified":"2023-09-04T19:12:46","modified_gmt":"2023-09-04T16:12:46","slug":"privacy-policy","status":"publish","type":"page","link":"https:\/\/rapunzelcoils.se\/es\/privacy-policy\/","title":{"rendered":"pol\u00edtica de privacidad"},"content":{"rendered":"<div data-elementor-type=\"wp-page\" data-elementor-id=\"3\" class=\"elementor elementor-3\" data-elementor-post-type=\"page\">\n\t\t\t\t\t\t<section class=\"elementor-section elementor-top-section elementor-element elementor-element-35c5e221 elementor-section-height-min-height elementor-section-boxed elementor-section-height-default elementor-section-items-middle\" data-id=\"35c5e221\" data-element_type=\"section\" data-e-type=\"section\" data-settings=\"{&quot;background_background&quot;:&quot;classic&quot;}\">\n\t\t\t\t\t\t\t<div class=\"elementor-background-overlay\"><\/div>\n\t\t\t\t\t\t\t<div class=\"elementor-container elementor-column-gap-default\">\n\t\t\t\t\t<div class=\"elementor-column elementor-col-100 elementor-top-column elementor-element elementor-element-70e1611b\" data-id=\"70e1611b\" data-element_type=\"column\" data-e-type=\"column\">\n\t\t\t<div class=\"elementor-widget-wrap elementor-element-populated\">\n\t\t\t\t\t\t<div class=\"elementor-element elementor-element-6bdb47ed elementor-widget elementor-widget-heading\" data-id=\"6bdb47ed\" data-element_type=\"widget\" data-e-type=\"widget\" data-widget_type=\"heading.default\">\n\t\t\t\t<div class=\"elementor-widget-container\">\n\t\t\t\t\t<h2 class=\"elementor-heading-title elementor-size-default\">pol\u00edtica de privacidad<\/h2>\t\t\t\t<\/div>\n\t\t\t\t<\/div>\n\t\t\t\t\t<\/div>\n\t\t<\/div>\n\t\t\t\t\t<\/div>\n\t\t<\/section>\n\t\t\t\t<section class=\"elementor-section elementor-top-section elementor-element elementor-element-2aef5ba elementor-section-boxed elementor-section-height-default elementor-section-height-default\" data-id=\"2aef5ba\" data-element_type=\"section\" data-e-type=\"section\">\n\t\t\t\t\t\t<div class=\"elementor-container elementor-column-gap-default\">\n\t\t\t\t\t<div class=\"elementor-column elementor-col-100 elementor-top-column elementor-element elementor-element-1e58291\" data-id=\"1e58291\" data-element_type=\"column\" data-e-type=\"column\">\n\t\t\t<div class=\"elementor-widget-wrap elementor-element-populated\">\n\t\t\t\t\t\t<div class=\"elementor-element elementor-element-5079fa6 elementor-widget elementor-widget-text-editor\" data-id=\"5079fa6\" data-element_type=\"widget\" data-e-type=\"widget\" data-widget_type=\"text-editor.default\">\n\t\t\t\t<div class=\"elementor-widget-container\">\n\t\t\t\t\t\t\t\t\t<p><\/p>\n<h1 class=\"wp-block-heading\">POL\u00cdTICA DE INTEGRIDAD<\/h1>\n<p>Vi \u00e4r noga med att alltid hantera dina uppgifter med integritet. Vi ber dig aldrig om samtycke hasta personuppgiftshantering som inte \u00e4r direkt relatedrat to Rapunzel Coils produkter och tj\u00e4nster.<\/p>\n<h2>\u00bfVEM \u00c4R ANSVARIG PARA DINA PERSONUPPGIFTER?<\/h2>\n<p>Acacia Liljeqvist Organics AB con n\u00famero de organizaci\u00f3n 559382-9517ansvarar f\u00f6r behandlingen av dina personuppgifter (personuppgiftsansvarig).<br \/>Om du har n\u00e5gra fr\u00e5gor ang\u00e5ende v\u00e5r behandling av dina personuppgifter \u00e4r du v\u00e4lkommen att contacta oss p\u00e5 v\u00e5r e-postadress contact@rapunzelcoils.se<br \/><br \/><\/p>\n<p>Notera att de villkor som g\u00e4ller f\u00f6r ditt k\u00f6p f\u00f6ljer av v\u00e5ra\u00a0<a href=\"https:\/\/rapunzelcoils.se\/es\/refund_returns\/\">Pol\u00edtica de reembolsos y devoluciones<\/a>.<\/p>\n<h2>1. N\u00c4R DU HANDLAR I RAPUNZEL BOBINAS WEBBUTIK<\/h2>\n<p>F\u00f6r att vi ska kunna fullg\u00f6ra ditt k\u00f6p kr\u00e4vs att vi behandlar uppgifter om dig. Om du inte enojado dina uppgifter kommer vi inte kunna genomf\u00f6ra ditt k\u00f6p hos oss. Vi m\u00e5ste \u00e4ven behandla dina uppgifter f\u00f6r att f\u00f6lja andra lagstadgade krav, exempelvis bokf\u00f6ringslagens krav p\u00e5 att spara uppgifter.<\/p>\n<h3>VI BEHANDLAR DINA UPPGIFTER PARA ATT:<\/h3>\n<p>\u2022 Kunna Leverera k\u00f6pta varor (incluido el aviso sobre palancas o palancas de annat r\u00f6rande), y vid palancas de la dina uppgifter med valt fraktbolag.<br \/>\u2022 Hantera en eventuell \u00e5ngerr\u00e4tt.<br \/>\u2022 Hantera lagstadgade skyldigheter<\/p>\n<h3>PERSONUPPGIFTER SOM BEHANDLAS:<\/h3>\n<p>\u2022 Nombre<br \/>\u2022 Kontaktuppgifter (por ejemplo, direcci\u00f3n postal, direcci\u00f3n postal electr\u00f3nica y n\u00famero de m\u00f3vil)<br \/>\u2022 N\u00famero de pedido \u2022 N\u00famero de pedido<br \/>\u2022 Informaci\u00f3n del pedido (por ejemplo, vilken produkt som du har best\u00e4llt)<\/p>\n<p>Ut\u00f6ver ovan behandlas dina personuppgifter \u00e4ven av betaltj\u00e4nstleverant\u00f6ren Klarna Ekonomi f\u00f6r att genomf\u00f6ra din betalning. Klarna Ekonomi es una persona muy especial para su manejo e informaci\u00f3n sobre sus regalos personales.<\/p>\n<p><strong>Laglig grund:<\/strong>\u00a0Fullg\u00f6rande av k\u00f6pavtal, r\u00e4ttslig f\u00f6rpliktelse samt intresseav\u00e4gning.<br \/>Lagringstid: Uppgifterna lagras i 36 m\u00e5n, om du inte sj\u00e4lv valt att skapa ett medlemskonto d\u00e4r dina uppgifter, t.ex om tidigare k\u00f6p, lagras s\u00e5 l\u00e4nge du sj\u00e4lv \u00f6nskar.<\/p>\n<p><strong>Abierto:<\/strong>\u00a0I syfte att hantera ditt k\u00f6p kommer vi att dela dina personuppgifter med den betaltj\u00e4nstleverant\u00f6r vi anv\u00e4nder f\u00f6r att hantera betalningen.<\/p>\n<p>Vid betalning med faktura (cr\u00e9dito) kan betaltj\u00e4nstleverant\u00f6ren g\u00f6ra y kreditpr\u00f6vning;<\/p>\n<p>F\u00f6r att kunna Leverera dina varor dobladillo hasta cavar o hasta ett postombud samt para att kunna hantera eventuella returer kommer vi att dela n\u00f6dv\u00e4ndiga personuppgifter med den transport\u00f6r som du har valt i kassan.<\/p>\n<h2>2. N\u00c4R DU \u00c4R MEDLEM I RAPUNZEL BOBINAS KUND KLUBB<\/h2>\n<p>Para que no se pierda y se complete todo lo que se pueda hacer con este medlemskap en el kundklubb, m\u00e1s vale la pena seguir a un uppgifter. Om du til\u00e5ter oss att hantera dina personuppgifter i detta syfte har vi inte m\u00f6jlighet att skapa o administrera ditt medlemskap. Om du inte vill ange uppgifterna kan du d\u00e4rf\u00f6r inte vara medlem hos oss.<br \/>Utilice el perfil m\u00e9dico de su empresa para obtener marcas de productos hasta el canal digital. Om du inte vill ha marknadsf\u00f6ring fr\u00e5n oss har du alltid r\u00e4tt att tacka nej hasta det. L\u00e4s mer om dina r\u00e4ttigheter nedan.<br \/>\u00c4ndam\u00e5l: F\u00f6r att skapa och administrera ditt medlemskap och dina medlemssidor. F\u00f6r att du ska kunna se och f\u00f6lja dina aktuella och tidigare k\u00f6p behandlar vi din k\u00f6p- och orderhistorik.<\/p>\n<p>Vi behandlar dina uppgifter para att:<\/p>\n<p>\u2022 S\u00e4kerst\u00e4lla identitet och \u00e5lder<br \/>\u2022 Skapa ingresando hasta Mina Sidor<br \/>\u2022 Uppr\u00e4tth\u00e5lla korrekta y uppdaterade uppgifter<br \/>\u2022 Tillhandah\u00e5lla ett snabbt och enkelt s\u00e4tt att skapa medlemskap p\u00e5<\/p>\n<p>Personuppgifter som behandlas:<\/p>\n<p>\u2022 Nombre<br \/>\u2022 Kontaktuppgifter (direcci\u00f3n, direcci\u00f3n postal electr\u00f3nica, n\u00famero de m\u00f3vil)<br \/>\u2022 Ev. N\u00famero de referencia<br \/>\u2022 N\u00famero de persona<br \/>\u2022 Instalar con perfil din y dina val<br \/>\u2022 Anv\u00e4ndarnamn och l\u00f6senord<\/p>\n<p>Laglig grund: Fullg\u00f6rande av avtal<br \/>La manipulaci\u00f3n es novedosa para la seguridad y la administraci\u00f3n de medicamentos y la iluminaci\u00f3n con medlemsvillkoren y la responsabilidad para la limpieza completa.<\/p>\n<p>Lagringstid: Uppgifterna behandlas Tills att du avslutar ditt medlemskap. Si este medlemskap tiene alguna inactividad en 36 personas que lo analizan y almacena informaci\u00f3n, f\u00f6rutsatt att du inte har n\u00e5gra skulder hasta oss. Med inaktivitet menar vi att du inte registrerat ett medlemsk\u00f6p.<\/p>\n<h2>DINA R\u00c4TTIGHETER:<\/h2>\n<h3>\u00c5TERKALLA DITT SAMTYCKE<\/h3>\n<p>Om du har samtyckt Until att vi f\u00e5r behandla dina personuppgifter har du har r\u00e4tt att n\u00e4r som helst \u00e5terkalla hela oller del av det l\u00e4mnade samtycket. Exempel p\u00e5 samtycke \u00e4r t.ex n\u00e4r du har valt att prenumerera p\u00e5 v\u00e5rt nyhetsbrev. Du har d\u00e5 gett samtycke hasta que att vi hanterar din e-postadress och i vissa fall namn f\u00f6r att skicka nyhetsbrev hasta excavar. Du can n\u00e4r som \u00e5terkalla ditt samtycke genom att klicka p\u00e5 avprenumeral\u00e4nken som finlandeses i varje utskick, o contacta oss p\u00e5 contact@rapunzelcoils.se och be om att f\u00e5 bli borttagen fr\u00e5n nyhetsbrevsutskick.<\/p>\n<h3>R\u00c4TT TILL TILLG\u00c5NG<\/h3>\n<p>Du har r\u00e4tt att f\u00e5 en bekr\u00e4ftelse p\u00e5 om personuppgifter som r\u00f6r dig behandlas av oss samttilg\u00e5ng hasta informaci\u00f3n de su personuppgifterna behandlas, t.ex. \u00e4ndam\u00e5len med behandlingen och vilka categorier av personuppgifter som behandlingen g\u00e4ller. Du har \u00e4ven r\u00e4tt att f\u00e5 en kopia av de personuppgifter som behandlas av oss. Du kommer att f\u00e5 desa uppgifter s\u00e5 s\u00e5nart som m\u00f6jligt och senast inom un m\u00e5nad. Si se trata de una tarea compleja y de una compra anticipada, es posible que durante alg\u00fan tiempo se realicen m\u00e1s tareas relacionadas con el producto. Om tiden f\u00f6rl\u00e4ngs kommer du att f\u00e5 informaci\u00f3n sobre esto. En beg\u00e4ran g\u00f6rs genom att contacta oss p\u00e5 de kontaktuppgifter som framg\u00e5r i inledningen to den h\u00e4r integritetspolicyn.<\/p>\n<h3>R\u00c4TT TILL R\u00c4TTELSE<\/h3>\n<p>Du har \u00e4ven r\u00e4tt att utan on\u00f6digt dr\u00f6jsm\u00e5l f\u00e5 felaktiga personuppgifter r\u00e4ttade, samt genom atttilhandah\u00e5lla information, komplettera ofullst\u00e4ndiga personuppgifter. Du haven m\u00f6jlighet att sj\u00e4lv \u00e4ndra dina personuppgifter genom att logga en p\u00e5 Mina Sidor.<\/p>\n<h3>R\u00c4TT TILL RADERING (R\u00c4TTEN ATT BLI BORTGL\u00d6MD)<\/h3>\n<p>Du har under vissa f\u00f6ruts\u00e4ttningar r\u00e4tt att beg\u00e4ra radering av dina personuppgifter. S\u00e5dana f\u00f6ruts\u00e4ttningar f\u00f6religger om:<\/p>\n<p>\u2013 personuppgifterna inte langre \u00e4r n\u00f6dv\u00e4ndiga f\u00f6r de \u00e4ndam\u00e5l som de samlats in o behandlats f\u00f6r;<\/p>\n<p>\u2013 om du \u00e5terkallar ditt samtycke som behandlingen grundar sig p\u00e5 och det inte finns n\u00e5gon annan r\u00e4ttslig grund f\u00f6r behandlingen;<\/p>\n<p>Rapunzel Coils aderar dina personuppgifter p\u00e5 din beg\u00e4ran, under f\u00f6ruts\u00e4ttning att Rapunzel Coils inte har en skyldighet att spara personuppgifterna i enlighet med g\u00e4llande lagar och regler. P\u00f3ngase en contacto con contact@rapunzelcoils.se para atender a radera dina uppgifter.<\/p>\n<p><\/p>\t\t\t\t\t\t\t\t<\/div>\n\t\t\t\t<\/div>\n\t\t\t\t\t<\/div>\n\t\t<\/div>\n\t\t\t\t\t<\/div>\n\t\t<\/section>\n\t\t\t\t<\/div>","protected":false},"excerpt":{"rendered":"<p>INTEGRITETSPOLICY Vi \u00e4r noga med att alltid hantera dina uppgifter med integritet. Vi ber dig aldrig om samtycke till personuppgiftshantering som inte \u00e4r direkt relaterat till Rapunzel Coils produkter och tj\u00e4nster. VEM A\u0308R ANSVARIG FO\u0308R DINA PERSONUPPGIFTER? Acacia Liljeqvist Organics AB med organisationsnummer 559382-9517ansvarar fo\u0308r behandlingen av dina personuppgifter (personuppgiftsansvarig).Om du har na\u030agra fra\u030agor anga\u030aende [&hellip;]<\/p>","protected":false},"author":1,"featured_media":0,"parent":0,"menu_order":0,"comment_status":"closed","ping_status":"open","template":"elementor_header_footer","meta":{"inline_featured_image":false,"footnotes":""},"class_list":["post-3","page","type-page","status-publish","hentry"],"acf":[],"yoast_head":"<!-- This site is optimized with the Yoast SEO plugin v21.9.1 - https:\/\/yoast.com\/wordpress\/plugins\/seo\/ -->\n<title>Privacy Policy - Rapunzel Coils<\/title>\n<meta name=\"robots\" content=\"index, follow, max-snippet:-1, max-image-preview:large, max-video-preview:-1\" \/>\n<link rel=\"canonical\" href=\"https:\/\/rapunzelcoils.se\/es\/privacy-policy\/\" \/>\n<meta property=\"og:locale\" content=\"es_ES\" \/>\n<meta property=\"og:type\" content=\"article\" \/>\n<meta property=\"og:title\" content=\"Privacy Policy - Rapunzel Coils\" \/>\n<meta property=\"og:description\" content=\"INTEGRITETSPOLICY Vi \u00e4r noga med att alltid hantera dina uppgifter med integritet. Vi ber dig aldrig om samtycke till personuppgiftshantering som inte \u00e4r direkt relaterat till Rapunzel Coils produkter och tj\u00e4nster. VEM A\u0308R ANSVARIG FO\u0308R DINA PERSONUPPGIFTER? Acacia Liljeqvist Organics AB med organisationsnummer 559382-9517ansvarar fo\u0308r behandlingen av dina personuppgifter (personuppgiftsansvarig).Om du har na\u030agra fra\u030agor anga\u030aende [&hellip;]\" \/>\n<meta property=\"og:url\" content=\"https:\/\/rapunzelcoils.se\/es\/privacy-policy\/\" \/>\n<meta property=\"og:site_name\" content=\"Rapunzel Coils\" \/>\n<meta property=\"article:modified_time\" content=\"2023-09-04T16:12:46+00:00\" \/>\n<meta name=\"twitter:card\" content=\"summary_large_image\" \/>\n<meta name=\"twitter:label1\" content=\"Tiempo de lectura\" \/>\n\t<meta name=\"twitter:data1\" content=\"6 minutos\" \/>\n<script type=\"application\/ld+json\" class=\"yoast-schema-graph\">{\"@context\":\"https:\/\/schema.org\",\"@graph\":[{\"@type\":\"WebPage\",\"@id\":\"https:\/\/rapunzelcoils.se\/privacy-policy\/\",\"url\":\"https:\/\/rapunzelcoils.se\/privacy-policy\/\",\"name\":\"Privacy Policy - Rapunzel Coils\",\"isPartOf\":{\"@id\":\"https:\/\/rapunzelcoils.se\/#website\"},\"datePublished\":\"2022-01-03T12:56:15+00:00\",\"dateModified\":\"2023-09-04T16:12:46+00:00\",\"breadcrumb\":{\"@id\":\"https:\/\/rapunzelcoils.se\/privacy-policy\/#breadcrumb\"},\"inLanguage\":\"es\",\"potentialAction\":[{\"@type\":\"ReadAction\",\"target\":[\"https:\/\/rapunzelcoils.se\/privacy-policy\/\"]}]},{\"@type\":\"BreadcrumbList\",\"@id\":\"https:\/\/rapunzelcoils.se\/privacy-policy\/#breadcrumb\",\"itemListElement\":[{\"@type\":\"ListItem\",\"position\":1,\"name\":\"Home\",\"item\":\"https:\/\/rapunzelcoils.se\/\"},{\"@type\":\"ListItem\",\"position\":2,\"name\":\"Privacy Policy\"}]},{\"@type\":\"WebSite\",\"@id\":\"https:\/\/rapunzelcoils.se\/#website\",\"url\":\"https:\/\/rapunzelcoils.se\/\",\"name\":\"Rapunzel Coils\",\"description\":\"Products to give moisture, remove frizz and define curls\",\"publisher\":{\"@id\":\"https:\/\/rapunzelcoils.se\/#organization\"},\"potentialAction\":[{\"@type\":\"SearchAction\",\"target\":{\"@type\":\"EntryPoint\",\"urlTemplate\":\"https:\/\/rapunzelcoils.se\/?s={search_term_string}\"},\"query-input\":\"required name=search_term_string\"}],\"inLanguage\":\"es\"},{\"@type\":\"Organization\",\"@id\":\"https:\/\/rapunzelcoils.se\/#organization\",\"name\":\"Rapunzel Coils\",\"url\":\"https:\/\/rapunzelcoils.se\/\",\"logo\":{\"@type\":\"ImageObject\",\"inLanguage\":\"es\",\"@id\":\"https:\/\/rapunzelcoils.se\/#\/schema\/logo\/image\/\",\"url\":\"https:\/\/rapunzelcoils.se\/wp-content\/uploads\/2022\/01\/Black-Transparent-Logo-scaled.png\",\"contentUrl\":\"https:\/\/rapunzelcoils.se\/wp-content\/uploads\/2022\/01\/Black-Transparent-Logo-scaled.png\",\"width\":2560,\"height\":869,\"caption\":\"Rapunzel Coils\"},\"image\":{\"@id\":\"https:\/\/rapunzelcoils.se\/#\/schema\/logo\/image\/\"}}]}<\/script>\n<!-- \/ Yoast SEO plugin. -->","yoast_head_json":{"title":"Privacy Policy - Rapunzel Coils","robots":{"index":"index","follow":"follow","max-snippet":"max-snippet:-1","max-image-preview":"max-image-preview:large","max-video-preview":"max-video-preview:-1"},"canonical":"https:\/\/rapunzelcoils.se\/es\/privacy-policy\/","og_locale":"es_ES","og_type":"article","og_title":"Privacy Policy - Rapunzel Coils","og_description":"INTEGRITETSPOLICY Vi \u00e4r noga med att alltid hantera dina uppgifter med integritet. Vi ber dig aldrig om samtycke till personuppgiftshantering som inte \u00e4r direkt relaterat till Rapunzel Coils produkter och tj\u00e4nster. VEM A\u0308R ANSVARIG FO\u0308R DINA PERSONUPPGIFTER? Acacia Liljeqvist Organics AB med organisationsnummer 559382-9517ansvarar fo\u0308r behandlingen av dina personuppgifter (personuppgiftsansvarig).Om du har na\u030agra fra\u030agor anga\u030aende [&hellip;]","og_url":"https:\/\/rapunzelcoils.se\/es\/privacy-policy\/","og_site_name":"Rapunzel Coils","article_modified_time":"2023-09-04T16:12:46+00:00","twitter_card":"summary_large_image","twitter_misc":{"Tiempo de lectura":"6 minutos"},"schema":{"@context":"https:\/\/schema.org","@graph":[{"@type":"WebPage","@id":"https:\/\/rapunzelcoils.se\/privacy-policy\/","url":"https:\/\/rapunzelcoils.se\/privacy-policy\/","name":"Privacy Policy - Rapunzel Coils","isPartOf":{"@id":"https:\/\/rapunzelcoils.se\/#website"},"datePublished":"2022-01-03T12:56:15+00:00","dateModified":"2023-09-04T16:12:46+00:00","breadcrumb":{"@id":"https:\/\/rapunzelcoils.se\/privacy-policy\/#breadcrumb"},"inLanguage":"es","potentialAction":[{"@type":"ReadAction","target":["https:\/\/rapunzelcoils.se\/privacy-policy\/"]}]},{"@type":"BreadcrumbList","@id":"https:\/\/rapunzelcoils.se\/privacy-policy\/#breadcrumb","itemListElement":[{"@type":"ListItem","position":1,"name":"Home","item":"https:\/\/rapunzelcoils.se\/"},{"@type":"ListItem","position":2,"name":"Privacy Policy"}]},{"@type":"WebSite","@id":"https:\/\/rapunzelcoils.se\/#website","url":"https:\/\/rapunzelcoils.se\/","name":"Bobinas de Rapunzel","description":"Productos para hidratar, eliminar el frizz y definir los rizos.","publisher":{"@id":"https:\/\/rapunzelcoils.se\/#organization"},"potentialAction":[{"@type":"SearchAction","target":{"@type":"EntryPoint","urlTemplate":"https:\/\/rapunzelcoils.se\/?s={search_term_string}"},"query-input":"required name=search_term_string"}],"inLanguage":"es"},{"@type":"Organization","@id":"https:\/\/rapunzelcoils.se\/#organization","name":"Bobinas de Rapunzel","url":"https:\/\/rapunzelcoils.se\/","logo":{"@type":"ImageObject","inLanguage":"es","@id":"https:\/\/rapunzelcoils.se\/#\/schema\/logo\/image\/","url":"https:\/\/rapunzelcoils.se\/wp-content\/uploads\/2022\/01\/Black-Transparent-Logo-scaled.png","contentUrl":"https:\/\/rapunzelcoils.se\/wp-content\/uploads\/2022\/01\/Black-Transparent-Logo-scaled.png","width":2560,"height":869,"caption":"Rapunzel Coils"},"image":{"@id":"https:\/\/rapunzelcoils.se\/#\/schema\/logo\/image\/"}}]}},"_links":{"self":[{"href":"https:\/\/rapunzelcoils.se\/es\/wp-json\/wp\/v2\/pages\/3","targetHints":{"allow":["GET"]}}],"collection":[{"href":"https:\/\/rapunzelcoils.se\/es\/wp-json\/wp\/v2\/pages"}],"about":[{"href":"https:\/\/rapunzelcoils.se\/es\/wp-json\/wp\/v2\/types\/page"}],"author":[{"embeddable":true,"href":"https:\/\/rapunzelcoils.se\/es\/wp-json\/wp\/v2\/users\/1"}],"replies":[{"embeddable":true,"href":"https:\/\/rapunzelcoils.se\/es\/wp-json\/wp\/v2\/comments?post=3"}],"version-history":[{"count":0,"href":"https:\/\/rapunzelcoils.se\/es\/wp-json\/wp\/v2\/pages\/3\/revisions"}],"wp:attachment":[{"href":"https:\/\/rapunzelcoils.se\/es\/wp-json\/wp\/v2\/media?parent=3"}],"curies":[{"name":"wp","href":"https:\/\/api.w.org\/{rel}","templated":true}]}}