{"id":3,"date":"2022-01-03T12:56:15","date_gmt":"2022-01-03T12:56:15","guid":{"rendered":"http:\/\/nicherenterprise.co.ke\/rapunzel\/?page_id=3"},"modified":"2023-09-04T19:12:46","modified_gmt":"2023-09-04T16:12:46","slug":"privacy-policy","status":"publish","type":"page","link":"https:\/\/rapunzelcoils.se\/en\/privacy-policy\/","title":{"rendered":"Privacy Policy"},"content":{"rendered":"\t\t<div data-elementor-type=\"wp-page\" data-elementor-id=\"3\" class=\"elementor elementor-3\" data-elementor-post-type=\"page\">\n\t\t\t\t\t\t<section class=\"elementor-section elementor-top-section elementor-element elementor-element-35c5e221 elementor-section-height-min-height elementor-section-boxed elementor-section-height-default elementor-section-items-middle\" data-id=\"35c5e221\" data-element_type=\"section\" data-e-type=\"section\" data-settings=\"{&quot;background_background&quot;:&quot;classic&quot;}\">\n\t\t\t\t\t\t\t<div class=\"elementor-background-overlay\"><\/div>\n\t\t\t\t\t\t\t<div class=\"elementor-container elementor-column-gap-default\">\n\t\t\t\t\t<div class=\"elementor-column elementor-col-100 elementor-top-column elementor-element elementor-element-70e1611b\" data-id=\"70e1611b\" data-element_type=\"column\" data-e-type=\"column\">\n\t\t\t<div class=\"elementor-widget-wrap elementor-element-populated\">\n\t\t\t\t\t\t<div class=\"elementor-element elementor-element-6bdb47ed elementor-widget elementor-widget-heading\" data-id=\"6bdb47ed\" data-element_type=\"widget\" data-e-type=\"widget\" data-widget_type=\"heading.default\">\n\t\t\t\t<div class=\"elementor-widget-container\">\n\t\t\t\t\t<h2 class=\"elementor-heading-title elementor-size-default\">Privacy Policy<\/h2>\t\t\t\t<\/div>\n\t\t\t\t<\/div>\n\t\t\t\t\t<\/div>\n\t\t<\/div>\n\t\t\t\t\t<\/div>\n\t\t<\/section>\n\t\t\t\t<section class=\"elementor-section elementor-top-section elementor-element elementor-element-2aef5ba elementor-section-boxed elementor-section-height-default elementor-section-height-default\" data-id=\"2aef5ba\" data-element_type=\"section\" data-e-type=\"section\">\n\t\t\t\t\t\t<div class=\"elementor-container elementor-column-gap-default\">\n\t\t\t\t\t<div class=\"elementor-column elementor-col-100 elementor-top-column elementor-element elementor-element-1e58291\" data-id=\"1e58291\" data-element_type=\"column\" data-e-type=\"column\">\n\t\t\t<div class=\"elementor-widget-wrap elementor-element-populated\">\n\t\t\t\t\t\t<div class=\"elementor-element elementor-element-5079fa6 elementor-widget elementor-widget-text-editor\" data-id=\"5079fa6\" data-element_type=\"widget\" data-e-type=\"widget\" data-widget_type=\"text-editor.default\">\n\t\t\t\t<div class=\"elementor-widget-container\">\n\t\t\t\t\t\t\t\t\t<p><\/p>\n<h1 class=\"wp-block-heading\">INTEGRITETSPOLICY<\/h1>\n<p>Vi \u00e4r noga med att alltid hantera dina uppgifter med integritet. Vi ber dig aldrig om samtycke till personuppgiftshantering som inte \u00e4r direkt relaterat till Rapunzel Coils produkter och tj\u00e4nster.<\/p>\n<h2>VEM A\u0308R ANSVARIG FO\u0308R DINA PERSONUPPGIFTER?<\/h2>\n<p>Acacia Liljeqvist Organics AB med organisationsnummer 559382-9517ansvarar fo\u0308r behandlingen av dina personuppgifter (personuppgiftsansvarig).<br \/>Om du har na\u030agra fra\u030agor anga\u030aende va\u030ar behandling av dina personuppgifter a\u0308r du va\u0308lkommen att kontakta oss pa\u030a va\u030ar e- postadress contact@rapunzelcoils.se<br \/><br \/><\/p>\n<p>Notera att de villkor som ga\u0308ller fo\u0308r ditt ko\u0308p fo\u0308ljer av va\u030ara\u00a0<a href=\"https:\/\/www.rapunzelcoils.se\/refund_returns\/\">Refund and Returns Policy<\/a>.<\/p>\n<h2>1. NA\u0308R DU HANDLAR I RAPUNZEL COILS WEBBUTIK<\/h2>\n<p>Fo\u0308r att vi ska kunna fullgo\u0308ra ditt ko\u0308p kra\u0308vs att vi behandlar uppgifter om dig. Om du inte anger dina uppgifter kommer vi inte kunna genomfo\u0308ra ditt ko\u0308p hos oss. Vi ma\u030aste a\u0308ven behandla dina uppgifter fo\u0308r att fo\u0308lja andra lagstadgade krav, exempelvis bokfo\u0308ringslagens krav pa\u030a att spara uppgifter.<\/p>\n<h3>VI BEHANDLAR DINA UPPGIFTER F\u00d6R ATT:<\/h3>\n<p>\u2022 Kunna leverera ko\u0308pta varor (inklusive avisera om leverans eller annat ro\u0308rande leveransen), och vid leverans dela dina uppgifter med valt fraktbolag.<br \/>\u2022 Hantera en eventuell a\u030angerra\u0308tt.<br \/>\u2022 Hantera lagstadgade skyldigheter<\/p>\n<h3>PERSONUPPGIFTER SOM BEHANDLAS:<\/h3>\n<p>\u2022 Namn<br \/>\u2022 Kontaktuppgifter (t.ex. postadress, e-postadress och mobilnummer)<br \/>\u2022 Ordernummer \u2022 Kollinummer<br \/>\u2022 Orderinformation (t.ex. vilken produkt som du har besta\u0308llt)<\/p>\n<p>Uto\u0308ver ovan behandlas dina personuppgifter a\u0308ven av betaltja\u0308nstleveranto\u0308ren Klarna Ekonomi fo\u0308r att genomfo\u0308ra din betalning. Klarna Ekonomi a\u0308r sja\u0308lvsta\u0308ndigt personuppgiftsansvarig fo\u0308r dina behandlingar och informerar dig separat om hur dina uppgifter behandlas.<\/p>\n<p><strong>Laglig grund:<\/strong>\u00a0Fullgo\u0308rande av ko\u0308pavtal, ra\u0308ttslig fo\u0308rpliktelse samt intresseavva\u0308gning.<br \/>Lagringstid: Uppgifterna lagras i 36 m\u00e5n, om du inte sj\u00e4lv valt att skapa ett medlemskonto d\u00e4r dina uppgifter, t.ex om tidigare k\u00f6p, lagras s\u00e5 l\u00e4nge du sj\u00e4lv \u00f6nskar.<\/p>\n<p><strong>\u00d6vrigt:<\/strong>\u00a0I syfte att hantera ditt ko\u0308p kommer vi att dela dina personuppgifter med den betaltja\u0308nstleveranto\u0308r vi anva\u0308nder fo\u0308r att hantera betalningen.<\/p>\n<p>Vid betalning med faktura (kredit) kan betaltja\u0308nstleveranto\u0308ren go\u0308ra en kreditpro\u0308vning;<\/p>\n<p>Fo\u0308r att kunna leverera dina varor hem till dig eller till ett postombud samt fo\u0308r att kunna hantera eventuella returer kommer vi att dela n\u00f6dv\u00e4ndiga personuppgifter med den transporto\u0308r som du har valt i kassan.<\/p>\n<h2>2. NA\u0308R DU A\u0308R MEDLEM I RAPUNZEL COILS KUND KLUBB<\/h2>\n<p>Fo\u0308r att kunna skapa och fullgo\u0308ra vad som fo\u0308ljer av ditt medlemskap i va\u030ar kundklubb ma\u030aste vi behandla dina uppgifter. Om du inte till\u00e5ter oss att hantera dina personuppgifter i detta syfte har vi inte mo\u0308jlighet att skapa eller administrera ditt medlemskap. Om du inte vill ange uppgifterna kan du da\u0308rfo\u0308r inte vara medlem hos oss.<br \/>Utifra\u030an din medlemsprofil kommer vi a\u0308ven att marknadsfo\u0308ra va\u030ara produkter till dig i digitala kanaler. Om du inte vill ha marknadsfo\u0308ring fra\u030an oss har du alltid ra\u0308tt att tacka nej till det. La\u0308s mer om dina ra\u0308ttigheter nedan.<br \/>A\u0308ndama\u030al: Fo\u0308r att skapa och administrera ditt medlemskap och dina medlemssidor. Fo\u0308r att du ska kunna se och fo\u0308lja dina aktuella och tidigare ko\u0308p behandlar vi din ko\u0308p- och orderhistorik.<\/p>\n<p>Vi behandlar dina uppgifter f\u00f6r att:<\/p>\n<p>\u2022 Sa\u0308kersta\u0308lla identitet och a\u030alder<br \/>\u2022 Skapa inloggning till Mina Sidor<br \/>\u2022 Uppra\u0308ttha\u030alla korrekta och uppdaterade uppgifter<br \/>\u2022 Tillhandaha\u030alla ett snabbt och enkelt sa\u0308tt att skapa medlemskap pa\u030a<\/p>\n<p>Personuppgifter som behandlas:<\/p>\n<p>\u2022 Namn<br \/>\u2022 Kontaktuppgifter (adress, e- postadress, mobilnummer)<br \/>\u2022 Ev. Medlemsnummer<br \/>\u2022 Personnummer<br \/>\u2022 Insta\u0308llningar av din profil och dina val<br \/>\u2022 Anva\u0308ndarnamn och lo\u0308senord<\/p>\n<p>Laglig grund: Fullgo\u0308rande av avtal<br \/>Behandlingen a\u0308r no\u0308dva\u0308ndig fo\u0308r att skapa och administrera dina medlemssidor i enlighet med medlemsvillkoren och da\u0308rigenom fo\u0308r att fullgo\u0308ra va\u030art avtal med dig.<\/p>\n<p>Lagringstid: Uppgifterna behandlas tills att du avslutar ditt medlemskap. Om ditt medlemskap har varit inaktivt i 36 ma\u030anader raderar vi ditt medlemskap och tillho\u0308rande information, fo\u0308rutsatt att du inte har na\u030agra skulder till oss. Med inaktivitet menar vi att du inte registrerat ett medlemsko\u0308p.<\/p>\n<h2>DINA R\u00c4TTIGHETER:<\/h2>\n<h3>A\u030aTERKALLA DITT SAMTYCKE<\/h3>\n<p>Om du har samtyckt till att vi fa\u030ar behandla dina personuppgifter har du har ra\u0308tt att na\u0308r som helst a\u030aterkalla hela eller del av det la\u0308mnade samtycket. Exempel p\u00e5 samtycke \u00e4r t.ex n\u00e4r du har valt att prenumerera p\u00e5 v\u00e5rt nyhetsbrev. Du har d\u00e5 gett samtycke till att vi hanterar din e-postadress och i vissa fall namn f\u00f6r att skicka nyhetsbrev till dig. Du kan n\u00e4r som helst \u00e5terkalla ditt samtycke genom att klicka p\u00e5 avprenumeral\u00e4nken som finns i varje utskick, eller kontakta oss p\u00e5 contact@rapunzelcoils.se och be om att f\u00e5 bli borttagen fr\u00e5n nyhetsbrevsutskick.<\/p>\n<h3>RA\u0308TT TILL TILLGA\u030aNG<\/h3>\n<p>Du har ra\u0308tt att fa\u030a en bekra\u0308ftelse pa\u030a om personuppgifter som ro\u0308r dig behandlas av oss samt tillga\u030ang till information om hur personuppgifterna behandlas, t.ex. a\u0308ndama\u030alen med behandlingen och vilka kategorier av personuppgifter som behandlingen ga\u0308ller. Du har a\u0308ven ra\u0308tt att fa\u030a en kopia av de personuppgifter som behandlas av oss. Du kommer att fa\u030a dessa uppgifter sa\u030a snart som mo\u0308jligt och senast inom en ma\u030anad. Beroende av hur komplicerad bega\u0308ran a\u0308r och antalet inkomna bega\u0308randen, kan perioden fo\u0308rla\u0308ngas ytterligare tva\u030a ma\u030anader vid behov. Om tiden fo\u0308rla\u0308ngs kommer du att fa\u030a information om det. En bega\u0308ran go\u0308rs genom att kontakta oss pa\u030a de kontaktuppgifter som framga\u030ar i inledningen till den ha\u0308r integritetspolicyn.<\/p>\n<h3>RA\u0308TT TILL RA\u0308TTELSE<\/h3>\n<p>Du har a\u0308ven ra\u0308tt att utan ono\u0308digt dro\u0308jsma\u030al fa\u030a felaktiga personuppgifter ra\u0308ttade, samt genom att tillhandaha\u030alla information, komplettera ofullsta\u0308ndiga personuppgifter. Du har a\u0308ven mo\u0308jlighet att sja\u0308lv a\u0308ndra dina personuppgifter genom att logga in pa\u030a Mina Sidor.<\/p>\n<h3>RA\u0308TT TILL RADERING (RA\u0308TTEN ATT BLI BORTGLO\u0308MD)<\/h3>\n<p>Du har under vissa fo\u0308rutsa\u0308ttningar ra\u0308tt att bega\u0308ra radering av dina personuppgifter. Sa\u030adana fo\u0308rutsa\u0308ttningar fo\u0308religger om:<\/p>\n<p>\u2013 personuppgifterna inte la\u0308ngre a\u0308r no\u0308dva\u0308ndiga fo\u0308r de a\u0308ndama\u030al som de samlats in eller behandlats fo\u0308r;<\/p>\n<p>\u2013 om du a\u030aterkallar ditt samtycke som behandlingen grundar sig pa\u030a och det inte finns na\u030agon annan ra\u0308ttslig grund fo\u0308r behandlingen;<\/p>\n<p>Rapunzel Coils aderar dina personuppgifter pa\u030a din bega\u0308ran, under fo\u0308rutsa\u0308ttning att Rapunzel Coils inte har en skyldighet att spara personuppgifterna i enlighet med ga\u0308llande lagar och regler. Kontakta oss p\u00e5 contact@rapunzelcoils.se f\u00f6r att radera dina uppgifter.<\/p>\n<p><\/p>\t\t\t\t\t\t\t\t<\/div>\n\t\t\t\t<\/div>\n\t\t\t\t\t<\/div>\n\t\t<\/div>\n\t\t\t\t\t<\/div>\n\t\t<\/section>\n\t\t\t\t<\/div>\n\t\t","protected":false},"excerpt":{"rendered":"<p>INTEGRITETSPOLICY Vi \u00e4r noga med att alltid hantera dina uppgifter med integritet. Vi ber dig aldrig om samtycke till personuppgiftshantering som inte \u00e4r direkt relaterat till Rapunzel Coils produkter och tj\u00e4nster. VEM A\u0308R ANSVARIG FO\u0308R DINA PERSONUPPGIFTER? Acacia Liljeqvist Organics AB med organisationsnummer 559382-9517ansvarar fo\u0308r behandlingen av dina personuppgifter (personuppgiftsansvarig).Om du har na\u030agra fra\u030agor anga\u030aende [&hellip;]<\/p>\n","protected":false},"author":1,"featured_media":0,"parent":0,"menu_order":0,"comment_status":"closed","ping_status":"open","template":"elementor_header_footer","meta":{"inline_featured_image":false,"footnotes":""},"class_list":["post-3","page","type-page","status-publish","hentry"],"acf":[],"yoast_head":"<!-- This site is optimized with the Yoast SEO plugin v21.9.1 - https:\/\/yoast.com\/wordpress\/plugins\/seo\/ -->\n<title>Privacy Policy - Rapunzel Coils<\/title>\n<meta name=\"robots\" content=\"index, follow, max-snippet:-1, max-image-preview:large, max-video-preview:-1\" \/>\n<link rel=\"canonical\" href=\"https:\/\/rapunzelcoils.se\/en\/privacy-policy\/\" \/>\n<meta property=\"og:locale\" content=\"en_US\" \/>\n<meta property=\"og:type\" content=\"article\" \/>\n<meta property=\"og:title\" content=\"Privacy Policy - Rapunzel Coils\" \/>\n<meta property=\"og:description\" content=\"INTEGRITETSPOLICY Vi \u00e4r noga med att alltid hantera dina uppgifter med integritet. Vi ber dig aldrig om samtycke till personuppgiftshantering som inte \u00e4r direkt relaterat till Rapunzel Coils produkter och tj\u00e4nster. VEM A\u0308R ANSVARIG FO\u0308R DINA PERSONUPPGIFTER? Acacia Liljeqvist Organics AB med organisationsnummer 559382-9517ansvarar fo\u0308r behandlingen av dina personuppgifter (personuppgiftsansvarig).Om du har na\u030agra fra\u030agor anga\u030aende [&hellip;]\" \/>\n<meta property=\"og:url\" content=\"https:\/\/rapunzelcoils.se\/en\/privacy-policy\/\" \/>\n<meta property=\"og:site_name\" content=\"Rapunzel Coils\" \/>\n<meta property=\"article:modified_time\" content=\"2023-09-04T16:12:46+00:00\" \/>\n<meta name=\"twitter:card\" content=\"summary_large_image\" \/>\n<meta name=\"twitter:label1\" content=\"Est. reading time\" \/>\n\t<meta name=\"twitter:data1\" content=\"6 minutes\" \/>\n<script type=\"application\/ld+json\" class=\"yoast-schema-graph\">{\"@context\":\"https:\/\/schema.org\",\"@graph\":[{\"@type\":\"WebPage\",\"@id\":\"https:\/\/rapunzelcoils.se\/privacy-policy\/\",\"url\":\"https:\/\/rapunzelcoils.se\/privacy-policy\/\",\"name\":\"Privacy Policy - Rapunzel Coils\",\"isPartOf\":{\"@id\":\"https:\/\/rapunzelcoils.se\/#website\"},\"datePublished\":\"2022-01-03T12:56:15+00:00\",\"dateModified\":\"2023-09-04T16:12:46+00:00\",\"breadcrumb\":{\"@id\":\"https:\/\/rapunzelcoils.se\/privacy-policy\/#breadcrumb\"},\"inLanguage\":\"en-US\",\"potentialAction\":[{\"@type\":\"ReadAction\",\"target\":[\"https:\/\/rapunzelcoils.se\/privacy-policy\/\"]}]},{\"@type\":\"BreadcrumbList\",\"@id\":\"https:\/\/rapunzelcoils.se\/privacy-policy\/#breadcrumb\",\"itemListElement\":[{\"@type\":\"ListItem\",\"position\":1,\"name\":\"Home\",\"item\":\"https:\/\/rapunzelcoils.se\/\"},{\"@type\":\"ListItem\",\"position\":2,\"name\":\"Privacy Policy\"}]},{\"@type\":\"WebSite\",\"@id\":\"https:\/\/rapunzelcoils.se\/#website\",\"url\":\"https:\/\/rapunzelcoils.se\/\",\"name\":\"Rapunzel Coils\",\"description\":\"Products to give moisture, remove frizz and define curls\",\"publisher\":{\"@id\":\"https:\/\/rapunzelcoils.se\/#organization\"},\"potentialAction\":[{\"@type\":\"SearchAction\",\"target\":{\"@type\":\"EntryPoint\",\"urlTemplate\":\"https:\/\/rapunzelcoils.se\/?s={search_term_string}\"},\"query-input\":\"required name=search_term_string\"}],\"inLanguage\":\"en-US\"},{\"@type\":\"Organization\",\"@id\":\"https:\/\/rapunzelcoils.se\/#organization\",\"name\":\"Rapunzel Coils\",\"url\":\"https:\/\/rapunzelcoils.se\/\",\"logo\":{\"@type\":\"ImageObject\",\"inLanguage\":\"en-US\",\"@id\":\"https:\/\/rapunzelcoils.se\/#\/schema\/logo\/image\/\",\"url\":\"https:\/\/rapunzelcoils.se\/wp-content\/uploads\/2022\/01\/Black-Transparent-Logo-scaled.png\",\"contentUrl\":\"https:\/\/rapunzelcoils.se\/wp-content\/uploads\/2022\/01\/Black-Transparent-Logo-scaled.png\",\"width\":2560,\"height\":869,\"caption\":\"Rapunzel Coils\"},\"image\":{\"@id\":\"https:\/\/rapunzelcoils.se\/#\/schema\/logo\/image\/\"}}]}<\/script>\n<!-- \/ Yoast SEO plugin. -->","yoast_head_json":{"title":"Privacy Policy - Rapunzel Coils","robots":{"index":"index","follow":"follow","max-snippet":"max-snippet:-1","max-image-preview":"max-image-preview:large","max-video-preview":"max-video-preview:-1"},"canonical":"https:\/\/rapunzelcoils.se\/en\/privacy-policy\/","og_locale":"en_US","og_type":"article","og_title":"Privacy Policy - Rapunzel Coils","og_description":"INTEGRITETSPOLICY Vi \u00e4r noga med att alltid hantera dina uppgifter med integritet. Vi ber dig aldrig om samtycke till personuppgiftshantering som inte \u00e4r direkt relaterat till Rapunzel Coils produkter och tj\u00e4nster. VEM A\u0308R ANSVARIG FO\u0308R DINA PERSONUPPGIFTER? Acacia Liljeqvist Organics AB med organisationsnummer 559382-9517ansvarar fo\u0308r behandlingen av dina personuppgifter (personuppgiftsansvarig).Om du har na\u030agra fra\u030agor anga\u030aende [&hellip;]","og_url":"https:\/\/rapunzelcoils.se\/en\/privacy-policy\/","og_site_name":"Rapunzel Coils","article_modified_time":"2023-09-04T16:12:46+00:00","twitter_card":"summary_large_image","twitter_misc":{"Est. reading time":"6 minutes"},"schema":{"@context":"https:\/\/schema.org","@graph":[{"@type":"WebPage","@id":"https:\/\/rapunzelcoils.se\/privacy-policy\/","url":"https:\/\/rapunzelcoils.se\/privacy-policy\/","name":"Privacy Policy - Rapunzel Coils","isPartOf":{"@id":"https:\/\/rapunzelcoils.se\/#website"},"datePublished":"2022-01-03T12:56:15+00:00","dateModified":"2023-09-04T16:12:46+00:00","breadcrumb":{"@id":"https:\/\/rapunzelcoils.se\/privacy-policy\/#breadcrumb"},"inLanguage":"en-US","potentialAction":[{"@type":"ReadAction","target":["https:\/\/rapunzelcoils.se\/privacy-policy\/"]}]},{"@type":"BreadcrumbList","@id":"https:\/\/rapunzelcoils.se\/privacy-policy\/#breadcrumb","itemListElement":[{"@type":"ListItem","position":1,"name":"Home","item":"https:\/\/rapunzelcoils.se\/"},{"@type":"ListItem","position":2,"name":"Privacy Policy"}]},{"@type":"WebSite","@id":"https:\/\/rapunzelcoils.se\/#website","url":"https:\/\/rapunzelcoils.se\/","name":"Rapunzel Coils","description":"Products to give moisture, remove frizz and define curls","publisher":{"@id":"https:\/\/rapunzelcoils.se\/#organization"},"potentialAction":[{"@type":"SearchAction","target":{"@type":"EntryPoint","urlTemplate":"https:\/\/rapunzelcoils.se\/?s={search_term_string}"},"query-input":"required name=search_term_string"}],"inLanguage":"en-US"},{"@type":"Organization","@id":"https:\/\/rapunzelcoils.se\/#organization","name":"Rapunzel Coils","url":"https:\/\/rapunzelcoils.se\/","logo":{"@type":"ImageObject","inLanguage":"en-US","@id":"https:\/\/rapunzelcoils.se\/#\/schema\/logo\/image\/","url":"https:\/\/rapunzelcoils.se\/wp-content\/uploads\/2022\/01\/Black-Transparent-Logo-scaled.png","contentUrl":"https:\/\/rapunzelcoils.se\/wp-content\/uploads\/2022\/01\/Black-Transparent-Logo-scaled.png","width":2560,"height":869,"caption":"Rapunzel Coils"},"image":{"@id":"https:\/\/rapunzelcoils.se\/#\/schema\/logo\/image\/"}}]}},"_links":{"self":[{"href":"https:\/\/rapunzelcoils.se\/en\/wp-json\/wp\/v2\/pages\/3","targetHints":{"allow":["GET"]}}],"collection":[{"href":"https:\/\/rapunzelcoils.se\/en\/wp-json\/wp\/v2\/pages"}],"about":[{"href":"https:\/\/rapunzelcoils.se\/en\/wp-json\/wp\/v2\/types\/page"}],"author":[{"embeddable":true,"href":"https:\/\/rapunzelcoils.se\/en\/wp-json\/wp\/v2\/users\/1"}],"replies":[{"embeddable":true,"href":"https:\/\/rapunzelcoils.se\/en\/wp-json\/wp\/v2\/comments?post=3"}],"version-history":[{"count":0,"href":"https:\/\/rapunzelcoils.se\/en\/wp-json\/wp\/v2\/pages\/3\/revisions"}],"wp:attachment":[{"href":"https:\/\/rapunzelcoils.se\/en\/wp-json\/wp\/v2\/media?parent=3"}],"curies":[{"name":"wp","href":"https:\/\/api.w.org\/{rel}","templated":true}]}}