{"id":12,"date":"2023-09-03T11:46:05","date_gmt":"2023-09-03T08:46:05","guid":{"rendered":"http:\/\/nicherenterprise.co.ke\/rapunzel\/?page_id=12"},"modified":"2023-09-04T19:08:57","modified_gmt":"2023-09-04T16:08:57","slug":"refund_returns","status":"publish","type":"page","link":"https:\/\/rapunzelcoils.se\/en\/refund_returns\/","title":{"rendered":"Refund and Returns Policy"},"content":{"rendered":"\t\t<div data-elementor-type=\"wp-page\" data-elementor-id=\"12\" class=\"elementor elementor-12\" data-elementor-post-type=\"page\">\n\t\t\t\t\t\t<section class=\"elementor-section elementor-top-section elementor-element elementor-element-7e1b8c52 elementor-section-height-min-height elementor-section-boxed elementor-section-height-default elementor-section-items-middle\" data-id=\"7e1b8c52\" data-element_type=\"section\" data-e-type=\"section\" data-settings=\"{&quot;background_background&quot;:&quot;classic&quot;}\">\n\t\t\t\t\t\t\t<div class=\"elementor-background-overlay\"><\/div>\n\t\t\t\t\t\t\t<div class=\"elementor-container elementor-column-gap-default\">\n\t\t\t\t\t<div class=\"elementor-column elementor-col-100 elementor-top-column elementor-element elementor-element-4eda62cc\" data-id=\"4eda62cc\" data-element_type=\"column\" data-e-type=\"column\">\n\t\t\t<div class=\"elementor-widget-wrap elementor-element-populated\">\n\t\t\t\t\t\t<div class=\"elementor-element elementor-element-d3d3760 elementor-widget elementor-widget-heading\" data-id=\"d3d3760\" data-element_type=\"widget\" data-e-type=\"widget\" data-widget_type=\"heading.default\">\n\t\t\t\t<div class=\"elementor-widget-container\">\n\t\t\t\t\t<h2 class=\"elementor-heading-title elementor-size-default\">Refund and Returns Policy<\/h2>\t\t\t\t<\/div>\n\t\t\t\t<\/div>\n\t\t\t\t\t<\/div>\n\t\t<\/div>\n\t\t\t\t\t<\/div>\n\t\t<\/section>\n\t\t\t\t<section class=\"elementor-section elementor-top-section elementor-element elementor-element-a2593ec elementor-section-boxed elementor-section-height-default elementor-section-height-default\" data-id=\"a2593ec\" data-element_type=\"section\" data-e-type=\"section\">\n\t\t\t\t\t\t<div class=\"elementor-container elementor-column-gap-default\">\n\t\t\t\t\t<div class=\"elementor-column elementor-col-100 elementor-top-column elementor-element elementor-element-2708fb9\" data-id=\"2708fb9\" data-element_type=\"column\" data-e-type=\"column\">\n\t\t\t<div class=\"elementor-widget-wrap elementor-element-populated\">\n\t\t\t\t\t\t<div class=\"elementor-element elementor-element-03d0eba elementor-widget elementor-widget-text-editor\" data-id=\"03d0eba\" data-element_type=\"widget\" data-e-type=\"widget\" data-widget_type=\"text-editor.default\">\n\t\t\t\t<div class=\"elementor-widget-container\">\n\t\t\t\t\t\t\t\t\t<p><\/p>\n<p><strong>\u00c5ngerr\u00e4tt<\/strong><br \/>Skulle du av n\u00e5gon anledning \u00e5ngra ditt k\u00f6p g\u00e4ller \u00f6ppet k\u00f6p inom 14 dagar samt bytesr\u00e4tt inom 30 dagar fr\u00e5n den dag du mottagit varan. \u00c5ngerr\u00e4tten g\u00e4ller bara f\u00f6r en vara som \u00e4r i\u00a0lika gott skick som n\u00e4r du fick den. Du f\u00e5r inte anv\u00e4nda varan, t.ex bryta f\u00f6rseglingen p\u00e5 en flaska, men naturligtvis f\u00f6rsiktigt unders\u00f6ka den. Se \u00e4ven distansavtalslagen.<\/p>\n<p><strong>Returer<\/strong><br \/>Kontakta alltid oss p\u00e5 contact@rapunzelcoils.se\u00a0 f\u00f6re du returnerar en vara. Vi tar ej ansvar f\u00f6r returer som skickas till oss med egen frakt. F\u00f6rpacka din retur v\u00e4l s\u00e5 att varorna inte g\u00e5r s\u00f6nder i returfrakten. Kostnad f\u00f6r returfrakten betalas med 69 kr av dig som kund. Om du utnyttjar din \u00e5ngerr\u00e4tt betalar vi tillbaka vad du har betalat f\u00f6r varan snarast, senast inom 30 dagar fr\u00e5n den dag d\u00e5 vi tog emot returen.<\/p>\n<p><strong>Reklamation<\/strong><br \/>\u00c4r en vara felaktig har du r\u00e4tt att reklamera den. Kontakta oss p\u00e5 contact@rapunzelcoils.se och beskriv hur varan \u00e4r felaktig och f\u00f6r att f\u00e5 ett reklamationsformul\u00e4r.\u00a0<br \/>Observera att reklamation endast kan ske n\u00e4r varan \u00e4r felaktig. Reklamation godtas inte p\u00e5 grund av att doft, konsistens eller funktion inte \u00e4r till bel\u00e5tenhet, om produkten inte avviker fr\u00e5n det normala.<br \/>Reklamation godtas ej om du ej t\u00e5l en r\u00e5vara, om produkten i sig inte \u00e4r felaktig. \u00c4r du os\u00e4ker p\u00e5 om du t\u00e5l en r\u00e5vara, g\u00f6r ett s\u00e5 kallat patch-test: applicera en liten m\u00e4ngd av produkten i armvecket och l\u00e5t vara under natten.<br \/><br \/><\/p>\n<p>V\u00e5ra produkter \u00e4r testade och s\u00e4kra<\/p>\n<h5>BETALNING<\/h5>\n<p>Vi anv\u00e4nder oss av Klarna Checkout med m\u00f6jlighet att v\u00e4lja kortbetalning, fakturak\u00f6p (14 dagar), delbetalning och KlarnaKonto.\u00a0<\/p>\n<p><\/p>\t\t\t\t\t\t\t\t<\/div>\n\t\t\t\t<\/div>\n\t\t\t\t\t<\/div>\n\t\t<\/div>\n\t\t\t\t\t<\/div>\n\t\t<\/section>\n\t\t\t\t<\/div>\n\t\t","protected":false},"excerpt":{"rendered":"<p>\u00c5ngerr\u00e4ttSkulle du av n\u00e5gon anledning \u00e5ngra ditt k\u00f6p g\u00e4ller \u00f6ppet k\u00f6p inom 14 dagar samt bytesr\u00e4tt inom 30 dagar fr\u00e5n den dag du mottagit varan. \u00c5ngerr\u00e4tten g\u00e4ller bara f\u00f6r en vara som \u00e4r i\u00a0lika gott skick som n\u00e4r du fick den. Du f\u00e5r inte anv\u00e4nda varan, t.ex bryta f\u00f6rseglingen p\u00e5 en flaska, men naturligtvis f\u00f6rsiktigt [&hellip;]<\/p>\n","protected":false},"author":1,"featured_media":0,"parent":0,"menu_order":0,"comment_status":"closed","ping_status":"closed","template":"elementor_header_footer","meta":{"inline_featured_image":false,"footnotes":""},"class_list":["post-12","page","type-page","status-publish","hentry"],"acf":[],"yoast_head":"<!-- This site is optimized with the Yoast SEO plugin v21.9.1 - https:\/\/yoast.com\/wordpress\/plugins\/seo\/ -->\n<title>Refund and Returns Policy - Rapunzel Coils<\/title>\n<meta name=\"robots\" content=\"index, follow, max-snippet:-1, max-image-preview:large, max-video-preview:-1\" \/>\n<link rel=\"canonical\" href=\"https:\/\/rapunzelcoils.se\/en\/refund_returns\/\" \/>\n<meta property=\"og:locale\" content=\"en_US\" \/>\n<meta property=\"og:type\" content=\"article\" \/>\n<meta property=\"og:title\" content=\"Refund and Returns Policy - Rapunzel Coils\" \/>\n<meta property=\"og:description\" content=\"\u00c5ngerr\u00e4ttSkulle du av n\u00e5gon anledning \u00e5ngra ditt k\u00f6p g\u00e4ller \u00f6ppet k\u00f6p inom 14 dagar samt bytesr\u00e4tt inom 30 dagar fr\u00e5n den dag du mottagit varan. \u00c5ngerr\u00e4tten g\u00e4ller bara f\u00f6r en vara som \u00e4r i\u00a0lika gott skick som n\u00e4r du fick den. Du f\u00e5r inte anv\u00e4nda varan, t.ex bryta f\u00f6rseglingen p\u00e5 en flaska, men naturligtvis f\u00f6rsiktigt [&hellip;]\" \/>\n<meta property=\"og:url\" content=\"https:\/\/rapunzelcoils.se\/en\/refund_returns\/\" \/>\n<meta property=\"og:site_name\" content=\"Rapunzel Coils\" \/>\n<meta property=\"article:modified_time\" content=\"2023-09-04T16:08:57+00:00\" \/>\n<meta name=\"twitter:card\" content=\"summary_large_image\" \/>\n<meta name=\"twitter:label1\" content=\"Est. reading time\" \/>\n\t<meta name=\"twitter:data1\" content=\"2 minutes\" \/>\n<script type=\"application\/ld+json\" class=\"yoast-schema-graph\">{\"@context\":\"https:\/\/schema.org\",\"@graph\":[{\"@type\":\"WebPage\",\"@id\":\"https:\/\/rapunzelcoils.se\/refund_returns\/\",\"url\":\"https:\/\/rapunzelcoils.se\/refund_returns\/\",\"name\":\"Refund and Returns Policy - Rapunzel Coils\",\"isPartOf\":{\"@id\":\"https:\/\/rapunzelcoils.se\/#website\"},\"datePublished\":\"2023-09-03T08:46:05+00:00\",\"dateModified\":\"2023-09-04T16:08:57+00:00\",\"breadcrumb\":{\"@id\":\"https:\/\/rapunzelcoils.se\/refund_returns\/#breadcrumb\"},\"inLanguage\":\"en-US\",\"potentialAction\":[{\"@type\":\"ReadAction\",\"target\":[\"https:\/\/rapunzelcoils.se\/refund_returns\/\"]}]},{\"@type\":\"BreadcrumbList\",\"@id\":\"https:\/\/rapunzelcoils.se\/refund_returns\/#breadcrumb\",\"itemListElement\":[{\"@type\":\"ListItem\",\"position\":1,\"name\":\"Home\",\"item\":\"https:\/\/rapunzelcoils.se\/\"},{\"@type\":\"ListItem\",\"position\":2,\"name\":\"Refund and Returns Policy\"}]},{\"@type\":\"WebSite\",\"@id\":\"https:\/\/rapunzelcoils.se\/#website\",\"url\":\"https:\/\/rapunzelcoils.se\/\",\"name\":\"Rapunzel Coils\",\"description\":\"Products to give moisture, remove frizz and define curls\",\"publisher\":{\"@id\":\"https:\/\/rapunzelcoils.se\/#organization\"},\"potentialAction\":[{\"@type\":\"SearchAction\",\"target\":{\"@type\":\"EntryPoint\",\"urlTemplate\":\"https:\/\/rapunzelcoils.se\/?s={search_term_string}\"},\"query-input\":\"required name=search_term_string\"}],\"inLanguage\":\"en-US\"},{\"@type\":\"Organization\",\"@id\":\"https:\/\/rapunzelcoils.se\/#organization\",\"name\":\"Rapunzel Coils\",\"url\":\"https:\/\/rapunzelcoils.se\/\",\"logo\":{\"@type\":\"ImageObject\",\"inLanguage\":\"en-US\",\"@id\":\"https:\/\/rapunzelcoils.se\/#\/schema\/logo\/image\/\",\"url\":\"https:\/\/rapunzelcoils.se\/wp-content\/uploads\/2022\/01\/Black-Transparent-Logo-scaled.png\",\"contentUrl\":\"https:\/\/rapunzelcoils.se\/wp-content\/uploads\/2022\/01\/Black-Transparent-Logo-scaled.png\",\"width\":2560,\"height\":869,\"caption\":\"Rapunzel Coils\"},\"image\":{\"@id\":\"https:\/\/rapunzelcoils.se\/#\/schema\/logo\/image\/\"}}]}<\/script>\n<!-- \/ Yoast SEO plugin. -->","yoast_head_json":{"title":"Refund and Returns Policy - Rapunzel Coils","robots":{"index":"index","follow":"follow","max-snippet":"max-snippet:-1","max-image-preview":"max-image-preview:large","max-video-preview":"max-video-preview:-1"},"canonical":"https:\/\/rapunzelcoils.se\/en\/refund_returns\/","og_locale":"en_US","og_type":"article","og_title":"Refund and Returns Policy - Rapunzel Coils","og_description":"\u00c5ngerr\u00e4ttSkulle du av n\u00e5gon anledning \u00e5ngra ditt k\u00f6p g\u00e4ller \u00f6ppet k\u00f6p inom 14 dagar samt bytesr\u00e4tt inom 30 dagar fr\u00e5n den dag du mottagit varan. \u00c5ngerr\u00e4tten g\u00e4ller bara f\u00f6r en vara som \u00e4r i\u00a0lika gott skick som n\u00e4r du fick den. Du f\u00e5r inte anv\u00e4nda varan, t.ex bryta f\u00f6rseglingen p\u00e5 en flaska, men naturligtvis f\u00f6rsiktigt [&hellip;]","og_url":"https:\/\/rapunzelcoils.se\/en\/refund_returns\/","og_site_name":"Rapunzel Coils","article_modified_time":"2023-09-04T16:08:57+00:00","twitter_card":"summary_large_image","twitter_misc":{"Est. reading time":"2 minutes"},"schema":{"@context":"https:\/\/schema.org","@graph":[{"@type":"WebPage","@id":"https:\/\/rapunzelcoils.se\/refund_returns\/","url":"https:\/\/rapunzelcoils.se\/refund_returns\/","name":"Refund and Returns Policy - Rapunzel Coils","isPartOf":{"@id":"https:\/\/rapunzelcoils.se\/#website"},"datePublished":"2023-09-03T08:46:05+00:00","dateModified":"2023-09-04T16:08:57+00:00","breadcrumb":{"@id":"https:\/\/rapunzelcoils.se\/refund_returns\/#breadcrumb"},"inLanguage":"en-US","potentialAction":[{"@type":"ReadAction","target":["https:\/\/rapunzelcoils.se\/refund_returns\/"]}]},{"@type":"BreadcrumbList","@id":"https:\/\/rapunzelcoils.se\/refund_returns\/#breadcrumb","itemListElement":[{"@type":"ListItem","position":1,"name":"Home","item":"https:\/\/rapunzelcoils.se\/"},{"@type":"ListItem","position":2,"name":"Refund and Returns Policy"}]},{"@type":"WebSite","@id":"https:\/\/rapunzelcoils.se\/#website","url":"https:\/\/rapunzelcoils.se\/","name":"Rapunzel Coils","description":"Products to give moisture, remove frizz and define curls","publisher":{"@id":"https:\/\/rapunzelcoils.se\/#organization"},"potentialAction":[{"@type":"SearchAction","target":{"@type":"EntryPoint","urlTemplate":"https:\/\/rapunzelcoils.se\/?s={search_term_string}"},"query-input":"required name=search_term_string"}],"inLanguage":"en-US"},{"@type":"Organization","@id":"https:\/\/rapunzelcoils.se\/#organization","name":"Rapunzel Coils","url":"https:\/\/rapunzelcoils.se\/","logo":{"@type":"ImageObject","inLanguage":"en-US","@id":"https:\/\/rapunzelcoils.se\/#\/schema\/logo\/image\/","url":"https:\/\/rapunzelcoils.se\/wp-content\/uploads\/2022\/01\/Black-Transparent-Logo-scaled.png","contentUrl":"https:\/\/rapunzelcoils.se\/wp-content\/uploads\/2022\/01\/Black-Transparent-Logo-scaled.png","width":2560,"height":869,"caption":"Rapunzel Coils"},"image":{"@id":"https:\/\/rapunzelcoils.se\/#\/schema\/logo\/image\/"}}]}},"_links":{"self":[{"href":"https:\/\/rapunzelcoils.se\/en\/wp-json\/wp\/v2\/pages\/12","targetHints":{"allow":["GET"]}}],"collection":[{"href":"https:\/\/rapunzelcoils.se\/en\/wp-json\/wp\/v2\/pages"}],"about":[{"href":"https:\/\/rapunzelcoils.se\/en\/wp-json\/wp\/v2\/types\/page"}],"author":[{"embeddable":true,"href":"https:\/\/rapunzelcoils.se\/en\/wp-json\/wp\/v2\/users\/1"}],"replies":[{"embeddable":true,"href":"https:\/\/rapunzelcoils.se\/en\/wp-json\/wp\/v2\/comments?post=12"}],"version-history":[{"count":0,"href":"https:\/\/rapunzelcoils.se\/en\/wp-json\/wp\/v2\/pages\/12\/revisions"}],"wp:attachment":[{"href":"https:\/\/rapunzelcoils.se\/en\/wp-json\/wp\/v2\/media?parent=12"}],"curies":[{"name":"wp","href":"https:\/\/api.w.org\/{rel}","templated":true}]}}